{"id":2173,"date":"2025-11-16T16:46:02","date_gmt":"2025-11-16T14:46:02","guid":{"rendered":"https:\/\/indoorgarden.ee\/product\/plastist-taimepotid-11-cm-10-pakk-vastupidavad-kerged-potid-istikute-ja-taimekasvatuse-jaoks-siseruumides\/"},"modified":"2026-04-26T19:20:25","modified_gmt":"2026-04-26T16:20:25","slug":"plastist-taimepotid-11-cm-10-pakk-vastupidavad-kerged-potid-istikute-ja-taimekasvatuse-jaoks-siseruumides","status":"publish","type":"product","link":"https:\/\/indoorgarden.ee\/et\/toode\/plastist-taimepotid-11-cm-10-pakk-vastupidavad-kerged-potid-istikute-ja-taimekasvatuse-jaoks-siseruumides\/","title":{"rendered":"Plastikust taimepotid 11 cm \u2013 10 tk pakk vastupidavad kerged potid seemikutele ja sisekasvatusele"},"content":{"rendered":"<h2>Nende plastikust pottide kohta<\/h2>\n<p>Need vastupidavad 11 cm plastikust kasvatuspotid sobivad ideaalselt istikute kasvatamiseks, noorte taimede \u00fcmberistutamiseks v\u00f5i maitsetaimede kasvatamiseks siseruumides. Kerged ja praktilised, neid kasutatakse laialdaselt koduses aianduses, kasvuhoonetes ja siseruumides kasvatamisel. <\/p>\n<h2>Omadused<\/h2>\n<ul>\n<li>Pakis 10 musta plastist potti<\/li>\n<li>Suurus: 11 \u00d7 11 \u00d7 8,5 cm<\/li>\n<li>Kerge ja h\u00f5lpsasti k\u00e4sitsetav<\/li>\n<li>Sobib seemikute, istikute, maitsetaimede ja v\u00e4ikeste potitaimede jaoks.<\/li>\n<li>Drenaa\u017eiaugud tagavad n\u00f5uetekohase juurte \u00f5hutamise ja hoiavad \u00e4ra liigse niiskuse.<\/li>\n<\/ul>\n<h2>Ideaalne<\/h2>\n<ul>\n<li>Siseruumides kasvatamine ja aknalaual kasvatamine<\/li>\n<li>H\u00fcdropooniline eelviljastamine (mulla v\u00f5i substraadi kasutamine enne \u00fcmberistutamist)<\/li>\n<li>Nutiaedadele, mis v\u00f5imaldavad mullast kasvatatud seemikuid \u00fcmber istutada suurematesse s\u00fcsteemidesse<\/li>\n<li>Kasvuhoone ja r\u00f5du aiandus<\/li>\n<\/ul>\n","protected":false},"excerpt":{"rendered":"<p>Plastikust taimepotid 11 cm 10 tk pakk. Vastupidavad ja kerged potid seemikute kasvatamiseks ja sisekasvatuseks \u2013 sobib enamikku alustesse ja kasvuhoonetesse.<\/p>\n","protected":false},"featured_media":2172,"comment_status":"closed","ping_status":"closed","template":"","meta":[],"product_brand":[240],"product_cat":[241],"product_tag":[],"class_list":{"0":"post-2173","1":"product","2":"type-product","3":"status-publish","4":"has-post-thumbnail","6":"product_brand-agronom","7":"product_cat-kasvatuspotid","9":"first","10":"instock","11":"taxable","12":"shipping-taxable","13":"purchasable","14":"product-type-simple"},"jetpack_sharing_enabled":true,"jetpack-related-posts":[{"id":2164,"url":"https:\/\/indoorgarden.ee\/et\/toode\/siseruumide-kasvuhoone-38-x-24-x-18-cm-kompaktne-kasvukast-seemnete-istikute-ja-hudropooniliseks-taimede-ette-kasvatamiseks\/","url_meta":{"origin":2173,"position":0},"title":"Sisekasvuhoone 38\u00d724\u00d718 cm \u2013 kompaktne idandamiskaas seemnetele, pistikutele ja h\u00fcdropoonika alustele","author":"admin","date":"16. nov. 2025","format":false,"excerpt":"Sisekasvuhoone 38 \u00d7 24 \u00d7 18 cm. Kompaktne idandamiskaas seemnete idandamiseks, pistikute juurutamiseks ja h\u00fcdropoonika alustamiseks \u2013 stabiilne niiskus ja soojus.","rel":"","context":"Similar post","block_context":{"text":"Similar post","link":""},"img":{"alt_text":"","src":"https:\/\/i0.wp.com\/indoorgarden.ee\/wp-content\/uploads\/2025\/11\/4770168927650.jpg?resize=350%2C200&ssl=1","width":350,"height":200,"srcset":"https:\/\/i0.wp.com\/indoorgarden.ee\/wp-content\/uploads\/2025\/11\/4770168927650.jpg?resize=350%2C200&ssl=1 1x, https:\/\/i0.wp.com\/indoorgarden.ee\/wp-content\/uploads\/2025\/11\/4770168927650.jpg?resize=525%2C300&ssl=1 1.5x, https:\/\/i0.wp.com\/indoorgarden.ee\/wp-content\/uploads\/2025\/11\/4770168927650.jpg?resize=700%2C400&ssl=1 2x, https:\/\/i0.wp.com\/indoorgarden.ee\/wp-content\/uploads\/2025\/11\/4770168927650.jpg?resize=1050%2C600&ssl=1 3x"},"classes":[]},{"id":1282,"url":"https:\/\/indoorgarden.ee\/et\/toode\/compo-bio-istikute-ja-maitsetaimede-istutusmuld-5l\/","url_meta":{"origin":2173,"position":1},"title":"Compo BIO seemikute ja maitsetaimede potipinnas 5 L","author":"admin","date":"8. aug. 2025","format":false,"excerpt":"Compo BIO seemikute ja maitsetaimede potipinnas 5 L. Hea \u00e4ravool, sobib idandamiseks ja noorte \u00fcrtide kasvatamiseks. Mahedast toorainest.","rel":"","context":"Similar post","block_context":{"text":"Similar post","link":""},"img":{"alt_text":"","src":"https:\/\/i0.wp.com\/indoorgarden.ee\/wp-content\/uploads\/2025\/08\/product-2023545_0-670250.jpg?resize=350%2C200&ssl=1","width":350,"height":200,"srcset":"https:\/\/i0.wp.com\/indoorgarden.ee\/wp-content\/uploads\/2025\/08\/product-2023545_0-670250.jpg?resize=350%2C200&ssl=1 1x, https:\/\/i0.wp.com\/indoorgarden.ee\/wp-content\/uploads\/2025\/08\/product-2023545_0-670250.jpg?resize=525%2C300&ssl=1 1.5x, https:\/\/i0.wp.com\/indoorgarden.ee\/wp-content\/uploads\/2025\/08\/product-2023545_0-670250.jpg?resize=700%2C400&ssl=1 2x"},"classes":[]},{"id":1313,"url":"https:\/\/indoorgarden.ee\/et\/toode\/urtikapott-elho-bouncy-basilic-16-5cm-roheline\/","url_meta":{"origin":2173,"position":2},"title":"Elho Bouncy Basil \u00fcrdipott 16,5 cm \u2013 roheline","author":"admin","date":"8. aug. 2025","format":false,"excerpt":"Elho Bouncy Basil \u00fcrdipott on spetsiaalselt m\u00f5eldud basiilikule ja teistele maitsetaimedele, et need p\u00fcsiksid v\u00e4rskena pikemalt. Diameeter 16,5 cm, sobib h\u00e4sti k\u00f6\u00f6git\u00f6\u00f6pinnale.","rel":"","context":"Similar post","block_context":{"text":"Similar post","link":""},"img":{"alt_text":"","src":"https:\/\/i0.wp.com\/indoorgarden.ee\/wp-content\/uploads\/2025\/08\/8711904520892.jpg?resize=350%2C200&ssl=1","width":350,"height":200,"srcset":"https:\/\/i0.wp.com\/indoorgarden.ee\/wp-content\/uploads\/2025\/08\/8711904520892.jpg?resize=350%2C200&ssl=1 1x, https:\/\/i0.wp.com\/indoorgarden.ee\/wp-content\/uploads\/2025\/08\/8711904520892.jpg?resize=525%2C300&ssl=1 1.5x, https:\/\/i0.wp.com\/indoorgarden.ee\/wp-content\/uploads\/2025\/08\/8711904520892.jpg?resize=700%2C400&ssl=1 2x"},"classes":[]},{"id":823,"url":"https:\/\/indoorgarden.ee\/et\/toode\/kahara-peterselli-sammalpoimunen-seemned-dekoratiivne-maitsetaim-garneerimiseks-ja-siseruumides-kasutamiseks-1g\/","url_meta":{"origin":2173,"position":3},"title":"K\u00e4hara peterselli \u2018Sammalpoimunen\u2019 seemned \u2013 dekoratiivne maitsetaim h\u00fcdropoonikasse ja nutiaeda","author":"admin","date":"28. sept. 2025","format":false,"excerpt":"K\u00e4hara peterselli \u2018Sammalpoimunen\u2019 seemned. Dekoratiivse v\u00e4ljan\u00e4gemisega maitsetaim, sobib nii kaunistuseks kui ka s\u00f6\u00f6davaks lisaks supile, salatile ja kalale.","rel":"","context":"Similar post","block_context":{"text":"Similar post","link":""},"img":{"alt_text":"","src":"https:\/\/i0.wp.com\/indoorgarden.ee\/wp-content\/uploads\/2025\/07\/product-153042_0-1402465.jpg?resize=350%2C200&ssl=1","width":350,"height":200,"srcset":"https:\/\/i0.wp.com\/indoorgarden.ee\/wp-content\/uploads\/2025\/07\/product-153042_0-1402465.jpg?resize=350%2C200&ssl=1 1x, https:\/\/i0.wp.com\/indoorgarden.ee\/wp-content\/uploads\/2025\/07\/product-153042_0-1402465.jpg?resize=525%2C300&ssl=1 1.5x, https:\/\/i0.wp.com\/indoorgarden.ee\/wp-content\/uploads\/2025\/07\/product-153042_0-1402465.jpg?resize=700%2C400&ssl=1 2x"},"classes":[]},{"id":2146,"url":"https:\/\/indoorgarden.ee\/et\/toode\/lavendel-lavandula-officinalis-siseruumides-ja-nutiaedades-kasvatamiseks\/","url_meta":{"origin":2173,"position":4},"title":"Lavendel (Lavandula officinalis) \u2013 aromaatne mitmeaastane ravimtaim sisetingimustele","author":"admin","date":"31. aug. 2025","format":false,"excerpt":"Lavendel (Lavandula officinalis) seemned. Aromaatne mitmeaastane ravimtaim, kasvab kuni 50 cm \u2013 sobib k\u00f6\u00f6gile, teedele ja loomulikuks parf\u00fc\u00fcmiks.","rel":"","context":"Similar post","block_context":{"text":"Similar post","link":""},"img":{"alt_text":"Lavender Lavendula officinalis","src":"https:\/\/i0.wp.com\/indoorgarden.ee\/wp-content\/uploads\/2025\/08\/Lavender-Lavendula-officinalis-for-indoor-growing.jpg?resize=350%2C200&ssl=1","width":350,"height":200,"srcset":"https:\/\/i0.wp.com\/indoorgarden.ee\/wp-content\/uploads\/2025\/08\/Lavender-Lavendula-officinalis-for-indoor-growing.jpg?resize=350%2C200&ssl=1 1x, https:\/\/i0.wp.com\/indoorgarden.ee\/wp-content\/uploads\/2025\/08\/Lavender-Lavendula-officinalis-for-indoor-growing.jpg?resize=525%2C300&ssl=1 1.5x, https:\/\/i0.wp.com\/indoorgarden.ee\/wp-content\/uploads\/2025\/08\/Lavender-Lavendula-officinalis-for-indoor-growing.jpg?resize=700%2C400&ssl=1 2x"},"classes":[]},{"id":1294,"url":"https:\/\/indoorgarden.ee\/et\/toode\/elho-plunge-kastekann-1-7l-must-kaasaegne-kastekann-siseruumides-100-ringlussevoetud-plastist\/","url_meta":{"origin":2173,"position":5},"title":"Elho Plunge kastekann 1,7 L mustas \u2013 kaasaegne sisekastekann 100% taaskasutatud plastist","author":"admin","date":"8. aug. 2025","format":false,"excerpt":"Elho Plunge kastekann 1,7 L mustas. Kaasaegne disain, mugav k\u00e4es, sobib igap\u00e4evaseks toataimede kastmiseks. 100% taaskasutatud plastist.","rel":"","context":"Similar post","block_context":{"text":"Similar post","link":""},"img":{"alt_text":"","src":"https:\/\/i0.wp.com\/indoorgarden.ee\/wp-content\/uploads\/2025\/08\/product-2301797_0-6421930_433.jpg?resize=350%2C200&ssl=1","width":350,"height":200,"srcset":"https:\/\/i0.wp.com\/indoorgarden.ee\/wp-content\/uploads\/2025\/08\/product-2301797_0-6421930_433.jpg?resize=350%2C200&ssl=1 1x, https:\/\/i0.wp.com\/indoorgarden.ee\/wp-content\/uploads\/2025\/08\/product-2301797_0-6421930_433.jpg?resize=525%2C300&ssl=1 1.5x, https:\/\/i0.wp.com\/indoorgarden.ee\/wp-content\/uploads\/2025\/08\/product-2301797_0-6421930_433.jpg?resize=700%2C400&ssl=1 2x"},"classes":[]}],"_links":{"self":[{"href":"https:\/\/indoorgarden.ee\/et\/wp-json\/wp\/v2\/product\/2173","targetHints":{"allow":["GET"]}}],"collection":[{"href":"https:\/\/indoorgarden.ee\/et\/wp-json\/wp\/v2\/product"}],"about":[{"href":"https:\/\/indoorgarden.ee\/et\/wp-json\/wp\/v2\/types\/product"}],"replies":[{"embeddable":true,"href":"https:\/\/indoorgarden.ee\/et\/wp-json\/wp\/v2\/comments?post=2173"}],"wp:featuredmedia":[{"embeddable":true,"href":"https:\/\/indoorgarden.ee\/et\/wp-json\/wp\/v2\/media\/2172"}],"wp:attachment":[{"href":"https:\/\/indoorgarden.ee\/et\/wp-json\/wp\/v2\/media?parent=2173"}],"wp:term":[{"taxonomy":"product_brand","embeddable":true,"href":"https:\/\/indoorgarden.ee\/et\/wp-json\/wp\/v2\/product_brand?post=2173"},{"taxonomy":"product_cat","embeddable":true,"href":"https:\/\/indoorgarden.ee\/et\/wp-json\/wp\/v2\/product_cat?post=2173"},{"taxonomy":"product_tag","embeddable":true,"href":"https:\/\/indoorgarden.ee\/et\/wp-json\/wp\/v2\/product_tag?post=2173"}],"curies":[{"name":"wp","href":"https:\/\/api.w.org\/{rel}","templated":true}]}}