{"id":2169,"date":"2025-11-16T15:54:06","date_gmt":"2025-11-16T13:54:06","guid":{"rendered":"https:\/\/indoorgarden.ee\/product\/mikrovorsete-idandamisnou-lihtne-siseruumides-kasutatav-susteem-kiireks-ja-uhtlaseks-idanemiseks\/"},"modified":"2026-04-26T18:49:12","modified_gmt":"2026-04-26T15:49:12","slug":"mikrovorsete-idandamisnou-lihtne-siseruumides-kasutatav-susteem-kiireks-ja-uhtlaseks-idanemiseks","status":"publish","type":"product","link":"https:\/\/indoorgarden.ee\/et\/toode\/mikrovorsete-idandamisnou-lihtne-siseruumides-kasutatav-susteem-kiireks-ja-uhtlaseks-idanemiseks\/","title":{"rendered":"Mikrov\u00f5rsete idanduskast \u2013 lihtne s\u00fcsteem kiireks ja \u00fchtlaseks idanemiseks"},"content":{"rendered":"<h2>Idandamisn\u00f5ust l\u00e4hemalt<\/h2>\n<p>See mikrov\u00f5rsete idandamisn\u00f5u on loodud selleks, et v\u00e4rskete ja toitainerikaste v\u00f5rsete kasvatamine oleks lihtne ja vaevatu. Kompaktne suurus muudab selle ideaalseks v\u00e4ikesesse k\u00f6\u00f6ki, aknalauale v\u00f5i siseaianduse alale. Erilisi oskusi ega aianduskogemust ei ole vaja \u2014 lisa vaid seemned ja vesi.  <\/p>\n<h2>Miks see toimib paremini kui tavalised anumad<\/h2>\n<p>Idandamisn\u00f5u loob kontrollitud keskkonna, mis hoiab seemnete jaoks optimaalset niiskust ja \u00f5huringlust. T\u00e4nu sellele idanevad seemned kiiremini ja \u00fchtlasemalt kui tavalistel taldrikutel, purkides v\u00f5i plastkarpides. V\u00f5rsed j\u00e4\u00e4vad kasvatuse l\u00f5puni puhtad, v\u00e4rsked ja eluj\u00f5ulised.  <\/p>\n<h2>Peamised omadused<\/h2>\n<ul>\n<li>Kompaktne ja ruumis\u00e4\u00e4stlik disain<\/li>\n<li>Optimaalne niiskustase kiireks idanemiseks<\/li>\n<li>Hea \u00f5huringlus tervislikuks ja hallitusvabaks kasvuks<\/li>\n<li>Algajas\u00f5bralik \u2014 ideaalne igap\u00e4evaseks k\u00f6\u00f6gikasutuseks<\/li>\n<li>Sobib mikrov\u00f5rsetele, idandamisseemnetele ja noortele lehtv\u00f5rsetele<\/li>\n<\/ul>\n<h2>Ideaalne<\/h2>\n<ul>\n<li>V\u00e4rskete v\u00f5rsete kasvatamiseks aastaringselt<\/li>\n<li>Mikrov\u00f5rsetele nagu redis, brokoli, kress, lutsern, herned ja palju muud<\/li>\n<li>Tervislikeks toitudeks, smuutideks, v\u00f5ileibadeks, salatiteks ja toitude kaunistamiseks<\/li>\n<\/ul>\n","protected":false},"excerpt":{"rendered":"<p>Mikrov\u00f5rsete idanduskast. Lihtne s\u00fcsteem mikrov\u00f5rsete kiireks ja \u00fchtlaseks idanemiseks. Sobib igale seemnele, lihtne puhastada.<\/p>\n","protected":false},"featured_media":2167,"comment_status":"closed","ping_status":"closed","template":"","meta":[],"product_brand":[237],"product_cat":[89,139],"product_tag":[],"class_list":{"0":"post-2169","1":"product","2":"type-product","3":"status-publish","4":"has-post-thumbnail","6":"product_brand-organic-way-et","7":"product_cat-potid-ja-potialustassid","8":"product_cat-idandamisnoud","10":"first","11":"instock","12":"taxable","13":"shipping-taxable","14":"purchasable","15":"product-type-simple"},"jetpack_sharing_enabled":true,"jetpack-related-posts":[{"id":1321,"url":"https:\/\/indoorgarden.ee\/et\/toode\/orgaanilised-laatsede-idanemistega-seemned-toitaineterikas-supertoit-siseruumides-kasvatamiseks-ja-mikrokultuuride-kasvatamiseks-lihtne-kodus-idanemistega-20g-vilmorin\/","url_meta":{"origin":2169,"position":0},"title":"Mahedad l\u00e4\u00e4tseseemned idandamiseks \u2013 toitainerikas superfood mikrov\u00f5rsetele","author":"admin","date":"31. juuli 2025","format":false,"excerpt":"Mahedad l\u00e4\u00e4tseseemned idandamiseks. \u00dcks lihtsamaid ja toitainerikkamaid superfoode kodus kasvatamiseks. Vilmorini kvaliteet, sobib idupurkidele.","rel":"","context":"Similar post","block_context":{"text":"Similar post","link":""},"img":{"alt_text":"","src":"https:\/\/i0.wp.com\/indoorgarden.ee\/wp-content\/uploads\/2025\/07\/product-154451_0-VC555.jpg?resize=350%2C200&ssl=1","width":350,"height":200,"srcset":"https:\/\/i0.wp.com\/indoorgarden.ee\/wp-content\/uploads\/2025\/07\/product-154451_0-VC555.jpg?resize=350%2C200&ssl=1 1x, https:\/\/i0.wp.com\/indoorgarden.ee\/wp-content\/uploads\/2025\/07\/product-154451_0-VC555.jpg?resize=525%2C300&ssl=1 1.5x, https:\/\/i0.wp.com\/indoorgarden.ee\/wp-content\/uploads\/2025\/07\/product-154451_0-VC555.jpg?resize=700%2C400&ssl=1 2x"},"classes":[]},{"id":1316,"url":"https:\/\/indoorgarden.ee\/et\/toode\/orgaanilised-redise-idanevad-seemned-vurtsikad-mikrokoogiviljad-salatite-ja-voileibade-jaoks-lihtne-siseruumide-supertoit-20g-vilmorin\/","url_meta":{"origin":2169,"position":1},"title":"Mahedad redise seemned idandamiseks \u2013 terav mikrov\u00f5rse salatitele ja v\u00f5ileibadele","author":"admin","date":"31. juuli 2025","format":false,"excerpt":"Mahedad redise seemned idandamiseks. Maitsev terav mikrov\u00f5rse, mis kasvab kodus lihtsalt. Vilmorini kvaliteet, sobib idupurkidele.","rel":"","context":"Similar post","block_context":{"text":"Similar post","link":""},"img":{"alt_text":"","src":"https:\/\/i0.wp.com\/indoorgarden.ee\/wp-content\/uploads\/2025\/07\/product-153675_0-VC554.jpg?resize=350%2C200&ssl=1","width":350,"height":200,"srcset":"https:\/\/i0.wp.com\/indoorgarden.ee\/wp-content\/uploads\/2025\/07\/product-153675_0-VC554.jpg?resize=350%2C200&ssl=1 1x, https:\/\/i0.wp.com\/indoorgarden.ee\/wp-content\/uploads\/2025\/07\/product-153675_0-VC554.jpg?resize=525%2C300&ssl=1 1.5x, https:\/\/i0.wp.com\/indoorgarden.ee\/wp-content\/uploads\/2025\/07\/product-153675_0-VC554.jpg?resize=700%2C400&ssl=1 2x"},"classes":[]},{"id":2177,"url":"https:\/\/indoorgarden.ee\/et\/toode\/valge-sinepi-vorsete-seemned-100-g-kiirekasvuline-supertoit-ideaalne-hudropoonikasse-ja-idandamisnoudesse\/","url_meta":{"origin":2169,"position":2},"title":"Mikrov\u00f5rsete valge sinepi seemned 100 g \u2013 kiirelt kasvav superfood h\u00fcdropoonikasse ja idupurkidesse","author":"admin","date":"16. nov. 2025","format":false,"excerpt":"Mikrov\u00f5rsete valge sinepi seemned 100 g. Kiire kasv, kerge teravus, sobib salatitele ja v\u00f5ileibadele. Lihtne kasvatada idupurkides ja alustel.","rel":"","context":"Similar post","block_context":{"text":"Similar post","link":""},"img":{"alt_text":"","src":"https:\/\/i0.wp.com\/indoorgarden.ee\/wp-content\/uploads\/2025\/11\/4770168921214.jpg?resize=350%2C200&ssl=1","width":350,"height":200,"srcset":"https:\/\/i0.wp.com\/indoorgarden.ee\/wp-content\/uploads\/2025\/11\/4770168921214.jpg?resize=350%2C200&ssl=1 1x, https:\/\/i0.wp.com\/indoorgarden.ee\/wp-content\/uploads\/2025\/11\/4770168921214.jpg?resize=525%2C300&ssl=1 1.5x, https:\/\/i0.wp.com\/indoorgarden.ee\/wp-content\/uploads\/2025\/11\/4770168921214.jpg?resize=700%2C400&ssl=1 2x, https:\/\/i0.wp.com\/indoorgarden.ee\/wp-content\/uploads\/2025\/11\/4770168921214.jpg?resize=1050%2C600&ssl=1 3x"},"classes":[]},{"id":2186,"url":"https:\/\/indoorgarden.ee\/et\/toode\/redise-vorsete-seemned-100g-kiiresti-kasvav-supertoit-ideaalne-idandamiseks-ja-hudropooniliseks-kasvatamiseks\/","url_meta":{"origin":2169,"position":3},"title":"Mikrov\u00f5rsete redise seemned 100 g \u2013 terav superfood h\u00fcdropoonikasse ja idupurkidesse","author":"admin","date":"16. nov. 2025","format":false,"excerpt":"Mikrov\u00f5rsete redise seemned 100 g. Terava maitsega mikrov\u00f5rse salatitele, v\u00f5ileibadele ja taldriku kaunistamiseks. Kiire kasv, idud valmis n\u00e4dalaga.","rel":"","context":"Similar post","block_context":{"text":"Similar post","link":""},"img":{"alt_text":"","src":"https:\/\/i0.wp.com\/indoorgarden.ee\/wp-content\/uploads\/2025\/11\/4770168921207.jpg?resize=350%2C200&ssl=1","width":350,"height":200,"srcset":"https:\/\/i0.wp.com\/indoorgarden.ee\/wp-content\/uploads\/2025\/11\/4770168921207.jpg?resize=350%2C200&ssl=1 1x, https:\/\/i0.wp.com\/indoorgarden.ee\/wp-content\/uploads\/2025\/11\/4770168921207.jpg?resize=525%2C300&ssl=1 1.5x, https:\/\/i0.wp.com\/indoorgarden.ee\/wp-content\/uploads\/2025\/11\/4770168921207.jpg?resize=700%2C400&ssl=1 2x, https:\/\/i0.wp.com\/indoorgarden.ee\/wp-content\/uploads\/2025\/11\/4770168921207.jpg?resize=1050%2C600&ssl=1 3x"},"classes":[]},{"id":2195,"url":"https:\/\/indoorgarden.ee\/et\/toode\/rukola-vorsete-seemned-100-g-kiirekasvuline-supertoit-ideaalne-hudropoonikasse-ja-idandamisnoudesse\/","url_meta":{"origin":2169,"position":4},"title":"Mikrov\u00f5rsete rukola seemned 100 g \u2013 kiirelt kasvav superfood h\u00fcdropoonikale ja idupurkidesse","author":"admin","date":"16. nov. 2025","format":false,"excerpt":"Mikrov\u00f5rsete rukola seemned 100 g. Kiire kasv, intensiivne p\u00e4hklise-pipraga maitse \u2013 sobib salatitele, v\u00f5ileibadele ja taldriku kaunistamiseks.","rel":"","context":"Similar post","block_context":{"text":"Similar post","link":""},"img":{"alt_text":"","src":"https:\/\/i0.wp.com\/indoorgarden.ee\/wp-content\/uploads\/2025\/11\/4770168921184.jpg?resize=350%2C200&ssl=1","width":350,"height":200,"srcset":"https:\/\/i0.wp.com\/indoorgarden.ee\/wp-content\/uploads\/2025\/11\/4770168921184.jpg?resize=350%2C200&ssl=1 1x, https:\/\/i0.wp.com\/indoorgarden.ee\/wp-content\/uploads\/2025\/11\/4770168921184.jpg?resize=525%2C300&ssl=1 1.5x, https:\/\/i0.wp.com\/indoorgarden.ee\/wp-content\/uploads\/2025\/11\/4770168921184.jpg?resize=700%2C400&ssl=1 2x, https:\/\/i0.wp.com\/indoorgarden.ee\/wp-content\/uploads\/2025\/11\/4770168921184.jpg?resize=1050%2C600&ssl=1 3x"},"classes":[]},{"id":2164,"url":"https:\/\/indoorgarden.ee\/et\/toode\/siseruumide-kasvuhoone-38-x-24-x-18-cm-kompaktne-kasvukast-seemnete-istikute-ja-hudropooniliseks-taimede-ette-kasvatamiseks\/","url_meta":{"origin":2169,"position":5},"title":"Sisekasvuhoone 38\u00d724\u00d718 cm \u2013 kompaktne idandamiskaas seemnetele, pistikutele ja h\u00fcdropoonika alustele","author":"admin","date":"16. nov. 2025","format":false,"excerpt":"Sisekasvuhoone 38 \u00d7 24 \u00d7 18 cm. Kompaktne idandamiskaas seemnete idandamiseks, pistikute juurutamiseks ja h\u00fcdropoonika alustamiseks \u2013 stabiilne niiskus ja soojus.","rel":"","context":"Similar post","block_context":{"text":"Similar post","link":""},"img":{"alt_text":"","src":"https:\/\/i0.wp.com\/indoorgarden.ee\/wp-content\/uploads\/2025\/11\/4770168927650.jpg?resize=350%2C200&ssl=1","width":350,"height":200,"srcset":"https:\/\/i0.wp.com\/indoorgarden.ee\/wp-content\/uploads\/2025\/11\/4770168927650.jpg?resize=350%2C200&ssl=1 1x, https:\/\/i0.wp.com\/indoorgarden.ee\/wp-content\/uploads\/2025\/11\/4770168927650.jpg?resize=525%2C300&ssl=1 1.5x, https:\/\/i0.wp.com\/indoorgarden.ee\/wp-content\/uploads\/2025\/11\/4770168927650.jpg?resize=700%2C400&ssl=1 2x, https:\/\/i0.wp.com\/indoorgarden.ee\/wp-content\/uploads\/2025\/11\/4770168927650.jpg?resize=1050%2C600&ssl=1 3x"},"classes":[]}],"_links":{"self":[{"href":"https:\/\/indoorgarden.ee\/et\/wp-json\/wp\/v2\/product\/2169","targetHints":{"allow":["GET"]}}],"collection":[{"href":"https:\/\/indoorgarden.ee\/et\/wp-json\/wp\/v2\/product"}],"about":[{"href":"https:\/\/indoorgarden.ee\/et\/wp-json\/wp\/v2\/types\/product"}],"replies":[{"embeddable":true,"href":"https:\/\/indoorgarden.ee\/et\/wp-json\/wp\/v2\/comments?post=2169"}],"wp:featuredmedia":[{"embeddable":true,"href":"https:\/\/indoorgarden.ee\/et\/wp-json\/wp\/v2\/media\/2167"}],"wp:attachment":[{"href":"https:\/\/indoorgarden.ee\/et\/wp-json\/wp\/v2\/media?parent=2169"}],"wp:term":[{"taxonomy":"product_brand","embeddable":true,"href":"https:\/\/indoorgarden.ee\/et\/wp-json\/wp\/v2\/product_brand?post=2169"},{"taxonomy":"product_cat","embeddable":true,"href":"https:\/\/indoorgarden.ee\/et\/wp-json\/wp\/v2\/product_cat?post=2169"},{"taxonomy":"product_tag","embeddable":true,"href":"https:\/\/indoorgarden.ee\/et\/wp-json\/wp\/v2\/product_tag?post=2169"}],"curies":[{"name":"wp","href":"https:\/\/api.w.org\/{rel}","templated":true}]}}