{"id":2164,"date":"2025-11-16T15:42:02","date_gmt":"2025-11-16T13:42:02","guid":{"rendered":"https:\/\/indoorgarden.ee\/product\/siseruumide-kasvuhoone-38-x-24-x-18-cm-kompaktne-kasvukast-seemnete-istikute-ja-hudropooniliseks-taimede-ette-kasvatamiseks\/"},"modified":"2026-04-26T19:20:22","modified_gmt":"2026-04-26T16:20:22","slug":"siseruumide-kasvuhoone-38-x-24-x-18-cm-kompaktne-kasvukast-seemnete-istikute-ja-hudropooniliseks-taimede-ette-kasvatamiseks","status":"publish","type":"product","link":"https:\/\/indoorgarden.ee\/et\/toode\/siseruumide-kasvuhoone-38-x-24-x-18-cm-kompaktne-kasvukast-seemnete-istikute-ja-hudropooniliseks-taimede-ette-kasvatamiseks\/","title":{"rendered":"Sisekasvuhoone 38\u00d724\u00d718 cm \u2013 kompaktne idandamiskaas seemnetele, pistikutele ja h\u00fcdropoonika alustele"},"content":{"rendered":"<h2>Kasvuhoonest l\u00e4hemalt<\/h2>\n<p>See kompaktne siseruumide kasvuhoone (38 \u00d7 24 \u00d7 18 cm) on loodud lihtsaks ja t\u00f5husaks seemnete k\u00fclvamiseks, taimede paljundamiseks ja varajaseks kasvatamiseks. V\u00e4ga vastupidavast ja l\u00e4bipaistvast plastikust valmistatud kasvuhoone loob stabiilse, kaitstud keskkonna, mis aitab hoida soojust ja niiskust \u2014 ideaalsed tingimused idanemiseks. <\/p>\n<h2>Ideaalne siseaianduseks ja h\u00fcdropooniliseks taimede ette kasvatamiseks<\/h2>\n<p>Olenemata sellest, kas kasvatad mullas, turbatablettides v\u00f5i valmistad seemikuid ette h\u00fcdropoonika- v\u00f5i nutiaias\u00fcsteemi jaoks, aitab see kasvuhoone luua kontrollitud mikrokliima, mis toetab kiiret ja tervislikku algkasvu. Niiskuse ja soojuse s\u00e4ilitamine tagab seemnete hea idanemise aastaringselt. <\/p>\n<h2>Omadused<\/h2>\n<ul>\n<li>Vastupidav, paks plastik pikaajaliseks kasutamiseks<\/li>\n<li>L\u00e4bipaistev kaas tagab suurep\u00e4rase valguse l\u00e4bitungimise<\/li>\n<li>Aitab hoida idanemiseks vajalikku niiskust ja soojust<\/li>\n<li>Ideaalne suurus aknalaudadele, riiulitele ja taimelampide alla<\/li>\n<li>Sobib mullale, turbatablettidele, kookospottidele ja h\u00fcdropoonika k\u00e4snadele<\/li>\n<li>Taaskasutatav<\/li>\n<\/ul>\n<h2>Kuidas kasutada<\/h2>\n<ul>\n<li>Aseta valitud kasvusubstraat (turbatabletid, k\u00fclvikassetid, k\u00e4snad v\u00f5i v\u00e4ikesed potid) kasvuhoone alusele.<\/li>\n<li>Niisuta substraat, k\u00fclva seemned ja kata l\u00e4bipaistva kaanega.<\/li>\n<li>Hoia soojas ja valgusk\u00fcllases kohas v\u00f5i taimelambi all.<\/li>\n<li>Tuuluta iga p\u00e4ev, t\u00f5stes kaant korraks \u00fcles, et v\u00e4ltida liigset kondenseerumist.<\/li>\n<li>Kui seemikud on tugevnenud, eemalda kaas ja alusta taime harjutamist tavaliste ruumitingimustega.<\/li>\n<\/ul>\n","protected":false},"excerpt":{"rendered":"<p>Sisekasvuhoone 38 \u00d7 24 \u00d7 18 cm. Kompaktne idandamiskaas seemnete idandamiseks, pistikute juurutamiseks ja h\u00fcdropoonika alustamiseks \u2013 stabiilne niiskus ja soojus.<\/p>\n","protected":false},"featured_media":2163,"comment_status":"closed","ping_status":"closed","template":"","meta":[],"product_brand":[155],"product_cat":[235],"product_tag":[],"class_list":{"0":"post-2164","1":"product","2":"type-product","3":"status-publish","4":"has-post-thumbnail","6":"product_brand-seklos-et","7":"product_cat-siseruumide-kasvuhoone","9":"first","10":"instock","11":"taxable","12":"shipping-taxable","13":"purchasable","14":"product-type-simple"},"jetpack_sharing_enabled":true,"jetpack-related-posts":[{"id":1334,"url":"https:\/\/indoorgarden.ee\/et\/toode\/tsillipipra-kilian-seemned-keskmise-suurusega-capsicum-annuum-potti-kasvuhoonesse-ja-valitingimustes-kasvatamiseks-8-cm-oranzid-viljad-1g\/","url_meta":{"origin":2164,"position":0},"title":"T\u0161illipipra \u2018Kilian\u2019 seemned \u2013 keskvalmiv Capsicum annuum potti ja kasvuhoonesse","author":"admin","date":"31. juuli 2025","format":false,"excerpt":"T\u0161illipipra \u2018Kilian\u2019 seemned. Keskvalmiv sort 8 cm pikkuste oran\u017eide viljadega \u2013 sobib potti, kasvuhoonesse ja \u00f5ue kasvatamiseks.","rel":"","context":"Similar post","block_context":{"text":"Similar post","link":""},"img":{"alt_text":"","src":"https:\/\/i0.wp.com\/indoorgarden.ee\/wp-content\/uploads\/2025\/07\/product-153272_0-L2550.jpg?resize=350%2C200&ssl=1","width":350,"height":200,"srcset":"https:\/\/i0.wp.com\/indoorgarden.ee\/wp-content\/uploads\/2025\/07\/product-153272_0-L2550.jpg?resize=350%2C200&ssl=1 1x, https:\/\/i0.wp.com\/indoorgarden.ee\/wp-content\/uploads\/2025\/07\/product-153272_0-L2550.jpg?resize=525%2C300&ssl=1 1.5x, https:\/\/i0.wp.com\/indoorgarden.ee\/wp-content\/uploads\/2025\/07\/product-153272_0-L2550.jpg?resize=700%2C400&ssl=1 2x"},"classes":[]},{"id":1299,"url":"https:\/\/indoorgarden.ee\/et\/toode\/cherry-tomato-goldkrone-seemned-solanum-lycopersicum-varajane-korge-saagikusega-kollane-sort-kasvuhoones-ja-vabas-ohus-kasvatamiseks-15-20g-viljad-1g\/","url_meta":{"origin":2164,"position":1},"title":"Kirsstomati \u2018Goldkrone\u2019 seemned (Solanum lycopersicum) \u2013 varajane k\u00f5rgesaakaline kollane sort 1 g","author":"admin","date":"31. juuli 2025","format":false,"excerpt":"Kirsstomati \u2018Goldkrone\u2019 seemned. Varajane, k\u00f5rgesaakaline kollane sort 15\u201320 g viljadega \u2013 sobib r\u00f5dule, aknalauale ja \u00f5ue. 1 g pakk.","rel":"","context":"Similar post","block_context":{"text":"Similar post","link":""},"img":{"alt_text":"","src":"https:\/\/i0.wp.com\/indoorgarden.ee\/wp-content\/uploads\/2025\/07\/product-153228_0-L13184.jpg?resize=350%2C200&ssl=1","width":350,"height":200,"srcset":"https:\/\/i0.wp.com\/indoorgarden.ee\/wp-content\/uploads\/2025\/07\/product-153228_0-L13184.jpg?resize=350%2C200&ssl=1 1x, https:\/\/i0.wp.com\/indoorgarden.ee\/wp-content\/uploads\/2025\/07\/product-153228_0-L13184.jpg?resize=525%2C300&ssl=1 1.5x, https:\/\/i0.wp.com\/indoorgarden.ee\/wp-content\/uploads\/2025\/07\/product-153228_0-L13184.jpg?resize=700%2C400&ssl=1 2x"},"classes":[]},{"id":2040,"url":"https:\/\/indoorgarden.ee\/et\/toode\/cezar-broccoli-seemned-brassica-oleracea-varske-toiduvalmistamiseks-kulmutamiseks-ja-hudropooniliseks-kasvatamiseks\/","url_meta":{"origin":2164,"position":2},"title":"Brokoli \u2018Cezar\u2019 seemned \u2013 Brassica oleracea v\u00e4rskeks toiduks, s\u00fcgavk\u00fclmamiseks ja h\u00fcdropoonikale","author":"admin","date":"29. sept. 2025","format":false,"excerpt":"Brokoli \u2018Cezar\u2019 seemned. Klassikaline kompaktne brokoli sort, mis sobib v\u00e4rskelt valmistamiseks, s\u00fcgavk\u00fclma ja h\u00fcdropoonikale. Kompaktne, sobib h\u00e4sti sees kasvatamiseks.","rel":"","context":"Similar post","block_context":{"text":"Similar post","link":""},"img":{"alt_text":"","src":"https:\/\/i0.wp.com\/indoorgarden.ee\/wp-content\/uploads\/2025\/09\/product-2323761_0-L0506.jpg?resize=350%2C200&ssl=1","width":350,"height":200,"srcset":"https:\/\/i0.wp.com\/indoorgarden.ee\/wp-content\/uploads\/2025\/09\/product-2323761_0-L0506.jpg?resize=350%2C200&ssl=1 1x, https:\/\/i0.wp.com\/indoorgarden.ee\/wp-content\/uploads\/2025\/09\/product-2323761_0-L0506.jpg?resize=525%2C300&ssl=1 1.5x, https:\/\/i0.wp.com\/indoorgarden.ee\/wp-content\/uploads\/2025\/09\/product-2323761_0-L0506.jpg?resize=700%2C400&ssl=1 2x"},"classes":[]},{"id":1282,"url":"https:\/\/indoorgarden.ee\/et\/toode\/compo-bio-istikute-ja-maitsetaimede-istutusmuld-5l\/","url_meta":{"origin":2164,"position":3},"title":"Compo BIO seemikute ja maitsetaimede potipinnas 5 L","author":"admin","date":"8. aug. 2025","format":false,"excerpt":"Compo BIO seemikute ja maitsetaimede potipinnas 5 L. Hea \u00e4ravool, sobib idandamiseks ja noorte \u00fcrtide kasvatamiseks. Mahedast toorainest.","rel":"","context":"Similar post","block_context":{"text":"Similar post","link":""},"img":{"alt_text":"","src":"https:\/\/i0.wp.com\/indoorgarden.ee\/wp-content\/uploads\/2025\/08\/product-2023545_0-670250.jpg?resize=350%2C200&ssl=1","width":350,"height":200,"srcset":"https:\/\/i0.wp.com\/indoorgarden.ee\/wp-content\/uploads\/2025\/08\/product-2023545_0-670250.jpg?resize=350%2C200&ssl=1 1x, https:\/\/i0.wp.com\/indoorgarden.ee\/wp-content\/uploads\/2025\/08\/product-2023545_0-670250.jpg?resize=525%2C300&ssl=1 1.5x, https:\/\/i0.wp.com\/indoorgarden.ee\/wp-content\/uploads\/2025\/08\/product-2023545_0-670250.jpg?resize=700%2C400&ssl=1 2x"},"classes":[]},{"id":1309,"url":"https:\/\/indoorgarden.ee\/et\/toode\/tilli-mammouth-seemned-anethum-graveolens-kompaktne-aromaatne-sort-sise-rodu-ja-valitingimustes-kasvatamiseks-hiline-oitsemine-20cm-1g\/","url_meta":{"origin":2164,"position":4},"title":"Aedtilli \u2018Mammoth\u2019 seemned (Anethum graveolens) \u2013 kompaktne aromaatne sort sise- ja v\u00e4litingimustele","author":"admin","date":"26. sept. 2025","format":false,"excerpt":"Aedtilli \u2018Mammoth\u2019 seemned. Kompaktne, hilise \u00f5itsemisega sort, mis sobib nii sees nutiaias kui r\u00f5dul ja \u00f5uepeenardes \u2013 aromaatne lisand kalale ja salatile.","rel":"","context":"Similar post","block_context":{"text":"Similar post","link":""},"img":{"alt_text":"","src":"https:\/\/i0.wp.com\/indoorgarden.ee\/wp-content\/uploads\/2025\/07\/product-153262_0-L1912.jpg?resize=350%2C200&ssl=1","width":350,"height":200,"srcset":"https:\/\/i0.wp.com\/indoorgarden.ee\/wp-content\/uploads\/2025\/07\/product-153262_0-L1912.jpg?resize=350%2C200&ssl=1 1x, https:\/\/i0.wp.com\/indoorgarden.ee\/wp-content\/uploads\/2025\/07\/product-153262_0-L1912.jpg?resize=525%2C300&ssl=1 1.5x, https:\/\/i0.wp.com\/indoorgarden.ee\/wp-content\/uploads\/2025\/07\/product-153262_0-L1912.jpg?resize=700%2C400&ssl=1 2x"},"classes":[]},{"id":2287,"url":"https:\/\/indoorgarden.ee\/et\/toode\/aedsalat-salad-bowl-seemned-kiiresti-kasvav-lehtsalat-hudropoonikas-ja-nutiaedades-kasvatamiseks\/","url_meta":{"origin":2164,"position":5},"title":"Mahe lehtsalati \u2018Salad Bowl\u2019 seemned \u2013 kiirelt kasvav sort h\u00fcdropoonikasse ja nutiaeda","author":"admin","date":"18. nov. 2025","format":false,"excerpt":"Mahe lehtsalati \u2018Salad Bowl\u2019 seemned. Kiirelt kasvav, korduvalt korjatav sort \u2013 l\u00f5ika lehed ja taim kasvab uuesti tagasi.","rel":"","context":"Similar post","block_context":{"text":"Similar post","link":""},"img":{"alt_text":"","src":"https:\/\/i0.wp.com\/indoorgarden.ee\/wp-content\/uploads\/2025\/11\/4770168151611.png?resize=350%2C200&ssl=1","width":350,"height":200},"classes":[]}],"_links":{"self":[{"href":"https:\/\/indoorgarden.ee\/et\/wp-json\/wp\/v2\/product\/2164","targetHints":{"allow":["GET"]}}],"collection":[{"href":"https:\/\/indoorgarden.ee\/et\/wp-json\/wp\/v2\/product"}],"about":[{"href":"https:\/\/indoorgarden.ee\/et\/wp-json\/wp\/v2\/types\/product"}],"replies":[{"embeddable":true,"href":"https:\/\/indoorgarden.ee\/et\/wp-json\/wp\/v2\/comments?post=2164"}],"wp:featuredmedia":[{"embeddable":true,"href":"https:\/\/indoorgarden.ee\/et\/wp-json\/wp\/v2\/media\/2163"}],"wp:attachment":[{"href":"https:\/\/indoorgarden.ee\/et\/wp-json\/wp\/v2\/media?parent=2164"}],"wp:term":[{"taxonomy":"product_brand","embeddable":true,"href":"https:\/\/indoorgarden.ee\/et\/wp-json\/wp\/v2\/product_brand?post=2164"},{"taxonomy":"product_cat","embeddable":true,"href":"https:\/\/indoorgarden.ee\/et\/wp-json\/wp\/v2\/product_cat?post=2164"},{"taxonomy":"product_tag","embeddable":true,"href":"https:\/\/indoorgarden.ee\/et\/wp-json\/wp\/v2\/product_tag?post=2164"}],"curies":[{"name":"wp","href":"https:\/\/api.w.org\/{rel}","templated":true}]}}