{"id":2145,"date":"2025-09-02T12:01:58","date_gmt":"2025-09-02T09:01:58","guid":{"rendered":"https:\/\/indoorgarden.ee\/product\/botaniumi-orgaanilised-basiilikuseemned-itaalia-keskmine-sort-siseaias-voi-nutiaias-kasvatamiseks\/"},"modified":"2026-04-26T15:50:49","modified_gmt":"2026-04-26T12:50:49","slug":"botaniumi-orgaanilised-basiilikuseemned-itaalia-keskmine-sort-siseaias-voi-nutiaias-kasvatamiseks","status":"publish","type":"product","link":"https:\/\/indoorgarden.ee\/et\/toode\/botaniumi-orgaanilised-basiilikuseemned-itaalia-keskmine-sort-siseaias-voi-nutiaias-kasvatamiseks\/","title":{"rendered":"Botanium mahedad basiiliku seemned \u2013 Itaalia keskmise sordi seemned sisetingimustele"},"content":{"rendered":"<h2>Toote kohta<\/h2>\n<p>Botaniumi orgaanilised basiilikuseemned (keskmine sort) on spetsiaalselt valitud siseruumides kasvatamiseks, tuues sinu k\u00f6\u00f6ki ehtsa Itaalia maitse. Basiilik on kiirekasvuline, aromaatne ja \u00fcks olulisemaid \u00fcrte pasta-, kastme- ja salatiretseptides ning v\u00e4rske pesto valmistamisel. Need orgaanilised seemned sobivad Botaniumi nutipottidesse ja teistesse h\u00fcdropoonikas\u00fcsteemidesse, tagades puhta ja t\u00f5husa kasvamise ilma mullata.  <\/p>\n<h2>Peamised omadused<\/h2>\n<ul>\n<li>Orgaanilised seemned: sertifitseeritud mahekvaliteet tervislikuks ja j\u00e4tkusuutlikuks kasvatamiseks.<\/li>\n<li>Autentne maitse: iseloomulik aroom ja v\u00e4rske maitse, mis on Itaalia k\u00f6\u00f6gi s\u00fcdames.<\/li>\n<li>Kompaktne kasv: kasvab kuni 45 cm k\u00f5rguseks \u2013 ideaalne siseruumide pottidesse ja h\u00fcdropoonikasse.<\/li>\n<li>Kiired tulemused: seemikud ilmuvad 7\u201314 p\u00e4eva jooksul, esimene saak umbes 30 p\u00e4evaga.<\/li>\n<li>Ainult EL-i piires: seemneid saab saata ainult Euroopa Liidu piires.<\/li>\n<\/ul>\n<h2>Kasvatamine<\/h2>\n<ul>\n<li>K\u00fclva 5\u20137 seemet \u00fchtlaselt Botaniumi kasvusubstraadile (\u00e4ra kata neid substraadiga).<\/li>\n<li>Kasvata valguse k\u00e4es aknalaual v\u00f5i kasvulambi all.<\/li>\n<li>Seemikud ilmuvad 7\u201314 p\u00e4eva jooksul.Seedlings will appear in 7\u201314 days.<\/li>\n<li>Korista \u00fclemisi lehti umbes 30 p\u00e4eva p\u00e4rast, j\u00e4ttes v\u00e4hemalt 50% taimemassist, et soodustada taaskasvu.<\/li>\n<li>Parimate tulemuste saavutamiseks lisa 5 pipetit\u00e4it (5 ml) Botaniumi toitelahust \u00fche liitri vee kohta.<\/li>\n<\/ul>\n<h2>Pakend sisaldab<\/h2>\n<ul>\n<li>~20 orgaanilist basiilikuseemet (keskmine sort)<\/li>\n<\/ul>\n<h2>Ideaalne<\/h2>\n<p>Ideaalne kasutamiseks Botaniumi h\u00fcdropoonikas\u00fcsteemides v\u00f5i muudes nutikates siseaedades. Naudi v\u00e4rsket, orgaanilist basiilikut aastaringselt kokkamiseks, kaunistamiseks ja koduse pesto valmistamiseks. <\/p>\n","protected":false},"excerpt":{"rendered":"<p>Botanium mahedad basiiliku seemned. Itaalia keskmise sordi mahesert, mis kasvab eriti h\u00e4sti Botaniumi nutipotis ja teistes h\u00fcdropoonika s\u00fcsteemides.<\/p>\n","protected":false},"featured_media":1836,"comment_status":"closed","ping_status":"closed","template":"","meta":[],"product_brand":[219],"product_cat":[93,103],"product_tag":[],"class_list":{"0":"post-2145","1":"product","2":"type-product","3":"status-publish","4":"has-post-thumbnail","6":"product_brand-botanium-et","7":"product_cat-seemned","8":"product_cat-urdi-seemned","9":"pa_indoor-garden-seeds-basiilik","10":"pa_seed-type-mahedad-seemned","12":"first","13":"instock","14":"taxable","15":"shipping-taxable","16":"purchasable","17":"product-type-simple"},"jetpack_sharing_enabled":true,"jetpack-related-posts":[{"id":2144,"url":"https:\/\/indoorgarden.ee\/et\/toode\/botaniumi-orgaanilised-koriandriseemned-kiirekasvuline-urt-siseaedades-ja-nutiaedades-kasvatamiseks\/","url_meta":{"origin":2145,"position":0},"title":"Botanium mahedad koriandri seemned \u2013 kiirelt kasvav \u00fcrt sisetingimustele","author":"admin","date":"2. sept. 2025","format":false,"excerpt":"Botanium mahedad koriandri seemned. Kiire kasv, intensiivne maitse \u2013 sobib eriti h\u00e4sti Botanium nutipotile ja teistele h\u00fcdropoonika s\u00fcsteemidele.","rel":"","context":"Similar post","block_context":{"text":"Similar post","link":""},"img":{"alt_text":"","src":"https:\/\/i0.wp.com\/indoorgarden.ee\/wp-content\/uploads\/2025\/09\/koriander-1.webp?resize=350%2C200&ssl=1","width":350,"height":200,"srcset":"https:\/\/i0.wp.com\/indoorgarden.ee\/wp-content\/uploads\/2025\/09\/koriander-1.webp?resize=350%2C200&ssl=1 1x, https:\/\/i0.wp.com\/indoorgarden.ee\/wp-content\/uploads\/2025\/09\/koriander-1.webp?resize=525%2C300&ssl=1 1.5x, https:\/\/i0.wp.com\/indoorgarden.ee\/wp-content\/uploads\/2025\/09\/koriander-1.webp?resize=700%2C400&ssl=1 2x"},"classes":[]},{"id":2141,"url":"https:\/\/indoorgarden.ee\/et\/toode\/botanium-orgaanilised-rukolaseemned-kiirekasvuline-ruca-siseruumide-hudropoonikasse\/","url_meta":{"origin":2145,"position":1},"title":"Botanium mahedad rukola \u2018Ruca\u2019 seemned \u2013 kiirelt kasvav sort sisetingimuste h\u00fcdropoonikale","author":"admin","date":"2. sept. 2025","format":false,"excerpt":"Botanium mahedad rukola \u2018Ruca\u2019 seemned. Kiire kasv, pisut teravam maitse kui tavarukolal \u2013 sobib salatisse ja v\u00f5ileivale.","rel":"","context":"Similar post","block_context":{"text":"Similar post","link":""},"img":{"alt_text":"","src":"https:\/\/i0.wp.com\/indoorgarden.ee\/wp-content\/uploads\/2025\/09\/ruca_1800x1800.webp?resize=350%2C200&ssl=1","width":350,"height":200,"srcset":"https:\/\/i0.wp.com\/indoorgarden.ee\/wp-content\/uploads\/2025\/09\/ruca_1800x1800.webp?resize=350%2C200&ssl=1 1x, https:\/\/i0.wp.com\/indoorgarden.ee\/wp-content\/uploads\/2025\/09\/ruca_1800x1800.webp?resize=525%2C300&ssl=1 1.5x, https:\/\/i0.wp.com\/indoorgarden.ee\/wp-content\/uploads\/2025\/09\/ruca_1800x1800.webp?resize=700%2C400&ssl=1 2x"},"classes":[]},{"id":2143,"url":"https:\/\/indoorgarden.ee\/et\/toode\/botaniumi-orgaanilised-jalapeno-seemned-siseaedades-ja-hudropoonilistes-nutiaedades-kasvatamiseks\/","url_meta":{"origin":2145,"position":2},"title":"Botanium mahedad jalape\u00f1o t\u0161illi seemned \u2013 sisetingimuste h\u00fcdropoonikale ja nutiaedadele","author":"admin","date":"2. sept. 2025","format":false,"excerpt":"Botanium mahedad jalape\u00f1o t\u0161illi seemned. Mahe sort sees kasvatamiseks \u2013 sobib eriti h\u00e4sti Botanium nutipottidele ja teistele h\u00fcdropoonika s\u00fcsteemidele.","rel":"","context":"Similar post","block_context":{"text":"Similar post","link":""},"img":{"alt_text":"","src":"https:\/\/i0.wp.com\/indoorgarden.ee\/wp-content\/uploads\/2025\/09\/jalapeno_1800x1800.webp?resize=350%2C200&ssl=1","width":350,"height":200,"srcset":"https:\/\/i0.wp.com\/indoorgarden.ee\/wp-content\/uploads\/2025\/09\/jalapeno_1800x1800.webp?resize=350%2C200&ssl=1 1x, https:\/\/i0.wp.com\/indoorgarden.ee\/wp-content\/uploads\/2025\/09\/jalapeno_1800x1800.webp?resize=525%2C300&ssl=1 1.5x, https:\/\/i0.wp.com\/indoorgarden.ee\/wp-content\/uploads\/2025\/09\/jalapeno_1800x1800.webp?resize=700%2C400&ssl=1 2x"},"classes":[]},{"id":2142,"url":"https:\/\/indoorgarden.ee\/et\/toode\/botanium-orgaanilised-kirsstomati-seemned-kompaktne-kaabustomati-sort-sise-ja-nutiaedades-kasvatamiseks\/","url_meta":{"origin":2145,"position":3},"title":"Botanium mahedad kirsstomati seemned \u2013 kompaktne k\u00e4\u00e4bussort sisetingimuste h\u00fcdropoonikale","author":"admin","date":"2. sept. 2025","format":false,"excerpt":"Botanium mahedad kirsstomati seemned. Kompaktne k\u00e4\u00e4bussort, sobib eriti h\u00e4sti Botanium nutipotile ja teistele h\u00fcdropoonika s\u00fcsteemidele.","rel":"","context":"Similar post","block_context":{"text":"Similar post","link":""},"img":{"alt_text":"","src":"https:\/\/i0.wp.com\/indoorgarden.ee\/wp-content\/uploads\/2025\/09\/tomato_1800x1800.webp?resize=350%2C200&ssl=1","width":350,"height":200,"srcset":"https:\/\/i0.wp.com\/indoorgarden.ee\/wp-content\/uploads\/2025\/09\/tomato_1800x1800.webp?resize=350%2C200&ssl=1 1x, https:\/\/i0.wp.com\/indoorgarden.ee\/wp-content\/uploads\/2025\/09\/tomato_1800x1800.webp?resize=525%2C300&ssl=1 1.5x, https:\/\/i0.wp.com\/indoorgarden.ee\/wp-content\/uploads\/2025\/09\/tomato_1800x1800.webp?resize=700%2C400&ssl=1 2x"},"classes":[]},{"id":2271,"url":"https:\/\/indoorgarden.ee\/et\/toode\/oregano-seemned-aromaatiline-mitmeaastane-urt-hudropoonikasse-ja-nutiaeda\/","url_meta":{"origin":2145,"position":4},"title":"Mahe pune seemned (Origanum vulgare) \u2013 aromaatne mitmeaastane maitsetaim h\u00fcdropoonikasse ja nutiaeda","author":"admin","date":"18. nov. 2025","format":false,"excerpt":"Mahe pune seemned. Aromaatne mitmeaastane maitsetaim, asendamatu Itaalia k\u00f6\u00f6gis \u2013 pizza, pasta, salatid ja kalaroad.","rel":"","context":"Similar post","block_context":{"text":"Similar post","link":""},"img":{"alt_text":"","src":"https:\/\/i0.wp.com\/indoorgarden.ee\/wp-content\/uploads\/2025\/11\/4770168913615-1.png?resize=350%2C200&ssl=1","width":350,"height":200},"classes":[]},{"id":2036,"url":"https:\/\/indoorgarden.ee\/et\/toode\/itaalia-basiiliku-seemned-italiano-classico-ocimum-basilicum-toiduvalmistamiseks-meditsiiniliseks-kasutamiseks-ja-hudropooniliseks-kasvatamiseks\/","url_meta":{"origin":2145,"position":5},"title":"Itaalia basiiliku \u2018Italiano Classico\u2019 seemned (Ocimum basilicum) \u2013 k\u00f6\u00f6gile, ravimtaimena ja h\u00fcdropoonikale","author":"admin","date":"29. sept. 2025","format":false,"excerpt":"Itaalia basiiliku \u2018Italiano Classico\u2019 seemned. Klassikaline Itaalia k\u00f6\u00f6gibasiilik \u2013 pestole, Caprese salatile ja k\u00f5ikidele Itaalia roogadele. Sobib h\u00e4sti nutiaeda ja aknalauale.","rel":"","context":"Similar post","block_context":{"text":"Similar post","link":""},"img":{"alt_text":"","src":"https:\/\/i0.wp.com\/indoorgarden.ee\/wp-content\/uploads\/2025\/09\/product-153363_0-PL0434.jpg?resize=350%2C200&ssl=1","width":350,"height":200,"srcset":"https:\/\/i0.wp.com\/indoorgarden.ee\/wp-content\/uploads\/2025\/09\/product-153363_0-PL0434.jpg?resize=350%2C200&ssl=1 1x, https:\/\/i0.wp.com\/indoorgarden.ee\/wp-content\/uploads\/2025\/09\/product-153363_0-PL0434.jpg?resize=525%2C300&ssl=1 1.5x, https:\/\/i0.wp.com\/indoorgarden.ee\/wp-content\/uploads\/2025\/09\/product-153363_0-PL0434.jpg?resize=700%2C400&ssl=1 2x"},"classes":[]}],"_links":{"self":[{"href":"https:\/\/indoorgarden.ee\/et\/wp-json\/wp\/v2\/product\/2145","targetHints":{"allow":["GET"]}}],"collection":[{"href":"https:\/\/indoorgarden.ee\/et\/wp-json\/wp\/v2\/product"}],"about":[{"href":"https:\/\/indoorgarden.ee\/et\/wp-json\/wp\/v2\/types\/product"}],"replies":[{"embeddable":true,"href":"https:\/\/indoorgarden.ee\/et\/wp-json\/wp\/v2\/comments?post=2145"}],"wp:featuredmedia":[{"embeddable":true,"href":"https:\/\/indoorgarden.ee\/et\/wp-json\/wp\/v2\/media\/1836"}],"wp:attachment":[{"href":"https:\/\/indoorgarden.ee\/et\/wp-json\/wp\/v2\/media?parent=2145"}],"wp:term":[{"taxonomy":"product_brand","embeddable":true,"href":"https:\/\/indoorgarden.ee\/et\/wp-json\/wp\/v2\/product_brand?post=2145"},{"taxonomy":"product_cat","embeddable":true,"href":"https:\/\/indoorgarden.ee\/et\/wp-json\/wp\/v2\/product_cat?post=2145"},{"taxonomy":"product_tag","embeddable":true,"href":"https:\/\/indoorgarden.ee\/et\/wp-json\/wp\/v2\/product_tag?post=2145"}],"curies":[{"name":"wp","href":"https:\/\/api.w.org\/{rel}","templated":true}]}}