{"id":2144,"date":"2025-09-02T12:07:01","date_gmt":"2025-09-02T09:07:01","guid":{"rendered":"https:\/\/indoorgarden.ee\/product\/botaniumi-orgaanilised-koriandriseemned-kiirekasvuline-urt-siseaedades-ja-nutiaedades-kasvatamiseks\/"},"modified":"2026-04-26T18:46:56","modified_gmt":"2026-04-26T15:46:56","slug":"botaniumi-orgaanilised-koriandriseemned-kiirekasvuline-urt-siseaedades-ja-nutiaedades-kasvatamiseks","status":"publish","type":"product","link":"https:\/\/indoorgarden.ee\/et\/toode\/botaniumi-orgaanilised-koriandriseemned-kiirekasvuline-urt-siseaedades-ja-nutiaedades-kasvatamiseks\/","title":{"rendered":"Botanium mahedad koriandri seemned \u2013 kiirelt kasvav \u00fcrt sisetingimustele"},"content":{"rendered":"<h2>Toote kohta<\/h2>\n<p>Botaniumi orgaanilised koriandriseemned (\u2018Koriander\u2019) on kiiresti kasvav \u00fcrdisort, mis sobib ideaalselt siseruumide h\u00fcdropoonikas\u00fcsteemidesse, nagu Botaniumi nutipott. V\u00e4rskete ja aromaatsete lehtede poolest tuntud koriander on laialdaselt kasutusel salatites, karrides, suppides ja paljudes rahvusvahelistes roogades. \u00d5ige hoolduse korral saad nautida v\u00e4rskeid, orgaanilisi lehti aastaringselt.   <em>M\u00e4rkus: seemneid saab saata ainult Euroopa Liidu piires.<\/em><\/p>\n<h2>Peamised omadused<\/h2>\n<ul>\n<li>Orgaanilised seemned: sertifitseeritud mahekvaliteet tervislikuks ja j\u00e4tkusuutlikuks kasvatamiseks.<\/li>\n<li>Oluline maitse\u00fcrt: v\u00e4rsked lehed lisavad s\u00e4rtsakat maitset salatitele, karridele, suppidele ja kastmetele.<\/li>\n<li>Kompaktne kasv: taim kasvab kuni 30 cm k\u00f5rguseks \u2013 ideaalne siseruumides kasvatamiseks.<\/li>\n<li>Kiired tulemused: seemikud ilmuvad 10\u201320 p\u00e4evaga, esimene saak umbes 30 p\u00e4evaga.<\/li>\n<li><strong>Ainult EU-s saatmiseks:<\/strong> Saadaval ainult Euroopa Liidu piires.<\/li>\n<\/ul>\n<h2>Kasvatamine<\/h2>\n<ul>\n<li>K\u00fclva 10\u201320 seemet \u00fchtlaselt Botaniumi kasvusubstraadile ja kata need \u00f5hukese substraadikihiga v\u00f5i kasuta Letpot nutiaias.<\/li>\n<li>Kasvata valguse k\u00e4es aknalaual v\u00f5i kasvulambi all.<\/li>\n<li>Seemikud ilmuvad 10\u201320 p\u00e4eva jooksul.<\/li>\n<li>Korista \u00fclemisi lehti umbes 30 p\u00e4eva p\u00e4rast, j\u00e4ttes v\u00e4hemalt 50% taimemassist, et soodustada taaskasvu.<\/li>\n<li>Eemalda ilmuvad \u00f5ied, et taim toodaks kauem lehti.<\/li>\n<li>Lisa k\u00fclvamisel 3 pipetit\u00e4it Botaniumi toitelahust t\u00e4ispaagile ja j\u00e4rgmise veevahetuse ajal 5 pipetit\u00e4it.<\/li>\n<\/ul>\n<h2>Pakend sisaldab<\/h2>\n<ul>\n<li>~150 orgaanilist koriandriseemet<\/li>\n<\/ul>\n<h2>Ideaalne<\/h2>\n<p>Spetsiaalselt Botaniumi h\u00fcdropoonikas\u00fcsteemide ja teiste siseaedade jaoks m\u00f5eldud seemned, mis v\u00f5imaldavad sul kasvatada v\u00e4rskeid, orgaanilisi koriandrilehti aastaringselt, isegi v\u00e4ikestes ruumides.<\/p>\n","protected":false},"excerpt":{"rendered":"<p>Botanium mahedad koriandri seemned. Kiire kasv, intensiivne maitse \u2013 sobib eriti h\u00e4sti Botanium nutipotile ja teistele h\u00fcdropoonika s\u00fcsteemidele.<\/p>\n","protected":false},"featured_media":1845,"comment_status":"closed","ping_status":"closed","template":"","meta":[],"product_brand":[219],"product_cat":[93,103],"product_tag":[],"class_list":{"0":"post-2144","1":"product","2":"type-product","3":"status-publish","4":"has-post-thumbnail","6":"product_brand-botanium-et","7":"product_cat-seemned","8":"product_cat-urdi-seemned","9":"pa_indoor-garden-seeds-koriander","10":"pa_seed-type-mahedad-seemned","12":"first","13":"outofstock","14":"taxable","15":"shipping-taxable","16":"purchasable","17":"product-type-simple"},"jetpack_sharing_enabled":true,"jetpack-related-posts":[{"id":2141,"url":"https:\/\/indoorgarden.ee\/et\/toode\/botanium-orgaanilised-rukolaseemned-kiirekasvuline-ruca-siseruumide-hudropoonikasse\/","url_meta":{"origin":2144,"position":0},"title":"Botanium mahedad rukola \u2018Ruca\u2019 seemned \u2013 kiirelt kasvav sort sisetingimuste h\u00fcdropoonikale","author":"admin","date":"2. sept. 2025","format":false,"excerpt":"Botanium mahedad rukola \u2018Ruca\u2019 seemned. Kiire kasv, pisut teravam maitse kui tavarukolal \u2013 sobib salatisse ja v\u00f5ileivale.","rel":"","context":"Similar post","block_context":{"text":"Similar post","link":""},"img":{"alt_text":"","src":"https:\/\/i0.wp.com\/indoorgarden.ee\/wp-content\/uploads\/2025\/09\/ruca_1800x1800.webp?resize=350%2C200&ssl=1","width":350,"height":200,"srcset":"https:\/\/i0.wp.com\/indoorgarden.ee\/wp-content\/uploads\/2025\/09\/ruca_1800x1800.webp?resize=350%2C200&ssl=1 1x, https:\/\/i0.wp.com\/indoorgarden.ee\/wp-content\/uploads\/2025\/09\/ruca_1800x1800.webp?resize=525%2C300&ssl=1 1.5x, https:\/\/i0.wp.com\/indoorgarden.ee\/wp-content\/uploads\/2025\/09\/ruca_1800x1800.webp?resize=700%2C400&ssl=1 2x"},"classes":[]},{"id":2145,"url":"https:\/\/indoorgarden.ee\/et\/toode\/botaniumi-orgaanilised-basiilikuseemned-itaalia-keskmine-sort-siseaias-voi-nutiaias-kasvatamiseks\/","url_meta":{"origin":2144,"position":1},"title":"Botanium mahedad basiiliku seemned \u2013 Itaalia keskmise sordi seemned sisetingimustele","author":"admin","date":"2. sept. 2025","format":false,"excerpt":"Botanium mahedad basiiliku seemned. Itaalia keskmise sordi mahesert, mis kasvab eriti h\u00e4sti Botaniumi nutipotis ja teistes h\u00fcdropoonika s\u00fcsteemides.","rel":"","context":"Similar post","block_context":{"text":"Similar post","link":""},"img":{"alt_text":"","src":"https:\/\/i0.wp.com\/indoorgarden.ee\/wp-content\/uploads\/2025\/09\/basil_f674bdfc-d7de-4234-8e27-f5456f07a19f_1800x1800.webp?resize=350%2C200&ssl=1","width":350,"height":200,"srcset":"https:\/\/i0.wp.com\/indoorgarden.ee\/wp-content\/uploads\/2025\/09\/basil_f674bdfc-d7de-4234-8e27-f5456f07a19f_1800x1800.webp?resize=350%2C200&ssl=1 1x, https:\/\/i0.wp.com\/indoorgarden.ee\/wp-content\/uploads\/2025\/09\/basil_f674bdfc-d7de-4234-8e27-f5456f07a19f_1800x1800.webp?resize=525%2C300&ssl=1 1.5x, https:\/\/i0.wp.com\/indoorgarden.ee\/wp-content\/uploads\/2025\/09\/basil_f674bdfc-d7de-4234-8e27-f5456f07a19f_1800x1800.webp?resize=700%2C400&ssl=1 2x"},"classes":[]},{"id":2143,"url":"https:\/\/indoorgarden.ee\/et\/toode\/botaniumi-orgaanilised-jalapeno-seemned-siseaedades-ja-hudropoonilistes-nutiaedades-kasvatamiseks\/","url_meta":{"origin":2144,"position":2},"title":"Botanium mahedad jalape\u00f1o t\u0161illi seemned \u2013 sisetingimuste h\u00fcdropoonikale ja nutiaedadele","author":"admin","date":"2. sept. 2025","format":false,"excerpt":"Botanium mahedad jalape\u00f1o t\u0161illi seemned. Mahe sort sees kasvatamiseks \u2013 sobib eriti h\u00e4sti Botanium nutipottidele ja teistele h\u00fcdropoonika s\u00fcsteemidele.","rel":"","context":"Similar post","block_context":{"text":"Similar post","link":""},"img":{"alt_text":"","src":"https:\/\/i0.wp.com\/indoorgarden.ee\/wp-content\/uploads\/2025\/09\/jalapeno_1800x1800.webp?resize=350%2C200&ssl=1","width":350,"height":200,"srcset":"https:\/\/i0.wp.com\/indoorgarden.ee\/wp-content\/uploads\/2025\/09\/jalapeno_1800x1800.webp?resize=350%2C200&ssl=1 1x, https:\/\/i0.wp.com\/indoorgarden.ee\/wp-content\/uploads\/2025\/09\/jalapeno_1800x1800.webp?resize=525%2C300&ssl=1 1.5x, https:\/\/i0.wp.com\/indoorgarden.ee\/wp-content\/uploads\/2025\/09\/jalapeno_1800x1800.webp?resize=700%2C400&ssl=1 2x"},"classes":[]},{"id":2142,"url":"https:\/\/indoorgarden.ee\/et\/toode\/botanium-orgaanilised-kirsstomati-seemned-kompaktne-kaabustomati-sort-sise-ja-nutiaedades-kasvatamiseks\/","url_meta":{"origin":2144,"position":3},"title":"Botanium mahedad kirsstomati seemned \u2013 kompaktne k\u00e4\u00e4bussort sisetingimuste h\u00fcdropoonikale","author":"admin","date":"2. sept. 2025","format":false,"excerpt":"Botanium mahedad kirsstomati seemned. Kompaktne k\u00e4\u00e4bussort, sobib eriti h\u00e4sti Botanium nutipotile ja teistele h\u00fcdropoonika s\u00fcsteemidele.","rel":"","context":"Similar post","block_context":{"text":"Similar post","link":""},"img":{"alt_text":"","src":"https:\/\/i0.wp.com\/indoorgarden.ee\/wp-content\/uploads\/2025\/09\/tomato_1800x1800.webp?resize=350%2C200&ssl=1","width":350,"height":200,"srcset":"https:\/\/i0.wp.com\/indoorgarden.ee\/wp-content\/uploads\/2025\/09\/tomato_1800x1800.webp?resize=350%2C200&ssl=1 1x, https:\/\/i0.wp.com\/indoorgarden.ee\/wp-content\/uploads\/2025\/09\/tomato_1800x1800.webp?resize=525%2C300&ssl=1 1.5x, https:\/\/i0.wp.com\/indoorgarden.ee\/wp-content\/uploads\/2025\/09\/tomato_1800x1800.webp?resize=700%2C400&ssl=1 2x"},"classes":[]},{"id":1321,"url":"https:\/\/indoorgarden.ee\/et\/toode\/orgaanilised-laatsede-idanemistega-seemned-toitaineterikas-supertoit-siseruumides-kasvatamiseks-ja-mikrokultuuride-kasvatamiseks-lihtne-kodus-idanemistega-20g-vilmorin\/","url_meta":{"origin":2144,"position":4},"title":"Mahedad l\u00e4\u00e4tseseemned idandamiseks \u2013 toitainerikas superfood mikrov\u00f5rsetele","author":"admin","date":"31. juuli 2025","format":false,"excerpt":"Mahedad l\u00e4\u00e4tseseemned idandamiseks. \u00dcks lihtsamaid ja toitainerikkamaid superfoode kodus kasvatamiseks. Vilmorini kvaliteet, sobib idupurkidele.","rel":"","context":"Similar post","block_context":{"text":"Similar post","link":""},"img":{"alt_text":"","src":"https:\/\/i0.wp.com\/indoorgarden.ee\/wp-content\/uploads\/2025\/07\/product-154451_0-VC555.jpg?resize=350%2C200&ssl=1","width":350,"height":200,"srcset":"https:\/\/i0.wp.com\/indoorgarden.ee\/wp-content\/uploads\/2025\/07\/product-154451_0-VC555.jpg?resize=350%2C200&ssl=1 1x, https:\/\/i0.wp.com\/indoorgarden.ee\/wp-content\/uploads\/2025\/07\/product-154451_0-VC555.jpg?resize=525%2C300&ssl=1 1.5x, https:\/\/i0.wp.com\/indoorgarden.ee\/wp-content\/uploads\/2025\/07\/product-154451_0-VC555.jpg?resize=700%2C400&ssl=1 2x"},"classes":[]},{"id":2287,"url":"https:\/\/indoorgarden.ee\/et\/toode\/aedsalat-salad-bowl-seemned-kiiresti-kasvav-lehtsalat-hudropoonikas-ja-nutiaedades-kasvatamiseks\/","url_meta":{"origin":2144,"position":5},"title":"Mahe lehtsalati \u2018Salad Bowl\u2019 seemned \u2013 kiirelt kasvav sort h\u00fcdropoonikasse ja nutiaeda","author":"admin","date":"18. nov. 2025","format":false,"excerpt":"Mahe lehtsalati \u2018Salad Bowl\u2019 seemned. Kiirelt kasvav, korduvalt korjatav sort \u2013 l\u00f5ika lehed ja taim kasvab uuesti tagasi.","rel":"","context":"Similar post","block_context":{"text":"Similar post","link":""},"img":{"alt_text":"","src":"https:\/\/i0.wp.com\/indoorgarden.ee\/wp-content\/uploads\/2025\/11\/4770168151611.png?resize=350%2C200&ssl=1","width":350,"height":200},"classes":[]}],"_links":{"self":[{"href":"https:\/\/indoorgarden.ee\/et\/wp-json\/wp\/v2\/product\/2144","targetHints":{"allow":["GET"]}}],"collection":[{"href":"https:\/\/indoorgarden.ee\/et\/wp-json\/wp\/v2\/product"}],"about":[{"href":"https:\/\/indoorgarden.ee\/et\/wp-json\/wp\/v2\/types\/product"}],"replies":[{"embeddable":true,"href":"https:\/\/indoorgarden.ee\/et\/wp-json\/wp\/v2\/comments?post=2144"}],"wp:featuredmedia":[{"embeddable":true,"href":"https:\/\/indoorgarden.ee\/et\/wp-json\/wp\/v2\/media\/1845"}],"wp:attachment":[{"href":"https:\/\/indoorgarden.ee\/et\/wp-json\/wp\/v2\/media?parent=2144"}],"wp:term":[{"taxonomy":"product_brand","embeddable":true,"href":"https:\/\/indoorgarden.ee\/et\/wp-json\/wp\/v2\/product_brand?post=2144"},{"taxonomy":"product_cat","embeddable":true,"href":"https:\/\/indoorgarden.ee\/et\/wp-json\/wp\/v2\/product_cat?post=2144"},{"taxonomy":"product_tag","embeddable":true,"href":"https:\/\/indoorgarden.ee\/et\/wp-json\/wp\/v2\/product_tag?post=2144"}],"curies":[{"name":"wp","href":"https:\/\/api.w.org\/{rel}","templated":true}]}}