{"id":2143,"date":"2025-09-02T12:12:03","date_gmt":"2025-09-02T09:12:03","guid":{"rendered":"https:\/\/indoorgarden.ee\/product\/botaniumi-orgaanilised-jalapeno-seemned-siseaedades-ja-hudropoonilistes-nutiaedades-kasvatamiseks\/"},"modified":"2026-04-26T15:49:16","modified_gmt":"2026-04-26T12:49:16","slug":"botaniumi-orgaanilised-jalapeno-seemned-siseaedades-ja-hudropoonilistes-nutiaedades-kasvatamiseks","status":"publish","type":"product","link":"https:\/\/indoorgarden.ee\/et\/toode\/botaniumi-orgaanilised-jalapeno-seemned-siseaedades-ja-hudropoonilistes-nutiaedades-kasvatamiseks\/","title":{"rendered":"Botanium mahedad jalape\u00f1o t\u0161illi seemned \u2013 sisetingimuste h\u00fcdropoonikale ja nutiaedadele"},"content":{"rendered":"<h2>Toote kohta<\/h2>\n<p>Botaniumi orgaanilised jalape\u00f1o seemned annavad paksu viljalihaga, m\u00f5\u00f5duka teravusega t\u0161illipipraid, mille tulisus on umbes 7000 SHU. Viljad kasvavad ligikaudu 7 cm pikkuseks \u00fcmarate tippudega ning valmides muutuvad rohelisest erksapunaseks. Ideaalne maitse ja s\u00e4rtsu lisamiseks salsadesse, kastmetesse ja igap\u00e4evaste roogade sisse. Need seemned sobivad eriti h\u00e4sti siseruumide h\u00fcdropoonikas\u00fcsteemidesse, nagu Botanium.   <em>M\u00e4rkus: seemneid saab saata ainult Euroopa Liidu piires.<\/em><\/p>\n<h2>Peamised omadused<\/h2>\n<ul>\n<li>Orgaanilised seemned: sertifitseeritud mahekvaliteet tervislikuks ja j\u00e4tkusuutlikuks kasvatamiseks.<\/li>\n<li>Autentsed jalape\u00f1od: paksu viljalihaga viljad, ~7 cm pikad, m\u00f5\u00f5duka tulisusega (~7000 SHU).<\/li>\n<li>Kompaktne kasv: taimed kasvavad kuni 40 cm k\u00f5rguseks \u2013 ideaalne nutiaedadesse ja v\u00e4ikestesse ruumidesse.<\/li>\n<li>Hea saagikus: usaldusv\u00e4\u00e4rne ja produktiivne t\u0161illisort.<\/li>\n<li><strong>Ainult EU-s saatmiseks:<\/strong> Saadaval ainult Euroopa Liidu piires.<\/li>\n<\/ul>\n<h2>Kasvatamine<\/h2>\n<ul>\n<li>Parima tulemuse saavutamiseks kasvata maksimaalselt 1 t\u0161illitaim \u00fches Botaniumi potis v\u00f5i kuni 4 taime Botanium Vega s\u00fcsteemis. <\/li>\n<li>K\u00fclva seemned umbes 1 cm s\u00fcgavusele kasvusubstraati.<\/li>\n<li>Kasvata valguse k\u00e4es aknalaual v\u00f5i kasvulambi all.<\/li>\n<li>Seemikud ilmuvad 5\u201312 p\u00e4eva jooksul.<\/li>\n<li>\u00d5itsemise ajal tolmelda \u00f5isi k\u00e4sitsi, viies \u00f5rnalt \u00f5ietolmu \u00f5ielt \u00f5iele pintsli v\u00f5i s\u00f5rmeotsaga.<\/li>\n<li>V\u00e4eta taimi 5 pipeti (5 ml) Botaniumi toitelahusega \u00fche liitri vee kohta.<\/li>\n<\/ul>\n<h2>Pakend sisaldab<\/h2>\n<ul>\n<li>~6 orgaanilist jalape\u00f1o seemet<\/li>\n<\/ul>\n<h2>Ideaalne<\/h2>\n<p>Spetsiaalselt Botaniumi h\u00fcdropoonikas\u00fcsteemide jaoks loodud jalape\u00f1o seemned sobivad suurep\u00e4raselt k\u00f5igile, kes soovivad v\u00e4hese vaevaga kasvatada v\u00e4rskeid, orgaanilisi t\u0161illipipraid aastaringselt.<\/p>\n","protected":false},"excerpt":{"rendered":"<p>Botanium mahedad jalape\u00f1o t\u0161illi seemned. Mahe sort sees kasvatamiseks \u2013 sobib eriti h\u00e4sti Botanium nutipottidele ja teistele h\u00fcdropoonika s\u00fcsteemidele.<\/p>\n","protected":false},"featured_media":1848,"comment_status":"closed","ping_status":"closed","template":"","meta":[],"product_brand":[219],"product_cat":[93,94],"product_tag":[],"class_list":{"0":"post-2143","1":"product","2":"type-product","3":"status-publish","4":"has-post-thumbnail","6":"product_brand-botanium-et","7":"product_cat-seemned","8":"product_cat-tsilli-seemned","9":"pa_indoor-garden-seeds-tsillipipar","10":"pa_seed-type-mahedad-seemned","12":"first","13":"outofstock","14":"taxable","15":"shipping-taxable","16":"purchasable","17":"product-type-simple"},"jetpack_sharing_enabled":true,"jetpack-related-posts":[{"id":2142,"url":"https:\/\/indoorgarden.ee\/et\/toode\/botanium-orgaanilised-kirsstomati-seemned-kompaktne-kaabustomati-sort-sise-ja-nutiaedades-kasvatamiseks\/","url_meta":{"origin":2143,"position":0},"title":"Botanium mahedad kirsstomati seemned \u2013 kompaktne k\u00e4\u00e4bussort sisetingimuste h\u00fcdropoonikale","author":"admin","date":"2. sept. 2025","format":false,"excerpt":"Botanium mahedad kirsstomati seemned. Kompaktne k\u00e4\u00e4bussort, sobib eriti h\u00e4sti Botanium nutipotile ja teistele h\u00fcdropoonika s\u00fcsteemidele.","rel":"","context":"Similar post","block_context":{"text":"Similar post","link":""},"img":{"alt_text":"","src":"https:\/\/i0.wp.com\/indoorgarden.ee\/wp-content\/uploads\/2025\/09\/tomato_1800x1800.webp?resize=350%2C200&ssl=1","width":350,"height":200,"srcset":"https:\/\/i0.wp.com\/indoorgarden.ee\/wp-content\/uploads\/2025\/09\/tomato_1800x1800.webp?resize=350%2C200&ssl=1 1x, https:\/\/i0.wp.com\/indoorgarden.ee\/wp-content\/uploads\/2025\/09\/tomato_1800x1800.webp?resize=525%2C300&ssl=1 1.5x, https:\/\/i0.wp.com\/indoorgarden.ee\/wp-content\/uploads\/2025\/09\/tomato_1800x1800.webp?resize=700%2C400&ssl=1 2x"},"classes":[]},{"id":1334,"url":"https:\/\/indoorgarden.ee\/et\/toode\/tsillipipra-kilian-seemned-keskmise-suurusega-capsicum-annuum-potti-kasvuhoonesse-ja-valitingimustes-kasvatamiseks-8-cm-oranzid-viljad-1g\/","url_meta":{"origin":2143,"position":1},"title":"T\u0161illipipra \u2018Kilian\u2019 seemned \u2013 keskvalmiv Capsicum annuum potti ja kasvuhoonesse","author":"admin","date":"31. juuli 2025","format":false,"excerpt":"T\u0161illipipra \u2018Kilian\u2019 seemned. Keskvalmiv sort 8 cm pikkuste oran\u017eide viljadega \u2013 sobib potti, kasvuhoonesse ja \u00f5ue kasvatamiseks.","rel":"","context":"Similar post","block_context":{"text":"Similar post","link":""},"img":{"alt_text":"","src":"https:\/\/i0.wp.com\/indoorgarden.ee\/wp-content\/uploads\/2025\/07\/product-153272_0-L2550.jpg?resize=350%2C200&ssl=1","width":350,"height":200,"srcset":"https:\/\/i0.wp.com\/indoorgarden.ee\/wp-content\/uploads\/2025\/07\/product-153272_0-L2550.jpg?resize=350%2C200&ssl=1 1x, https:\/\/i0.wp.com\/indoorgarden.ee\/wp-content\/uploads\/2025\/07\/product-153272_0-L2550.jpg?resize=525%2C300&ssl=1 1.5x, https:\/\/i0.wp.com\/indoorgarden.ee\/wp-content\/uploads\/2025\/07\/product-153272_0-L2550.jpg?resize=700%2C400&ssl=1 2x"},"classes":[]},{"id":2141,"url":"https:\/\/indoorgarden.ee\/et\/toode\/botanium-orgaanilised-rukolaseemned-kiirekasvuline-ruca-siseruumide-hudropoonikasse\/","url_meta":{"origin":2143,"position":2},"title":"Botanium mahedad rukola \u2018Ruca\u2019 seemned \u2013 kiirelt kasvav sort sisetingimuste h\u00fcdropoonikale","author":"admin","date":"2. sept. 2025","format":false,"excerpt":"Botanium mahedad rukola \u2018Ruca\u2019 seemned. Kiire kasv, pisut teravam maitse kui tavarukolal \u2013 sobib salatisse ja v\u00f5ileivale.","rel":"","context":"Similar post","block_context":{"text":"Similar post","link":""},"img":{"alt_text":"","src":"https:\/\/i0.wp.com\/indoorgarden.ee\/wp-content\/uploads\/2025\/09\/ruca_1800x1800.webp?resize=350%2C200&ssl=1","width":350,"height":200,"srcset":"https:\/\/i0.wp.com\/indoorgarden.ee\/wp-content\/uploads\/2025\/09\/ruca_1800x1800.webp?resize=350%2C200&ssl=1 1x, https:\/\/i0.wp.com\/indoorgarden.ee\/wp-content\/uploads\/2025\/09\/ruca_1800x1800.webp?resize=525%2C300&ssl=1 1.5x, https:\/\/i0.wp.com\/indoorgarden.ee\/wp-content\/uploads\/2025\/09\/ruca_1800x1800.webp?resize=700%2C400&ssl=1 2x"},"classes":[]},{"id":2145,"url":"https:\/\/indoorgarden.ee\/et\/toode\/botaniumi-orgaanilised-basiilikuseemned-itaalia-keskmine-sort-siseaias-voi-nutiaias-kasvatamiseks\/","url_meta":{"origin":2143,"position":3},"title":"Botanium mahedad basiiliku seemned \u2013 Itaalia keskmise sordi seemned sisetingimustele","author":"admin","date":"2. sept. 2025","format":false,"excerpt":"Botanium mahedad basiiliku seemned. Itaalia keskmise sordi mahesert, mis kasvab eriti h\u00e4sti Botaniumi nutipotis ja teistes h\u00fcdropoonika s\u00fcsteemides.","rel":"","context":"Similar post","block_context":{"text":"Similar post","link":""},"img":{"alt_text":"","src":"https:\/\/i0.wp.com\/indoorgarden.ee\/wp-content\/uploads\/2025\/09\/basil_f674bdfc-d7de-4234-8e27-f5456f07a19f_1800x1800.webp?resize=350%2C200&ssl=1","width":350,"height":200,"srcset":"https:\/\/i0.wp.com\/indoorgarden.ee\/wp-content\/uploads\/2025\/09\/basil_f674bdfc-d7de-4234-8e27-f5456f07a19f_1800x1800.webp?resize=350%2C200&ssl=1 1x, https:\/\/i0.wp.com\/indoorgarden.ee\/wp-content\/uploads\/2025\/09\/basil_f674bdfc-d7de-4234-8e27-f5456f07a19f_1800x1800.webp?resize=525%2C300&ssl=1 1.5x, https:\/\/i0.wp.com\/indoorgarden.ee\/wp-content\/uploads\/2025\/09\/basil_f674bdfc-d7de-4234-8e27-f5456f07a19f_1800x1800.webp?resize=700%2C400&ssl=1 2x"},"classes":[]},{"id":2144,"url":"https:\/\/indoorgarden.ee\/et\/toode\/botaniumi-orgaanilised-koriandriseemned-kiirekasvuline-urt-siseaedades-ja-nutiaedades-kasvatamiseks\/","url_meta":{"origin":2143,"position":4},"title":"Botanium mahedad koriandri seemned \u2013 kiirelt kasvav \u00fcrt sisetingimustele","author":"admin","date":"2. sept. 2025","format":false,"excerpt":"Botanium mahedad koriandri seemned. Kiire kasv, intensiivne maitse \u2013 sobib eriti h\u00e4sti Botanium nutipotile ja teistele h\u00fcdropoonika s\u00fcsteemidele.","rel":"","context":"Similar post","block_context":{"text":"Similar post","link":""},"img":{"alt_text":"","src":"https:\/\/i0.wp.com\/indoorgarden.ee\/wp-content\/uploads\/2025\/09\/koriander-1.webp?resize=350%2C200&ssl=1","width":350,"height":200,"srcset":"https:\/\/i0.wp.com\/indoorgarden.ee\/wp-content\/uploads\/2025\/09\/koriander-1.webp?resize=350%2C200&ssl=1 1x, https:\/\/i0.wp.com\/indoorgarden.ee\/wp-content\/uploads\/2025\/09\/koriander-1.webp?resize=525%2C300&ssl=1 1.5x, https:\/\/i0.wp.com\/indoorgarden.ee\/wp-content\/uploads\/2025\/09\/koriander-1.webp?resize=700%2C400&ssl=1 2x"},"classes":[]},{"id":1333,"url":"https:\/\/indoorgarden.ee\/et\/toode\/tsillipipra-hot-lemon-seemned-tsitruselised-capsicum-baccatum-potti-salatisse-ja-kuivatamiseks-kompaktsed-tootlikud-taimed-6-10-cm-viljad-1g\/","url_meta":{"origin":2143,"position":5},"title":"T\u0161illipipra \u2018Hot Lemon\u2019 seemned \u2013 tsitruseline Capsicum baccatum potti, salsadele ja kuivatamiseks","author":"admin","date":"31. juuli 2025","format":false,"excerpt":"T\u0161illipipra \u2018Hot Lemon\u2019 seemned. Tsitrusen\u00fcansiga t\u0161illi \u2013 sobib salsadele, marinaadidele ja kuivatamiseks. Kompaktne taim, mis kannab vilja terve hooaja.","rel":"","context":"Similar post","block_context":{"text":"Similar post","link":""},"img":{"alt_text":"","src":"https:\/\/i0.wp.com\/indoorgarden.ee\/wp-content\/uploads\/2025\/07\/product-2324102_0-B71517.jpg?resize=350%2C200&ssl=1","width":350,"height":200,"srcset":"https:\/\/i0.wp.com\/indoorgarden.ee\/wp-content\/uploads\/2025\/07\/product-2324102_0-B71517.jpg?resize=350%2C200&ssl=1 1x, https:\/\/i0.wp.com\/indoorgarden.ee\/wp-content\/uploads\/2025\/07\/product-2324102_0-B71517.jpg?resize=525%2C300&ssl=1 1.5x, https:\/\/i0.wp.com\/indoorgarden.ee\/wp-content\/uploads\/2025\/07\/product-2324102_0-B71517.jpg?resize=700%2C400&ssl=1 2x"},"classes":[]}],"_links":{"self":[{"href":"https:\/\/indoorgarden.ee\/et\/wp-json\/wp\/v2\/product\/2143","targetHints":{"allow":["GET"]}}],"collection":[{"href":"https:\/\/indoorgarden.ee\/et\/wp-json\/wp\/v2\/product"}],"about":[{"href":"https:\/\/indoorgarden.ee\/et\/wp-json\/wp\/v2\/types\/product"}],"replies":[{"embeddable":true,"href":"https:\/\/indoorgarden.ee\/et\/wp-json\/wp\/v2\/comments?post=2143"}],"wp:featuredmedia":[{"embeddable":true,"href":"https:\/\/indoorgarden.ee\/et\/wp-json\/wp\/v2\/media\/1848"}],"wp:attachment":[{"href":"https:\/\/indoorgarden.ee\/et\/wp-json\/wp\/v2\/media?parent=2143"}],"wp:term":[{"taxonomy":"product_brand","embeddable":true,"href":"https:\/\/indoorgarden.ee\/et\/wp-json\/wp\/v2\/product_brand?post=2143"},{"taxonomy":"product_cat","embeddable":true,"href":"https:\/\/indoorgarden.ee\/et\/wp-json\/wp\/v2\/product_cat?post=2143"},{"taxonomy":"product_tag","embeddable":true,"href":"https:\/\/indoorgarden.ee\/et\/wp-json\/wp\/v2\/product_tag?post=2143"}],"curies":[{"name":"wp","href":"https:\/\/api.w.org\/{rel}","templated":true}]}}