{"id":2040,"date":"2025-09-29T12:28:07","date_gmt":"2025-09-29T09:28:07","guid":{"rendered":"https:\/\/indoorgarden.ee\/product\/cezar-broccoli-seemned-brassica-oleracea-varske-toiduvalmistamiseks-kulmutamiseks-ja-hudropooniliseks-kasvatamiseks\/"},"modified":"2026-04-26T18:49:08","modified_gmt":"2026-04-26T15:49:08","slug":"cezar-broccoli-seemned-brassica-oleracea-varske-toiduvalmistamiseks-kulmutamiseks-ja-hudropooniliseks-kasvatamiseks","status":"publish","type":"product","link":"https:\/\/indoorgarden.ee\/et\/toode\/cezar-broccoli-seemned-brassica-oleracea-varske-toiduvalmistamiseks-kulmutamiseks-ja-hudropooniliseks-kasvatamiseks\/","title":{"rendered":"Brokoli \u2018Cezar\u2019 seemned \u2013 Brassica oleracea v\u00e4rskeks toiduks, s\u00fcgavk\u00fclmamiseks ja h\u00fcdropoonikale"},"content":{"rendered":"<h2>Taime kohta<\/h2>\n<p><strong>Cezar Broccoli (Brassica oleracea<\/strong> ) on v\u00e4ga produktiivne sort, mis on tuntud oma \u00f5rnade ja maitsvate \u00f5isikute poolest. Seda v\u00f5ib s\u00fc\u00fca v\u00e4rskelt, aurutada, praadida v\u00f5i k\u00fclmutada hilisemaks kasutamiseks. Selle 80-90-p\u00e4evase kasvuperioodiga sordi kasvatamine on hea nii mullas kui ka kaetuna, n\u00e4iteks kilekasvuhoones.  <\/p>\n<h2>H\u00fcdropoonika ja nutiaiakasutus<\/h2>\n<p>Brokkoli sobib h\u00e4sti <strong>h\u00fcdropoonilistesse siseaedadesse<\/strong>, kus ta v\u00f5ib kasvada kuni <strong>kolm korda kiiremini<\/strong> kui mullas. Nutiaias kasvatamine v\u00f5imaldab Sul nautida toitaineterikast brokolit aastaringselt, s\u00f5ltumata v\u00e4litingimustest. Kontrollitud h\u00fcdropooniline keskkond aitab kasvatada tervislikke taimi, millel on tihedad ja kvaliteetsed \u00f5isikud.  <\/p>\n<h2>Omadused<\/h2>\n<ul>\n<li>Mitmekesisus: Cezar Broccoli<\/li>\n<li>Taimede t\u00fc\u00fcp: K\u00f6\u00f6givilja t\u00fc\u00fcp: \u00dcheaastane k\u00f6\u00f6givili<\/li>\n<li>K\u00fclvuss\u00fcgavus: 1-1,5 cm<\/li>\n<li>Vahe: 60 cm ridade vahel, 30-40 cm taimede vahel.<\/li>\n<li>K\u00fclviaeg: aprill (\u00f5ues); aastaringselt nutiaedades.<\/li>\n<li>Kasvuperiood: 80-90 p\u00e4eva<\/li>\n<li>Parim asukoht: p\u00e4ikeseline<\/li>\n<\/ul>\n<h2>Saagikoristus<\/h2>\n<p>Saagikoristus toimub <strong>juunist augustini<\/strong>. L\u00f5ika keskosa \u00e4ra, kui \u00f5isikud on veel pungade staadiumis, enne \u00f5itsemise algust. K\u00fclgmised v\u00f5rsed v\u00f5ivad j\u00e4tkuvalt anda v\u00e4iksemat saaki. H\u00fcdropoonilises s\u00fcsteemis saab brokolit l\u00f5igata pidevalt ning see pakub v\u00e4rsket ja maitsvat varu aastaringselt.   <\/p>\n","protected":false},"excerpt":{"rendered":"<p>Brokoli \u2018Cezar\u2019 seemned. Klassikaline kompaktne brokoli sort, mis sobib v\u00e4rskelt valmistamiseks, s\u00fcgavk\u00fclma ja h\u00fcdropoonikale. Kompaktne, sobib h\u00e4sti sees kasvatamiseks.<\/p>\n","protected":false},"featured_media":2039,"comment_status":"closed","ping_status":"closed","template":"","meta":[],"product_brand":[155],"product_cat":[93,108],"product_tag":[],"class_list":{"0":"post-2040","1":"product","2":"type-product","3":"status-publish","4":"has-post-thumbnail","6":"product_brand-seklos-et","7":"product_cat-seemned","8":"product_cat-koogivilja-seemned","10":"first","11":"instock","12":"taxable","13":"shipping-taxable","14":"purchasable","15":"product-type-simple"},"jetpack_sharing_enabled":true,"jetpack-related-posts":[{"id":2037,"url":"https:\/\/indoorgarden.ee\/toode\/cezar-broccoli-seeds-brassica-oleracea-for-fresh-cooking-freezing-hydroponic-smart-gardens\/","url_meta":{"origin":2040,"position":0},"title":"Cezar Broccoli Seeds \u2013 Brassica oleracea | For Fresh Cooking, Freezing &#038; Hydroponic Smart Gardens","author":"admin","date":"29. sept. 2025","format":false,"excerpt":"About the Plant Cezar Broccoli (Brassica oleracea) is a highly productive variety known for its tender, flavorful florets. It can be eaten fresh, steamed, stir-fried, or frozen for later use. With a growing period of 80\u201390 days, this variety performs well in open ground or under protective cover such as\u2026","rel":"","context":"Similar post","block_context":{"text":"Similar post","link":""},"img":{"alt_text":"","src":"https:\/\/i0.wp.com\/indoorgarden.ee\/wp-content\/uploads\/2025\/09\/product-2323761_0-L0506.jpg?resize=350%2C200&ssl=1","width":350,"height":200,"srcset":"https:\/\/i0.wp.com\/indoorgarden.ee\/wp-content\/uploads\/2025\/09\/product-2323761_0-L0506.jpg?resize=350%2C200&ssl=1 1x, https:\/\/i0.wp.com\/indoorgarden.ee\/wp-content\/uploads\/2025\/09\/product-2323761_0-L0506.jpg?resize=525%2C300&ssl=1 1.5x, https:\/\/i0.wp.com\/indoorgarden.ee\/wp-content\/uploads\/2025\/09\/product-2323761_0-L0506.jpg?resize=700%2C400&ssl=1 2x"},"classes":[]},{"id":2223,"url":"https:\/\/indoorgarden.ee\/et\/toode\/rukola-seemned-kiirekasvuline-maitsetaim-hudropoonika-ja-nutiaedade-jaoks\/","url_meta":{"origin":2040,"position":1},"title":"Mahe rukola seemned \u2013 kiirelt kasvav \u00fcrt h\u00fcdropoonikasse ja nutiaeda","author":"admin","date":"18. nov. 2025","format":false,"excerpt":"Mahe rukola seemned. Kiirelt kasvav, pisut p\u00e4hklise-pipraga maitsega salat \u2013 sobib salatitele, v\u00f5ileibadele ja pizzale lisana.","rel":"","context":"Similar post","block_context":{"text":"Similar post","link":""},"img":{"alt_text":"","src":"https:\/\/i0.wp.com\/indoorgarden.ee\/wp-content\/uploads\/2025\/11\/4770168151444.jpg?resize=350%2C200&ssl=1","width":350,"height":200},"classes":[]},{"id":2233,"url":"https:\/\/indoorgarden.ee\/et\/toode\/petersell-moskrul-2-seemned-tumeroheline-maitsetaim-hudropooniliseks-ja-nutiaias-kasvatuseks\/","url_meta":{"origin":2040,"position":2},"title":"Mahe peterselli \u2018Moskrul 2\u2019 seemned \u2013 k\u00e4har tumeroheline \u00fcrt h\u00fcdropoonikasse ja nutiaeda","author":"admin","date":"18. nov. 2025","format":false,"excerpt":"Mahe peterselli \u2018Moskrul 2\u2019 seemned. K\u00e4har tumeroheline sort, sobib salatile, kaunistuseks ja toiduvalmistamiseks. Kasvab kiiresti nutiaias.","rel":"","context":"Similar post","block_context":{"text":"Similar post","link":""},"img":{"alt_text":"","src":"https:\/\/i0.wp.com\/indoorgarden.ee\/wp-content\/uploads\/2025\/11\/4770168151222.png?resize=350%2C200&ssl=1","width":350,"height":200,"srcset":"https:\/\/i0.wp.com\/indoorgarden.ee\/wp-content\/uploads\/2025\/11\/4770168151222.png?resize=350%2C200&ssl=1 1x, https:\/\/i0.wp.com\/indoorgarden.ee\/wp-content\/uploads\/2025\/11\/4770168151222.png?resize=525%2C300&ssl=1 1.5x, https:\/\/i0.wp.com\/indoorgarden.ee\/wp-content\/uploads\/2025\/11\/4770168151222.png?resize=700%2C400&ssl=1 2x"},"classes":[]},{"id":1295,"url":"https:\/\/indoorgarden.ee\/et\/toode\/agrecol-biohumus-universaalne-vaetis-koogiviljadele-ja-lilledele-1l\/","url_meta":{"origin":2040,"position":3},"title":"Agrecol BIOHUMUS universaalv\u00e4etis k\u00f6\u00f6giviljadele ja lilledele 1 L","author":"admin","date":"8. aug. 2025","format":false,"excerpt":"Agrecol BIOHUMUS universaalv\u00e4etis. Sobib k\u00f6\u00f6giviljadele, lilledele ja toataimedele \u2013 looduslik vihmaussihumus, mis parandab mulla struktuuri.","rel":"","context":"Similar post","block_context":{"text":"Similar post","link":""},"img":{"alt_text":"Agrecol BIOHUMUS Universal Fertiliser for Vegetables and Flowers 1L","src":"https:\/\/i0.wp.com\/indoorgarden.ee\/wp-content\/uploads\/2025\/08\/Agrecol-BIOHUMUS-Universal-Fertiliser-for-Vegetables-and-Flowers-1L.jpg?resize=350%2C200&ssl=1","width":350,"height":200,"srcset":"https:\/\/i0.wp.com\/indoorgarden.ee\/wp-content\/uploads\/2025\/08\/Agrecol-BIOHUMUS-Universal-Fertiliser-for-Vegetables-and-Flowers-1L.jpg?resize=350%2C200&ssl=1 1x, https:\/\/i0.wp.com\/indoorgarden.ee\/wp-content\/uploads\/2025\/08\/Agrecol-BIOHUMUS-Universal-Fertiliser-for-Vegetables-and-Flowers-1L.jpg?resize=525%2C300&ssl=1 1.5x, https:\/\/i0.wp.com\/indoorgarden.ee\/wp-content\/uploads\/2025\/08\/Agrecol-BIOHUMUS-Universal-Fertiliser-for-Vegetables-and-Flowers-1L.jpg?resize=700%2C400&ssl=1 2x, https:\/\/i0.wp.com\/indoorgarden.ee\/wp-content\/uploads\/2025\/08\/Agrecol-BIOHUMUS-Universal-Fertiliser-for-Vegetables-and-Flowers-1L.jpg?resize=1050%2C600&ssl=1 3x"},"classes":[]},{"id":2016,"url":"https:\/\/indoorgarden.ee\/et\/toode\/salvei-seemned-0-5g-aromaatne-maitsetaim-salvia-officinalis\/","url_meta":{"origin":2040,"position":4},"title":"Aedsalvei seemned 0,5 g \u2013 aromaatne maitsetaim (Salvia officinalis)","author":"admin","date":"29. sept. 2025","format":false,"excerpt":"Aedsalvei seemned 0,5 g. Aromaatne mitmeaastane maitsetaim, mis sobib lihale, kalale ja teedele. Kasvab nii potis kui nutiaias.","rel":"","context":"Similar post","block_context":{"text":"Similar post","link":""},"img":{"alt_text":"","src":"https:\/\/i0.wp.com\/indoorgarden.ee\/wp-content\/uploads\/2025\/09\/product-1822651_0-1401190.jpg?resize=350%2C200&ssl=1","width":350,"height":200,"srcset":"https:\/\/i0.wp.com\/indoorgarden.ee\/wp-content\/uploads\/2025\/09\/product-1822651_0-1401190.jpg?resize=350%2C200&ssl=1 1x, https:\/\/i0.wp.com\/indoorgarden.ee\/wp-content\/uploads\/2025\/09\/product-1822651_0-1401190.jpg?resize=525%2C300&ssl=1 1.5x, https:\/\/i0.wp.com\/indoorgarden.ee\/wp-content\/uploads\/2025\/09\/product-1822651_0-1401190.jpg?resize=700%2C400&ssl=1 2x"},"classes":[]},{"id":2036,"url":"https:\/\/indoorgarden.ee\/et\/toode\/itaalia-basiiliku-seemned-italiano-classico-ocimum-basilicum-toiduvalmistamiseks-meditsiiniliseks-kasutamiseks-ja-hudropooniliseks-kasvatamiseks\/","url_meta":{"origin":2040,"position":5},"title":"Itaalia basiiliku \u2018Italiano Classico\u2019 seemned (Ocimum basilicum) \u2013 k\u00f6\u00f6gile, ravimtaimena ja h\u00fcdropoonikale","author":"admin","date":"29. sept. 2025","format":false,"excerpt":"Itaalia basiiliku \u2018Italiano Classico\u2019 seemned. Klassikaline Itaalia k\u00f6\u00f6gibasiilik \u2013 pestole, Caprese salatile ja k\u00f5ikidele Itaalia roogadele. Sobib h\u00e4sti nutiaeda ja aknalauale.","rel":"","context":"Similar post","block_context":{"text":"Similar post","link":""},"img":{"alt_text":"","src":"https:\/\/i0.wp.com\/indoorgarden.ee\/wp-content\/uploads\/2025\/09\/product-153363_0-PL0434.jpg?resize=350%2C200&ssl=1","width":350,"height":200,"srcset":"https:\/\/i0.wp.com\/indoorgarden.ee\/wp-content\/uploads\/2025\/09\/product-153363_0-PL0434.jpg?resize=350%2C200&ssl=1 1x, https:\/\/i0.wp.com\/indoorgarden.ee\/wp-content\/uploads\/2025\/09\/product-153363_0-PL0434.jpg?resize=525%2C300&ssl=1 1.5x, https:\/\/i0.wp.com\/indoorgarden.ee\/wp-content\/uploads\/2025\/09\/product-153363_0-PL0434.jpg?resize=700%2C400&ssl=1 2x"},"classes":[]}],"_links":{"self":[{"href":"https:\/\/indoorgarden.ee\/et\/wp-json\/wp\/v2\/product\/2040","targetHints":{"allow":["GET"]}}],"collection":[{"href":"https:\/\/indoorgarden.ee\/et\/wp-json\/wp\/v2\/product"}],"about":[{"href":"https:\/\/indoorgarden.ee\/et\/wp-json\/wp\/v2\/types\/product"}],"replies":[{"embeddable":true,"href":"https:\/\/indoorgarden.ee\/et\/wp-json\/wp\/v2\/comments?post=2040"}],"wp:featuredmedia":[{"embeddable":true,"href":"https:\/\/indoorgarden.ee\/et\/wp-json\/wp\/v2\/media\/2039"}],"wp:attachment":[{"href":"https:\/\/indoorgarden.ee\/et\/wp-json\/wp\/v2\/media?parent=2040"}],"wp:term":[{"taxonomy":"product_brand","embeddable":true,"href":"https:\/\/indoorgarden.ee\/et\/wp-json\/wp\/v2\/product_brand?post=2040"},{"taxonomy":"product_cat","embeddable":true,"href":"https:\/\/indoorgarden.ee\/et\/wp-json\/wp\/v2\/product_cat?post=2040"},{"taxonomy":"product_tag","embeddable":true,"href":"https:\/\/indoorgarden.ee\/et\/wp-json\/wp\/v2\/product_tag?post=2040"}],"curies":[{"name":"wp","href":"https:\/\/api.w.org\/{rel}","templated":true}]}}