{"id":2036,"date":"2025-09-29T12:20:50","date_gmt":"2025-09-29T09:20:50","guid":{"rendered":"https:\/\/indoorgarden.ee\/product\/itaalia-basiiliku-seemned-italiano-classico-ocimum-basilicum-toiduvalmistamiseks-meditsiiniliseks-kasutamiseks-ja-hudropooniliseks-kasvatamiseks\/"},"modified":"2026-04-26T15:50:51","modified_gmt":"2026-04-26T12:50:51","slug":"itaalia-basiiliku-seemned-italiano-classico-ocimum-basilicum-toiduvalmistamiseks-meditsiiniliseks-kasutamiseks-ja-hudropooniliseks-kasvatamiseks","status":"publish","type":"product","link":"https:\/\/indoorgarden.ee\/et\/toode\/itaalia-basiiliku-seemned-italiano-classico-ocimum-basilicum-toiduvalmistamiseks-meditsiiniliseks-kasutamiseks-ja-hudropooniliseks-kasvatamiseks\/","title":{"rendered":"Itaalia basiiliku \u2018Italiano Classico\u2019 seemned (Ocimum basilicum) \u2013 k\u00f6\u00f6gile, ravimtaimena ja h\u00fcdropoonikale"},"content":{"rendered":"<h2>Taime kohta<\/h2>\n<p><strong>Italiano Classico basiilik (Ocimum basilicum<\/strong> ) on traditsiooniline, aromaatne \u00fcheaastane \u00fcrt, mida hinnatakse laialdaselt Vahemere k\u00f6\u00f6gis. Tema v\u00e4rsked v\u00f5i kuivatatud lehed lisavad magusat, kergelt v\u00fcrtsikat maitset kalale, lihale, toorjuusturoogadele, suppidele ja kastmetele. Basiilikut kasutatakse ka ravimtaimena t\u00e4nu tema rahustavatele ja seedimiset soodustavatele omadustele. Seda sorti v\u00f5ib kasvatada aiapeenardel, r\u00f5dupeenardel, aknalaudadel ning loomulikult nutiaedades. Kuna ta on k\u00fclma suhtes tundlik, areneb ta k\u00f5ige paremini soojades, p\u00e4ikesepaistelistes tingimustes.    <\/p>\n<h2>H\u00fcdropoonika ja nutiaiakasutus<\/h2>\n<p>Basiilik on \u00fcks populaarsemaid maitsetaimi <strong>h\u00fcdropoonilistes ja nutiaedades<\/strong>. Nendes s\u00fcsteemides kasvatades v\u00f5ivad taimed valmida kuni <strong>3 korda kiiremini<\/strong> kui mullas. H\u00fcdropooniline aiandus siseruumides v\u00f5imaldab nautida v\u00e4rskeid basiiliku lehti aastaringselt, s\u00f5ltumata v\u00e4listingimustest.  <\/p>\n<h2>Omadused<\/h2>\n<ul>\n<li>Mitmekesisus: Itaalia Classico Basiilik<\/li>\n<li>Taimede t\u00fc\u00fcp: Liigid: \u00dcheaastane aromaatne ja ravimtaim<\/li>\n<li>K\u00fclvuss\u00fcgavus: 1 cm<\/li>\n<li>Vahekaugus: 20 cm ridade vahel, 15 cm taimede vahel.<\/li>\n<li>K\u00fclviaeg: M\u00e4rts &#8211; juuni (vabas \u00f5hus); nutiaedades aastaringselt.<\/li>\n<li>Kasvutingimused: Kasvukohad: P\u00e4ikeseline, soe asukoht<\/li>\n<\/ul>\n<h2>Saagikoristus<\/h2>\n<p>Lehti v\u00f5ib korjata regulaarselt <strong>aprillist septembrini (nutiaias aastaringselt)<\/strong>. Korjake noori lehti v\u00f5i nipsake tippe, et soodustada hargnemist ja pidevat kasvu. V\u00e4rskeid lehti on k\u00f5ige parem kasutada kohe, kuid pikaajalise kasutamise eesm\u00e4rgil v\u00f5ib neid ka kuivatada v\u00f5i k\u00fclmutada. H\u00fcdropoonilises nutiaias saab basiilikut korjata pidevalt kogu aasta jooksul.   <\/p>\n","protected":false},"excerpt":{"rendered":"<p>Itaalia basiiliku \u2018Italiano Classico\u2019 seemned. Klassikaline Itaalia k\u00f6\u00f6gibasiilik \u2013 pestole, Caprese salatile ja k\u00f5ikidele Itaalia roogadele. Sobib h\u00e4sti nutiaeda ja aknalauale.<\/p>\n","protected":false},"featured_media":2035,"comment_status":"closed","ping_status":"closed","template":"","meta":[],"product_brand":[222],"product_cat":[93,103],"product_tag":[],"class_list":{"0":"post-2036","1":"product","2":"type-product","3":"status-publish","4":"has-post-thumbnail","6":"product_brand-vita-verde-et","7":"product_cat-seemned","8":"product_cat-urdi-seemned","9":"pa_indoor-garden-seeds-basiilik","11":"first","12":"instock","13":"taxable","14":"shipping-taxable","15":"purchasable","16":"product-type-simple"},"jetpack_sharing_enabled":true,"jetpack-related-posts":[{"id":2249,"url":"https:\/\/indoorgarden.ee\/et\/toode\/magus-basiilik-italiano-classico-seemned-aromaatiline-toidubasiilik-hudropoonikasse-ja-nutiaeda\/","url_meta":{"origin":2036,"position":0},"title":"Mahe magus basiilik \u2018Italiano Classico\u2019 seemned \u2013 aromaatne k\u00f6\u00f6gibasiilik h\u00fcdropoonikasse ja nutiaeda","author":"admin","date":"18. nov. 2025","format":false,"excerpt":"Mahe magus basiilik \u2018Italiano Classico\u2019 seemned. Aromaatne k\u00f6\u00f6gibasiilik \u2013 pestole, Caprese salatile, Itaalia k\u00f6\u00f6gile. Mahesert h\u00fcdropoonikale ja sees kasvatamiseks.","rel":"","context":"Similar post","block_context":{"text":"Similar post","link":""},"img":{"alt_text":"","src":"https:\/\/i0.wp.com\/indoorgarden.ee\/wp-content\/uploads\/2025\/11\/4770168151420-1.png?resize=350%2C200&ssl=1","width":350,"height":200,"srcset":"https:\/\/i0.wp.com\/indoorgarden.ee\/wp-content\/uploads\/2025\/11\/4770168151420-1.png?resize=350%2C200&ssl=1 1x, https:\/\/i0.wp.com\/indoorgarden.ee\/wp-content\/uploads\/2025\/11\/4770168151420-1.png?resize=525%2C300&ssl=1 1.5x, https:\/\/i0.wp.com\/indoorgarden.ee\/wp-content\/uploads\/2025\/11\/4770168151420-1.png?resize=700%2C400&ssl=1 2x"},"classes":[]},{"id":2033,"url":"https:\/\/indoorgarden.ee\/toode\/italian-basil-seeds-italiano-classico-ocimum-basilicum-for-cooking-medicinal-use-hydroponic-smart-gardens\/","url_meta":{"origin":2036,"position":1},"title":"Italian Basil Seeds \u2013 Italiano Classico (Ocimum basilicum) for Cooking, Medicinal Use &#038; Hydroponic Smart Gardens","author":"admin","date":"29. sept. 2025","format":false,"excerpt":"About the Plant Italiano Classico Basil (Ocimum basilicum) is a traditional, aromatic annual herb widely valued in Mediterranean cuisine. Its fresh or dried leaves add a sweet, slightly spicy flavor to fish, meat, cottage cheese dishes, soups, and sauces. Basil is also used as a medicinal herb thanks to its\u2026","rel":"","context":"Similar post","block_context":{"text":"Similar post","link":""},"img":{"alt_text":"","src":"https:\/\/i0.wp.com\/indoorgarden.ee\/wp-content\/uploads\/2025\/09\/product-153363_0-PL0434.jpg?resize=350%2C200&ssl=1","width":350,"height":200,"srcset":"https:\/\/i0.wp.com\/indoorgarden.ee\/wp-content\/uploads\/2025\/09\/product-153363_0-PL0434.jpg?resize=350%2C200&ssl=1 1x, https:\/\/i0.wp.com\/indoorgarden.ee\/wp-content\/uploads\/2025\/09\/product-153363_0-PL0434.jpg?resize=525%2C300&ssl=1 1.5x, https:\/\/i0.wp.com\/indoorgarden.ee\/wp-content\/uploads\/2025\/09\/product-153363_0-PL0434.jpg?resize=700%2C400&ssl=1 2x"},"classes":[]},{"id":2219,"url":"https:\/\/indoorgarden.ee\/et\/toode\/tuumiani-seemned-mitmeaastane-maitsetaim-hudropoonika-ja-nutikate-siseaedade-jaoks\/","url_meta":{"origin":2036,"position":2},"title":"Mahe aedt\u00fc\u00fcmiani seemned \u2013 mitmeaastane k\u00f6\u00f6gi\u00fcrt h\u00fcdropoonikasse ja nutiaeda","author":"admin","date":"18. nov. 2025","format":false,"excerpt":"Mahe aedt\u00fc\u00fcmiani seemned. Mitmeaastane vastupidav k\u00f6\u00f6gi\u00fcrt \u2013 aromaatne lisand lihale, kalale, juurviljadele ja salatile.","rel":"","context":"Similar post","block_context":{"text":"Similar post","link":""},"img":{"alt_text":"","src":"https:\/\/i0.wp.com\/indoorgarden.ee\/wp-content\/uploads\/2025\/11\/4770168151437.png?resize=350%2C200&ssl=1","width":350,"height":200,"srcset":"https:\/\/i0.wp.com\/indoorgarden.ee\/wp-content\/uploads\/2025\/11\/4770168151437.png?resize=350%2C200&ssl=1 1x, https:\/\/i0.wp.com\/indoorgarden.ee\/wp-content\/uploads\/2025\/11\/4770168151437.png?resize=525%2C300&ssl=1 1.5x, https:\/\/i0.wp.com\/indoorgarden.ee\/wp-content\/uploads\/2025\/11\/4770168151437.png?resize=700%2C400&ssl=1 2x"},"classes":[]},{"id":2279,"url":"https:\/\/indoorgarden.ee\/et\/toode\/basiilik-sweet-marseillais-seemned-aromaatiline-maitsetaim-hudropoonikas-ja-nutiaias-kasvatamiseks\/","url_meta":{"origin":2036,"position":3},"title":"Mahe basiiliku \u2018Sweet Marseillais\u2019 seemned \u2013 aromaatne maitsetaim h\u00fcdropoonikasse ja nutiaeda","author":"admin","date":"18. nov. 2025","format":false,"excerpt":"Mahe basiiliku \u2018Sweet Marseillais\u2019 seemned. Aromaatne sort pestole, Caprese salatile ja k\u00f5ikidele Itaalia roogadele.","rel":"","context":"Similar post","block_context":{"text":"Similar post","link":""},"img":{"alt_text":"","src":"https:\/\/i0.wp.com\/indoorgarden.ee\/wp-content\/uploads\/2025\/11\/4770168917484.png?resize=350%2C200&ssl=1","width":350,"height":200},"classes":[]},{"id":1302,"url":"https:\/\/indoorgarden.ee\/et\/toode\/kaabustomat-venus-seemned-solanum-lycopersicum-kompaktne-tootlik-sort-oranzide-30g-viljadega-ideaalne-kasvatamiseks-siseruumides-ja-konteinerites-0-2g\/","url_meta":{"origin":2036,"position":4},"title":"K\u00e4\u00e4bustomati \u2018Venus\u2019 seemned (Solanum lycopersicum) \u2013 kompaktne sort oran\u017eide viljadega","author":"admin","date":"31. juuli 2025","format":false,"excerpt":"K\u00e4\u00e4bustomati \u2018Venus\u2019 seemned. Kompaktne, viljakas sort oran\u017eide kirsstomatitega \u2013 sobib ideaalselt r\u00f5dule, aknalauale ja konteineris kasvatamiseks.","rel":"","context":"Similar post","block_context":{"text":"Similar post","link":""},"img":{"alt_text":"","src":"https:\/\/i0.wp.com\/indoorgarden.ee\/wp-content\/uploads\/2025\/07\/product-153225_0-L3052.jpg?resize=350%2C200&ssl=1","width":350,"height":200,"srcset":"https:\/\/i0.wp.com\/indoorgarden.ee\/wp-content\/uploads\/2025\/07\/product-153225_0-L3052.jpg?resize=350%2C200&ssl=1 1x, https:\/\/i0.wp.com\/indoorgarden.ee\/wp-content\/uploads\/2025\/07\/product-153225_0-L3052.jpg?resize=525%2C300&ssl=1 1.5x, https:\/\/i0.wp.com\/indoorgarden.ee\/wp-content\/uploads\/2025\/07\/product-153225_0-L3052.jpg?resize=700%2C400&ssl=1 2x"},"classes":[]},{"id":2016,"url":"https:\/\/indoorgarden.ee\/et\/toode\/salvei-seemned-0-5g-aromaatne-maitsetaim-salvia-officinalis\/","url_meta":{"origin":2036,"position":5},"title":"Aedsalvei seemned 0,5 g \u2013 aromaatne maitsetaim (Salvia officinalis)","author":"admin","date":"29. sept. 2025","format":false,"excerpt":"Aedsalvei seemned 0,5 g. Aromaatne mitmeaastane maitsetaim, mis sobib lihale, kalale ja teedele. Kasvab nii potis kui nutiaias.","rel":"","context":"Similar post","block_context":{"text":"Similar post","link":""},"img":{"alt_text":"","src":"https:\/\/i0.wp.com\/indoorgarden.ee\/wp-content\/uploads\/2025\/09\/product-1822651_0-1401190.jpg?resize=350%2C200&ssl=1","width":350,"height":200,"srcset":"https:\/\/i0.wp.com\/indoorgarden.ee\/wp-content\/uploads\/2025\/09\/product-1822651_0-1401190.jpg?resize=350%2C200&ssl=1 1x, https:\/\/i0.wp.com\/indoorgarden.ee\/wp-content\/uploads\/2025\/09\/product-1822651_0-1401190.jpg?resize=525%2C300&ssl=1 1.5x, https:\/\/i0.wp.com\/indoorgarden.ee\/wp-content\/uploads\/2025\/09\/product-1822651_0-1401190.jpg?resize=700%2C400&ssl=1 2x"},"classes":[]}],"_links":{"self":[{"href":"https:\/\/indoorgarden.ee\/et\/wp-json\/wp\/v2\/product\/2036","targetHints":{"allow":["GET"]}}],"collection":[{"href":"https:\/\/indoorgarden.ee\/et\/wp-json\/wp\/v2\/product"}],"about":[{"href":"https:\/\/indoorgarden.ee\/et\/wp-json\/wp\/v2\/types\/product"}],"replies":[{"embeddable":true,"href":"https:\/\/indoorgarden.ee\/et\/wp-json\/wp\/v2\/comments?post=2036"}],"wp:featuredmedia":[{"embeddable":true,"href":"https:\/\/indoorgarden.ee\/et\/wp-json\/wp\/v2\/media\/2035"}],"wp:attachment":[{"href":"https:\/\/indoorgarden.ee\/et\/wp-json\/wp\/v2\/media?parent=2036"}],"wp:term":[{"taxonomy":"product_brand","embeddable":true,"href":"https:\/\/indoorgarden.ee\/et\/wp-json\/wp\/v2\/product_brand?post=2036"},{"taxonomy":"product_cat","embeddable":true,"href":"https:\/\/indoorgarden.ee\/et\/wp-json\/wp\/v2\/product_cat?post=2036"},{"taxonomy":"product_tag","embeddable":true,"href":"https:\/\/indoorgarden.ee\/et\/wp-json\/wp\/v2\/product_tag?post=2036"}],"curies":[{"name":"wp","href":"https:\/\/api.w.org\/{rel}","templated":true}]}}