{"id":2032,"date":"2025-09-29T12:09:12","date_gmt":"2025-09-29T09:09:12","guid":{"rendered":"https:\/\/indoorgarden.ee\/product\/tilli-seemned-3g-anethum-graveolens-toiduvalmistamiseks-marineerimiseks-sobib-ka-toas-kasvatamiseks\/"},"modified":"2026-04-26T15:46:58","modified_gmt":"2026-04-26T12:46:58","slug":"tilli-seemned-3g-anethum-graveolens-toiduvalmistamiseks-marineerimiseks-sobib-ka-toas-kasvatamiseks","status":"publish","type":"product","link":"https:\/\/indoorgarden.ee\/et\/toode\/tilli-seemned-3g-anethum-graveolens-toiduvalmistamiseks-marineerimiseks-sobib-ka-toas-kasvatamiseks\/","title":{"rendered":"Aedtilli seemned 3 g \u2013 Anethum graveolens k\u00f6\u00f6gile, marineerimisele ja h\u00fcdropoonikale"},"content":{"rendered":"<h2>Taime kohta<\/h2>\n<p><strong>Till (Anethum graveolens<\/strong> ) on populaarne \u00fcheaastane maitsetaim, mis on tuntud oma aromaatsete lehtede ja seemnete poolest. Tilli kasutatakse laialdaselt toiduvalmistamisel, v\u00e4rske till lisab maitset salatitele, kalale, kartulitele ja suppidele, samas kui seemneid kasutatakse sageli marineerimiseks. Tilli on lihtne kasvatada ja see kasvab h\u00e4sti nii vabas \u00f5hus kui ka siseruumides.  <\/p>\n<h2>H\u00fcdropoonika ja nutiaiakasutus<\/h2>\n<p>Kui tilli kasvatatakse <strong>h\u00fcdropoonilistes s\u00fcsteemides<\/strong> v\u00f5i nutiaedades, v\u00f5ib see valmida kuni <strong>kolm korda kiiremini<\/strong> kui traditsioonilises mullas. See v\u00f5imaldab aastaringset kasvatamist, tagades v\u00e4rsked varud Sinu k\u00f6\u00f6gis. <\/p>\n<h2>Omadused<\/h2>\n<ul>\n<li>Mitmekesisus: Dill (Anethum graveolens): Traditsiooniline till (Anethum graveolens)<\/li>\n<li>Kiiresti kasvav aromaatne maitsetaim, mis sobib ideaalselt v\u00e4rskelt kasutamiseks ja marineerimiseks.<\/li>\n<li>K\u00fclvuss\u00fcgavus: 1 cm<\/li>\n<li>Vahe: 1 cm taimede vahel; 20 cm ridade vahel.<\/li>\n<li>K\u00fclviaeg: aasta ringi nutiaedades.<\/li>\n<li>Kasvuaeg: 45-60 p\u00e4eva<\/li>\n<li>Seemnepakett: 3 g<\/li>\n<\/ul>\n<h2>Saagikoristus<\/h2>\n<p>Tilli v\u00f5ib l\u00f5igata s\u00f6\u00f6miseks, kui taimed saavutavad 10-15 cm k\u00f5rguse. Regulaarne l\u00f5ikamine soodustab uut kasvu. Parima maitse saamiseks kasutage v\u00e4rskeid lehti kohe v\u00f5i k\u00fclmutage need aroomi s\u00e4ilitamiseks. H\u00fcdropooniliste v\u00f5i nutiaias\u00fcsteemide abil saab tilli korjata <strong>pidevalt kogu aasta jooksul<\/strong>.   <\/p>\n","protected":false},"excerpt":{"rendered":"<p>Aedtilli seemned 3 g. Klassikaline k\u00f6\u00f6gitill kasvab kiiresti h\u00fcdropoonikas ja nutiaias \u2013 sobib supile, kalale, kartulitele ja marineerimiseks.<\/p>\n","protected":false},"featured_media":2031,"comment_status":"closed","ping_status":"closed","template":"","meta":[],"product_brand":[126],"product_cat":[93,103],"product_tag":[],"class_list":{"0":"post-2032","1":"product","2":"type-product","3":"status-publish","4":"has-post-thumbnail","6":"product_brand-suvipiha-et","7":"product_cat-seemned","8":"product_cat-urdi-seemned","9":"pa_indoor-garden-seeds-till","11":"first","12":"instock","13":"taxable","14":"shipping-taxable","15":"purchasable","16":"product-type-simple"},"jetpack_sharing_enabled":true,"jetpack-related-posts":[{"id":1435,"url":"https:\/\/indoorgarden.ee\/et\/toode\/tilli-seemned-tavaline-3g-suvipiha\/","url_meta":{"origin":2032,"position":0},"title":"Aedtilli seemned tavaline 3 g \u2013 Suvipiha (Anethum graveolens)","author":"admin","date":"9. aug. 2025","format":false,"excerpt":"Aedtilli seemned 3 g. Klassikaline \u00fcheaastane k\u00f6\u00f6gitill sulgjate aromaatsete lehtedega \u2013 sobib supile, salatile, kalaroogadele ja marineerimiseks.","rel":"","context":"Similar post","block_context":{"text":"Similar post","link":""},"img":{"alt_text":"","src":"https:\/\/i0.wp.com\/indoorgarden.ee\/wp-content\/uploads\/2025\/08\/Till-seemned-tavaline.jpg?resize=350%2C200&ssl=1","width":350,"height":200,"srcset":"https:\/\/i0.wp.com\/indoorgarden.ee\/wp-content\/uploads\/2025\/08\/Till-seemned-tavaline.jpg?resize=350%2C200&ssl=1 1x, https:\/\/i0.wp.com\/indoorgarden.ee\/wp-content\/uploads\/2025\/08\/Till-seemned-tavaline.jpg?resize=525%2C300&ssl=1 1.5x, https:\/\/i0.wp.com\/indoorgarden.ee\/wp-content\/uploads\/2025\/08\/Till-seemned-tavaline.jpg?resize=700%2C400&ssl=1 2x"},"classes":[]},{"id":1319,"url":"https:\/\/indoorgarden.ee\/et\/toode\/tilli-szmaragd-seemned-anethum-graveolens-aromaatne-aiasort-lehtede-varte-ja-oisikute-jaoks-sobib-nii-sise-kui-ka-valitingimustes-kasvatamiseks-1g\/","url_meta":{"origin":2032,"position":1},"title":"Aedtilli \u2018Szmaragd\u2019 seemned (Anethum graveolens) \u2013 aromaatne sort lehtedele, vartele ja \u00f5isikutele","author":"admin","date":"31. juuli 2025","format":false,"excerpt":"Aedtilli \u2018Szmaragd\u2019 seemned. Aromaatne sort, mille lehed, varred ja \u00f5isikud k\u00f5ik leiavad k\u00f6\u00f6gis kasutust. Sobib nii sees kui \u00f5ues kasvatamiseks.","rel":"","context":"Similar post","block_context":{"text":"Similar post","link":""},"img":{"alt_text":"","src":"https:\/\/i0.wp.com\/indoorgarden.ee\/wp-content\/uploads\/2025\/07\/product-153235_0-L1919.jpg?resize=350%2C200&ssl=1","width":350,"height":200,"srcset":"https:\/\/i0.wp.com\/indoorgarden.ee\/wp-content\/uploads\/2025\/07\/product-153235_0-L1919.jpg?resize=350%2C200&ssl=1 1x, https:\/\/i0.wp.com\/indoorgarden.ee\/wp-content\/uploads\/2025\/07\/product-153235_0-L1919.jpg?resize=525%2C300&ssl=1 1.5x, https:\/\/i0.wp.com\/indoorgarden.ee\/wp-content\/uploads\/2025\/07\/product-153235_0-L1919.jpg?resize=700%2C400&ssl=1 2x"},"classes":[]},{"id":1309,"url":"https:\/\/indoorgarden.ee\/et\/toode\/tilli-mammouth-seemned-anethum-graveolens-kompaktne-aromaatne-sort-sise-rodu-ja-valitingimustes-kasvatamiseks-hiline-oitsemine-20cm-1g\/","url_meta":{"origin":2032,"position":2},"title":"Aedtilli \u2018Mammoth\u2019 seemned (Anethum graveolens) \u2013 kompaktne aromaatne sort sise- ja v\u00e4litingimustele","author":"admin","date":"26. sept. 2025","format":false,"excerpt":"Aedtilli \u2018Mammoth\u2019 seemned. Kompaktne, hilise \u00f5itsemisega sort, mis sobib nii sees nutiaias kui r\u00f5dul ja \u00f5uepeenardes \u2013 aromaatne lisand kalale ja salatile.","rel":"","context":"Similar post","block_context":{"text":"Similar post","link":""},"img":{"alt_text":"","src":"https:\/\/i0.wp.com\/indoorgarden.ee\/wp-content\/uploads\/2025\/07\/product-153262_0-L1912.jpg?resize=350%2C200&ssl=1","width":350,"height":200,"srcset":"https:\/\/i0.wp.com\/indoorgarden.ee\/wp-content\/uploads\/2025\/07\/product-153262_0-L1912.jpg?resize=350%2C200&ssl=1 1x, https:\/\/i0.wp.com\/indoorgarden.ee\/wp-content\/uploads\/2025\/07\/product-153262_0-L1912.jpg?resize=525%2C300&ssl=1 1.5x, https:\/\/i0.wp.com\/indoorgarden.ee\/wp-content\/uploads\/2025\/07\/product-153262_0-L1912.jpg?resize=700%2C400&ssl=1 2x"},"classes":[]},{"id":2257,"url":"https:\/\/indoorgarden.ee\/et\/toode\/aedtilli-seemned-aromaantne-maitsetaim-hudropoonikas-nutiaedades-ja-valitingimustes-kasvatamiseks\/","url_meta":{"origin":2032,"position":3},"title":"Mahe aedtilli seemned (Anethum graveolens) \u2013 aromaatne maitsetaim h\u00fcdropoonikasse ja nutiaeda","author":"admin","date":"18. nov. 2025","format":false,"excerpt":"Mahe aedtilli seemned \u2013 aromaatne maitsetaim, mis kasvab h\u00e4sti nii h\u00fcdropoonikas kui mullas. Sobib supile, salatile, marineerimisele ja kohe k\u00f6\u00f6gist v\u00e4rskelt korjatuks.","rel":"","context":"Similar post","block_context":{"text":"Similar post","link":""},"img":{"alt_text":"","src":"https:\/\/i0.wp.com\/indoorgarden.ee\/wp-content\/uploads\/2025\/11\/4770168151130.png?resize=350%2C200&ssl=1","width":350,"height":200,"srcset":"https:\/\/i0.wp.com\/indoorgarden.ee\/wp-content\/uploads\/2025\/11\/4770168151130.png?resize=350%2C200&ssl=1 1x, https:\/\/i0.wp.com\/indoorgarden.ee\/wp-content\/uploads\/2025\/11\/4770168151130.png?resize=525%2C300&ssl=1 1.5x, https:\/\/i0.wp.com\/indoorgarden.ee\/wp-content\/uploads\/2025\/11\/4770168151130.png?resize=700%2C400&ssl=1 2x"},"classes":[]},{"id":2029,"url":"https:\/\/indoorgarden.ee\/toode\/dill-seeds-3g-anethum-graveolens-for-cooking-pickling-indoor-hydroponics\/","url_meta":{"origin":2032,"position":4},"title":"Dill Seeds 3g \u2013 Anethum graveolens for Cooking, Pickling &#038; Indoor Hydroponics","author":"admin","date":"29. sept. 2025","format":false,"excerpt":"About the Plant Dill (Anethum graveolens) is a popular annual herb known for its aromatic leaves and seeds. Widely used in cooking, fresh dill adds flavor to salads, fish, potatoes, and soups, while the seeds are often used for pickling. Dill is easy to grow and thrives both outdoors and\u2026","rel":"","context":"Similar post","block_context":{"text":"Similar post","link":""},"img":{"alt_text":"","src":"https:\/\/i0.wp.com\/indoorgarden.ee\/wp-content\/uploads\/2025\/09\/product-153036_0-1401055.jpg?resize=350%2C200&ssl=1","width":350,"height":200,"srcset":"https:\/\/i0.wp.com\/indoorgarden.ee\/wp-content\/uploads\/2025\/09\/product-153036_0-1401055.jpg?resize=350%2C200&ssl=1 1x, https:\/\/i0.wp.com\/indoorgarden.ee\/wp-content\/uploads\/2025\/09\/product-153036_0-1401055.jpg?resize=525%2C300&ssl=1 1.5x, https:\/\/i0.wp.com\/indoorgarden.ee\/wp-content\/uploads\/2025\/09\/product-153036_0-1401055.jpg?resize=700%2C400&ssl=1 2x"},"classes":[]},{"id":1010,"url":"https:\/\/indoorgarden.ee\/toode\/dill-szmaragd-seeds-anethum-graveolens-aromatic-garden-variety-for-leaves-stems-umbels-suitable-for-indoor-and-outdoor-growing-1g\/","url_meta":{"origin":2032,"position":5},"title":"Dill &#8216;Szmaragd&#8217; Seeds (Anethum graveolens) \u2013 Aromatic Garden Variety for Leaves, Stems &#038; Umbels \u2013 Suitable for Indoor and Outdoor Growing \u2013 1g","author":"admin","date":"31. juuli 2025","format":false,"excerpt":"About Dill 'Szmaragd' (Anethum graveolens) 'Szmaragd' is a traditional garden dill variety valued for its flavorful green leaves, stems, and flower umbels. With a rich aroma and soft texture, it's widely used in salads, soups, sauces, pickling, and as a garnish. This variety produces lush, tender foliage ideal for regular\u2026","rel":"","context":"Similar post","block_context":{"text":"Similar post","link":""},"img":{"alt_text":"","src":"https:\/\/i0.wp.com\/indoorgarden.ee\/wp-content\/uploads\/2025\/07\/product-153235_0-L1919.jpg?resize=350%2C200&ssl=1","width":350,"height":200,"srcset":"https:\/\/i0.wp.com\/indoorgarden.ee\/wp-content\/uploads\/2025\/07\/product-153235_0-L1919.jpg?resize=350%2C200&ssl=1 1x, https:\/\/i0.wp.com\/indoorgarden.ee\/wp-content\/uploads\/2025\/07\/product-153235_0-L1919.jpg?resize=525%2C300&ssl=1 1.5x, https:\/\/i0.wp.com\/indoorgarden.ee\/wp-content\/uploads\/2025\/07\/product-153235_0-L1919.jpg?resize=700%2C400&ssl=1 2x"},"classes":[]}],"_links":{"self":[{"href":"https:\/\/indoorgarden.ee\/et\/wp-json\/wp\/v2\/product\/2032","targetHints":{"allow":["GET"]}}],"collection":[{"href":"https:\/\/indoorgarden.ee\/et\/wp-json\/wp\/v2\/product"}],"about":[{"href":"https:\/\/indoorgarden.ee\/et\/wp-json\/wp\/v2\/types\/product"}],"replies":[{"embeddable":true,"href":"https:\/\/indoorgarden.ee\/et\/wp-json\/wp\/v2\/comments?post=2032"}],"wp:featuredmedia":[{"embeddable":true,"href":"https:\/\/indoorgarden.ee\/et\/wp-json\/wp\/v2\/media\/2031"}],"wp:attachment":[{"href":"https:\/\/indoorgarden.ee\/et\/wp-json\/wp\/v2\/media?parent=2032"}],"wp:term":[{"taxonomy":"product_brand","embeddable":true,"href":"https:\/\/indoorgarden.ee\/et\/wp-json\/wp\/v2\/product_brand?post=2032"},{"taxonomy":"product_cat","embeddable":true,"href":"https:\/\/indoorgarden.ee\/et\/wp-json\/wp\/v2\/product_cat?post=2032"},{"taxonomy":"product_tag","embeddable":true,"href":"https:\/\/indoorgarden.ee\/et\/wp-json\/wp\/v2\/product_tag?post=2032"}],"curies":[{"name":"wp","href":"https:\/\/api.w.org\/{rel}","templated":true}]}}