{"id":2028,"date":"2025-09-29T12:00:40","date_gmt":"2025-09-29T09:00:40","guid":{"rendered":"https:\/\/indoorgarden.ee\/product\/sidrunmelissi-seemned-0-1g-melissa-officinalis-toiduks-voi-taimeteena-sobib-ka-siseruumides-kasvatamiseks\/"},"modified":"2026-04-26T15:46:55","modified_gmt":"2026-04-26T12:46:55","slug":"sidrunmelissi-seemned-0-1g-melissa-officinalis-toiduks-voi-taimeteena-sobib-ka-siseruumides-kasvatamiseks","status":"publish","type":"product","link":"https:\/\/indoorgarden.ee\/et\/toode\/sidrunmelissi-seemned-0-1g-melissa-officinalis-toiduks-voi-taimeteena-sobib-ka-siseruumides-kasvatamiseks\/","title":{"rendered":"Sidrunmelissi seemned 0,1 g \u2013 Melissa officinalis k\u00f6\u00f6gile, teedele ja sisetingimustele"},"content":{"rendered":"<h2>Taime kohta<\/h2>\n<p><strong>Sidrunmeliss (Melissa officinalis<\/strong> ) on aromaatne mitmeaastane ravimtaim, mis on tuntud oma v\u00e4rske sidrunil\u00f5hna ja rahustavate omaduste poolest. Traditsiooniliselt kasutatakse selle lehti v\u00e4rskelt, kuivatatult v\u00f5i isegi k\u00fclmutatud kujul teedes, magustoitudes ja ravimtaimedes. Sidrunmelissi hinnatakse ka tolmeldajate meelitamise eest aedadesse ja selle rahustava, v\u00e4rskendava aroomi t\u00f5ttu.  <\/p>\n<h2>H\u00fcdropoonika ja nutiaiakasutus<\/h2>\n<p>H\u00fcdropoonilistes s\u00fcsteemides ja nutiaedades kasvab sidrunmeliss kuni <strong>3 korda kiiremini<\/strong> kui mullas. See teeb sellest suurep\u00e4rase valiku aastaringseks kasvatamiseks siseruumides, tagades pideva varu v\u00e4rskete lehtedega toidu- ja tee valmistamiseks. <\/p>\n<h2>Omadused<\/h2>\n<ul>\n<li>Mitmekesisus: Melissa officinalis (Melissa officinalis)<\/li>\n<li>V\u00e4rskendava sidruni maitsega aromaatne ravimtaim<\/li>\n<li>Ideaalne teede, magustoitude, maitseainete ja ravimtaimede valmistamiseks.<\/li>\n<li>Taimede vahekaugus: 20 cm; reavahe: 30 cm<\/li>\n<li>K\u00fclvuss\u00fcgavus: 0,3-0,5 cm<\/li>\n<li>K\u00fclviaeg: aprill-juuni (vabas \u00f5hus); arukates aedades aastaringselt.<\/li>\n<li>Seemnepakett: 0.1 g<\/li>\n<\/ul>\n<h2>Saagikoristus<\/h2>\n<p>Parima aroomi ja maitse saamiseks korjake lehed enne \u00f5itsemist. Sidrunmelissi saab kasutada v\u00e4rskelt, kuivatatult v\u00f5i k\u00fclmutatud kujul, mist\u00f5ttu on see mitmek\u00fclgselt kasutatav nii kulinaarseks kui ka tervislikuks otstarbeks. H\u00fcdropoonika v\u00f5i siseruumide nutiaedade abil saate saaki koguda <strong>pidevalt kogu aasta jooksul<\/strong>.  <\/p>\n","protected":false},"excerpt":{"rendered":"<p>Sidrunmelissi seemned 0,1 g. Aromaatne mitmeaastane \u00fcrt sidrunise l\u00f5hnaga \u2013 sobib k\u00f6\u00f6gile, taimeteedele ja desserdi kaunistuseks.<\/p>\n","protected":false},"featured_media":2027,"comment_status":"closed","ping_status":"closed","template":"","meta":[],"product_brand":[126],"product_cat":[93,103],"product_tag":[],"class_list":{"0":"post-2028","1":"product","2":"type-product","3":"status-publish","4":"has-post-thumbnail","6":"product_brand-suvipiha-et","7":"product_cat-seemned","8":"product_cat-urdi-seemned","10":"first","11":"instock","12":"taxable","13":"shipping-taxable","14":"purchasable","15":"product-type-simple"},"jetpack_sharing_enabled":true,"jetpack-related-posts":[{"id":2146,"url":"https:\/\/indoorgarden.ee\/et\/toode\/lavendel-lavandula-officinalis-siseruumides-ja-nutiaedades-kasvatamiseks\/","url_meta":{"origin":2028,"position":0},"title":"Lavendel (Lavandula officinalis) \u2013 aromaatne mitmeaastane ravimtaim sisetingimustele","author":"admin","date":"31. aug. 2025","format":false,"excerpt":"Lavendel (Lavandula officinalis) seemned. Aromaatne mitmeaastane ravimtaim, kasvab kuni 50 cm \u2013 sobib k\u00f6\u00f6gile, teedele ja loomulikuks parf\u00fc\u00fcmiks.","rel":"","context":"Similar post","block_context":{"text":"Similar post","link":""},"img":{"alt_text":"Lavender Lavendula officinalis","src":"https:\/\/i0.wp.com\/indoorgarden.ee\/wp-content\/uploads\/2025\/08\/Lavender-Lavendula-officinalis-for-indoor-growing.jpg?resize=350%2C200&ssl=1","width":350,"height":200,"srcset":"https:\/\/i0.wp.com\/indoorgarden.ee\/wp-content\/uploads\/2025\/08\/Lavender-Lavendula-officinalis-for-indoor-growing.jpg?resize=350%2C200&ssl=1 1x, https:\/\/i0.wp.com\/indoorgarden.ee\/wp-content\/uploads\/2025\/08\/Lavender-Lavendula-officinalis-for-indoor-growing.jpg?resize=525%2C300&ssl=1 1.5x, https:\/\/i0.wp.com\/indoorgarden.ee\/wp-content\/uploads\/2025\/08\/Lavender-Lavendula-officinalis-for-indoor-growing.jpg?resize=700%2C400&ssl=1 2x"},"classes":[]},{"id":2265,"url":"https:\/\/indoorgarden.ee\/et\/toode\/sidrunmelissi-seemned-aromaatne-mitmeaastane-ravimtaim-hudropoonikasse-ja-nutiaeda\/","url_meta":{"origin":2028,"position":1},"title":"Mahe sidrunmelissi seemned \u2013 aromaatne mitmeaastane \u00fcrt h\u00fcdropoonikasse ja nutiaeda","author":"admin","date":"18. nov. 2025","format":false,"excerpt":"Mahe sidrunmelissi seemned. Aromaatne mitmeaastane \u00fcrt sidrunise l\u00f5hnaga \u2013 sobib teedele, salatitele ja desserdiks.","rel":"","context":"Similar post","block_context":{"text":"Similar post","link":""},"img":{"alt_text":"","src":"https:\/\/i0.wp.com\/indoorgarden.ee\/wp-content\/uploads\/2025\/11\/4770168913561.png?resize=350%2C200&ssl=1","width":350,"height":200},"classes":[]},{"id":815,"url":"https:\/\/indoorgarden.ee\/et\/toode\/piparmundi-seemned-aromaatne-ravimtaim-teeks-toiduvalmistamiseks-ja-nutikaks-siseaiaks-kompaktne-kasvamine-0-06g\/","url_meta":{"origin":2028,"position":2},"title":"Piparm\u00fcndi seemned \u2013 aromaatne \u00fcrt teedele, toiduvalmistamiseks ja nutiaeda \u2013 0,06 g","author":"admin","date":"23. juuli 2025","format":false,"excerpt":"Piparm\u00fcndi seemned. Aromaatne mitmeaastane \u00fcrt teedele, kokteilidele, desserdiks ja k\u00f5rvale grillitud lihale. Kompaktne kasv \u2013 sobib h\u00e4sti nutiaeda, potti ja aknalauale.","rel":"","context":"Similar post","block_context":{"text":"Similar post","link":""},"img":{"alt_text":"","src":"https:\/\/i0.wp.com\/indoorgarden.ee\/wp-content\/uploads\/2025\/07\/product-153038_0-1401170.jpg?resize=350%2C200&ssl=1","width":350,"height":200,"srcset":"https:\/\/i0.wp.com\/indoorgarden.ee\/wp-content\/uploads\/2025\/07\/product-153038_0-1401170.jpg?resize=350%2C200&ssl=1 1x, https:\/\/i0.wp.com\/indoorgarden.ee\/wp-content\/uploads\/2025\/07\/product-153038_0-1401170.jpg?resize=525%2C300&ssl=1 1.5x, https:\/\/i0.wp.com\/indoorgarden.ee\/wp-content\/uploads\/2025\/07\/product-153038_0-1401170.jpg?resize=700%2C400&ssl=1 2x"},"classes":[]},{"id":2016,"url":"https:\/\/indoorgarden.ee\/et\/toode\/salvei-seemned-0-5g-aromaatne-maitsetaim-salvia-officinalis\/","url_meta":{"origin":2028,"position":3},"title":"Aedsalvei seemned 0,5 g \u2013 aromaatne maitsetaim (Salvia officinalis)","author":"admin","date":"29. sept. 2025","format":false,"excerpt":"Aedsalvei seemned 0,5 g. Aromaatne mitmeaastane maitsetaim, mis sobib lihale, kalale ja teedele. Kasvab nii potis kui nutiaias.","rel":"","context":"Similar post","block_context":{"text":"Similar post","link":""},"img":{"alt_text":"","src":"https:\/\/i0.wp.com\/indoorgarden.ee\/wp-content\/uploads\/2025\/09\/product-1822651_0-1401190.jpg?resize=350%2C200&ssl=1","width":350,"height":200,"srcset":"https:\/\/i0.wp.com\/indoorgarden.ee\/wp-content\/uploads\/2025\/09\/product-1822651_0-1401190.jpg?resize=350%2C200&ssl=1 1x, https:\/\/i0.wp.com\/indoorgarden.ee\/wp-content\/uploads\/2025\/09\/product-1822651_0-1401190.jpg?resize=525%2C300&ssl=1 1.5x, https:\/\/i0.wp.com\/indoorgarden.ee\/wp-content\/uploads\/2025\/09\/product-1822651_0-1401190.jpg?resize=700%2C400&ssl=1 2x"},"classes":[]},{"id":5242,"url":"https:\/\/indoorgarden.ee\/et\/toode\/mahedad-magus-basiiliku-dark-opal-seemned-aromaatne-uheaastane-kulinaarne-ja-ravimtaim\/","url_meta":{"origin":2028,"position":4},"title":"Mahedad magus basiiliku \u2018Dark Opal\u2019 seemned \u2013 aromaatne \u00fcheaastane kulinaarne ja ravimtaim","author":"admin","date":"22. veebr. 2026","format":false,"excerpt":"Mahedad magus basiiliku \u2018Dark Opal\u2019 seemned \u2013 kvaliteetsed seemned h\u00fcdropoonikale, nutiaiale ja sisetingimuste kasvatamisele. Sobivad nii algajatele kui kogenud kasvatajatele. Kasvatamine K\u00fclva seemned otse h\u00fcdropoonika kasvuk\u00e4sna sisse v\u00f5i mullaga t\u00e4idetud potti. Hoia niiskust \u00fchtlasena kuni idanemiseni. Sobib kasvatamiseks aastaringselt kunstvalguses v\u00f5i suvel ka aknalaual. Hooldus Vajab \u00fchtlast niiskust, head valgustust\u2026","rel":"","context":"Similar post","block_context":{"text":"Similar post","link":""},"img":{"alt_text":"","src":"https:\/\/i0.wp.com\/indoorgarden.ee\/wp-content\/uploads\/2026\/02\/sweet-basil-dark-opal.png?resize=350%2C200&ssl=1","width":350,"height":200},"classes":[]},{"id":2025,"url":"https:\/\/indoorgarden.ee\/toode\/lemon-balm-seeds-0-1g-melissa-officinalis-for-culinary-tea-indoor-growing\/","url_meta":{"origin":2028,"position":5},"title":"Lemon Balm Seeds 0.1g \u2013 Melissa officinalis for Culinary, Tea &#038; Indoor Growing","author":"admin","date":"29. sept. 2025","format":false,"excerpt":"About the Plant Lemon Balm (Melissa officinalis) is a fragrant perennial herb known for its fresh lemon scent and soothing qualities. Traditionally used in teas, desserts, and herbal remedies, its leaves are enjoyed fresh, dried, or even frozen. Lemon balm is also valued for attracting pollinators to gardens and for\u2026","rel":"","context":"Similar post","block_context":{"text":"Similar post","link":""},"img":{"alt_text":"","src":"https:\/\/i0.wp.com\/indoorgarden.ee\/wp-content\/uploads\/2025\/09\/product-153035_0-1401050.jpg?resize=350%2C200&ssl=1","width":350,"height":200,"srcset":"https:\/\/i0.wp.com\/indoorgarden.ee\/wp-content\/uploads\/2025\/09\/product-153035_0-1401050.jpg?resize=350%2C200&ssl=1 1x, https:\/\/i0.wp.com\/indoorgarden.ee\/wp-content\/uploads\/2025\/09\/product-153035_0-1401050.jpg?resize=525%2C300&ssl=1 1.5x, https:\/\/i0.wp.com\/indoorgarden.ee\/wp-content\/uploads\/2025\/09\/product-153035_0-1401050.jpg?resize=700%2C400&ssl=1 2x"},"classes":[]}],"_links":{"self":[{"href":"https:\/\/indoorgarden.ee\/et\/wp-json\/wp\/v2\/product\/2028","targetHints":{"allow":["GET"]}}],"collection":[{"href":"https:\/\/indoorgarden.ee\/et\/wp-json\/wp\/v2\/product"}],"about":[{"href":"https:\/\/indoorgarden.ee\/et\/wp-json\/wp\/v2\/types\/product"}],"replies":[{"embeddable":true,"href":"https:\/\/indoorgarden.ee\/et\/wp-json\/wp\/v2\/comments?post=2028"}],"wp:featuredmedia":[{"embeddable":true,"href":"https:\/\/indoorgarden.ee\/et\/wp-json\/wp\/v2\/media\/2027"}],"wp:attachment":[{"href":"https:\/\/indoorgarden.ee\/et\/wp-json\/wp\/v2\/media?parent=2028"}],"wp:term":[{"taxonomy":"product_brand","embeddable":true,"href":"https:\/\/indoorgarden.ee\/et\/wp-json\/wp\/v2\/product_brand?post=2028"},{"taxonomy":"product_cat","embeddable":true,"href":"https:\/\/indoorgarden.ee\/et\/wp-json\/wp\/v2\/product_cat?post=2028"},{"taxonomy":"product_tag","embeddable":true,"href":"https:\/\/indoorgarden.ee\/et\/wp-json\/wp\/v2\/product_tag?post=2028"}],"curies":[{"name":"wp","href":"https:\/\/api.w.org\/{rel}","templated":true}]}}