{"id":2020,"date":"2025-09-29T11:42:33","date_gmt":"2025-09-29T08:42:33","guid":{"rendered":"https:\/\/indoorgarden.ee\/product\/kaharpeterselli-seemned-bravour-1g-dekoratiiv-ja-maitsetaim-petroselinum-crispum\/"},"modified":"2026-04-26T15:46:58","modified_gmt":"2026-04-26T12:46:58","slug":"kaharpeterselli-seemned-bravour-1g-dekoratiiv-ja-maitsetaim-petroselinum-crispum","status":"publish","type":"product","link":"https:\/\/indoorgarden.ee\/et\/toode\/kaharpeterselli-seemned-bravour-1g-dekoratiiv-ja-maitsetaim-petroselinum-crispum\/","title":{"rendered":"K\u00e4hara peterselli \u2018Bravour\u2019 seemned 1 g \u2013 dekoratiivne ja s\u00f6\u00f6dav maitsetaim (Petroselinum crispum)"},"content":{"rendered":"<h2>Taime kohta<\/h2>\n<p><strong>K\u00e4harpetersell &#8216;Bravour&#8217; (Petroselinum crispum<\/strong> ) on populaarne \u00fcrdi sort, millel on tihedalt k\u00e4haraid, erkrohelisi lehti. Tuntud oma dekoratiivse v\u00e4limuse poolest, seda kasutatakse laialdaselt erinevate roogade kaunistamiseks ja maitsestamiseks. Peterselli hinnatakse ka selle k\u00f5rge vitamiinisisalduse ja v\u00e4rske, aromaatse maitse poolest. Seda v\u00f5ib k\u00fclvata maikuus avamaale v\u00f5i kasvatada talvel aknalaual siseruumides, et seda nautida aastaringselt.   <\/p>\n<h2>H\u00fcdropoonika ja nutiaiakasutus<\/h2>\n<p>H\u00fcdropoonilistes s\u00fcsteemides ja nutiaedades v\u00f5ib petersell kasvada <strong>kuni kolm korda kiiremini<\/strong> kui mullas. T\u00e4nu oma kompaktsele kasvule sobib ta eriti h\u00e4sti siseruumides kasutamiseks. Kontrollitud valguse, vee ja toitainete abil saate nautida v\u00e4rskeid petersellilehti aastaringselt, isegi k\u00fclmemas kliimas.  <\/p>\n<h2>Omadused<\/h2>\n<ul>\n<li>Sort: &#8220;Bravour&#8221; K\u00e4har petersell<\/li>\n<li>V\u00e4ga dekoratiivsed k\u00e4harad lehed, ideaalsed kaunistamiseks ja toiduvalmistamiseks.<\/li>\n<li>Rikkalikult vitamiine ja toitaineid<\/li>\n<li>V\u00f5ib kasvatada suvel \u00f5ues v\u00f5i aastaringselt siseruumides potis.<\/li>\n<li>Eelistab p\u00e4ikesepaistelisi kohti<\/li>\n<li>Kasvuperiood: umbes 75 p\u00e4eva <\/li>\n<li>Seemnepakett: 1 g<\/li>\n<\/ul>\n<h2>Saagikoristus<\/h2>\n<p>Alustage lehtede korjamist siis, kui taim on h\u00e4sti juurdunud. Korjake k\u00f5igepealt v\u00e4limised lehed, lastes sisemistel lehtedel edasi kasvada. H\u00fcdropoonika v\u00f5i nutiaia abil saate v\u00e4rsket k\u00e4harpeterselli <strong>aastaringselt<\/strong> korjata.  <\/p>\n","protected":false},"excerpt":{"rendered":"<p>K\u00e4hara peterselli \u2018Bravour\u2019 seemned 1 g. Dekoratiivse v\u00e4ljan\u00e4gemisega s\u00f6\u00f6dav maitsetaim \u2013 sobib salatile, kaunistuseks ja taldrikule serveerimisel.<\/p>\n","protected":false},"featured_media":2019,"comment_status":"closed","ping_status":"closed","template":"","meta":[],"product_brand":[126],"product_cat":[93,103],"product_tag":[],"class_list":{"0":"post-2020","1":"product","2":"type-product","3":"status-publish","4":"has-post-thumbnail","6":"product_brand-suvipiha-et","7":"product_cat-seemned","8":"product_cat-urdi-seemned","9":"pa_indoor-garden-seeds-petersell","11":"first","12":"outofstock","13":"taxable","14":"shipping-taxable","15":"purchasable","16":"product-type-simple"},"jetpack_sharing_enabled":true,"jetpack-related-posts":[{"id":2024,"url":"https:\/\/indoorgarden.ee\/et\/toode\/siledalehelise-peterselli-seemned-1g-koogitaim-toiduvalmistamiseks-ja-kaunistamiseks-petroselinum-crispum\/","url_meta":{"origin":2020,"position":0},"title":"Siledalehelise peterselli seemned 1 g \u2013 maitsetaim toiduvalmistamiseks ja kaunistuseks (Petroselinum crispum)","author":"admin","date":"29. sept. 2025","format":false,"excerpt":"Siledalehelise peterselli seemned 1 g. Klassikaline k\u00f6\u00f6gimaitsetaim, sobib supile, kalale, kartulitele ja taldriku kaunistamiseks. Kasvab h\u00e4sti nutiaias.","rel":"","context":"Similar post","block_context":{"text":"Similar post","link":""},"img":{"alt_text":"","src":"https:\/\/i0.wp.com\/indoorgarden.ee\/wp-content\/uploads\/2025\/09\/product-153041_0-1402460.jpg?resize=350%2C200&ssl=1","width":350,"height":200,"srcset":"https:\/\/i0.wp.com\/indoorgarden.ee\/wp-content\/uploads\/2025\/09\/product-153041_0-1402460.jpg?resize=350%2C200&ssl=1 1x, https:\/\/i0.wp.com\/indoorgarden.ee\/wp-content\/uploads\/2025\/09\/product-153041_0-1402460.jpg?resize=525%2C300&ssl=1 1.5x, https:\/\/i0.wp.com\/indoorgarden.ee\/wp-content\/uploads\/2025\/09\/product-153041_0-1402460.jpg?resize=700%2C400&ssl=1 2x"},"classes":[]},{"id":1300,"url":"https:\/\/indoorgarden.ee\/et\/toode\/kahara-peterselli-astra-seemned-petroselinum-crispum-vitamiinirikas-poosasort-aeda-rodule-ja-siseruumidesse-1g\/","url_meta":{"origin":2020,"position":1},"title":"K\u00e4hara peterselli \u2018Astra\u2019 seemned (Petroselinum crispum) \u2013 vitamiinirikas tuhmne sort aeda, r\u00f5dule ja potti","author":"admin","date":"31. juuli 2025","format":false,"excerpt":"K\u00e4hara peterselli \u2018Astra\u2019 seemned. Vitamiinirikas tihke sort, mis sobib k\u00f6\u00f6gile, salatile ja kaunistuseks. Kasvab nii peenardel, r\u00f5dul kui ka aknalaual.","rel":"","context":"Similar post","block_context":{"text":"Similar post","link":""},"img":{"alt_text":"","src":"https:\/\/i0.wp.com\/indoorgarden.ee\/wp-content\/uploads\/2025\/07\/product-153239_0-L2804.jpg?resize=350%2C200&ssl=1","width":350,"height":200,"srcset":"https:\/\/i0.wp.com\/indoorgarden.ee\/wp-content\/uploads\/2025\/07\/product-153239_0-L2804.jpg?resize=350%2C200&ssl=1 1x, https:\/\/i0.wp.com\/indoorgarden.ee\/wp-content\/uploads\/2025\/07\/product-153239_0-L2804.jpg?resize=525%2C300&ssl=1 1.5x, https:\/\/i0.wp.com\/indoorgarden.ee\/wp-content\/uploads\/2025\/07\/product-153239_0-L2804.jpg?resize=700%2C400&ssl=1 2x"},"classes":[]},{"id":823,"url":"https:\/\/indoorgarden.ee\/et\/toode\/kahara-peterselli-sammalpoimunen-seemned-dekoratiivne-maitsetaim-garneerimiseks-ja-siseruumides-kasutamiseks-1g\/","url_meta":{"origin":2020,"position":2},"title":"K\u00e4hara peterselli \u2018Sammalpoimunen\u2019 seemned \u2013 dekoratiivne maitsetaim h\u00fcdropoonikasse ja nutiaeda","author":"admin","date":"28. sept. 2025","format":false,"excerpt":"K\u00e4hara peterselli \u2018Sammalpoimunen\u2019 seemned. Dekoratiivse v\u00e4ljan\u00e4gemisega maitsetaim, sobib nii kaunistuseks kui ka s\u00f6\u00f6davaks lisaks supile, salatile ja kalale.","rel":"","context":"Similar post","block_context":{"text":"Similar post","link":""},"img":{"alt_text":"","src":"https:\/\/i0.wp.com\/indoorgarden.ee\/wp-content\/uploads\/2025\/07\/product-153042_0-1402465.jpg?resize=350%2C200&ssl=1","width":350,"height":200,"srcset":"https:\/\/i0.wp.com\/indoorgarden.ee\/wp-content\/uploads\/2025\/07\/product-153042_0-1402465.jpg?resize=350%2C200&ssl=1 1x, https:\/\/i0.wp.com\/indoorgarden.ee\/wp-content\/uploads\/2025\/07\/product-153042_0-1402465.jpg?resize=525%2C300&ssl=1 1.5x, https:\/\/i0.wp.com\/indoorgarden.ee\/wp-content\/uploads\/2025\/07\/product-153042_0-1402465.jpg?resize=700%2C400&ssl=1 2x"},"classes":[]},{"id":2233,"url":"https:\/\/indoorgarden.ee\/et\/toode\/petersell-moskrul-2-seemned-tumeroheline-maitsetaim-hudropooniliseks-ja-nutiaias-kasvatuseks\/","url_meta":{"origin":2020,"position":3},"title":"Mahe peterselli \u2018Moskrul 2\u2019 seemned \u2013 k\u00e4har tumeroheline \u00fcrt h\u00fcdropoonikasse ja nutiaeda","author":"admin","date":"18. nov. 2025","format":false,"excerpt":"Mahe peterselli \u2018Moskrul 2\u2019 seemned. K\u00e4har tumeroheline sort, sobib salatile, kaunistuseks ja toiduvalmistamiseks. Kasvab kiiresti nutiaias.","rel":"","context":"Similar post","block_context":{"text":"Similar post","link":""},"img":{"alt_text":"","src":"https:\/\/i0.wp.com\/indoorgarden.ee\/wp-content\/uploads\/2025\/11\/4770168151222.png?resize=350%2C200&ssl=1","width":350,"height":200,"srcset":"https:\/\/i0.wp.com\/indoorgarden.ee\/wp-content\/uploads\/2025\/11\/4770168151222.png?resize=350%2C200&ssl=1 1x, https:\/\/i0.wp.com\/indoorgarden.ee\/wp-content\/uploads\/2025\/11\/4770168151222.png?resize=525%2C300&ssl=1 1.5x, https:\/\/i0.wp.com\/indoorgarden.ee\/wp-content\/uploads\/2025\/11\/4770168151222.png?resize=700%2C400&ssl=1 2x"},"classes":[]},{"id":2291,"url":"https:\/\/indoorgarden.ee\/et\/toode\/peterselli-gigante-ditalia-seemned-siledaleheline-petersell-hudropoonika-ja-nutikate-siseaedade-jaoks\/","url_meta":{"origin":2020,"position":4},"title":"Mahe peterselli \u2018Gigante d\u2019Italia\u2019 seemned \u2013 siledaleheline petersell h\u00fcdropoonikasse ja nutiaeda","author":"admin","date":"18. nov. 2025","format":false,"excerpt":"Mahe peterselli \u2018Gigante d\u2019Italia\u2019 seemned. Suuremahuline siledaleheline sort, sobib supile, salatile ja kaunistuseks taldrikule.","rel":"","context":"Similar post","block_context":{"text":"Similar post","link":""},"img":{"alt_text":"","src":"https:\/\/i0.wp.com\/indoorgarden.ee\/wp-content\/uploads\/2025\/11\/4770168151215.png?resize=350%2C200&ssl=1","width":350,"height":200,"srcset":"https:\/\/i0.wp.com\/indoorgarden.ee\/wp-content\/uploads\/2025\/11\/4770168151215.png?resize=350%2C200&ssl=1 1x, https:\/\/i0.wp.com\/indoorgarden.ee\/wp-content\/uploads\/2025\/11\/4770168151215.png?resize=525%2C300&ssl=1 1.5x, https:\/\/i0.wp.com\/indoorgarden.ee\/wp-content\/uploads\/2025\/11\/4770168151215.png?resize=700%2C400&ssl=1 2x"},"classes":[]},{"id":2016,"url":"https:\/\/indoorgarden.ee\/et\/toode\/salvei-seemned-0-5g-aromaatne-maitsetaim-salvia-officinalis\/","url_meta":{"origin":2020,"position":5},"title":"Aedsalvei seemned 0,5 g \u2013 aromaatne maitsetaim (Salvia officinalis)","author":"admin","date":"29. sept. 2025","format":false,"excerpt":"Aedsalvei seemned 0,5 g. Aromaatne mitmeaastane maitsetaim, mis sobib lihale, kalale ja teedele. Kasvab nii potis kui nutiaias.","rel":"","context":"Similar post","block_context":{"text":"Similar post","link":""},"img":{"alt_text":"","src":"https:\/\/i0.wp.com\/indoorgarden.ee\/wp-content\/uploads\/2025\/09\/product-1822651_0-1401190.jpg?resize=350%2C200&ssl=1","width":350,"height":200,"srcset":"https:\/\/i0.wp.com\/indoorgarden.ee\/wp-content\/uploads\/2025\/09\/product-1822651_0-1401190.jpg?resize=350%2C200&ssl=1 1x, https:\/\/i0.wp.com\/indoorgarden.ee\/wp-content\/uploads\/2025\/09\/product-1822651_0-1401190.jpg?resize=525%2C300&ssl=1 1.5x, https:\/\/i0.wp.com\/indoorgarden.ee\/wp-content\/uploads\/2025\/09\/product-1822651_0-1401190.jpg?resize=700%2C400&ssl=1 2x"},"classes":[]}],"_links":{"self":[{"href":"https:\/\/indoorgarden.ee\/et\/wp-json\/wp\/v2\/product\/2020","targetHints":{"allow":["GET"]}}],"collection":[{"href":"https:\/\/indoorgarden.ee\/et\/wp-json\/wp\/v2\/product"}],"about":[{"href":"https:\/\/indoorgarden.ee\/et\/wp-json\/wp\/v2\/types\/product"}],"replies":[{"embeddable":true,"href":"https:\/\/indoorgarden.ee\/et\/wp-json\/wp\/v2\/comments?post=2020"}],"wp:featuredmedia":[{"embeddable":true,"href":"https:\/\/indoorgarden.ee\/et\/wp-json\/wp\/v2\/media\/2019"}],"wp:attachment":[{"href":"https:\/\/indoorgarden.ee\/et\/wp-json\/wp\/v2\/media?parent=2020"}],"wp:term":[{"taxonomy":"product_brand","embeddable":true,"href":"https:\/\/indoorgarden.ee\/et\/wp-json\/wp\/v2\/product_brand?post=2020"},{"taxonomy":"product_cat","embeddable":true,"href":"https:\/\/indoorgarden.ee\/et\/wp-json\/wp\/v2\/product_cat?post=2020"},{"taxonomy":"product_tag","embeddable":true,"href":"https:\/\/indoorgarden.ee\/et\/wp-json\/wp\/v2\/product_tag?post=2020"}],"curies":[{"name":"wp","href":"https:\/\/api.w.org\/{rel}","templated":true}]}}