{"id":1936,"date":"2025-09-02T11:32:10","date_gmt":"2025-09-02T08:32:10","guid":{"rendered":"https:\/\/indoorgarden.ee\/product\/botanium-smart-hydroponic-pot-skandinaavia-disainiga-siseaed-automaatse-kastmisega\/"},"modified":"2026-04-26T15:50:47","modified_gmt":"2026-04-26T12:50:47","slug":"botanium-smart-hydroponic-pot-skandinaavia-disainiga-siseaed-automaatse-kastmisega","status":"publish","type":"product","link":"https:\/\/indoorgarden.ee\/et\/toode\/botanium-smart-hydroponic-pot-skandinaavia-disainiga-siseaed-automaatse-kastmisega\/","title":{"rendered":"Botanium nutipott \u2013 Skandinaavia disainiga sisetingimuste h\u00fcdropooniline aed automaatse kastmisega"},"content":{"rendered":"<h2>Toote kohta<\/h2>\n<p><strong>Botanium Smart Hydroponic Pot<\/strong> \u00fchendab minimalistliku skandinaavia disaini ja t\u00e4iustatud h\u00fcdropoonilise tehnoloogia, muutes maitsetaimede, k\u00f6\u00f6giviljade ja lillede kasvatamise siseruumides lihtsaks. T\u00e4nu automaatsele kastmisele ja sisseehitatud 1-liitrisele veepaagile, mis kestab n\u00e4dalaid, muudab Botanium siseruumides aiat\u00f6\u00f6 vaevata &#8211; isegi kui teil ei ole rohelist p\u00f6ialt. Kasvatage basiilikut, paprikat, tomateid v\u00f5i lehtk\u00f6\u00f6givilju kiiresti ja h\u00f5lpsasti aastaringselt.  <\/p>\n<h2>Miks valida Botanium?<\/h2>\n<ul>\n<li><strong>Muld ei ole vajalik:<\/strong> Kasvatada puhtalt ilma mustuse v\u00f5i mullaga levivate kahjuriteta.<\/li>\n<li><strong>Automaatne kastmine:<\/strong> S\u00fcsteem reguleerib teie jaoks vee ajastust ja kogust.<\/li>\n<li><strong>Veepaagi mahutavus:<\/strong> 1-liitrine mahuti kestab mitu n\u00e4dalat &#8211; ideaalne tiheda graafiku v\u00f5i reiside puhul.<\/li>\n<li><strong>H\u00fcdropooniline kasv:<\/strong> Taimed kasvavad kuni 3x kiiremini v\u00f5rreldes mullakasvatusega.<\/li>\n<li><strong>Kasutage mis tahes seemneid:<\/strong> Sobib nii maitsetaimede, k\u00f6\u00f6giviljade kui ka lillede jaoks.<\/li>\n<li><strong>Skandinaavia disain:<\/strong> Elegantne, minimalistlik v\u00e4limus, mis sai Jaapanis Good Design Award 2021.<\/li>\n<\/ul>\n<h2>Spetsifikatsioonid<\/h2>\n<ul>\n<li><strong>M\u00f5\u00f5tmed:<\/strong> 136 mm (5.3&#8243;) \u00d7 250 mm (9.8&#8243;)<\/li>\n<li><strong>Kasutamine:<\/strong> Kasutamine: ainult siseruumides<\/li>\n<li><strong>Veepaak:<\/strong> 1 liitri mahutavusega<\/li>\n<\/ul>\n<h2>Mida sisaldab<\/h2>\n<ul>\n<li>Botanium smart pot<\/li>\n<li>H\u00fcdropooniline kasvusubstraat<\/li>\n<li>Pipettpudel vedelate toitainetega<\/li>\n<li>Kasutusjuhend<\/li>\n<li>USB seinapistik<\/li>\n<\/ul>\n<h2>Ideaalne<\/h2>\n<p>Botanium on ideaalne siseaed neile, kes soovivad <strong>v\u00e4rskeid maitsetaimi ja k\u00f6\u00f6givilju minimaalse vaevaga<\/strong>. Selle kompaktne suurus sobib igasse koju, kontorisse v\u00f5i k\u00f6\u00f6gilauale, muutes kaasaegse h\u00fcdropoonika k\u00f5igile k\u00e4ttesaadavaks. <\/p>\n","protected":false},"excerpt":{"rendered":"<p>Botanium nutipott. Skandinaavia disainiga h\u00fcdropooniline lauamudel, mis kastab taime automaatselt \u2013 sobib basiilikule, \u00fcrtidele ja v\u00e4ikestele toataimedele.<\/p>\n","protected":false},"featured_media":1811,"comment_status":"closed","ping_status":"closed","template":"","meta":[],"product_brand":[219],"product_cat":[114,117],"product_tag":[],"class_list":{"0":"post-1936","1":"product","2":"type-product","3":"status-publish","4":"has-post-thumbnail","6":"product_brand-botanium-et","7":"product_cat-nutiaiad","8":"product_cat-vaiksemad-nutiaiad","10":"first","11":"instock","12":"sale","13":"taxable","14":"shipping-taxable","15":"purchasable","16":"product-type-simple"},"jetpack_sharing_enabled":true,"jetpack-related-posts":[{"id":1871,"url":"https:\/\/indoorgarden.ee\/et\/toode\/botanium-kasvukeskkond-hudropooniline-substraat-smart-indoor-gardeni-jaoks\/","url_meta":{"origin":1936,"position":0},"title":"Botanium kasvupinnas \u2013 h\u00fcdropoonika substraadi t\u00e4iendus nutiaedadele","author":"admin","date":"2. sept. 2025","format":false,"excerpt":"Botanium h\u00fcdropoonika kasvupinnase t\u00e4iendus. Sobib Botaniumi nutipottidele ja teistele h\u00fcdropoonika s\u00fcsteemidele \u2013 hoia oma s\u00fcsteem pikalt produktiivne.","rel":"","context":"Similar post","block_context":{"text":"Similar post","link":""},"img":{"alt_text":"","src":"https:\/\/i0.wp.com\/indoorgarden.ee\/wp-content\/uploads\/2025\/09\/growing_medium_highres.webp?resize=350%2C200&ssl=1","width":350,"height":200,"srcset":"https:\/\/i0.wp.com\/indoorgarden.ee\/wp-content\/uploads\/2025\/09\/growing_medium_highres.webp?resize=350%2C200&ssl=1 1x, https:\/\/i0.wp.com\/indoorgarden.ee\/wp-content\/uploads\/2025\/09\/growing_medium_highres.webp?resize=525%2C300&ssl=1 1.5x"},"classes":[]},{"id":2142,"url":"https:\/\/indoorgarden.ee\/et\/toode\/botanium-orgaanilised-kirsstomati-seemned-kompaktne-kaabustomati-sort-sise-ja-nutiaedades-kasvatamiseks\/","url_meta":{"origin":1936,"position":1},"title":"Botanium mahedad kirsstomati seemned \u2013 kompaktne k\u00e4\u00e4bussort sisetingimuste h\u00fcdropoonikale","author":"admin","date":"2. sept. 2025","format":false,"excerpt":"Botanium mahedad kirsstomati seemned. Kompaktne k\u00e4\u00e4bussort, sobib eriti h\u00e4sti Botanium nutipotile ja teistele h\u00fcdropoonika s\u00fcsteemidele.","rel":"","context":"Similar post","block_context":{"text":"Similar post","link":""},"img":{"alt_text":"","src":"https:\/\/i0.wp.com\/indoorgarden.ee\/wp-content\/uploads\/2025\/09\/tomato_1800x1800.webp?resize=350%2C200&ssl=1","width":350,"height":200,"srcset":"https:\/\/i0.wp.com\/indoorgarden.ee\/wp-content\/uploads\/2025\/09\/tomato_1800x1800.webp?resize=350%2C200&ssl=1 1x, https:\/\/i0.wp.com\/indoorgarden.ee\/wp-content\/uploads\/2025\/09\/tomato_1800x1800.webp?resize=525%2C300&ssl=1 1.5x, https:\/\/i0.wp.com\/indoorgarden.ee\/wp-content\/uploads\/2025\/09\/tomato_1800x1800.webp?resize=700%2C400&ssl=1 2x"},"classes":[]},{"id":2148,"url":"https:\/\/indoorgarden.ee\/et\/toode\/botanium-15w-led-taimelamp-taisspektriga-e27-lamp-siseruumide-hudropoonikasse\/","url_meta":{"origin":1936,"position":2},"title":"Botanium 15 W LED-kasvulamp \u2013 t\u00e4isspekter E27 lamp sisetingimuste h\u00fcdropoonikale","author":"admin","date":"2. sept. 2025","format":false,"excerpt":"Botanium 15 W LED-kasvulamp. T\u00e4isspekter, sobib tavalisse E27 pesasse, t\u00f6\u00f6tab jahedalt ja annab taimedele k\u00f5ik vajaliku valguse fotos\u00fcnteesiks.","rel":"","context":"Similar post","block_context":{"text":"Similar post","link":""},"img":{"alt_text":"","src":"https:\/\/i0.wp.com\/indoorgarden.ee\/wp-content\/uploads\/2025\/09\/grow_light3_kopia_1800x1800.webp?resize=350%2C200&ssl=1","width":350,"height":200,"srcset":"https:\/\/i0.wp.com\/indoorgarden.ee\/wp-content\/uploads\/2025\/09\/grow_light3_kopia_1800x1800.webp?resize=350%2C200&ssl=1 1x, https:\/\/i0.wp.com\/indoorgarden.ee\/wp-content\/uploads\/2025\/09\/grow_light3_kopia_1800x1800.webp?resize=525%2C300&ssl=1 1.5x, https:\/\/i0.wp.com\/indoorgarden.ee\/wp-content\/uploads\/2025\/09\/grow_light3_kopia_1800x1800.webp?resize=700%2C400&ssl=1 2x, https:\/\/i0.wp.com\/indoorgarden.ee\/wp-content\/uploads\/2025\/09\/grow_light3_kopia_1800x1800.webp?resize=1050%2C600&ssl=1 3x"},"classes":[]},{"id":2143,"url":"https:\/\/indoorgarden.ee\/et\/toode\/botaniumi-orgaanilised-jalapeno-seemned-siseaedades-ja-hudropoonilistes-nutiaedades-kasvatamiseks\/","url_meta":{"origin":1936,"position":3},"title":"Botanium mahedad jalape\u00f1o t\u0161illi seemned \u2013 sisetingimuste h\u00fcdropoonikale ja nutiaedadele","author":"admin","date":"2. sept. 2025","format":false,"excerpt":"Botanium mahedad jalape\u00f1o t\u0161illi seemned. Mahe sort sees kasvatamiseks \u2013 sobib eriti h\u00e4sti Botanium nutipottidele ja teistele h\u00fcdropoonika s\u00fcsteemidele.","rel":"","context":"Similar post","block_context":{"text":"Similar post","link":""},"img":{"alt_text":"","src":"https:\/\/i0.wp.com\/indoorgarden.ee\/wp-content\/uploads\/2025\/09\/jalapeno_1800x1800.webp?resize=350%2C200&ssl=1","width":350,"height":200,"srcset":"https:\/\/i0.wp.com\/indoorgarden.ee\/wp-content\/uploads\/2025\/09\/jalapeno_1800x1800.webp?resize=350%2C200&ssl=1 1x, https:\/\/i0.wp.com\/indoorgarden.ee\/wp-content\/uploads\/2025\/09\/jalapeno_1800x1800.webp?resize=525%2C300&ssl=1 1.5x, https:\/\/i0.wp.com\/indoorgarden.ee\/wp-content\/uploads\/2025\/09\/jalapeno_1800x1800.webp?resize=700%2C400&ssl=1 2x"},"classes":[]},{"id":2141,"url":"https:\/\/indoorgarden.ee\/et\/toode\/botanium-orgaanilised-rukolaseemned-kiirekasvuline-ruca-siseruumide-hudropoonikasse\/","url_meta":{"origin":1936,"position":4},"title":"Botanium mahedad rukola \u2018Ruca\u2019 seemned \u2013 kiirelt kasvav sort sisetingimuste h\u00fcdropoonikale","author":"admin","date":"2. sept. 2025","format":false,"excerpt":"Botanium mahedad rukola \u2018Ruca\u2019 seemned. Kiire kasv, pisut teravam maitse kui tavarukolal \u2013 sobib salatisse ja v\u00f5ileivale.","rel":"","context":"Similar post","block_context":{"text":"Similar post","link":""},"img":{"alt_text":"","src":"https:\/\/i0.wp.com\/indoorgarden.ee\/wp-content\/uploads\/2025\/09\/ruca_1800x1800.webp?resize=350%2C200&ssl=1","width":350,"height":200,"srcset":"https:\/\/i0.wp.com\/indoorgarden.ee\/wp-content\/uploads\/2025\/09\/ruca_1800x1800.webp?resize=350%2C200&ssl=1 1x, https:\/\/i0.wp.com\/indoorgarden.ee\/wp-content\/uploads\/2025\/09\/ruca_1800x1800.webp?resize=525%2C300&ssl=1 1.5x, https:\/\/i0.wp.com\/indoorgarden.ee\/wp-content\/uploads\/2025\/09\/ruca_1800x1800.webp?resize=700%2C400&ssl=1 2x"},"classes":[]},{"id":2144,"url":"https:\/\/indoorgarden.ee\/et\/toode\/botaniumi-orgaanilised-koriandriseemned-kiirekasvuline-urt-siseaedades-ja-nutiaedades-kasvatamiseks\/","url_meta":{"origin":1936,"position":5},"title":"Botanium mahedad koriandri seemned \u2013 kiirelt kasvav \u00fcrt sisetingimustele","author":"admin","date":"2. sept. 2025","format":false,"excerpt":"Botanium mahedad koriandri seemned. Kiire kasv, intensiivne maitse \u2013 sobib eriti h\u00e4sti Botanium nutipotile ja teistele h\u00fcdropoonika s\u00fcsteemidele.","rel":"","context":"Similar post","block_context":{"text":"Similar post","link":""},"img":{"alt_text":"","src":"https:\/\/i0.wp.com\/indoorgarden.ee\/wp-content\/uploads\/2025\/09\/koriander-1.webp?resize=350%2C200&ssl=1","width":350,"height":200,"srcset":"https:\/\/i0.wp.com\/indoorgarden.ee\/wp-content\/uploads\/2025\/09\/koriander-1.webp?resize=350%2C200&ssl=1 1x, https:\/\/i0.wp.com\/indoorgarden.ee\/wp-content\/uploads\/2025\/09\/koriander-1.webp?resize=525%2C300&ssl=1 1.5x, https:\/\/i0.wp.com\/indoorgarden.ee\/wp-content\/uploads\/2025\/09\/koriander-1.webp?resize=700%2C400&ssl=1 2x"},"classes":[]}],"_links":{"self":[{"href":"https:\/\/indoorgarden.ee\/et\/wp-json\/wp\/v2\/product\/1936","targetHints":{"allow":["GET"]}}],"collection":[{"href":"https:\/\/indoorgarden.ee\/et\/wp-json\/wp\/v2\/product"}],"about":[{"href":"https:\/\/indoorgarden.ee\/et\/wp-json\/wp\/v2\/types\/product"}],"replies":[{"embeddable":true,"href":"https:\/\/indoorgarden.ee\/et\/wp-json\/wp\/v2\/comments?post=1936"}],"wp:featuredmedia":[{"embeddable":true,"href":"https:\/\/indoorgarden.ee\/et\/wp-json\/wp\/v2\/media\/1811"}],"wp:attachment":[{"href":"https:\/\/indoorgarden.ee\/et\/wp-json\/wp\/v2\/media?parent=1936"}],"wp:term":[{"taxonomy":"product_brand","embeddable":true,"href":"https:\/\/indoorgarden.ee\/et\/wp-json\/wp\/v2\/product_brand?post=1936"},{"taxonomy":"product_cat","embeddable":true,"href":"https:\/\/indoorgarden.ee\/et\/wp-json\/wp\/v2\/product_cat?post=1936"},{"taxonomy":"product_tag","embeddable":true,"href":"https:\/\/indoorgarden.ee\/et\/wp-json\/wp\/v2\/product_tag?post=1936"}],"curies":[{"name":"wp","href":"https:\/\/api.w.org\/{rel}","templated":true}]}}