{"id":1871,"date":"2025-09-02T11:55:59","date_gmt":"2025-09-02T08:55:59","guid":{"rendered":"https:\/\/indoorgarden.ee\/product\/botanium-kasvukeskkond-hudropooniline-substraat-smart-indoor-gardeni-jaoks\/"},"modified":"2026-04-26T15:49:18","modified_gmt":"2026-04-26T12:49:18","slug":"botanium-kasvukeskkond-hudropooniline-substraat-smart-indoor-gardeni-jaoks","status":"publish","type":"product","link":"https:\/\/indoorgarden.ee\/et\/toode\/botanium-kasvukeskkond-hudropooniline-substraat-smart-indoor-gardeni-jaoks\/","title":{"rendered":"Botanium kasvupinnas \u2013 h\u00fcdropoonika substraadi t\u00e4iendus nutiaedadele"},"content":{"rendered":"<h2>Toote kohta<\/h2>\n<p><strong>Botanium kasvugraanulid<\/strong> on v\u00e4ga poorne kasvupinnas, mis on loodud nutika poti taimedele hea kasvukeskkonna jaoks. See imab ja s\u00e4ilitab t\u00f5husalt vett, hoides samal ajal juurestiku h\u00e4sti \u00f5hutatud, tagades taimede tervisliku ja kiire kasvu siseruumides.<\/p>\n<h2>Miks kasutada Botanium kasvugraanuleid?<\/h2>\n<ul>\n<li><strong>Optimeeritud h\u00fcdropoonika jaoks:<\/strong> S\u00e4ilitab vett, tagades samal ajal suurep\u00e4rase \u00f5hutuse tugeva juurestiku jaoks.<\/li>\n<li><strong>T\u00e4iuslik t\u00e4itmine:<\/strong> \u00dcks pakend sisaldab piisavalt pinnast, et t\u00e4ita \u00fcks Botaniumi nutikas pott.<\/li>\n<li><strong>Korduvkasutatav seadistus:<\/strong> Lihtsalt eemalda vana taim ja asenda graanulid, et alustada uut kasvuts\u00fcklit.<\/li>\n<li><strong>Lihtne ettevalmistus:<\/strong> Enne seemnete istutamist loputa graanuleid, et saavutada parimad tulemused.<\/li>\n<li><strong>Puhas ja mustusest vaba:<\/strong> Nautige siseruumides aiat\u00f6\u00f6d ilma mustuse, kahjurite v\u00f5i mullaga levivate haigusteta.<\/li>\n<\/ul>\n<h2>Mida pakend sisaldab<\/h2>\n<ul>\n<li>Kasvupinnase graanulite t\u00e4itepakk (piisav 1 Botaniumile)<\/li>\n<\/ul>\n<h2>Ideaalne<\/h2>\n<p>Spetsiaalselt <strong>Botanium h\u00fcdropooniliste s\u00fcsteemide<\/strong> jaoks loodud kasvusubstraat on ideaalne k\u00f5igile, kes alustavad v\u00e4rskete taimede, n\u00e4iteks maitsetaimede, lehtk\u00f6\u00f6giviljade, t\u0161illipipra v\u00f5i maasikate kasvatamist oma nutikas siseaias.<\/p>\n","protected":false},"excerpt":{"rendered":"<p>Botanium h\u00fcdropoonika kasvupinnase t\u00e4iendus. Sobib Botaniumi nutipottidele ja teistele h\u00fcdropoonika s\u00fcsteemidele \u2013 hoia oma s\u00fcsteem pikalt produktiivne.<\/p>\n","protected":false},"featured_media":1831,"comment_status":"closed","ping_status":"closed","template":"","meta":[],"product_brand":[219],"product_cat":[109,113],"product_tag":[],"class_list":{"0":"post-1871","1":"product","2":"type-product","3":"status-publish","4":"has-post-thumbnail","6":"product_brand-botanium-et","7":"product_cat-nutiaedade-tarvikud","8":"product_cat-nutiaia-kasvupesad","10":"first","11":"onbackorder","12":"taxable","13":"shipping-taxable","14":"purchasable","15":"product-type-simple"},"jetpack_sharing_enabled":true,"jetpack-related-posts":[{"id":1936,"url":"https:\/\/indoorgarden.ee\/et\/toode\/botanium-smart-hydroponic-pot-skandinaavia-disainiga-siseaed-automaatse-kastmisega\/","url_meta":{"origin":1871,"position":0},"title":"Botanium nutipott \u2013 Skandinaavia disainiga sisetingimuste h\u00fcdropooniline aed automaatse kastmisega","author":"admin","date":"2. sept. 2025","format":false,"excerpt":"Botanium nutipott. Skandinaavia disainiga h\u00fcdropooniline lauamudel, mis kastab taime automaatselt \u2013 sobib basiilikule, \u00fcrtidele ja v\u00e4ikestele toataimedele.","rel":"","context":"Similar post","block_context":{"text":"Similar post","link":""},"img":{"alt_text":"","src":"https:\/\/i0.wp.com\/indoorgarden.ee\/wp-content\/uploads\/2025\/09\/botanium-1_1800x1800.webp?resize=350%2C200&ssl=1","width":350,"height":200,"srcset":"https:\/\/i0.wp.com\/indoorgarden.ee\/wp-content\/uploads\/2025\/09\/botanium-1_1800x1800.webp?resize=350%2C200&ssl=1 1x, https:\/\/i0.wp.com\/indoorgarden.ee\/wp-content\/uploads\/2025\/09\/botanium-1_1800x1800.webp?resize=525%2C300&ssl=1 1.5x, https:\/\/i0.wp.com\/indoorgarden.ee\/wp-content\/uploads\/2025\/09\/botanium-1_1800x1800.webp?resize=700%2C400&ssl=1 2x, https:\/\/i0.wp.com\/indoorgarden.ee\/wp-content\/uploads\/2025\/09\/botanium-1_1800x1800.webp?resize=1050%2C600&ssl=1 3x"},"classes":[]},{"id":2144,"url":"https:\/\/indoorgarden.ee\/et\/toode\/botaniumi-orgaanilised-koriandriseemned-kiirekasvuline-urt-siseaedades-ja-nutiaedades-kasvatamiseks\/","url_meta":{"origin":1871,"position":1},"title":"Botanium mahedad koriandri seemned \u2013 kiirelt kasvav \u00fcrt sisetingimustele","author":"admin","date":"2. sept. 2025","format":false,"excerpt":"Botanium mahedad koriandri seemned. Kiire kasv, intensiivne maitse \u2013 sobib eriti h\u00e4sti Botanium nutipotile ja teistele h\u00fcdropoonika s\u00fcsteemidele.","rel":"","context":"Similar post","block_context":{"text":"Similar post","link":""},"img":{"alt_text":"","src":"https:\/\/i0.wp.com\/indoorgarden.ee\/wp-content\/uploads\/2025\/09\/koriander-1.webp?resize=350%2C200&ssl=1","width":350,"height":200,"srcset":"https:\/\/i0.wp.com\/indoorgarden.ee\/wp-content\/uploads\/2025\/09\/koriander-1.webp?resize=350%2C200&ssl=1 1x, https:\/\/i0.wp.com\/indoorgarden.ee\/wp-content\/uploads\/2025\/09\/koriander-1.webp?resize=525%2C300&ssl=1 1.5x, https:\/\/i0.wp.com\/indoorgarden.ee\/wp-content\/uploads\/2025\/09\/koriander-1.webp?resize=700%2C400&ssl=1 2x"},"classes":[]},{"id":2143,"url":"https:\/\/indoorgarden.ee\/et\/toode\/botaniumi-orgaanilised-jalapeno-seemned-siseaedades-ja-hudropoonilistes-nutiaedades-kasvatamiseks\/","url_meta":{"origin":1871,"position":2},"title":"Botanium mahedad jalape\u00f1o t\u0161illi seemned \u2013 sisetingimuste h\u00fcdropoonikale ja nutiaedadele","author":"admin","date":"2. sept. 2025","format":false,"excerpt":"Botanium mahedad jalape\u00f1o t\u0161illi seemned. Mahe sort sees kasvatamiseks \u2013 sobib eriti h\u00e4sti Botanium nutipottidele ja teistele h\u00fcdropoonika s\u00fcsteemidele.","rel":"","context":"Similar post","block_context":{"text":"Similar post","link":""},"img":{"alt_text":"","src":"https:\/\/i0.wp.com\/indoorgarden.ee\/wp-content\/uploads\/2025\/09\/jalapeno_1800x1800.webp?resize=350%2C200&ssl=1","width":350,"height":200,"srcset":"https:\/\/i0.wp.com\/indoorgarden.ee\/wp-content\/uploads\/2025\/09\/jalapeno_1800x1800.webp?resize=350%2C200&ssl=1 1x, https:\/\/i0.wp.com\/indoorgarden.ee\/wp-content\/uploads\/2025\/09\/jalapeno_1800x1800.webp?resize=525%2C300&ssl=1 1.5x, https:\/\/i0.wp.com\/indoorgarden.ee\/wp-content\/uploads\/2025\/09\/jalapeno_1800x1800.webp?resize=700%2C400&ssl=1 2x"},"classes":[]},{"id":1295,"url":"https:\/\/indoorgarden.ee\/et\/toode\/agrecol-biohumus-universaalne-vaetis-koogiviljadele-ja-lilledele-1l\/","url_meta":{"origin":1871,"position":3},"title":"Agrecol BIOHUMUS universaalv\u00e4etis k\u00f6\u00f6giviljadele ja lilledele 1 L","author":"admin","date":"8. aug. 2025","format":false,"excerpt":"Agrecol BIOHUMUS universaalv\u00e4etis. Sobib k\u00f6\u00f6giviljadele, lilledele ja toataimedele \u2013 looduslik vihmaussihumus, mis parandab mulla struktuuri.","rel":"","context":"Similar post","block_context":{"text":"Similar post","link":""},"img":{"alt_text":"Agrecol BIOHUMUS Universal Fertiliser for Vegetables and Flowers 1L","src":"https:\/\/i0.wp.com\/indoorgarden.ee\/wp-content\/uploads\/2025\/08\/Agrecol-BIOHUMUS-Universal-Fertiliser-for-Vegetables-and-Flowers-1L.jpg?resize=350%2C200&ssl=1","width":350,"height":200,"srcset":"https:\/\/i0.wp.com\/indoorgarden.ee\/wp-content\/uploads\/2025\/08\/Agrecol-BIOHUMUS-Universal-Fertiliser-for-Vegetables-and-Flowers-1L.jpg?resize=350%2C200&ssl=1 1x, https:\/\/i0.wp.com\/indoorgarden.ee\/wp-content\/uploads\/2025\/08\/Agrecol-BIOHUMUS-Universal-Fertiliser-for-Vegetables-and-Flowers-1L.jpg?resize=525%2C300&ssl=1 1.5x, https:\/\/i0.wp.com\/indoorgarden.ee\/wp-content\/uploads\/2025\/08\/Agrecol-BIOHUMUS-Universal-Fertiliser-for-Vegetables-and-Flowers-1L.jpg?resize=700%2C400&ssl=1 2x, https:\/\/i0.wp.com\/indoorgarden.ee\/wp-content\/uploads\/2025\/08\/Agrecol-BIOHUMUS-Universal-Fertiliser-for-Vegetables-and-Flowers-1L.jpg?resize=1050%2C600&ssl=1 3x"},"classes":[]},{"id":2141,"url":"https:\/\/indoorgarden.ee\/et\/toode\/botanium-orgaanilised-rukolaseemned-kiirekasvuline-ruca-siseruumide-hudropoonikasse\/","url_meta":{"origin":1871,"position":4},"title":"Botanium mahedad rukola \u2018Ruca\u2019 seemned \u2013 kiirelt kasvav sort sisetingimuste h\u00fcdropoonikale","author":"admin","date":"2. sept. 2025","format":false,"excerpt":"Botanium mahedad rukola \u2018Ruca\u2019 seemned. Kiire kasv, pisut teravam maitse kui tavarukolal \u2013 sobib salatisse ja v\u00f5ileivale.","rel":"","context":"Similar post","block_context":{"text":"Similar post","link":""},"img":{"alt_text":"","src":"https:\/\/i0.wp.com\/indoorgarden.ee\/wp-content\/uploads\/2025\/09\/ruca_1800x1800.webp?resize=350%2C200&ssl=1","width":350,"height":200,"srcset":"https:\/\/i0.wp.com\/indoorgarden.ee\/wp-content\/uploads\/2025\/09\/ruca_1800x1800.webp?resize=350%2C200&ssl=1 1x, https:\/\/i0.wp.com\/indoorgarden.ee\/wp-content\/uploads\/2025\/09\/ruca_1800x1800.webp?resize=525%2C300&ssl=1 1.5x, https:\/\/i0.wp.com\/indoorgarden.ee\/wp-content\/uploads\/2025\/09\/ruca_1800x1800.webp?resize=700%2C400&ssl=1 2x"},"classes":[]},{"id":2142,"url":"https:\/\/indoorgarden.ee\/et\/toode\/botanium-orgaanilised-kirsstomati-seemned-kompaktne-kaabustomati-sort-sise-ja-nutiaedades-kasvatamiseks\/","url_meta":{"origin":1871,"position":5},"title":"Botanium mahedad kirsstomati seemned \u2013 kompaktne k\u00e4\u00e4bussort sisetingimuste h\u00fcdropoonikale","author":"admin","date":"2. sept. 2025","format":false,"excerpt":"Botanium mahedad kirsstomati seemned. Kompaktne k\u00e4\u00e4bussort, sobib eriti h\u00e4sti Botanium nutipotile ja teistele h\u00fcdropoonika s\u00fcsteemidele.","rel":"","context":"Similar post","block_context":{"text":"Similar post","link":""},"img":{"alt_text":"","src":"https:\/\/i0.wp.com\/indoorgarden.ee\/wp-content\/uploads\/2025\/09\/tomato_1800x1800.webp?resize=350%2C200&ssl=1","width":350,"height":200,"srcset":"https:\/\/i0.wp.com\/indoorgarden.ee\/wp-content\/uploads\/2025\/09\/tomato_1800x1800.webp?resize=350%2C200&ssl=1 1x, https:\/\/i0.wp.com\/indoorgarden.ee\/wp-content\/uploads\/2025\/09\/tomato_1800x1800.webp?resize=525%2C300&ssl=1 1.5x, https:\/\/i0.wp.com\/indoorgarden.ee\/wp-content\/uploads\/2025\/09\/tomato_1800x1800.webp?resize=700%2C400&ssl=1 2x"},"classes":[]}],"_links":{"self":[{"href":"https:\/\/indoorgarden.ee\/et\/wp-json\/wp\/v2\/product\/1871","targetHints":{"allow":["GET"]}}],"collection":[{"href":"https:\/\/indoorgarden.ee\/et\/wp-json\/wp\/v2\/product"}],"about":[{"href":"https:\/\/indoorgarden.ee\/et\/wp-json\/wp\/v2\/types\/product"}],"replies":[{"embeddable":true,"href":"https:\/\/indoorgarden.ee\/et\/wp-json\/wp\/v2\/comments?post=1871"}],"wp:featuredmedia":[{"embeddable":true,"href":"https:\/\/indoorgarden.ee\/et\/wp-json\/wp\/v2\/media\/1831"}],"wp:attachment":[{"href":"https:\/\/indoorgarden.ee\/et\/wp-json\/wp\/v2\/media?parent=1871"}],"wp:term":[{"taxonomy":"product_brand","embeddable":true,"href":"https:\/\/indoorgarden.ee\/et\/wp-json\/wp\/v2\/product_brand?post=1871"},{"taxonomy":"product_cat","embeddable":true,"href":"https:\/\/indoorgarden.ee\/et\/wp-json\/wp\/v2\/product_cat?post=1871"},{"taxonomy":"product_tag","embeddable":true,"href":"https:\/\/indoorgarden.ee\/et\/wp-json\/wp\/v2\/product_tag?post=1871"}],"curies":[{"name":"wp","href":"https:\/\/api.w.org\/{rel}","templated":true}]}}