{"id":1728,"date":"2025-08-21T17:06:20","date_gmt":"2025-08-21T14:06:20","guid":{"rendered":"https:\/\/indoorgarden.ee\/product\/letpot-big-grow-kasnade-komplekt-letpot-max-2-pod-salve-jaoks\/"},"modified":"2026-04-26T15:41:36","modified_gmt":"2026-04-26T12:41:36","slug":"letpot-big-grow-kasnade-komplekt-letpot-max-2-pod-salve-jaoks","status":"publish","type":"product","link":"https:\/\/indoorgarden.ee\/et\/toode\/letpot-big-grow-kasnade-komplekt-letpot-max-2-pod-salve-jaoks\/","title":{"rendered":"LetPot suured kasvuk\u00e4snad LetPot Max 2-pesalisele alusele"},"content":{"rendered":"<h2>Toote kohta<\/h2>\n<p><strong>Max&#8217;s 2-Pod Tray Big Grow Sponges Kit<\/strong> on spetsiaalselt m\u00f5eldud <strong>LetPot Max h\u00fcdropoonilise kasvatuss\u00fcsteemi<\/strong> jaoks, mis \u00fchildub ainult Max&#8217;s 2-Pod kasvutaldrikuga. See komplekt pakub ideaalset keskkonda ja tuge suuremate taimede kasvatamiseks, tagades tugeva juurte arengu ja tervisliku kasvu siseruumides. <\/p>\n<h2>Miks valida see komplekt<\/h2>\n<ul>\n<li><strong>Suurte taimede jaoks kohandatud:<\/strong> Ideaalne tomatite, paprika, kurkide ja muude suuremate kultuuride kasvatamiseks.<\/li>\n<li><strong>Tervislik juurdekasv:<\/strong> Tugevamate ja tervemate taimede jaoks soodustavad k\u00e4snad t\u00f5husat vee ja toitainete imendumist.<\/li>\n<li><strong>Lihtne kasutada:<\/strong> Lihtsalt asetage k\u00e4snad kaasasolevatesse korvidesse ja sisestage LetPot Max 2-Pod Tray&#8217;sse.<\/li>\n<li><strong>Sobib ideaalselt:<\/strong> Kasvatustaldrik: m\u00f5eldud ainult LetPot Maxi 2-pod kasvatustaldrikule, mis tagab turvalise ja stabiilse kasutamise.<\/li>\n<\/ul>\n<h2>Mida pakett sisaldab<\/h2>\n<ul>\n<li>Big Grow Kasvuk\u00e4snad \u00d7 6 tk<\/li>\n<li>Big Korvid\u00d7 2 tk<\/li>\n<\/ul>\n<h2>\u00dchilduvus<\/h2>\n<p>See komplekt \u00fchildub <strong>ainult<\/strong> <strong>LetPot Max h\u00fcdropoonikas\u00fcsteemiga &#8211; 2-poodide salv<\/strong>.<\/p>\n","protected":false},"excerpt":{"rendered":"<p>Suuremad kasvuk\u00e4snad LetPot Max nutiaia 2-pesalisele alusele \u2013 m\u00f5eldud k\u00f5rgematele kultuuridele nagu tomatid ja t\u0161illi, mis vajavad rohkem juurteruumi.<\/p>\n","protected":false},"featured_media":1583,"comment_status":"closed","ping_status":"closed","template":"","meta":[],"product_brand":[125],"product_cat":[109,113],"product_tag":[],"class_list":{"0":"post-1728","1":"product","2":"type-product","3":"status-publish","4":"has-post-thumbnail","6":"product_brand-letpot-et","7":"product_cat-nutiaedade-tarvikud","8":"product_cat-nutiaia-kasvupesad","10":"first","11":"onbackorder","12":"taxable","13":"shipping-taxable","14":"purchasable","15":"product-type-simple"},"jetpack_sharing_enabled":true,"jetpack-related-posts":[{"id":1727,"url":"https:\/\/indoorgarden.ee\/et\/toode\/letpot-77-tk-vesiviljelussusteemi-asenduskomplekt-sobib-ainult-letpot-mini-jaoks\/","url_meta":{"origin":1728,"position":0},"title":"LetPot 77-osaline asendustaimepesade komplekt \u2013 ainult LetPot Mini mudelile","author":"admin","date":"21. aug. 2025","format":false,"excerpt":"77-osaline asenduskomplekt LetPot Mini nutiaiale. Sisaldab kasvuk\u00e4snu, korve ja toitaineid. Sobib ainult LetPot Mini mudelile.","rel":"","context":"Similar post","block_context":{"text":"Similar post","link":""},"img":{"alt_text":"LetPot Hydroponics kasvatuss\u00fcsteemi asenduspottide komplektid LetPot Mini jaoks","src":"https:\/\/i0.wp.com\/indoorgarden.ee\/wp-content\/uploads\/2025\/08\/LetPot-Hydroponics-Growing-System-Replacement-Pot-Kits-for-LetPot-Mini-1.jpg?resize=350%2C200&ssl=1","width":350,"height":200},"classes":[]},{"id":826,"url":"https:\/\/indoorgarden.ee\/et\/toode\/letpot-172tk-hudropoonikasusteemi-asenduskomplektid-sobivad-max-senior-air-jaoks\/","url_meta":{"origin":1728,"position":1},"title":"LetPot 172-osaline asendustaimepesade komplekt \u2013 Max, Senior, Air, Lite mudelitele","author":"admin","date":"23. juuli 2025","format":false,"excerpt":"172-osaline asenduskomplekt: kasvuk\u00e4snad, korvid ja toitained LetPot Max, Senior, Air ja Lite h\u00fcdropoonika nutiaedadele. Sobib ka AeroGardeni ja iDOO s\u00fcsteemidesse.","rel":"","context":"Similar post","block_context":{"text":"Similar post","link":""},"img":{"alt_text":"","src":"https:\/\/i0.wp.com\/indoorgarden.ee\/wp-content\/uploads\/2025\/07\/172PcsHydroponics172pcs_Growing_System_Replacement_Seed_Pod_Kits.jpg?resize=350%2C200&ssl=1","width":350,"height":200,"srcset":"https:\/\/i0.wp.com\/indoorgarden.ee\/wp-content\/uploads\/2025\/07\/172PcsHydroponics172pcs_Growing_System_Replacement_Seed_Pod_Kits.jpg?resize=350%2C200&ssl=1 1x, https:\/\/i0.wp.com\/indoorgarden.ee\/wp-content\/uploads\/2025\/07\/172PcsHydroponics172pcs_Growing_System_Replacement_Seed_Pod_Kits.jpg?resize=525%2C300&ssl=1 1.5x, https:\/\/i0.wp.com\/indoorgarden.ee\/wp-content\/uploads\/2025\/07\/172PcsHydroponics172pcs_Growing_System_Replacement_Seed_Pod_Kits.jpg?resize=700%2C400&ssl=1 2x, https:\/\/i0.wp.com\/indoorgarden.ee\/wp-content\/uploads\/2025\/07\/172PcsHydroponics172pcs_Growing_System_Replacement_Seed_Pod_Kits.jpg?resize=1050%2C600&ssl=1 3x, https:\/\/i0.wp.com\/indoorgarden.ee\/wp-content\/uploads\/2025\/07\/172PcsHydroponics172pcs_Growing_System_Replacement_Seed_Pod_Kits.jpg?resize=1400%2C800&ssl=1 4x"},"classes":[]},{"id":805,"url":"https:\/\/indoorgarden.ee\/et\/toode\/letpot-200-tk-hudropoonikasusteemi-asendussammast-sobib-max-senior-air-jaoks\/","url_meta":{"origin":1728,"position":2},"title":"LetPot 200 tk asenduskasvuk\u00e4snade komplekt \u2013 LetPot Max, Senior, Air, Lite mudelitele","author":"admin","date":"23. juuli 2025","format":false,"excerpt":"200-osaline asenduskomplekt: 100 turbap\u00f5hist kasvuk\u00e4sna ja 100 valgust blokeerivat kleepsu LetPot Max, Senior, Air ja Lite mudelitele. Sobib ka AeroGardeni ja iDOO s\u00fcsteemidesse.","rel":"","context":"Similar post","block_context":{"text":"Similar post","link":""},"img":{"alt_text":"","src":"https:\/\/i0.wp.com\/indoorgarden.ee\/wp-content\/uploads\/2025\/07\/200Pcs_LetPot_Grow_Sponges.jpg?resize=350%2C200&ssl=1","width":350,"height":200,"srcset":"https:\/\/i0.wp.com\/indoorgarden.ee\/wp-content\/uploads\/2025\/07\/200Pcs_LetPot_Grow_Sponges.jpg?resize=350%2C200&ssl=1 1x, https:\/\/i0.wp.com\/indoorgarden.ee\/wp-content\/uploads\/2025\/07\/200Pcs_LetPot_Grow_Sponges.jpg?resize=525%2C300&ssl=1 1.5x"},"classes":[]},{"id":1729,"url":"https:\/\/indoorgarden.ee\/et\/toode\/letpot-tugivarraste-ja-pimenduskatete-pakett\/","url_meta":{"origin":1728,"position":3},"title":"LetPot tugivardad ja pimenduskatted \u2013 t\u00e4iendav komplekt","author":"admin","date":"21. aug. 2025","format":false,"excerpt":"Tugivardad ja pimenduskatted LetPot nutiaedadele. Tugivardad hoiavad k\u00f5rgemad taimed p\u00fcsti, pimenduskatted varjavad veepaagi valguse eest, et v\u00e4ltida vetikate teket.","rel":"","context":"Similar post","block_context":{"text":"Similar post","link":""},"img":{"alt_text":"Toetusvardad ja pimenduskatete pakett","src":"https:\/\/i0.wp.com\/indoorgarden.ee\/wp-content\/uploads\/2025\/08\/LetPot-Supporting-Rods-and-Blackout-Covers-Package.webp?resize=350%2C200&ssl=1","width":350,"height":200,"srcset":"https:\/\/i0.wp.com\/indoorgarden.ee\/wp-content\/uploads\/2025\/08\/LetPot-Supporting-Rods-and-Blackout-Covers-Package.webp?resize=350%2C200&ssl=1 1x, https:\/\/i0.wp.com\/indoorgarden.ee\/wp-content\/uploads\/2025\/08\/LetPot-Supporting-Rods-and-Blackout-Covers-Package.webp?resize=525%2C300&ssl=1 1.5x, https:\/\/i0.wp.com\/indoorgarden.ee\/wp-content\/uploads\/2025\/08\/LetPot-Supporting-Rods-and-Blackout-Covers-Package.webp?resize=700%2C400&ssl=1 2x, https:\/\/i0.wp.com\/indoorgarden.ee\/wp-content\/uploads\/2025\/08\/LetPot-Supporting-Rods-and-Blackout-Covers-Package.webp?resize=1050%2C600&ssl=1 3x, https:\/\/i0.wp.com\/indoorgarden.ee\/wp-content\/uploads\/2025\/08\/LetPot-Supporting-Rods-and-Blackout-Covers-Package.webp?resize=1400%2C800&ssl=1 4x"},"classes":[]},{"id":838,"url":"https:\/\/indoorgarden.ee\/et\/toode\/letpot-hudropoonikasusteemi-kasvatamine-letpot-maxile-moeldud-vorega-stendil\/","url_meta":{"origin":1728,"position":4},"title":"LetPot taimetugi LetPot Max-ile \u2013 k\u00f5rgematele taimedele tomatitele ja t\u0161illile","author":"admin","date":"23. juuli 2025","format":false,"excerpt":"Reguleeritav taimetugi LetPot Max nutiaiale, m\u00f5eldud k\u00f5rgematele kultuuridele nagu tomatid, t\u0161illi ja v\u00e4\u00e4nlevad \u00fcrdid. Hoiab taimed p\u00fcsti.","rel":"","context":"Similar post","block_context":{"text":"Similar post","link":""},"img":{"alt_text":"","src":"https:\/\/i0.wp.com\/indoorgarden.ee\/wp-content\/uploads\/2025\/07\/LPH_MAX_Growing_Trellis_Stand.jpg?resize=350%2C200&ssl=1","width":350,"height":200,"srcset":"https:\/\/i0.wp.com\/indoorgarden.ee\/wp-content\/uploads\/2025\/07\/LPH_MAX_Growing_Trellis_Stand.jpg?resize=350%2C200&ssl=1 1x, https:\/\/i0.wp.com\/indoorgarden.ee\/wp-content\/uploads\/2025\/07\/LPH_MAX_Growing_Trellis_Stand.jpg?resize=525%2C300&ssl=1 1.5x, https:\/\/i0.wp.com\/indoorgarden.ee\/wp-content\/uploads\/2025\/07\/LPH_MAX_Growing_Trellis_Stand.jpg?resize=700%2C400&ssl=1 2x, https:\/\/i0.wp.com\/indoorgarden.ee\/wp-content\/uploads\/2025\/07\/LPH_MAX_Growing_Trellis_Stand.jpg?resize=1050%2C600&ssl=1 3x, https:\/\/i0.wp.com\/indoorgarden.ee\/wp-content\/uploads\/2025\/07\/LPH_MAX_Growing_Trellis_Stand.jpg?resize=1400%2C800&ssl=1 4x"},"classes":[]},{"id":811,"url":"https:\/\/indoorgarden.ee\/et\/toode\/letpot-max-hydroponics-kasvatussusteem-21-pod-ja-2-pod-kasvatussusteem\/","url_meta":{"origin":1728,"position":5},"title":"LetPot Max 21-pesaline nutiaed \u2013 t\u00e4isautomaatne premium-s\u00fcsteem \u00fcrtidele ja k\u00f6\u00f6giviljadele","author":"admin","date":"23. juuli 2025","format":false,"excerpt":"Suurim LetPot mudel: 21 taimepesa p\u00f5hitaimedele ja 2 lisapesa k\u00f5rgematele kultuuridele. T\u00e4isautomaatne kastmine, sensoritega niiskuse j\u00e4lgimine ja Wi-Fi \u00e4piga juhitavus. Sobib peredele, kes kasvatavad palju ja tahavad regulaarset saaki k\u00f6\u00f6gilauale.","rel":"","context":"Similar post","block_context":{"text":"Similar post","link":""},"img":{"alt_text":"","src":"https:\/\/i0.wp.com\/indoorgarden.ee\/wp-content\/uploads\/2025\/07\/LetPot_Max_Hydroponics_Latest_version.jpg?resize=350%2C200&ssl=1","width":350,"height":200,"srcset":"https:\/\/i0.wp.com\/indoorgarden.ee\/wp-content\/uploads\/2025\/07\/LetPot_Max_Hydroponics_Latest_version.jpg?resize=350%2C200&ssl=1 1x, https:\/\/i0.wp.com\/indoorgarden.ee\/wp-content\/uploads\/2025\/07\/LetPot_Max_Hydroponics_Latest_version.jpg?resize=525%2C300&ssl=1 1.5x, https:\/\/i0.wp.com\/indoorgarden.ee\/wp-content\/uploads\/2025\/07\/LetPot_Max_Hydroponics_Latest_version.jpg?resize=700%2C400&ssl=1 2x, https:\/\/i0.wp.com\/indoorgarden.ee\/wp-content\/uploads\/2025\/07\/LetPot_Max_Hydroponics_Latest_version.jpg?resize=1050%2C600&ssl=1 3x, https:\/\/i0.wp.com\/indoorgarden.ee\/wp-content\/uploads\/2025\/07\/LetPot_Max_Hydroponics_Latest_version.jpg?resize=1400%2C800&ssl=1 4x"},"classes":[]}],"_links":{"self":[{"href":"https:\/\/indoorgarden.ee\/et\/wp-json\/wp\/v2\/product\/1728","targetHints":{"allow":["GET"]}}],"collection":[{"href":"https:\/\/indoorgarden.ee\/et\/wp-json\/wp\/v2\/product"}],"about":[{"href":"https:\/\/indoorgarden.ee\/et\/wp-json\/wp\/v2\/types\/product"}],"replies":[{"embeddable":true,"href":"https:\/\/indoorgarden.ee\/et\/wp-json\/wp\/v2\/comments?post=1728"}],"wp:featuredmedia":[{"embeddable":true,"href":"https:\/\/indoorgarden.ee\/et\/wp-json\/wp\/v2\/media\/1583"}],"wp:attachment":[{"href":"https:\/\/indoorgarden.ee\/et\/wp-json\/wp\/v2\/media?parent=1728"}],"wp:term":[{"taxonomy":"product_brand","embeddable":true,"href":"https:\/\/indoorgarden.ee\/et\/wp-json\/wp\/v2\/product_brand?post=1728"},{"taxonomy":"product_cat","embeddable":true,"href":"https:\/\/indoorgarden.ee\/et\/wp-json\/wp\/v2\/product_cat?post=1728"},{"taxonomy":"product_tag","embeddable":true,"href":"https:\/\/indoorgarden.ee\/et\/wp-json\/wp\/v2\/product_tag?post=1728"}],"curies":[{"name":"wp","href":"https:\/\/api.w.org\/{rel}","templated":true}]}}