{"id":1727,"date":"2025-08-21T16:34:27","date_gmt":"2025-08-21T13:34:27","guid":{"rendered":"https:\/\/indoorgarden.ee\/product\/letpot-77-tk-vesiviljelussusteemi-asenduskomplekt-sobib-ainult-letpot-mini-jaoks\/"},"modified":"2026-04-26T15:42:26","modified_gmt":"2026-04-26T12:42:26","slug":"letpot-77-tk-vesiviljelussusteemi-asenduskomplekt-sobib-ainult-letpot-mini-jaoks","status":"publish","type":"product","link":"https:\/\/indoorgarden.ee\/et\/toode\/letpot-77-tk-vesiviljelussusteemi-asenduskomplekt-sobib-ainult-letpot-mini-jaoks\/","title":{"rendered":"LetPot 77-osaline asendustaimepesade komplekt \u2013 ainult LetPot Mini mudelile"},"content":{"rendered":"<h2>Toote kohta<\/h2>\n<p>See 77-osaline asenduskomplekt on m\u00f5eldud ainult <strong>LetPot Mini h\u00fcdropoonilise kasvatuss\u00fcsteemi<\/strong> jaoks. Komplekt sobib ideaalselt pidevaks siseaianduseks ja sisaldab k\u00f5iki olulisi tarvikuid, mida vajad uute istutuste alustamiseks ja oma nutika aia parimaks toimimiseks. See komplekt sisaldab k\u00f5ike, mida vajad oma nutiaia jaoks: k\u00e4snad, istutuskorvid, kuplid, varjukleepsud (m\u00f5ned taimed vajavad pimedust idanemisperioodil)\u00a0 ja toitainelahused, et maitsetaimed, k\u00f6\u00f6giviljad, teetaimed, lilled v\u00f5i muu, mida oma nutiaias kasvatad kasvaks rikkalikult aastaringselt.<\/p>\n<h2>Miks valida see komplekt?<\/h2>\n<ul>\n<li><strong>\u00dchildub LetPot Mini&#8217;ga:<\/strong> Spetsiaalselt disainitud ruudukujuline k\u00e4snas\u00fcsteem tagab t\u00e4iusliku sobivuse.<\/li>\n<li><strong>T\u00e4ielik stardipakett:<\/strong> Sisaldab kasvupesasid, toitainelahuseid,istutuskorve, kupleid ja varjukleebiseid.<\/li>\n<li><strong>Tervislik kasv:<\/strong> Kvaliteetsed k\u00e4snad ja kuplid aitavad seemnetel kiiremini idaneda ja s\u00e4ilitada niiskust.<\/li>\n<li><strong>Lihtne organiseerimine:<\/strong> Taimede kleebised v\u00f5imaldavad teil j\u00e4lgida erinevaid maitsetaimi ja k\u00f6\u00f6givilju.<\/li>\n<li><strong>Aastaringne aiandus:<\/strong> Hoidke oma h\u00fcdropooniline s\u00fcsteem alati valmis v\u00e4rsketeks istutusteks.<\/li>\n<\/ul>\n<h2>Mida sisaldab \u00fcks pakett<\/h2>\n<ul>\n<li>H\u00fcdropoonilised toitained: A ja B \u00d7 1 komplekt<\/li>\n<li>Kasvuk\u00e4snad \u00d7 30 tk<\/li>\n<li>Istutuskorvid \u00d7 10 tk<\/li>\n<li>Niiskuskuplid \u00d7 5 tk<\/li>\n<li>Taimede kleebised \u00d7 30 tk<\/li>\n<\/ul>\n<h2>Ideaalne<\/h2>\n<p>Sobib ideaalselt v\u00e4rskete <strong>maitsetaimede, lehtk\u00f6\u00f6giviljade, v\u00e4ikeste k\u00f6\u00f6giviljade, teetaimede ja lillede<\/strong> kasvatamiseks LetPot Mini s\u00fcsteemis. Olenemata sellest, kas te alustate uusi istikuid v\u00f5i vahetate v\u00e4lja vanu k\u00e4snasid, see komplekt tagab, et teie nutiaed j\u00e4\u00e4b katkematult tootlikuks.<\/p>\n<h2>M\u00e4rkus<\/h2>\n<p>See komplekt <strong>sobib ainult LetPot Mini jaoks<\/strong>. See ei \u00fchildu teiste LetPot-mudelitega.<\/p>\n","protected":false},"excerpt":{"rendered":"<p>77-osaline asenduskomplekt LetPot Mini nutiaiale. Sisaldab kasvuk\u00e4snu, korve ja toitaineid. Sobib ainult LetPot Mini mudelile.<\/p>\n","protected":false},"featured_media":1575,"comment_status":"closed","ping_status":"closed","template":"","meta":[],"product_brand":[125],"product_cat":[109,113],"product_tag":[],"class_list":{"0":"post-1727","1":"product","2":"type-product","3":"status-publish","4":"has-post-thumbnail","6":"product_brand-letpot-et","7":"product_cat-nutiaedade-tarvikud","8":"product_cat-nutiaia-kasvupesad","10":"first","11":"instock","12":"taxable","13":"shipping-taxable","14":"purchasable","15":"product-type-simple"},"jetpack_sharing_enabled":true,"jetpack-related-posts":[{"id":1728,"url":"https:\/\/indoorgarden.ee\/et\/toode\/letpot-big-grow-kasnade-komplekt-letpot-max-2-pod-salve-jaoks\/","url_meta":{"origin":1727,"position":0},"title":"LetPot suured kasvuk\u00e4snad LetPot Max 2-pesalisele alusele","author":"admin","date":"21. aug. 2025","format":false,"excerpt":"Suuremad kasvuk\u00e4snad LetPot Max nutiaia 2-pesalisele alusele \u2013 m\u00f5eldud k\u00f5rgematele kultuuridele nagu tomatid ja t\u0161illi, mis vajavad rohkem juurteruumi.","rel":"","context":"Similar post","block_context":{"text":"Similar post","link":""},"img":{"alt_text":"Max's 2-pod Tray Big Grow Sponges Kit (2-pod Tray Big Grow Sponges Kit)","src":"https:\/\/i0.wp.com\/indoorgarden.ee\/wp-content\/uploads\/2025\/08\/LetPot-Max%E2%80%98s-2-Pod-Tray-Big-Grow-Sponges-Kit.webp?resize=350%2C200&ssl=1","width":350,"height":200,"srcset":"https:\/\/i0.wp.com\/indoorgarden.ee\/wp-content\/uploads\/2025\/08\/LetPot-Max%E2%80%98s-2-Pod-Tray-Big-Grow-Sponges-Kit.webp?resize=350%2C200&ssl=1 1x, https:\/\/i0.wp.com\/indoorgarden.ee\/wp-content\/uploads\/2025\/08\/LetPot-Max%E2%80%98s-2-Pod-Tray-Big-Grow-Sponges-Kit.webp?resize=525%2C300&ssl=1 1.5x, https:\/\/i0.wp.com\/indoorgarden.ee\/wp-content\/uploads\/2025\/08\/LetPot-Max%E2%80%98s-2-Pod-Tray-Big-Grow-Sponges-Kit.webp?resize=700%2C400&ssl=1 2x, https:\/\/i0.wp.com\/indoorgarden.ee\/wp-content\/uploads\/2025\/08\/LetPot-Max%E2%80%98s-2-Pod-Tray-Big-Grow-Sponges-Kit.webp?resize=1050%2C600&ssl=1 3x, https:\/\/i0.wp.com\/indoorgarden.ee\/wp-content\/uploads\/2025\/08\/LetPot-Max%E2%80%98s-2-Pod-Tray-Big-Grow-Sponges-Kit.webp?resize=1400%2C800&ssl=1 4x"},"classes":[]},{"id":826,"url":"https:\/\/indoorgarden.ee\/et\/toode\/letpot-172tk-hudropoonikasusteemi-asenduskomplektid-sobivad-max-senior-air-jaoks\/","url_meta":{"origin":1727,"position":1},"title":"LetPot 172-osaline asendustaimepesade komplekt \u2013 Max, Senior, Air, Lite mudelitele","author":"admin","date":"23. juuli 2025","format":false,"excerpt":"172-osaline asenduskomplekt: kasvuk\u00e4snad, korvid ja toitained LetPot Max, Senior, Air ja Lite h\u00fcdropoonika nutiaedadele. Sobib ka AeroGardeni ja iDOO s\u00fcsteemidesse.","rel":"","context":"Similar post","block_context":{"text":"Similar post","link":""},"img":{"alt_text":"","src":"https:\/\/i0.wp.com\/indoorgarden.ee\/wp-content\/uploads\/2025\/07\/172PcsHydroponics172pcs_Growing_System_Replacement_Seed_Pod_Kits.jpg?resize=350%2C200&ssl=1","width":350,"height":200,"srcset":"https:\/\/i0.wp.com\/indoorgarden.ee\/wp-content\/uploads\/2025\/07\/172PcsHydroponics172pcs_Growing_System_Replacement_Seed_Pod_Kits.jpg?resize=350%2C200&ssl=1 1x, https:\/\/i0.wp.com\/indoorgarden.ee\/wp-content\/uploads\/2025\/07\/172PcsHydroponics172pcs_Growing_System_Replacement_Seed_Pod_Kits.jpg?resize=525%2C300&ssl=1 1.5x, https:\/\/i0.wp.com\/indoorgarden.ee\/wp-content\/uploads\/2025\/07\/172PcsHydroponics172pcs_Growing_System_Replacement_Seed_Pod_Kits.jpg?resize=700%2C400&ssl=1 2x, https:\/\/i0.wp.com\/indoorgarden.ee\/wp-content\/uploads\/2025\/07\/172PcsHydroponics172pcs_Growing_System_Replacement_Seed_Pod_Kits.jpg?resize=1050%2C600&ssl=1 3x, https:\/\/i0.wp.com\/indoorgarden.ee\/wp-content\/uploads\/2025\/07\/172PcsHydroponics172pcs_Growing_System_Replacement_Seed_Pod_Kits.jpg?resize=1400%2C800&ssl=1 4x"},"classes":[]},{"id":1729,"url":"https:\/\/indoorgarden.ee\/et\/toode\/letpot-tugivarraste-ja-pimenduskatete-pakett\/","url_meta":{"origin":1727,"position":2},"title":"LetPot tugivardad ja pimenduskatted \u2013 t\u00e4iendav komplekt","author":"admin","date":"21. aug. 2025","format":false,"excerpt":"Tugivardad ja pimenduskatted LetPot nutiaedadele. Tugivardad hoiavad k\u00f5rgemad taimed p\u00fcsti, pimenduskatted varjavad veepaagi valguse eest, et v\u00e4ltida vetikate teket.","rel":"","context":"Similar post","block_context":{"text":"Similar post","link":""},"img":{"alt_text":"Toetusvardad ja pimenduskatete pakett","src":"https:\/\/i0.wp.com\/indoorgarden.ee\/wp-content\/uploads\/2025\/08\/LetPot-Supporting-Rods-and-Blackout-Covers-Package.webp?resize=350%2C200&ssl=1","width":350,"height":200,"srcset":"https:\/\/i0.wp.com\/indoorgarden.ee\/wp-content\/uploads\/2025\/08\/LetPot-Supporting-Rods-and-Blackout-Covers-Package.webp?resize=350%2C200&ssl=1 1x, https:\/\/i0.wp.com\/indoorgarden.ee\/wp-content\/uploads\/2025\/08\/LetPot-Supporting-Rods-and-Blackout-Covers-Package.webp?resize=525%2C300&ssl=1 1.5x, https:\/\/i0.wp.com\/indoorgarden.ee\/wp-content\/uploads\/2025\/08\/LetPot-Supporting-Rods-and-Blackout-Covers-Package.webp?resize=700%2C400&ssl=1 2x, https:\/\/i0.wp.com\/indoorgarden.ee\/wp-content\/uploads\/2025\/08\/LetPot-Supporting-Rods-and-Blackout-Covers-Package.webp?resize=1050%2C600&ssl=1 3x, https:\/\/i0.wp.com\/indoorgarden.ee\/wp-content\/uploads\/2025\/08\/LetPot-Supporting-Rods-and-Blackout-Covers-Package.webp?resize=1400%2C800&ssl=1 4x"},"classes":[]},{"id":805,"url":"https:\/\/indoorgarden.ee\/et\/toode\/letpot-200-tk-hudropoonikasusteemi-asendussammast-sobib-max-senior-air-jaoks\/","url_meta":{"origin":1727,"position":3},"title":"LetPot 200 tk asenduskasvuk\u00e4snade komplekt \u2013 LetPot Max, Senior, Air, Lite mudelitele","author":"admin","date":"23. juuli 2025","format":false,"excerpt":"200-osaline asenduskomplekt: 100 turbap\u00f5hist kasvuk\u00e4sna ja 100 valgust blokeerivat kleepsu LetPot Max, Senior, Air ja Lite mudelitele. Sobib ka AeroGardeni ja iDOO s\u00fcsteemidesse.","rel":"","context":"Similar post","block_context":{"text":"Similar post","link":""},"img":{"alt_text":"","src":"https:\/\/i0.wp.com\/indoorgarden.ee\/wp-content\/uploads\/2025\/07\/200Pcs_LetPot_Grow_Sponges.jpg?resize=350%2C200&ssl=1","width":350,"height":200,"srcset":"https:\/\/i0.wp.com\/indoorgarden.ee\/wp-content\/uploads\/2025\/07\/200Pcs_LetPot_Grow_Sponges.jpg?resize=350%2C200&ssl=1 1x, https:\/\/i0.wp.com\/indoorgarden.ee\/wp-content\/uploads\/2025\/07\/200Pcs_LetPot_Grow_Sponges.jpg?resize=525%2C300&ssl=1 1.5x"},"classes":[]},{"id":1723,"url":"https:\/\/indoorgarden.ee\/et\/toode\/letpot-max-asendusvalgustuspaneel-reguleeritava-varrega\/","url_meta":{"origin":1727,"position":4},"title":"LetPot asendusvalguspaneel LetPot Max-ile (reguleeritava varrega)","author":"admin","date":"21. aug. 2025","format":false,"excerpt":"Asendusvalguspaneel LetPot Max nutiaiale, koos reguleeritava varrega. Originaalvaruosa, sobib t\u00e4pselt mudelile.","rel":"","context":"Similar post","block_context":{"text":"Similar post","link":""},"img":{"alt_text":"LetPot Max asendusvalgustuspaneel reguleeritava varrega","src":"https:\/\/i0.wp.com\/indoorgarden.ee\/wp-content\/uploads\/2025\/08\/LetPot-Max-Replacement-Light-Panel-with-Adjustable-Rod.webp?resize=350%2C200&ssl=1","width":350,"height":200,"srcset":"https:\/\/i0.wp.com\/indoorgarden.ee\/wp-content\/uploads\/2025\/08\/LetPot-Max-Replacement-Light-Panel-with-Adjustable-Rod.webp?resize=350%2C200&ssl=1 1x, https:\/\/i0.wp.com\/indoorgarden.ee\/wp-content\/uploads\/2025\/08\/LetPot-Max-Replacement-Light-Panel-with-Adjustable-Rod.webp?resize=525%2C300&ssl=1 1.5x, https:\/\/i0.wp.com\/indoorgarden.ee\/wp-content\/uploads\/2025\/08\/LetPot-Max-Replacement-Light-Panel-with-Adjustable-Rod.webp?resize=700%2C400&ssl=1 2x, https:\/\/i0.wp.com\/indoorgarden.ee\/wp-content\/uploads\/2025\/08\/LetPot-Max-Replacement-Light-Panel-with-Adjustable-Rod.webp?resize=1050%2C600&ssl=1 3x, https:\/\/i0.wp.com\/indoorgarden.ee\/wp-content\/uploads\/2025\/08\/LetPot-Max-Replacement-Light-Panel-with-Adjustable-Rod.webp?resize=1400%2C800&ssl=1 4x"},"classes":[]},{"id":1311,"url":"https:\/\/indoorgarden.ee\/et\/toode\/buzzy-orgaaniline-klaasist-idanemiskauss-rukola-seemnetega-lihtne-mikrokoogiviljade-komplekt-siseruumides-bpa-vaba-14cm\/","url_meta":{"origin":1727,"position":5},"title":"Buzzy mahe klaasidanduskauss rukola seemnetega \u2013 mikrov\u00f5rsete komplekt 14 cm BPA-vaba","author":"admin","date":"31. juuli 2025","format":false,"excerpt":"Buzzy mahe klaasidanduskauss koos rukola seemnetega. Lihtne mikrov\u00f5rsete kasvatuseks, BPA-vaba klaas, 14 cm \u2013 idud valmis \u00fche n\u00e4dalaga.","rel":"","context":"Similar post","block_context":{"text":"Similar post","link":""},"img":{"alt_text":"","src":"https:\/\/i0.wp.com\/indoorgarden.ee\/wp-content\/uploads\/2025\/07\/8711117853879.jpg?resize=350%2C200&ssl=1","width":350,"height":200,"srcset":"https:\/\/i0.wp.com\/indoorgarden.ee\/wp-content\/uploads\/2025\/07\/8711117853879.jpg?resize=350%2C200&ssl=1 1x, https:\/\/i0.wp.com\/indoorgarden.ee\/wp-content\/uploads\/2025\/07\/8711117853879.jpg?resize=525%2C300&ssl=1 1.5x, https:\/\/i0.wp.com\/indoorgarden.ee\/wp-content\/uploads\/2025\/07\/8711117853879.jpg?resize=700%2C400&ssl=1 2x"},"classes":[]}],"_links":{"self":[{"href":"https:\/\/indoorgarden.ee\/et\/wp-json\/wp\/v2\/product\/1727","targetHints":{"allow":["GET"]}}],"collection":[{"href":"https:\/\/indoorgarden.ee\/et\/wp-json\/wp\/v2\/product"}],"about":[{"href":"https:\/\/indoorgarden.ee\/et\/wp-json\/wp\/v2\/types\/product"}],"replies":[{"embeddable":true,"href":"https:\/\/indoorgarden.ee\/et\/wp-json\/wp\/v2\/comments?post=1727"}],"wp:featuredmedia":[{"embeddable":true,"href":"https:\/\/indoorgarden.ee\/et\/wp-json\/wp\/v2\/media\/1575"}],"wp:attachment":[{"href":"https:\/\/indoorgarden.ee\/et\/wp-json\/wp\/v2\/media?parent=1727"}],"wp:term":[{"taxonomy":"product_brand","embeddable":true,"href":"https:\/\/indoorgarden.ee\/et\/wp-json\/wp\/v2\/product_brand?post=1727"},{"taxonomy":"product_cat","embeddable":true,"href":"https:\/\/indoorgarden.ee\/et\/wp-json\/wp\/v2\/product_cat?post=1727"},{"taxonomy":"product_tag","embeddable":true,"href":"https:\/\/indoorgarden.ee\/et\/wp-json\/wp\/v2\/product_tag?post=1727"}],"curies":[{"name":"wp","href":"https:\/\/api.w.org\/{rel}","templated":true}]}}