{"id":1447,"date":"2025-08-08T21:01:09","date_gmt":"2025-08-08T18:01:09","guid":{"rendered":"https:\/\/indoorgarden.ee\/product\/oribon-black-collection-origami-taimepott-koos-maitsetaimede-seemnetega\/"},"modified":"2026-04-26T18:51:29","modified_gmt":"2026-04-26T15:51:29","slug":"oribon-black-collection-origami-taimepott-koos-maitsetaimede-seemnetega","status":"publish","type":"product","link":"https:\/\/indoorgarden.ee\/et\/toode\/oribon-black-collection-origami-taimepott-koos-maitsetaimede-seemnetega\/","title":{"rendered":"OriBon Black kollektsioon \u2013 origamipott koos \u00fcrdiseemnetega"},"content":{"rendered":"<h2>OriBon Black Collection &#8211; Origami taimepott koos maitsetaimede seemnetega<\/h2>\n<p>Tooge oma siseaeda ajatu stiil Sumi Black, origami-stiilis taimepott &#8211; lihtne ja kingitav komplekt lastele, algajatele ja aiandushuvilistele. Komplektis on maitsetaimede seemned, et saaksite kohe kasvatama hakata. <\/p>\n<h3>Miks OriBon? Mis teeb selle ainulaadseks <\/h3>\n<ul>\n<li><strong>Sumi Black Design:<\/strong> Minimalistlik, klassikaline v\u00e4limus, mis t\u00f5stab esile iga aknalaua v\u00f5i laua.<\/li>\n<li><strong>J\u00e4tkusuutlik kivipaber:<\/strong> Valmistatud kivij\u00e4\u00e4tmetest &#8211; puid ei raiuta. Veekindel, vastupidav ja kergesti puhastatav. <\/li>\n<li><strong>Algaja ja lapses\u00f5bralik:<\/strong> ei mingit l\u00f5ikamist ega liimimist &#8211; lihtsalt voldi m\u00f6\u00f6da numbrilisi jooni ja oledki valmis.<\/li>\n<li><strong>Kingitusvalmis:<\/strong> Kodukokkadele, disainis\u00f5pradele ja uudishimulikele noortele kasvatajatele l\u00e4bim\u00f5eldud kingitus.<\/li>\n<\/ul>\n<h3>Kuidas see toimib<\/h3>\n<ol>\n<li><strong>Kokkupandud:<\/strong> Kujundage oma OriBon-potti, j\u00e4rgides nummerdatud voldimisi &#8211; k\u00e4\u00e4rid v\u00f5i liim ei ole vajalikud.<\/li>\n<li><strong>T\u00e4itmine:<\/strong> lisage kvaliteetset potisegu v\u00f5i kookoskoori ja tasandage pind (kasvusubstraat ei kuulu komplekti).<\/li>\n<li><strong>K\u00fclv:<\/strong> Piserdage lisatud maitsetaimede seemned, katke kergelt ja niisutage veega.<\/li>\n<li><strong>Koht ja hooldus:<\/strong> Hoidke \u00fchtlaselt niiskena heledas, kaudses valguses. Enamik maitsetaimi idaneb 5-14 p\u00e4evaga. <\/li>\n<li><strong>Nautige:<\/strong> Korjake \u00f5rnad lehed, et lisada v\u00e4rsket maitset igap\u00e4evastele toitudele.<\/li>\n<\/ol>\n<p><iframe loading=\"lazy\" title=\"YouTube'i videom\u00e4ngija\" src=\"https:\/\/www.youtube-nocookie.com\/embed\/iy-il6Aagqs?si=nh8zAw346AOjNGEn\" width=\"560\" height=\"315\" frameborder=\"0\" allowfullscreen=\"allowfullscreen\"><\/iframe><\/p>\n<h3>Mida sisaldab<\/h3>\n<ul>\n<li>1 origami taimepott Sumi Black disainiga (kivipaber; te voldite seda)<\/li>\n<li>1 kotike maitsetaimede seemneid<\/li>\n<li>Juhised ja inspiratsiooni ideed<\/li>\n<\/ul>\n<p><em>* Ilma taimedeta. Mustri viimistlus ja seemnet\u00fc\u00fcbid v\u00f5ivad erineda. <\/em><\/p>\n<h3>OriBoni lugu<\/h3>\n<p>Jaapani Toyamas s\u00fcndinud ja 1999. aastast Hamburgis asuva disaineri Koi loodud OriBon \u00fchendab Jaapani origami ja bonsai teooria kaasaegse linnadisainiga. 2019. aastal asutatud OriBon on toonud stiilse ja j\u00e4tkusuutliku kasvatamise \u00fcle 50 000 kodusse. <\/p>\n","protected":false},"excerpt":{"rendered":"<p>OriBon Black kollektsioon \u2013 must origamipott koos \u00fcrdiseemnetega. Stiilne disain ja Eesti tootmine.<\/p>\n","protected":false},"featured_media":1413,"comment_status":"closed","ping_status":"closed","template":"","meta":[],"product_brand":[153],"product_cat":[138,300],"product_tag":[],"class_list":{"0":"post-1447","1":"product","2":"type-product","3":"status-publish","4":"has-post-thumbnail","6":"product_brand-oribon-et","7":"product_cat-kingitused-aianduse-huvilistele","8":"product_cat-kingitused-alla-25-e","10":"first","11":"instock","12":"taxable","13":"shipping-taxable","14":"purchasable","15":"product-type-simple"},"jetpack_sharing_enabled":true,"jetpack-related-posts":[{"id":1444,"url":"https:\/\/indoorgarden.ee\/et\/toode\/oribon-rainforest-animals-collection-origami-taimepott-koos-maitsetaimede-seemnetega\/","url_meta":{"origin":1447,"position":0},"title":"OriBon vihmametsa kollektsioon \u2013 origamipott koos \u00fcrdiseemnetega","author":"admin","date":"8. aug. 2025","format":false,"excerpt":"OriBon vihmametsa kollektsioon \u2013 origami-stiilis taimepott vihmametsa loomadega, koos \u00fcrdiseemnetega. Hea kingitus lastele ja taimes\u00f5pradele.","rel":"","context":"Similar post","block_context":{"text":"Similar post","link":""},"img":{"alt_text":"OriBon Rainforest Animals Collection - Origami taimepott koos maitsetaimede seemnetega.","src":"https:\/\/i0.wp.com\/indoorgarden.ee\/wp-content\/uploads\/2025\/08\/OriBon-Rainforest-Animals-Collection-%E2%80%93-Origami-Plant-Pot-with-Herb-Seeds-Included-1.jpg?resize=350%2C200&ssl=1","width":350,"height":200,"srcset":"https:\/\/i0.wp.com\/indoorgarden.ee\/wp-content\/uploads\/2025\/08\/OriBon-Rainforest-Animals-Collection-%E2%80%93-Origami-Plant-Pot-with-Herb-Seeds-Included-1.jpg?resize=350%2C200&ssl=1 1x, https:\/\/i0.wp.com\/indoorgarden.ee\/wp-content\/uploads\/2025\/08\/OriBon-Rainforest-Animals-Collection-%E2%80%93-Origami-Plant-Pot-with-Herb-Seeds-Included-1.jpg?resize=525%2C300&ssl=1 1.5x, https:\/\/i0.wp.com\/indoorgarden.ee\/wp-content\/uploads\/2025\/08\/OriBon-Rainforest-Animals-Collection-%E2%80%93-Origami-Plant-Pot-with-Herb-Seeds-Included-1.jpg?resize=700%2C400&ssl=1 2x"},"classes":[]},{"id":1448,"url":"https:\/\/indoorgarden.ee\/et\/toode\/oribon-black-collection-3-origami-taimepotti-koos-maitsetaimede-seemnetega-koos\/","url_meta":{"origin":1447,"position":1},"title":"OriBon Black kollektsioon \u2013 3 origamipotti koos \u00fcrdiseemnetega","author":"admin","date":"8. aug. 2025","format":false,"excerpt":"OriBon Black kollektsioon \u2013 3 mustad origamipotti koos \u00fcrdiseemnetega. Disainitud ja toodetud Eestis. Stiilne kingitus taimes\u00f5brale.","rel":"","context":"Similar post","block_context":{"text":"Similar post","link":""},"img":{"alt_text":"OriBon Black Collection - 3 origami taimepotti koos maitsetaimede seemnetega koos","src":"https:\/\/i0.wp.com\/indoorgarden.ee\/wp-content\/uploads\/2025\/08\/OriBon-Black-Collection-%E2%80%93-3-Origami-Plant-Pots-with-Herb-Seeds-Included.jpg?resize=350%2C200&ssl=1","width":350,"height":200,"srcset":"https:\/\/i0.wp.com\/indoorgarden.ee\/wp-content\/uploads\/2025\/08\/OriBon-Black-Collection-%E2%80%93-3-Origami-Plant-Pots-with-Herb-Seeds-Included.jpg?resize=350%2C200&ssl=1 1x, https:\/\/i0.wp.com\/indoorgarden.ee\/wp-content\/uploads\/2025\/08\/OriBon-Black-Collection-%E2%80%93-3-Origami-Plant-Pots-with-Herb-Seeds-Included.jpg?resize=525%2C300&ssl=1 1.5x, https:\/\/i0.wp.com\/indoorgarden.ee\/wp-content\/uploads\/2025\/08\/OriBon-Black-Collection-%E2%80%93-3-Origami-Plant-Pots-with-Herb-Seeds-Included.jpg?resize=700%2C400&ssl=1 2x"},"classes":[]},{"id":1443,"url":"https:\/\/indoorgarden.ee\/et\/toode\/oribon-classic-collection-origami-taimepott-koos-bio-microgreeniga-koos\/","url_meta":{"origin":1447,"position":2},"title":"OriBon Classic kollektsioon \u2013 origamipott koos BIO mikrov\u00f5rsetega","author":"admin","date":"8. aug. 2025","format":false,"excerpt":"OriBon Classic kollektsioon \u2013 origamipott koos mahedate mikrov\u00f5rsete seemnetega. Disainitud ja toodetud Eestis.","rel":"","context":"Similar post","block_context":{"text":"Similar post","link":""},"img":{"alt_text":"","src":"https:\/\/i0.wp.com\/indoorgarden.ee\/wp-content\/uploads\/2025\/08\/OriBon-Classic-Collection-%E2%80%93-Origami-Plant-Pot-with-BIO-Microgreen-Included-1.jpg?resize=350%2C200&ssl=1","width":350,"height":200,"srcset":"https:\/\/i0.wp.com\/indoorgarden.ee\/wp-content\/uploads\/2025\/08\/OriBon-Classic-Collection-%E2%80%93-Origami-Plant-Pot-with-BIO-Microgreen-Included-1.jpg?resize=350%2C200&ssl=1 1x, https:\/\/i0.wp.com\/indoorgarden.ee\/wp-content\/uploads\/2025\/08\/OriBon-Classic-Collection-%E2%80%93-Origami-Plant-Pot-with-BIO-Microgreen-Included-1.jpg?resize=525%2C300&ssl=1 1.5x, https:\/\/i0.wp.com\/indoorgarden.ee\/wp-content\/uploads\/2025\/08\/OriBon-Classic-Collection-%E2%80%93-Origami-Plant-Pot-with-BIO-Microgreen-Included-1.jpg?resize=700%2C400&ssl=1 2x"},"classes":[]},{"id":1442,"url":"https:\/\/indoorgarden.ee\/et\/toode\/oribon-modern-collection-origami-taimepott-koos-bio-microgreen-seemnetega\/","url_meta":{"origin":1447,"position":3},"title":"OriBon Modern kollektsioon \u2013 origamipott koos BIO mikrov\u00f5rsete seemnetega","author":"admin","date":"8. aug. 2025","format":false,"excerpt":"OriBon Modern kollektsioon \u2013 kaasaegse disainiga origamipott koos mahedate mikrov\u00f5rsete seemnetega. Eestis toodetud.","rel":"","context":"Similar post","block_context":{"text":"Similar post","link":""},"img":{"alt_text":"OriBon Modern Collection - Origami taimepott koos BIO Microgreen seemnetega","src":"https:\/\/i0.wp.com\/indoorgarden.ee\/wp-content\/uploads\/2025\/08\/OriBon-Modern-Collection-%E2%80%93-Origami-Plant-Pot-with-BIO-Microgreen-Seeds-Included-1.jpg?resize=350%2C200&ssl=1","width":350,"height":200,"srcset":"https:\/\/i0.wp.com\/indoorgarden.ee\/wp-content\/uploads\/2025\/08\/OriBon-Modern-Collection-%E2%80%93-Origami-Plant-Pot-with-BIO-Microgreen-Seeds-Included-1.jpg?resize=350%2C200&ssl=1 1x, https:\/\/i0.wp.com\/indoorgarden.ee\/wp-content\/uploads\/2025\/08\/OriBon-Modern-Collection-%E2%80%93-Origami-Plant-Pot-with-BIO-Microgreen-Seeds-Included-1.jpg?resize=525%2C300&ssl=1 1.5x, https:\/\/i0.wp.com\/indoorgarden.ee\/wp-content\/uploads\/2025\/08\/OriBon-Modern-Collection-%E2%80%93-Origami-Plant-Pot-with-BIO-Microgreen-Seeds-Included-1.jpg?resize=700%2C400&ssl=1 2x"},"classes":[]},{"id":1312,"url":"https:\/\/indoorgarden.ee\/et\/toode\/oribon-vihmametsade-loomade-kollektsioon\/","url_meta":{"origin":1447,"position":4},"title":"OriBon vihmametsa kollektsioon \u2013 3 origamipotti koos mikrov\u00f5rsete seemnetega","author":"admin","date":"2. aug. 2025","format":false,"excerpt":"OriBon origamipottide vihmametsa kollektsioon. Kolm origami-stiilis taimepotti vihmametsa loomadega, koos mikrov\u00f5rsete seemnetega \u2013 meeldej\u00e4\u00e4v kingitus lastele ja taimes\u00f5pradele.","rel":"","context":"Similar post","block_context":{"text":"Similar post","link":""},"img":{"alt_text":"","src":"https:\/\/i0.wp.com\/indoorgarden.ee\/wp-content\/uploads\/2025\/08\/Animal_selection_top.jpg?resize=350%2C200&ssl=1","width":350,"height":200,"srcset":"https:\/\/i0.wp.com\/indoorgarden.ee\/wp-content\/uploads\/2025\/08\/Animal_selection_top.jpg?resize=350%2C200&ssl=1 1x, https:\/\/i0.wp.com\/indoorgarden.ee\/wp-content\/uploads\/2025\/08\/Animal_selection_top.jpg?resize=525%2C300&ssl=1 1.5x, https:\/\/i0.wp.com\/indoorgarden.ee\/wp-content\/uploads\/2025\/08\/Animal_selection_top.jpg?resize=700%2C400&ssl=1 2x, https:\/\/i0.wp.com\/indoorgarden.ee\/wp-content\/uploads\/2025\/08\/Animal_selection_top.jpg?resize=1050%2C600&ssl=1 3x, https:\/\/i0.wp.com\/indoorgarden.ee\/wp-content\/uploads\/2025\/08\/Animal_selection_top.jpg?resize=1400%2C800&ssl=1 4x"},"classes":[]},{"id":1445,"url":"https:\/\/indoorgarden.ee\/et\/toode\/oribon-modern-collection-3-origami-taimepotti-koos-bio-microgreen-seemnetega\/","url_meta":{"origin":1447,"position":5},"title":"OriBon Modern kollektsioon \u2013 3 origamipotti koos BIO mikrov\u00f5rsete seemnetega","author":"admin","date":"8. aug. 2025","format":false,"excerpt":"OriBon Modern kollektsioon \u2013 3 origamipotti kaasaegse disainiga, koos mahedate mikrov\u00f5rsete seemnetega. Toodetud Eestis.","rel":"","context":"Similar post","block_context":{"text":"Similar post","link":""},"img":{"alt_text":"OriBon Classic Collection - 3 Origami taimepotti koos BIO Microgreen seemnetega.","src":"https:\/\/i0.wp.com\/indoorgarden.ee\/wp-content\/uploads\/2025\/08\/OriBon-Classic-Collection-%E2%80%93-3-Origami-Plant-Pots-with-BIO-Microgreen-Seeds-Included-1.jpg?resize=350%2C200&ssl=1","width":350,"height":200,"srcset":"https:\/\/i0.wp.com\/indoorgarden.ee\/wp-content\/uploads\/2025\/08\/OriBon-Classic-Collection-%E2%80%93-3-Origami-Plant-Pots-with-BIO-Microgreen-Seeds-Included-1.jpg?resize=350%2C200&ssl=1 1x, https:\/\/i0.wp.com\/indoorgarden.ee\/wp-content\/uploads\/2025\/08\/OriBon-Classic-Collection-%E2%80%93-3-Origami-Plant-Pots-with-BIO-Microgreen-Seeds-Included-1.jpg?resize=525%2C300&ssl=1 1.5x, https:\/\/i0.wp.com\/indoorgarden.ee\/wp-content\/uploads\/2025\/08\/OriBon-Classic-Collection-%E2%80%93-3-Origami-Plant-Pots-with-BIO-Microgreen-Seeds-Included-1.jpg?resize=700%2C400&ssl=1 2x"},"classes":[]}],"_links":{"self":[{"href":"https:\/\/indoorgarden.ee\/et\/wp-json\/wp\/v2\/product\/1447","targetHints":{"allow":["GET"]}}],"collection":[{"href":"https:\/\/indoorgarden.ee\/et\/wp-json\/wp\/v2\/product"}],"about":[{"href":"https:\/\/indoorgarden.ee\/et\/wp-json\/wp\/v2\/types\/product"}],"replies":[{"embeddable":true,"href":"https:\/\/indoorgarden.ee\/et\/wp-json\/wp\/v2\/comments?post=1447"}],"wp:featuredmedia":[{"embeddable":true,"href":"https:\/\/indoorgarden.ee\/et\/wp-json\/wp\/v2\/media\/1413"}],"wp:attachment":[{"href":"https:\/\/indoorgarden.ee\/et\/wp-json\/wp\/v2\/media?parent=1447"}],"wp:term":[{"taxonomy":"product_brand","embeddable":true,"href":"https:\/\/indoorgarden.ee\/et\/wp-json\/wp\/v2\/product_brand?post=1447"},{"taxonomy":"product_cat","embeddable":true,"href":"https:\/\/indoorgarden.ee\/et\/wp-json\/wp\/v2\/product_cat?post=1447"},{"taxonomy":"product_tag","embeddable":true,"href":"https:\/\/indoorgarden.ee\/et\/wp-json\/wp\/v2\/product_tag?post=1447"}],"curies":[{"name":"wp","href":"https:\/\/api.w.org\/{rel}","templated":true}]}}