{"id":1435,"date":"2025-08-09T16:56:32","date_gmt":"2025-08-09T13:56:32","guid":{"rendered":"https:\/\/indoorgarden.ee\/?post_type=product&#038;p=1435"},"modified":"2026-04-26T19:21:05","modified_gmt":"2026-04-26T16:21:05","slug":"tilli-seemned-tavaline-3g-suvipiha","status":"publish","type":"product","link":"https:\/\/indoorgarden.ee\/et\/toode\/tilli-seemned-tavaline-3g-suvipiha\/","title":{"rendered":"Aedtilli seemned tavaline 3 g \u2013 Suvipiha (Anethum graveolens)"},"content":{"rendered":"<h2>Taime kohta<\/h2>\n<p>Tavaline till (<em>Anethum graveolens<\/em>) on populaarne \u00fcheaastane maitsetaim, mis on tuntud oma sulgjate lehtede ja aromaatse maitse poolest. Seda kasutatakse laialdaselt toiduvalmistamisel salatite, kalaroogade, suppide ja hapendatud kurkide maitsestamiseks. Lisaks hinnatakse tilli ka selle seedimist soodustavate ja antioks\u00fcdantsete omaduste t\u00f5ttu, muutes selle mitmek\u00fclgseks valikuks igasse koduaeda.<\/p>\n<h2>H\u00fcdroponika ja nutiaia kasutus<\/h2>\n<p>Tilli saab kasvatada nii traditsioonilises mullas kui ka h\u00fcdroponilistes nutiaedades, kus see v\u00f5ib kasvada kuni 3x kiiremini v\u00f5rreldes mullas kasvatamisega. Nutiaias saab tilli k\u00fclvata ja koristada aastaringselt, tagades pideva v\u00e4rske maitsetaime varu. See sobib suurep\u00e4raselt kodukokkadele, kes hindavad v\u00e4rskeid, just korjatud \u00fcrte.<\/p>\n<h2>Omadused<\/h2>\n<ul>\n<li>Sort: Tavaline till<\/li>\n<li>Seemnete kogus: 3g<\/li>\n<li>Optimaalsed tingimused: P\u00e4ikeseline kasvukoht<\/li>\n<li>K\u00fclviaeg: Alates maist (V)<\/li>\n<li>Istutusskeem: Seemnete vahe 1 cm, reavahe 20 cm<\/li>\n<li>Kasvuaeg: 45\u201360 p\u00e4eva k\u00fclvist saagini<\/li>\n<li>Saak: Kui taimed on 10\u201315 cm k\u00f5rgused<\/li>\n<\/ul>\n<h2>K\u00fclv ja koristus<\/h2>\n<p>Traditsiooniliseks kasvatamiseks k\u00fclva seemned otse avamaale alates maist. V\u00f5id teha kordusk\u00fclve, et saada pidevalt v\u00e4rsket saaki. Nutiaias saab k\u00fclvata igal aastaajal, et nautida tilli v\u00e4rskelt alati, kui vaja. Lehti v\u00f5ib hakata korjama, kui taimed on 10\u201315 cm k\u00f5rgused, ja kasutada neid v\u00e4rskelt v\u00f5i s\u00e4ilitada.<\/p>\n","protected":false},"excerpt":{"rendered":"<p>Aedtilli seemned 3 g. Klassikaline \u00fcheaastane k\u00f6\u00f6gitill sulgjate aromaatsete lehtedega \u2013 sobib supile, salatile, kalaroogadele ja marineerimiseks.<\/p>\n","protected":false},"featured_media":1436,"comment_status":"closed","ping_status":"closed","template":"","meta":[],"product_brand":[],"product_cat":[93,103],"product_tag":[],"class_list":{"0":"post-1435","1":"product","2":"type-product","3":"status-publish","4":"has-post-thumbnail","6":"product_cat-seemned","7":"product_cat-urdi-seemned","8":"pa_indoor-garden-seeds-till","10":"first","11":"instock","12":"taxable","13":"shipping-taxable","14":"purchasable","15":"product-type-simple"},"jetpack_sharing_enabled":true,"jetpack-related-posts":[{"id":2032,"url":"https:\/\/indoorgarden.ee\/et\/toode\/tilli-seemned-3g-anethum-graveolens-toiduvalmistamiseks-marineerimiseks-sobib-ka-toas-kasvatamiseks\/","url_meta":{"origin":1435,"position":0},"title":"Aedtilli seemned 3 g \u2013 Anethum graveolens k\u00f6\u00f6gile, marineerimisele ja h\u00fcdropoonikale","author":"admin","date":"29. sept. 2025","format":false,"excerpt":"Aedtilli seemned 3 g. Klassikaline k\u00f6\u00f6gitill kasvab kiiresti h\u00fcdropoonikas ja nutiaias \u2013 sobib supile, kalale, kartulitele ja marineerimiseks.","rel":"","context":"Similar post","block_context":{"text":"Similar post","link":""},"img":{"alt_text":"","src":"https:\/\/i0.wp.com\/indoorgarden.ee\/wp-content\/uploads\/2025\/09\/product-153036_0-1401055.jpg?resize=350%2C200&ssl=1","width":350,"height":200,"srcset":"https:\/\/i0.wp.com\/indoorgarden.ee\/wp-content\/uploads\/2025\/09\/product-153036_0-1401055.jpg?resize=350%2C200&ssl=1 1x, https:\/\/i0.wp.com\/indoorgarden.ee\/wp-content\/uploads\/2025\/09\/product-153036_0-1401055.jpg?resize=525%2C300&ssl=1 1.5x, https:\/\/i0.wp.com\/indoorgarden.ee\/wp-content\/uploads\/2025\/09\/product-153036_0-1401055.jpg?resize=700%2C400&ssl=1 2x"},"classes":[]},{"id":1309,"url":"https:\/\/indoorgarden.ee\/et\/toode\/tilli-mammouth-seemned-anethum-graveolens-kompaktne-aromaatne-sort-sise-rodu-ja-valitingimustes-kasvatamiseks-hiline-oitsemine-20cm-1g\/","url_meta":{"origin":1435,"position":1},"title":"Aedtilli \u2018Mammoth\u2019 seemned (Anethum graveolens) \u2013 kompaktne aromaatne sort sise- ja v\u00e4litingimustele","author":"admin","date":"26. sept. 2025","format":false,"excerpt":"Aedtilli \u2018Mammoth\u2019 seemned. Kompaktne, hilise \u00f5itsemisega sort, mis sobib nii sees nutiaias kui r\u00f5dul ja \u00f5uepeenardes \u2013 aromaatne lisand kalale ja salatile.","rel":"","context":"Similar post","block_context":{"text":"Similar post","link":""},"img":{"alt_text":"","src":"https:\/\/i0.wp.com\/indoorgarden.ee\/wp-content\/uploads\/2025\/07\/product-153262_0-L1912.jpg?resize=350%2C200&ssl=1","width":350,"height":200,"srcset":"https:\/\/i0.wp.com\/indoorgarden.ee\/wp-content\/uploads\/2025\/07\/product-153262_0-L1912.jpg?resize=350%2C200&ssl=1 1x, https:\/\/i0.wp.com\/indoorgarden.ee\/wp-content\/uploads\/2025\/07\/product-153262_0-L1912.jpg?resize=525%2C300&ssl=1 1.5x, https:\/\/i0.wp.com\/indoorgarden.ee\/wp-content\/uploads\/2025\/07\/product-153262_0-L1912.jpg?resize=700%2C400&ssl=1 2x"},"classes":[]},{"id":1319,"url":"https:\/\/indoorgarden.ee\/et\/toode\/tilli-szmaragd-seemned-anethum-graveolens-aromaatne-aiasort-lehtede-varte-ja-oisikute-jaoks-sobib-nii-sise-kui-ka-valitingimustes-kasvatamiseks-1g\/","url_meta":{"origin":1435,"position":2},"title":"Aedtilli \u2018Szmaragd\u2019 seemned (Anethum graveolens) \u2013 aromaatne sort lehtedele, vartele ja \u00f5isikutele","author":"admin","date":"31. juuli 2025","format":false,"excerpt":"Aedtilli \u2018Szmaragd\u2019 seemned. Aromaatne sort, mille lehed, varred ja \u00f5isikud k\u00f5ik leiavad k\u00f6\u00f6gis kasutust. Sobib nii sees kui \u00f5ues kasvatamiseks.","rel":"","context":"Similar post","block_context":{"text":"Similar post","link":""},"img":{"alt_text":"","src":"https:\/\/i0.wp.com\/indoorgarden.ee\/wp-content\/uploads\/2025\/07\/product-153235_0-L1919.jpg?resize=350%2C200&ssl=1","width":350,"height":200,"srcset":"https:\/\/i0.wp.com\/indoorgarden.ee\/wp-content\/uploads\/2025\/07\/product-153235_0-L1919.jpg?resize=350%2C200&ssl=1 1x, https:\/\/i0.wp.com\/indoorgarden.ee\/wp-content\/uploads\/2025\/07\/product-153235_0-L1919.jpg?resize=525%2C300&ssl=1 1.5x, https:\/\/i0.wp.com\/indoorgarden.ee\/wp-content\/uploads\/2025\/07\/product-153235_0-L1919.jpg?resize=700%2C400&ssl=1 2x"},"classes":[]},{"id":2257,"url":"https:\/\/indoorgarden.ee\/et\/toode\/aedtilli-seemned-aromaantne-maitsetaim-hudropoonikas-nutiaedades-ja-valitingimustes-kasvatamiseks\/","url_meta":{"origin":1435,"position":3},"title":"Mahe aedtilli seemned (Anethum graveolens) \u2013 aromaatne maitsetaim h\u00fcdropoonikasse ja nutiaeda","author":"admin","date":"18. nov. 2025","format":false,"excerpt":"Mahe aedtilli seemned \u2013 aromaatne maitsetaim, mis kasvab h\u00e4sti nii h\u00fcdropoonikas kui mullas. Sobib supile, salatile, marineerimisele ja kohe k\u00f6\u00f6gist v\u00e4rskelt korjatuks.","rel":"","context":"Similar post","block_context":{"text":"Similar post","link":""},"img":{"alt_text":"","src":"https:\/\/i0.wp.com\/indoorgarden.ee\/wp-content\/uploads\/2025\/11\/4770168151130.png?resize=350%2C200&ssl=1","width":350,"height":200,"srcset":"https:\/\/i0.wp.com\/indoorgarden.ee\/wp-content\/uploads\/2025\/11\/4770168151130.png?resize=350%2C200&ssl=1 1x, https:\/\/i0.wp.com\/indoorgarden.ee\/wp-content\/uploads\/2025\/11\/4770168151130.png?resize=525%2C300&ssl=1 1.5x, https:\/\/i0.wp.com\/indoorgarden.ee\/wp-content\/uploads\/2025\/11\/4770168151130.png?resize=700%2C400&ssl=1 2x"},"classes":[]},{"id":2219,"url":"https:\/\/indoorgarden.ee\/et\/toode\/tuumiani-seemned-mitmeaastane-maitsetaim-hudropoonika-ja-nutikate-siseaedade-jaoks\/","url_meta":{"origin":1435,"position":4},"title":"Mahe aedt\u00fc\u00fcmiani seemned \u2013 mitmeaastane k\u00f6\u00f6gi\u00fcrt h\u00fcdropoonikasse ja nutiaeda","author":"admin","date":"18. nov. 2025","format":false,"excerpt":"Mahe aedt\u00fc\u00fcmiani seemned. Mitmeaastane vastupidav k\u00f6\u00f6gi\u00fcrt \u2013 aromaatne lisand lihale, kalale, juurviljadele ja salatile.","rel":"","context":"Similar post","block_context":{"text":"Similar post","link":""},"img":{"alt_text":"","src":"https:\/\/i0.wp.com\/indoorgarden.ee\/wp-content\/uploads\/2025\/11\/4770168151437.png?resize=350%2C200&ssl=1","width":350,"height":200,"srcset":"https:\/\/i0.wp.com\/indoorgarden.ee\/wp-content\/uploads\/2025\/11\/4770168151437.png?resize=350%2C200&ssl=1 1x, https:\/\/i0.wp.com\/indoorgarden.ee\/wp-content\/uploads\/2025\/11\/4770168151437.png?resize=525%2C300&ssl=1 1.5x, https:\/\/i0.wp.com\/indoorgarden.ee\/wp-content\/uploads\/2025\/11\/4770168151437.png?resize=700%2C400&ssl=1 2x"},"classes":[]},{"id":2233,"url":"https:\/\/indoorgarden.ee\/et\/toode\/petersell-moskrul-2-seemned-tumeroheline-maitsetaim-hudropooniliseks-ja-nutiaias-kasvatuseks\/","url_meta":{"origin":1435,"position":5},"title":"Mahe peterselli \u2018Moskrul 2\u2019 seemned \u2013 k\u00e4har tumeroheline \u00fcrt h\u00fcdropoonikasse ja nutiaeda","author":"admin","date":"18. nov. 2025","format":false,"excerpt":"Mahe peterselli \u2018Moskrul 2\u2019 seemned. K\u00e4har tumeroheline sort, sobib salatile, kaunistuseks ja toiduvalmistamiseks. Kasvab kiiresti nutiaias.","rel":"","context":"Similar post","block_context":{"text":"Similar post","link":""},"img":{"alt_text":"","src":"https:\/\/i0.wp.com\/indoorgarden.ee\/wp-content\/uploads\/2025\/11\/4770168151222.png?resize=350%2C200&ssl=1","width":350,"height":200,"srcset":"https:\/\/i0.wp.com\/indoorgarden.ee\/wp-content\/uploads\/2025\/11\/4770168151222.png?resize=350%2C200&ssl=1 1x, https:\/\/i0.wp.com\/indoorgarden.ee\/wp-content\/uploads\/2025\/11\/4770168151222.png?resize=525%2C300&ssl=1 1.5x, https:\/\/i0.wp.com\/indoorgarden.ee\/wp-content\/uploads\/2025\/11\/4770168151222.png?resize=700%2C400&ssl=1 2x"},"classes":[]}],"_links":{"self":[{"href":"https:\/\/indoorgarden.ee\/et\/wp-json\/wp\/v2\/product\/1435","targetHints":{"allow":["GET"]}}],"collection":[{"href":"https:\/\/indoorgarden.ee\/et\/wp-json\/wp\/v2\/product"}],"about":[{"href":"https:\/\/indoorgarden.ee\/et\/wp-json\/wp\/v2\/types\/product"}],"replies":[{"embeddable":true,"href":"https:\/\/indoorgarden.ee\/et\/wp-json\/wp\/v2\/comments?post=1435"}],"wp:featuredmedia":[{"embeddable":true,"href":"https:\/\/indoorgarden.ee\/et\/wp-json\/wp\/v2\/media\/1436"}],"wp:attachment":[{"href":"https:\/\/indoorgarden.ee\/et\/wp-json\/wp\/v2\/media?parent=1435"}],"wp:term":[{"taxonomy":"product_brand","embeddable":true,"href":"https:\/\/indoorgarden.ee\/et\/wp-json\/wp\/v2\/product_brand?post=1435"},{"taxonomy":"product_cat","embeddable":true,"href":"https:\/\/indoorgarden.ee\/et\/wp-json\/wp\/v2\/product_cat?post=1435"},{"taxonomy":"product_tag","embeddable":true,"href":"https:\/\/indoorgarden.ee\/et\/wp-json\/wp\/v2\/product_tag?post=1435"}],"curies":[{"name":"wp","href":"https:\/\/api.w.org\/{rel}","templated":true}]}}