{"id":1338,"date":"2025-07-29T19:09:25","date_gmt":"2025-07-29T16:09:25","guid":{"rendered":"https:\/\/indoorgarden.ee\/product\/lehtsalat-grand-rapids-pearl-gem-f1-seemned-vaga-varajane-haiguskindel-sort-smart-indoor-hydroponic-gardenile-0-5g\/"},"modified":"2026-04-26T18:53:46","modified_gmt":"2026-04-26T15:53:46","slug":"lehtsalat-grand-rapids-pearl-gem-f1-seemned-vaga-varajane-haiguskindel-sort-smart-indoor-hydroponic-gardenile-0-5g","status":"publish","type":"product","link":"https:\/\/indoorgarden.ee\/et\/toode\/lehtsalat-grand-rapids-pearl-gem-f1-seemned-vaga-varajane-haiguskindel-sort-smart-indoor-hydroponic-gardenile-0-5g\/","title":{"rendered":"Lehtsalati \u2018Grand Rapids Pearl Gem\u2019 F1 seemned \u2013 v\u00e4ga varajane haiguskindel sort h\u00fcdropoonikale ja nutiaeda \u2013 0,5 g"},"content":{"rendered":"<h2>Grand Rapids Pearl Gem F1 salatist<\/h2>\n<p>&#8216;Grand Rapids Pearl Gem&#8217; F1 on v\u00e4ga varajane ja kiiresti kasvav lehtsalatisort, mis sobib ideaalselt aednikele, kes soovivad kiiret ja rikkalikku saaki. See annab helerohelisi, korrastatud lehti, millel on kr\u00f5be tekstuur ja mahe maitse &#8211; ideaalne v\u00e4rskete salatite, wrappide ja v\u00f5ileibade jaoks.  <\/p>\n<p>See sort on v\u00e4ga produktiivne ja haiguskindel ning sobib h\u00e4sti nii avamaal, kasvuhoones kui ka kaasaegsetes siseaianduss\u00fcsteemides.<\/p>\n<h2>Miks see on suurep\u00e4rane h\u00fcdropooniliste arukate aedade jaoks<\/h2>\n<p>See sort areneb h\u00e4sti h\u00fcdropoonilistes s\u00fcsteemides ja arukates siseaedades, kus stabiilne valgustus ja p\u00fcsiv niiskus toetavad kiiret kasvu. L\u00fchikese, kuni 40 p\u00e4eva pikkuse kasvuperioodiga on see \u00fcks k\u00f5ige kiiremini koristatavaid salateid siseruumides, mis v\u00f5imaldab sagedast k\u00fclvamist ja saagikoristust kogu aasta jooksul. <\/p>\n<p>Tema vastupidavus tavalistele haigustele teeb sellest ka v\u00e4hese hooldusega valiku nii algajatele kui ka kogenud kasvatajatele.<\/p>\n<h2>Peamised omadused<\/h2>\n<ul>\n<li>V\u00e4ga varajane, k\u00f5rge saagikusega lehtsalatisort.<\/li>\n<li>Helerohelised, korrastatud lehed, mille maitse on mahe ja kr\u00f5be.<\/li>\n<li>Kiiresti kasvav &#8211; saagikoristus juba 40 p\u00e4evaga<\/li>\n<li>Tugev resistentsus levinud salatihaiguste suhtes<\/li>\n<li>Sobib avatud pinnasesse, kasvuhoonetesse ja arukatesse aedadesse.<\/li>\n<li>V\u00e4lisk\u00fclv: mai-juuni<\/li>\n<li>Nutikas siseaed: k\u00fclva ja korja saaki aastaringselt<\/li>\n<li>Kasvab t\u00e4isp\u00e4ikese k\u00e4es v\u00f5i tugeva LED-valgustuse all.<\/li>\n<li>Br\u00e4ndi: Suvipiha<\/li>\n<\/ul>\n<h2>Saagikoristuse n\u00f5uanded<\/h2>\n<p>Alustage v\u00e4limiste lehtede l\u00f5ikamist siis, kui need saavutavad kasutatava suuruse, v\u00f5i l\u00f5igake kogu roosett veidi \u00fcle p\u00f5hja. Pideva varu tagamiseks k\u00fclvake iga paari n\u00e4dala tagant uusi seemneid ja koristage regulaarselt noori lehti, et soodustada j\u00e4relkasvu. <\/p>\n","protected":false},"excerpt":{"rendered":"<p>Lehtsalati \u2018Grand Rapids Pearl Gem\u2019 F1 seemned 0,5 g. V\u00e4ga varajane, haiguskindel h\u00fcbriidsort \u2013 sobib h\u00fcdropoonikale, nutiaiale ja aknalauale.<\/p>\n","protected":false},"featured_media":912,"comment_status":"closed","ping_status":"closed","template":"","meta":[],"product_brand":[126],"product_cat":[104,93],"product_tag":[],"class_list":{"0":"post-1338","1":"product","2":"type-product","3":"status-publish","4":"has-post-thumbnail","6":"product_brand-suvipiha-et","7":"product_cat-salati-ja-lehtkoogiviljade-seemned","8":"product_cat-seemned","9":"pa_indoor-garden-seeds-lehtsalat","11":"first","12":"instock","13":"taxable","14":"shipping-taxable","15":"purchasable","16":"product-type-simple"},"jetpack_sharing_enabled":true,"jetpack-related-posts":[{"id":2287,"url":"https:\/\/indoorgarden.ee\/et\/toode\/aedsalat-salad-bowl-seemned-kiiresti-kasvav-lehtsalat-hudropoonikas-ja-nutiaedades-kasvatamiseks\/","url_meta":{"origin":1338,"position":0},"title":"Mahe lehtsalati \u2018Salad Bowl\u2019 seemned \u2013 kiirelt kasvav sort h\u00fcdropoonikasse ja nutiaeda","author":"admin","date":"18. nov. 2025","format":false,"excerpt":"Mahe lehtsalati \u2018Salad Bowl\u2019 seemned. Kiirelt kasvav, korduvalt korjatav sort \u2013 l\u00f5ika lehed ja taim kasvab uuesti tagasi.","rel":"","context":"Similar post","block_context":{"text":"Similar post","link":""},"img":{"alt_text":"","src":"https:\/\/i0.wp.com\/indoorgarden.ee\/wp-content\/uploads\/2025\/11\/4770168151611.png?resize=350%2C200&ssl=1","width":350,"height":200},"classes":[]},{"id":2279,"url":"https:\/\/indoorgarden.ee\/et\/toode\/basiilik-sweet-marseillais-seemned-aromaatiline-maitsetaim-hudropoonikas-ja-nutiaias-kasvatamiseks\/","url_meta":{"origin":1338,"position":1},"title":"Mahe basiiliku \u2018Sweet Marseillais\u2019 seemned \u2013 aromaatne maitsetaim h\u00fcdropoonikasse ja nutiaeda","author":"admin","date":"18. nov. 2025","format":false,"excerpt":"Mahe basiiliku \u2018Sweet Marseillais\u2019 seemned. Aromaatne sort pestole, Caprese salatile ja k\u00f5ikidele Itaalia roogadele.","rel":"","context":"Similar post","block_context":{"text":"Similar post","link":""},"img":{"alt_text":"","src":"https:\/\/i0.wp.com\/indoorgarden.ee\/wp-content\/uploads\/2025\/11\/4770168917484.png?resize=350%2C200&ssl=1","width":350,"height":200},"classes":[]},{"id":1333,"url":"https:\/\/indoorgarden.ee\/et\/toode\/tsillipipra-hot-lemon-seemned-tsitruselised-capsicum-baccatum-potti-salatisse-ja-kuivatamiseks-kompaktsed-tootlikud-taimed-6-10-cm-viljad-1g\/","url_meta":{"origin":1338,"position":2},"title":"T\u0161illipipra \u2018Hot Lemon\u2019 seemned \u2013 tsitruseline Capsicum baccatum potti, salsadele ja kuivatamiseks","author":"admin","date":"31. juuli 2025","format":false,"excerpt":"T\u0161illipipra \u2018Hot Lemon\u2019 seemned. Tsitrusen\u00fcansiga t\u0161illi \u2013 sobib salsadele, marinaadidele ja kuivatamiseks. Kompaktne taim, mis kannab vilja terve hooaja.","rel":"","context":"Similar post","block_context":{"text":"Similar post","link":""},"img":{"alt_text":"","src":"https:\/\/i0.wp.com\/indoorgarden.ee\/wp-content\/uploads\/2025\/07\/product-2324102_0-B71517.jpg?resize=350%2C200&ssl=1","width":350,"height":200,"srcset":"https:\/\/i0.wp.com\/indoorgarden.ee\/wp-content\/uploads\/2025\/07\/product-2324102_0-B71517.jpg?resize=350%2C200&ssl=1 1x, https:\/\/i0.wp.com\/indoorgarden.ee\/wp-content\/uploads\/2025\/07\/product-2324102_0-B71517.jpg?resize=525%2C300&ssl=1 1.5x, https:\/\/i0.wp.com\/indoorgarden.ee\/wp-content\/uploads\/2025\/07\/product-2324102_0-B71517.jpg?resize=700%2C400&ssl=1 2x"},"classes":[]},{"id":2241,"url":"https:\/\/indoorgarden.ee\/et\/toode\/salat-bionda-a-foglia-riccia-seemned-kiiresti-kasvav-lehtsalat-hudropooniliseks-ja-nutiaedades-kasvatamiseks\/","url_meta":{"origin":1338,"position":3},"title":"Mahe lehtsalati \u2018Bionda a Foglia Riccia\u2019 seemned \u2013 kiirelt kasvav sort h\u00fcdropoonikasse ja nutiaeda","author":"admin","date":"18. nov. 2025","format":false,"excerpt":"Mahe lehtsalati \u2018Bionda a Foglia Riccia\u2019 seemned. Kiirelt kasvav, kohevate kortsuliste lehtedega sort \u2013 sobib salatisse ja v\u00f5ileivale, kasvab nutiaias ja aknalaual.","rel":"","context":"Similar post","block_context":{"text":"Similar post","link":""},"img":{"alt_text":"","src":"https:\/\/i0.wp.com\/indoorgarden.ee\/wp-content\/uploads\/2025\/11\/4770168151314.png?resize=350%2C200&ssl=1","width":350,"height":200,"srcset":"https:\/\/i0.wp.com\/indoorgarden.ee\/wp-content\/uploads\/2025\/11\/4770168151314.png?resize=350%2C200&ssl=1 1x, https:\/\/i0.wp.com\/indoorgarden.ee\/wp-content\/uploads\/2025\/11\/4770168151314.png?resize=525%2C300&ssl=1 1.5x, https:\/\/i0.wp.com\/indoorgarden.ee\/wp-content\/uploads\/2025\/11\/4770168151314.png?resize=700%2C400&ssl=1 2x"},"classes":[]},{"id":2257,"url":"https:\/\/indoorgarden.ee\/et\/toode\/aedtilli-seemned-aromaantne-maitsetaim-hudropoonikas-nutiaedades-ja-valitingimustes-kasvatamiseks\/","url_meta":{"origin":1338,"position":4},"title":"Mahe aedtilli seemned (Anethum graveolens) \u2013 aromaatne maitsetaim h\u00fcdropoonikasse ja nutiaeda","author":"admin","date":"18. nov. 2025","format":false,"excerpt":"Mahe aedtilli seemned \u2013 aromaatne maitsetaim, mis kasvab h\u00e4sti nii h\u00fcdropoonikas kui mullas. Sobib supile, salatile, marineerimisele ja kohe k\u00f6\u00f6gist v\u00e4rskelt korjatuks.","rel":"","context":"Similar post","block_context":{"text":"Similar post","link":""},"img":{"alt_text":"","src":"https:\/\/i0.wp.com\/indoorgarden.ee\/wp-content\/uploads\/2025\/11\/4770168151130.png?resize=350%2C200&ssl=1","width":350,"height":200,"srcset":"https:\/\/i0.wp.com\/indoorgarden.ee\/wp-content\/uploads\/2025\/11\/4770168151130.png?resize=350%2C200&ssl=1 1x, https:\/\/i0.wp.com\/indoorgarden.ee\/wp-content\/uploads\/2025\/11\/4770168151130.png?resize=525%2C300&ssl=1 1.5x, https:\/\/i0.wp.com\/indoorgarden.ee\/wp-content\/uploads\/2025\/11\/4770168151130.png?resize=700%2C400&ssl=1 2x"},"classes":[]},{"id":2265,"url":"https:\/\/indoorgarden.ee\/et\/toode\/sidrunmelissi-seemned-aromaatne-mitmeaastane-ravimtaim-hudropoonikasse-ja-nutiaeda\/","url_meta":{"origin":1338,"position":5},"title":"Mahe sidrunmelissi seemned \u2013 aromaatne mitmeaastane \u00fcrt h\u00fcdropoonikasse ja nutiaeda","author":"admin","date":"18. nov. 2025","format":false,"excerpt":"Mahe sidrunmelissi seemned. Aromaatne mitmeaastane \u00fcrt sidrunise l\u00f5hnaga \u2013 sobib teedele, salatitele ja desserdiks.","rel":"","context":"Similar post","block_context":{"text":"Similar post","link":""},"img":{"alt_text":"","src":"https:\/\/i0.wp.com\/indoorgarden.ee\/wp-content\/uploads\/2025\/11\/4770168913561.png?resize=350%2C200&ssl=1","width":350,"height":200},"classes":[]}],"_links":{"self":[{"href":"https:\/\/indoorgarden.ee\/et\/wp-json\/wp\/v2\/product\/1338","targetHints":{"allow":["GET"]}}],"collection":[{"href":"https:\/\/indoorgarden.ee\/et\/wp-json\/wp\/v2\/product"}],"about":[{"href":"https:\/\/indoorgarden.ee\/et\/wp-json\/wp\/v2\/types\/product"}],"replies":[{"embeddable":true,"href":"https:\/\/indoorgarden.ee\/et\/wp-json\/wp\/v2\/comments?post=1338"}],"wp:featuredmedia":[{"embeddable":true,"href":"https:\/\/indoorgarden.ee\/et\/wp-json\/wp\/v2\/media\/912"}],"wp:attachment":[{"href":"https:\/\/indoorgarden.ee\/et\/wp-json\/wp\/v2\/media?parent=1338"}],"wp:term":[{"taxonomy":"product_brand","embeddable":true,"href":"https:\/\/indoorgarden.ee\/et\/wp-json\/wp\/v2\/product_brand?post=1338"},{"taxonomy":"product_cat","embeddable":true,"href":"https:\/\/indoorgarden.ee\/et\/wp-json\/wp\/v2\/product_cat?post=1338"},{"taxonomy":"product_tag","embeddable":true,"href":"https:\/\/indoorgarden.ee\/et\/wp-json\/wp\/v2\/product_tag?post=1338"}],"curies":[{"name":"wp","href":"https:\/\/api.w.org\/{rel}","templated":true}]}}