{"id":1337,"date":"2025-07-29T19:00:36","date_gmt":"2025-07-29T16:00:36","guid":{"rendered":"https:\/\/indoorgarden.ee\/product\/murulaugu-seemned-kiiresti-kasvav-mitmeaastane-maitsetaim-nutikasse-sise-ja-vesiviljelusaiakesse-0-35g\/"},"modified":"2026-04-26T18:46:56","modified_gmt":"2026-04-26T15:46:56","slug":"murulaugu-seemned-kiiresti-kasvav-mitmeaastane-maitsetaim-nutikasse-sise-ja-vesiviljelusaiakesse-0-35g","status":"publish","type":"product","link":"https:\/\/indoorgarden.ee\/et\/toode\/murulaugu-seemned-kiiresti-kasvav-mitmeaastane-maitsetaim-nutikasse-sise-ja-vesiviljelusaiakesse-0-35g\/","title":{"rendered":"Murulaugu seemned \u2013 kiirelt kasvav mitmeaastane \u00fcrt nutiaeda ja h\u00fcdropoonikale \u2013 0,35 g"},"content":{"rendered":"<h2>Murulaugu kohta<\/h2>\n<p>Murulauk on maheda sibula maitsega mitmeaastane ravimtaim, mida kasutatakse tavaliselt salatite, suppide, omlettide ja dipide maitsestamiseks. \u00d5\u00f5nsad rohelised varred kasvavad kobaratena ja neid saab hooaja jooksul mitu korda koristada. Murulauk annab ka atraktiivseid lillakaid \u00f5isi, mis muudab ta nii s\u00f6\u00f6davaks kui ka dekoratiivseks.  <\/p>\n<p>Neid on lihtne kasvatada ja nad on suurep\u00e4rane t\u00e4iendus igale koduaiale &#8211; nii siseruumides kui ka v\u00e4ljas. Kui murulauk on juurdunud, tuleb see aasta-aastalt tagasi. <\/p>\n<h2>Miks see sobib ideaalselt h\u00fcdropoonilistesse nutiaedadesse<\/h2>\n<p>Murulauk \u00f5itseb h\u00e4sti h\u00fcdropoonilistes ja arukates aias\u00fcsteemides, kus p\u00fcsiv niiskus ja valgus soodustavad kiiret ja tervislikku kasvu. Traditsiooniliselt k\u00fclvatakse murulauku maist juunini \u00f5ues, kuid murulauku v\u00f5ib kasvatada ka siseruumides potis v\u00f5i arukates aiakapslites ning kasvatada aastaringselt p\u00e4ikesepaistelisel aknalaual v\u00f5i LED-valgustuse all. <\/p>\n<p>Kuigi esimene t\u00e4ielik saagikoristus algab tavaliselt teisel aastal, v\u00f5ite kontrollitud sisetingimustes nautida \u00f5rnade lehtede kerget koristamist isegi varem.<\/p>\n<h2>Peamised omadused<\/h2>\n<ul>\n<li>Maheda sibula maitsega mitmeaastane ravimtaim<\/li>\n<li>Kasutatakse v\u00e4rskelt salatites, suppides ja garneeringutes.<\/li>\n<li>Korduva saagipotentsiaaliga kobaraid moodustav taim<\/li>\n<li>Taimede vahekaugus: 25 cm taimede ja ridade vahel.<\/li>\n<li>V\u00e4lisk\u00fclv: mai-juuni<\/li>\n<li>Nutikas siseaed: k\u00fclva ja kasvata aastaringselt<\/li>\n<li>Kasvab p\u00e4ikesepaistelistes kohtades v\u00f5i tugeva LED-valgustuse all.<\/li>\n<li>Esimene t\u00e4ielik saak alates teisest aastast; varajane pistikupesa v\u00f5imalik siseruumides.<\/li>\n<li>Br\u00e4ndi: Suvipiha<\/li>\n<\/ul>\n<h2>Saagikoristuse n\u00f5uanded<\/h2>\n<p>L\u00f5igake lehed aluse l\u00e4hedalt, kui need on umbes 15-20 cm k\u00f5rgused. Regulaarne k\u00e4rpimine soodustab uut, \u00f5rna kasvu. V\u00e4ltige k\u00f5igi varte l\u00f5ikamist korraga &#8211; koristage ainult vastavalt vajadusele, et taim p\u00fcsiks terve ja viljakas.  <\/p>\n","protected":false},"excerpt":{"rendered":"<p>Murulaugu seemned 0,35 g. Mitmeaastane vastupidav \u00fcrt \u2013 pakub aastast aastasse v\u00e4rsket \u00f5rna sibulamaitset salatitele, v\u00f5ileibadele ja kartulitele.<\/p>\n","protected":false},"featured_media":909,"comment_status":"closed","ping_status":"closed","template":"","meta":[],"product_brand":[126],"product_cat":[103,93],"product_tag":[],"class_list":{"0":"post-1337","1":"product","2":"type-product","3":"status-publish","4":"has-post-thumbnail","6":"product_brand-suvipiha-et","7":"product_cat-urdi-seemned","8":"product_cat-seemned","9":"pa_indoor-garden-seeds-murulauk","11":"first","12":"outofstock","13":"taxable","14":"shipping-taxable","15":"purchasable","16":"product-type-simple"},"jetpack_sharing_enabled":true,"jetpack-related-posts":[{"id":5215,"url":"https:\/\/indoorgarden.ee\/et\/toode\/murulauk-keskmise-lehega-mitmeaastane-kulmakindel-urt\/","url_meta":{"origin":1337,"position":0},"title":"Murulauk keskmise lehega \u2013 mitmeaastane k\u00fclmakindel \u00fcrt","author":"admin","date":"22. veebr. 2026","format":false,"excerpt":"Murulauk keskmise lehega \u2013 kvaliteetne valik IndoorGarden-i sortimendist. Sobib sisetingimustes taimede kasvatamiseks ja taimehoolduseks. Kellele sobib Sobib taimes\u00f5pradele, kes kasvatavad sisetingimustes \u00fcrte, salatit, k\u00f6\u00f6givilju v\u00f5i toataimi. IndoorGarden-i sortimendis leiad kogu vajaliku oma sisekasvatuse jaoks. Hooldus J\u00e4rgi tootja juhiseid parimaks tulemuseks. Aastaringne saatmine \u00fcle Eesti ja eestikeelne klienditugi.","rel":"","context":"Similar post","block_context":{"text":"Similar post","link":""},"img":{"alt_text":"","src":"https:\/\/i0.wp.com\/indoorgarden.ee\/wp-content\/uploads\/2026\/02\/chives-medium-leaf.jpg?resize=350%2C200&ssl=1","width":350,"height":200},"classes":[]},{"id":2146,"url":"https:\/\/indoorgarden.ee\/et\/toode\/lavendel-lavandula-officinalis-siseruumides-ja-nutiaedades-kasvatamiseks\/","url_meta":{"origin":1337,"position":1},"title":"Lavendel (Lavandula officinalis) \u2013 aromaatne mitmeaastane ravimtaim sisetingimustele","author":"admin","date":"31. aug. 2025","format":false,"excerpt":"Lavendel (Lavandula officinalis) seemned. Aromaatne mitmeaastane ravimtaim, kasvab kuni 50 cm \u2013 sobib k\u00f6\u00f6gile, teedele ja loomulikuks parf\u00fc\u00fcmiks.","rel":"","context":"Similar post","block_context":{"text":"Similar post","link":""},"img":{"alt_text":"Lavender Lavendula officinalis","src":"https:\/\/i0.wp.com\/indoorgarden.ee\/wp-content\/uploads\/2025\/08\/Lavender-Lavendula-officinalis-for-indoor-growing.jpg?resize=350%2C200&ssl=1","width":350,"height":200,"srcset":"https:\/\/i0.wp.com\/indoorgarden.ee\/wp-content\/uploads\/2025\/08\/Lavender-Lavendula-officinalis-for-indoor-growing.jpg?resize=350%2C200&ssl=1 1x, https:\/\/i0.wp.com\/indoorgarden.ee\/wp-content\/uploads\/2025\/08\/Lavender-Lavendula-officinalis-for-indoor-growing.jpg?resize=525%2C300&ssl=1 1.5x, https:\/\/i0.wp.com\/indoorgarden.ee\/wp-content\/uploads\/2025\/08\/Lavender-Lavendula-officinalis-for-indoor-growing.jpg?resize=700%2C400&ssl=1 2x"},"classes":[]},{"id":2219,"url":"https:\/\/indoorgarden.ee\/et\/toode\/tuumiani-seemned-mitmeaastane-maitsetaim-hudropoonika-ja-nutikate-siseaedade-jaoks\/","url_meta":{"origin":1337,"position":2},"title":"Mahe aedt\u00fc\u00fcmiani seemned \u2013 mitmeaastane k\u00f6\u00f6gi\u00fcrt h\u00fcdropoonikasse ja nutiaeda","author":"admin","date":"18. nov. 2025","format":false,"excerpt":"Mahe aedt\u00fc\u00fcmiani seemned. Mitmeaastane vastupidav k\u00f6\u00f6gi\u00fcrt \u2013 aromaatne lisand lihale, kalale, juurviljadele ja salatile.","rel":"","context":"Similar post","block_context":{"text":"Similar post","link":""},"img":{"alt_text":"","src":"https:\/\/i0.wp.com\/indoorgarden.ee\/wp-content\/uploads\/2025\/11\/4770168151437.png?resize=350%2C200&ssl=1","width":350,"height":200,"srcset":"https:\/\/i0.wp.com\/indoorgarden.ee\/wp-content\/uploads\/2025\/11\/4770168151437.png?resize=350%2C200&ssl=1 1x, https:\/\/i0.wp.com\/indoorgarden.ee\/wp-content\/uploads\/2025\/11\/4770168151437.png?resize=525%2C300&ssl=1 1.5x, https:\/\/i0.wp.com\/indoorgarden.ee\/wp-content\/uploads\/2025\/11\/4770168151437.png?resize=700%2C400&ssl=1 2x"},"classes":[]},{"id":2271,"url":"https:\/\/indoorgarden.ee\/et\/toode\/oregano-seemned-aromaatiline-mitmeaastane-urt-hudropoonikasse-ja-nutiaeda\/","url_meta":{"origin":1337,"position":3},"title":"Mahe pune seemned (Origanum vulgare) \u2013 aromaatne mitmeaastane maitsetaim h\u00fcdropoonikasse ja nutiaeda","author":"admin","date":"18. nov. 2025","format":false,"excerpt":"Mahe pune seemned. Aromaatne mitmeaastane maitsetaim, asendamatu Itaalia k\u00f6\u00f6gis \u2013 pizza, pasta, salatid ja kalaroad.","rel":"","context":"Similar post","block_context":{"text":"Similar post","link":""},"img":{"alt_text":"","src":"https:\/\/i0.wp.com\/indoorgarden.ee\/wp-content\/uploads\/2025\/11\/4770168913615-1.png?resize=350%2C200&ssl=1","width":350,"height":200},"classes":[]},{"id":2265,"url":"https:\/\/indoorgarden.ee\/et\/toode\/sidrunmelissi-seemned-aromaatne-mitmeaastane-ravimtaim-hudropoonikasse-ja-nutiaeda\/","url_meta":{"origin":1337,"position":4},"title":"Mahe sidrunmelissi seemned \u2013 aromaatne mitmeaastane \u00fcrt h\u00fcdropoonikasse ja nutiaeda","author":"admin","date":"18. nov. 2025","format":false,"excerpt":"Mahe sidrunmelissi seemned. Aromaatne mitmeaastane \u00fcrt sidrunise l\u00f5hnaga \u2013 sobib teedele, salatitele ja desserdiks.","rel":"","context":"Similar post","block_context":{"text":"Similar post","link":""},"img":{"alt_text":"","src":"https:\/\/i0.wp.com\/indoorgarden.ee\/wp-content\/uploads\/2025\/11\/4770168913561.png?resize=350%2C200&ssl=1","width":350,"height":200},"classes":[]},{"id":2177,"url":"https:\/\/indoorgarden.ee\/et\/toode\/valge-sinepi-vorsete-seemned-100-g-kiirekasvuline-supertoit-ideaalne-hudropoonikasse-ja-idandamisnoudesse\/","url_meta":{"origin":1337,"position":5},"title":"Mikrov\u00f5rsete valge sinepi seemned 100 g \u2013 kiirelt kasvav superfood h\u00fcdropoonikasse ja idupurkidesse","author":"admin","date":"16. nov. 2025","format":false,"excerpt":"Mikrov\u00f5rsete valge sinepi seemned 100 g. Kiire kasv, kerge teravus, sobib salatitele ja v\u00f5ileibadele. Lihtne kasvatada idupurkides ja alustel.","rel":"","context":"Similar post","block_context":{"text":"Similar post","link":""},"img":{"alt_text":"","src":"https:\/\/i0.wp.com\/indoorgarden.ee\/wp-content\/uploads\/2025\/11\/4770168921214.jpg?resize=350%2C200&ssl=1","width":350,"height":200,"srcset":"https:\/\/i0.wp.com\/indoorgarden.ee\/wp-content\/uploads\/2025\/11\/4770168921214.jpg?resize=350%2C200&ssl=1 1x, https:\/\/i0.wp.com\/indoorgarden.ee\/wp-content\/uploads\/2025\/11\/4770168921214.jpg?resize=525%2C300&ssl=1 1.5x, https:\/\/i0.wp.com\/indoorgarden.ee\/wp-content\/uploads\/2025\/11\/4770168921214.jpg?resize=700%2C400&ssl=1 2x, https:\/\/i0.wp.com\/indoorgarden.ee\/wp-content\/uploads\/2025\/11\/4770168921214.jpg?resize=1050%2C600&ssl=1 3x"},"classes":[]}],"_links":{"self":[{"href":"https:\/\/indoorgarden.ee\/et\/wp-json\/wp\/v2\/product\/1337","targetHints":{"allow":["GET"]}}],"collection":[{"href":"https:\/\/indoorgarden.ee\/et\/wp-json\/wp\/v2\/product"}],"about":[{"href":"https:\/\/indoorgarden.ee\/et\/wp-json\/wp\/v2\/types\/product"}],"replies":[{"embeddable":true,"href":"https:\/\/indoorgarden.ee\/et\/wp-json\/wp\/v2\/comments?post=1337"}],"wp:featuredmedia":[{"embeddable":true,"href":"https:\/\/indoorgarden.ee\/et\/wp-json\/wp\/v2\/media\/909"}],"wp:attachment":[{"href":"https:\/\/indoorgarden.ee\/et\/wp-json\/wp\/v2\/media?parent=1337"}],"wp:term":[{"taxonomy":"product_brand","embeddable":true,"href":"https:\/\/indoorgarden.ee\/et\/wp-json\/wp\/v2\/product_brand?post=1337"},{"taxonomy":"product_cat","embeddable":true,"href":"https:\/\/indoorgarden.ee\/et\/wp-json\/wp\/v2\/product_cat?post=1337"},{"taxonomy":"product_tag","embeddable":true,"href":"https:\/\/indoorgarden.ee\/et\/wp-json\/wp\/v2\/product_tag?post=1337"}],"curies":[{"name":"wp","href":"https:\/\/api.w.org\/{rel}","templated":true}]}}