{"id":1324,"date":"2025-07-31T14:44:06","date_gmt":"2025-07-31T11:44:06","guid":{"rendered":"https:\/\/indoorgarden.ee\/product\/kaabustomat-vilma-seemned-solanum-lycopersicum-rodu-ja-sisetomatisort-kompaktne-30-40cm-taim-30g-viljad-0-2g\/"},"modified":"2026-04-26T15:48:06","modified_gmt":"2026-04-26T12:48:06","slug":"kaabustomat-vilma-seemned-solanum-lycopersicum-rodu-ja-sisetomatisort-kompaktne-30-40cm-taim-30g-viljad-0-2g","status":"publish","type":"product","link":"https:\/\/indoorgarden.ee\/et\/toode\/kaabustomat-vilma-seemned-solanum-lycopersicum-rodu-ja-sisetomatisort-kompaktne-30-40cm-taim-30g-viljad-0-2g\/","title":{"rendered":"K\u00e4\u00e4bustomati \u2018Vilma\u2019 seemned (Solanum lycopersicum) \u2013 kompaktne kirsstomati sort r\u00f5dule ja sisetingimustele"},"content":{"rendered":"<h2>K\u00e4\u00e4bustomat &#8216;Vilma&#8217; (Solanum lycopersicum) kohta<\/h2>\n<p>&#8216;Vilma&#8217; on kompaktne, v\u00e4ga produktiivne kobartomatisort, mis sobib ideaalselt r\u00f5dudele, aknalaudadele ja konteinerites ning nutiaedades kasvatamiseks. Hobikasvatajate poolt oma usaldusv\u00e4\u00e4rse saagikuse ja korraliku suuruse t\u00f5ttu armastatud taim kasvab vaid 30-40 cm k\u00f5rgeks, mist\u00f5ttu sobib ta ideaalselt potti ja v\u00e4ikestesse ruumidesse. <\/p>\n<p>Ta toodab erkpunaseid, \u00fcmmargusi, umbes v\u00e4ikese ploomi suuruseid vilju, millest iga\u00fcks kaalub kuni 30 grammi. Tomatid on magusad ja mahlakad &#8211; need sobivad suurep\u00e4raselt v\u00e4rskelt s\u00f6\u00f6miseks v\u00f5i v\u00e4ikeses koguses s\u00e4ilitamiseks. <\/p>\n<h2>Miks see sobib ideaalselt sise- ja r\u00f5dukasvatuseks<\/h2>\n<p>&#8216;Vilma&#8217; sobib eriti h\u00e4sti konteinerites, vaasides ja nutikates siseaedades kasvatamiseks. Ta ei vaja p\u00fcgamist ega toestamist ning v\u00f5ib h\u00e4sti kasvada p\u00e4ikesepaistelistes siseruumides v\u00f5i h\u00e4sti valgustatud r\u00f5dudel. Varase k\u00fclvi korral (veebruar-m\u00e4rts) v\u00f5ite nautida k\u00fcpseid tomateid juba juulis.  <\/p>\n<p>See v\u00e4hese hooldusega sort sobib ideaalselt neile, kes soovivad koduseid tomateid ilma suurte aiapeenarde v\u00f5i keeruliste hoolduskordadeta.<\/p>\n<h2>Peamised omadused<\/h2>\n<ul>\n<li>Kompaktne kirsstomatisort &#8211; kasvab ainult 30-40 cm k\u00f5rgeks.<\/li>\n<li>Tekitab v\u00e4ikeste, erkpunaste viljade kobaraid (kuni 30 g).<\/li>\n<li>Sobib ideaalselt potti, r\u00f5dukastidesse, aknalaudadele ja siseaedadesse.<\/li>\n<li>Sobib suurep\u00e4raselt v\u00e4rskelt s\u00f6\u00f6miseks ja s\u00e4ilitamiseks<\/li>\n<li>V\u00e4ga produktiivne ja algaja-s\u00f5bralik<\/li>\n<li>K\u00fclviaeg: veebruar-m\u00e4rts (siseruumides)<\/li>\n<li>Saagikoristuse aeg: juuli-august<\/li>\n<li>Eelistab p\u00e4ikest ja h\u00e4sti kuivendatud, viljakat mulda.<\/li>\n<li>Umbes 200-300 seemet 1g kohta (pakend sisaldab 0,2g). <\/li>\n<li>Br\u00e4ndi: Seklos Brand Line<\/li>\n<\/ul>\n<h2>Kasvatamise n\u00f5uanded<\/h2>\n<p>K\u00fclva seemned varakevadel siseruumidesse. Istutage \u00fcmber v\u00e4ikestesse potti v\u00f5i konteineritesse, kui seemikud on saanud t\u00f5elised lehed. Hoia p\u00e4ikesepoolses kohas, kasta regulaarselt ja toida tasakaalustatud vedelv\u00e4etisega. Puudub pookimise v\u00f5i p\u00fcgamise vajadus- lihtsalt korja saaki ja naudi!   <\/p>\n","protected":false},"excerpt":{"rendered":"<p>K\u00e4\u00e4bustomati \u2018Vilma\u2019 seemned. Kompaktne 30\u201340 cm k\u00f5rgune sort, kannab punaseid kirsstomateid \u2013 sobib r\u00f5dule, aknalauale ja nutiaeda.<\/p>\n","protected":false},"featured_media":1000,"comment_status":"closed","ping_status":"closed","template":"","meta":[],"product_brand":[155],"product_cat":[93,107],"product_tag":[],"class_list":{"0":"post-1324","1":"product","2":"type-product","3":"status-publish","4":"has-post-thumbnail","6":"product_brand-seklos-et","7":"product_cat-seemned","8":"product_cat-tomati-seemned","9":"pa_indoor-garden-seeds-kaabus-tomat","11":"first","12":"instock","13":"taxable","14":"shipping-taxable","15":"purchasable","16":"product-type-simple"},"jetpack_sharing_enabled":true,"jetpack-related-posts":[{"id":1302,"url":"https:\/\/indoorgarden.ee\/et\/toode\/kaabustomat-venus-seemned-solanum-lycopersicum-kompaktne-tootlik-sort-oranzide-30g-viljadega-ideaalne-kasvatamiseks-siseruumides-ja-konteinerites-0-2g\/","url_meta":{"origin":1324,"position":0},"title":"K\u00e4\u00e4bustomati \u2018Venus\u2019 seemned (Solanum lycopersicum) \u2013 kompaktne sort oran\u017eide viljadega","author":"admin","date":"31. juuli 2025","format":false,"excerpt":"K\u00e4\u00e4bustomati \u2018Venus\u2019 seemned. Kompaktne, viljakas sort oran\u017eide kirsstomatitega \u2013 sobib ideaalselt r\u00f5dule, aknalauale ja konteineris kasvatamiseks.","rel":"","context":"Similar post","block_context":{"text":"Similar post","link":""},"img":{"alt_text":"","src":"https:\/\/i0.wp.com\/indoorgarden.ee\/wp-content\/uploads\/2025\/07\/product-153225_0-L3052.jpg?resize=350%2C200&ssl=1","width":350,"height":200,"srcset":"https:\/\/i0.wp.com\/indoorgarden.ee\/wp-content\/uploads\/2025\/07\/product-153225_0-L3052.jpg?resize=350%2C200&ssl=1 1x, https:\/\/i0.wp.com\/indoorgarden.ee\/wp-content\/uploads\/2025\/07\/product-153225_0-L3052.jpg?resize=525%2C300&ssl=1 1.5x, https:\/\/i0.wp.com\/indoorgarden.ee\/wp-content\/uploads\/2025\/07\/product-153225_0-L3052.jpg?resize=700%2C400&ssl=1 2x"},"classes":[]},{"id":1299,"url":"https:\/\/indoorgarden.ee\/et\/toode\/cherry-tomato-goldkrone-seemned-solanum-lycopersicum-varajane-korge-saagikusega-kollane-sort-kasvuhoones-ja-vabas-ohus-kasvatamiseks-15-20g-viljad-1g\/","url_meta":{"origin":1324,"position":1},"title":"Kirsstomati \u2018Goldkrone\u2019 seemned (Solanum lycopersicum) \u2013 varajane k\u00f5rgesaakaline kollane sort 1 g","author":"admin","date":"31. juuli 2025","format":false,"excerpt":"Kirsstomati \u2018Goldkrone\u2019 seemned. Varajane, k\u00f5rgesaakaline kollane sort 15\u201320 g viljadega \u2013 sobib r\u00f5dule, aknalauale ja \u00f5ue. 1 g pakk.","rel":"","context":"Similar post","block_context":{"text":"Similar post","link":""},"img":{"alt_text":"","src":"https:\/\/i0.wp.com\/indoorgarden.ee\/wp-content\/uploads\/2025\/07\/product-153228_0-L13184.jpg?resize=350%2C200&ssl=1","width":350,"height":200,"srcset":"https:\/\/i0.wp.com\/indoorgarden.ee\/wp-content\/uploads\/2025\/07\/product-153228_0-L13184.jpg?resize=350%2C200&ssl=1 1x, https:\/\/i0.wp.com\/indoorgarden.ee\/wp-content\/uploads\/2025\/07\/product-153228_0-L13184.jpg?resize=525%2C300&ssl=1 1.5x, https:\/\/i0.wp.com\/indoorgarden.ee\/wp-content\/uploads\/2025\/07\/product-153228_0-L13184.jpg?resize=700%2C400&ssl=1 2x"},"classes":[]},{"id":823,"url":"https:\/\/indoorgarden.ee\/et\/toode\/kahara-peterselli-sammalpoimunen-seemned-dekoratiivne-maitsetaim-garneerimiseks-ja-siseruumides-kasutamiseks-1g\/","url_meta":{"origin":1324,"position":2},"title":"K\u00e4hara peterselli \u2018Sammalpoimunen\u2019 seemned \u2013 dekoratiivne maitsetaim h\u00fcdropoonikasse ja nutiaeda","author":"admin","date":"28. sept. 2025","format":false,"excerpt":"K\u00e4hara peterselli \u2018Sammalpoimunen\u2019 seemned. Dekoratiivse v\u00e4ljan\u00e4gemisega maitsetaim, sobib nii kaunistuseks kui ka s\u00f6\u00f6davaks lisaks supile, salatile ja kalale.","rel":"","context":"Similar post","block_context":{"text":"Similar post","link":""},"img":{"alt_text":"","src":"https:\/\/i0.wp.com\/indoorgarden.ee\/wp-content\/uploads\/2025\/07\/product-153042_0-1402465.jpg?resize=350%2C200&ssl=1","width":350,"height":200,"srcset":"https:\/\/i0.wp.com\/indoorgarden.ee\/wp-content\/uploads\/2025\/07\/product-153042_0-1402465.jpg?resize=350%2C200&ssl=1 1x, https:\/\/i0.wp.com\/indoorgarden.ee\/wp-content\/uploads\/2025\/07\/product-153042_0-1402465.jpg?resize=525%2C300&ssl=1 1.5x, https:\/\/i0.wp.com\/indoorgarden.ee\/wp-content\/uploads\/2025\/07\/product-153042_0-1402465.jpg?resize=700%2C400&ssl=1 2x"},"classes":[]},{"id":2241,"url":"https:\/\/indoorgarden.ee\/et\/toode\/salat-bionda-a-foglia-riccia-seemned-kiiresti-kasvav-lehtsalat-hudropooniliseks-ja-nutiaedades-kasvatamiseks\/","url_meta":{"origin":1324,"position":3},"title":"Mahe lehtsalati \u2018Bionda a Foglia Riccia\u2019 seemned \u2013 kiirelt kasvav sort h\u00fcdropoonikasse ja nutiaeda","author":"admin","date":"18. nov. 2025","format":false,"excerpt":"Mahe lehtsalati \u2018Bionda a Foglia Riccia\u2019 seemned. Kiirelt kasvav, kohevate kortsuliste lehtedega sort \u2013 sobib salatisse ja v\u00f5ileivale, kasvab nutiaias ja aknalaual.","rel":"","context":"Similar post","block_context":{"text":"Similar post","link":""},"img":{"alt_text":"","src":"https:\/\/i0.wp.com\/indoorgarden.ee\/wp-content\/uploads\/2025\/11\/4770168151314.png?resize=350%2C200&ssl=1","width":350,"height":200,"srcset":"https:\/\/i0.wp.com\/indoorgarden.ee\/wp-content\/uploads\/2025\/11\/4770168151314.png?resize=350%2C200&ssl=1 1x, https:\/\/i0.wp.com\/indoorgarden.ee\/wp-content\/uploads\/2025\/11\/4770168151314.png?resize=525%2C300&ssl=1 1.5x, https:\/\/i0.wp.com\/indoorgarden.ee\/wp-content\/uploads\/2025\/11\/4770168151314.png?resize=700%2C400&ssl=1 2x"},"classes":[]},{"id":2279,"url":"https:\/\/indoorgarden.ee\/et\/toode\/basiilik-sweet-marseillais-seemned-aromaatiline-maitsetaim-hudropoonikas-ja-nutiaias-kasvatamiseks\/","url_meta":{"origin":1324,"position":4},"title":"Mahe basiiliku \u2018Sweet Marseillais\u2019 seemned \u2013 aromaatne maitsetaim h\u00fcdropoonikasse ja nutiaeda","author":"admin","date":"18. nov. 2025","format":false,"excerpt":"Mahe basiiliku \u2018Sweet Marseillais\u2019 seemned. Aromaatne sort pestole, Caprese salatile ja k\u00f5ikidele Itaalia roogadele.","rel":"","context":"Similar post","block_context":{"text":"Similar post","link":""},"img":{"alt_text":"","src":"https:\/\/i0.wp.com\/indoorgarden.ee\/wp-content\/uploads\/2025\/11\/4770168917484.png?resize=350%2C200&ssl=1","width":350,"height":200},"classes":[]},{"id":818,"url":"https:\/\/indoorgarden.ee\/et\/toode\/cayennei-tsillipipra-seemned-keskmise-varajusega-vurtsikas-sort-varskelt-voi-kuivatatult-ideaalne-nutikas-sise-ja-vesiviljelusaias-05g\/","url_meta":{"origin":1324,"position":5},"title":"Cayenne t\u0161illipipra seemned \u2013 kerge teravusega sort v\u00e4rskeks ja kuivatamiseks \u2013 sobib h\u00fcdropoonikale ja nutiaeda","author":"admin","date":"23. juuli 2025","format":false,"excerpt":"Cayenne t\u0161illipipra seemned. Klassikaline keskmise teravusega sort, mis sobib v\u00e4rskeks kasutamiseks, kuivatamiseks ning oma kompaktsuse t\u00f5ttu kasvab h\u00e4sti sees nutiaias.","rel":"","context":"Similar post","block_context":{"text":"Similar post","link":""},"img":{"alt_text":"","src":"https:\/\/i0.wp.com\/indoorgarden.ee\/wp-content\/uploads\/2025\/07\/product-1822655_0-1402450.jpg?resize=350%2C200&ssl=1","width":350,"height":200,"srcset":"https:\/\/i0.wp.com\/indoorgarden.ee\/wp-content\/uploads\/2025\/07\/product-1822655_0-1402450.jpg?resize=350%2C200&ssl=1 1x, https:\/\/i0.wp.com\/indoorgarden.ee\/wp-content\/uploads\/2025\/07\/product-1822655_0-1402450.jpg?resize=525%2C300&ssl=1 1.5x, https:\/\/i0.wp.com\/indoorgarden.ee\/wp-content\/uploads\/2025\/07\/product-1822655_0-1402450.jpg?resize=700%2C400&ssl=1 2x"},"classes":[]}],"_links":{"self":[{"href":"https:\/\/indoorgarden.ee\/et\/wp-json\/wp\/v2\/product\/1324","targetHints":{"allow":["GET"]}}],"collection":[{"href":"https:\/\/indoorgarden.ee\/et\/wp-json\/wp\/v2\/product"}],"about":[{"href":"https:\/\/indoorgarden.ee\/et\/wp-json\/wp\/v2\/types\/product"}],"replies":[{"embeddable":true,"href":"https:\/\/indoorgarden.ee\/et\/wp-json\/wp\/v2\/comments?post=1324"}],"wp:featuredmedia":[{"embeddable":true,"href":"https:\/\/indoorgarden.ee\/et\/wp-json\/wp\/v2\/media\/1000"}],"wp:attachment":[{"href":"https:\/\/indoorgarden.ee\/et\/wp-json\/wp\/v2\/media?parent=1324"}],"wp:term":[{"taxonomy":"product_brand","embeddable":true,"href":"https:\/\/indoorgarden.ee\/et\/wp-json\/wp\/v2\/product_brand?post=1324"},{"taxonomy":"product_cat","embeddable":true,"href":"https:\/\/indoorgarden.ee\/et\/wp-json\/wp\/v2\/product_cat?post=1324"},{"taxonomy":"product_tag","embeddable":true,"href":"https:\/\/indoorgarden.ee\/et\/wp-json\/wp\/v2\/product_tag?post=1324"}],"curies":[{"name":"wp","href":"https:\/\/api.w.org\/{rel}","templated":true}]}}