{"id":1321,"date":"2025-07-31T14:58:26","date_gmt":"2025-07-31T11:58:26","guid":{"rendered":"https:\/\/indoorgarden.ee\/product\/orgaanilised-laatsede-idanemistega-seemned-toitaineterikas-supertoit-siseruumides-kasvatamiseks-ja-mikrokultuuride-kasvatamiseks-lihtne-kodus-idanemistega-20g-vilmorin\/"},"modified":"2026-04-26T18:49:08","modified_gmt":"2026-04-26T15:49:08","slug":"orgaanilised-laatsede-idanemistega-seemned-toitaineterikas-supertoit-siseruumides-kasvatamiseks-ja-mikrokultuuride-kasvatamiseks-lihtne-kodus-idanemistega-20g-vilmorin","status":"publish","type":"product","link":"https:\/\/indoorgarden.ee\/et\/toode\/orgaanilised-laatsede-idanemistega-seemned-toitaineterikas-supertoit-siseruumides-kasvatamiseks-ja-mikrokultuuride-kasvatamiseks-lihtne-kodus-idanemistega-20g-vilmorin\/","title":{"rendered":"Mahedad l\u00e4\u00e4tseseemned idandamiseks \u2013 toitainerikas superfood mikrov\u00f5rsetele"},"content":{"rendered":"<h2>Idanevate l\u00e4\u00e4tseseemnete kohta<\/h2>\n<p>L\u00e4\u00e4tsede idud on \u00fcks lihtsamaid ja toitvamaid supertoiduaineid, mida kodus kasvatada. Need Vilmorini seemned sobivad ideaalselt idanemiseks siseruumides ja on t\u00e4is olulisi toitaineid, mis arenevad idanemise k\u00e4igus. Kui seemned hakkavad idanema, suureneb nende vitamiinide ja mineraalainete sisaldus m\u00e4rkimisv\u00e4\u00e4rselt &#8211; see teeb neist v\u00e4rske, elava toidu, mis sobib ideaalselt igap\u00e4evaseks toiduks.  <\/p>\n<h2>L\u00e4\u00e4tsede idude tervislikud eelised<\/h2>\n<p>Idandatud l\u00e4\u00e4tsed on rikkad:<\/p>\n<ul>\n<li>Vitamiinid A, B1, B2, B3, B6, B12, C ja E.<\/li>\n<li>Fosfor, raud, tsink, magneesium ja naatrium.<\/li>\n<\/ul>\n<p>Need on suurep\u00e4rane lisand salatitele, v\u00f5ileibadele, smuutidele v\u00f5i suupistetena. Loomuliku energialaengu saamiseks proovige segada idandatud l\u00e4\u00e4tsedele idandatud nisu, kaera, odra, tatra v\u00f5i soja ja pisut mett. <\/p>\n<h2>Kuidas idanevad l\u00e4\u00e4tseseemned<\/h2>\n<ol>\n<li>Loputage seemned p\u00f5hjalikult.<\/li>\n<li>Aseta idandamisanumasse ja lisa vett (kasuta 3-4 korda rohkem vett kui seemneid).<\/li>\n<li>Leota 4-12 tundi s\u00f5ltuvalt seemnete suurusest.<\/li>\n<li>N\u00f5ruta vesi ja kata mahuti, et hoida niiskust sees (kuid v\u00f5imaldada \u00f5huvoolu).<\/li>\n<li>Hoia seemned niiskena, loputades ja n\u00f5rutades neid 2-3 korda p\u00e4evas.<\/li>\n<li>Idanemise aeg: 2-10 p\u00e4eva s\u00f5ltuvalt temperatuurist ja soovitud v\u00f5rsete pikkusest.<\/li>\n<li>Kui idanenud, v\u00f5id anuma valguse k\u00e4tte viia, et v\u00f5rsed veidi rohelisemaks muutuksid.<\/li>\n<li>S\u00f6\u00f6 v\u00f5rseid kohe v\u00f5i kasvata neid edasi<\/li>\n<\/ol>\n<h2>Miks valida need seemned?<\/h2>\n<ul>\n<li>Lihtne algajatele &#8211; ei vaja mulda, potte ega p\u00e4ikesevalgust.<\/li>\n<li>Kasvata v\u00e4rskeid idusid aastaringselt oma k\u00f6\u00f6gilaual<\/li>\n<li>20g pakend &#8211; ideaalne regulaarseks koduseks kasutamiseks<\/li>\n<li>Br\u00e4ndi: Vilmorin &#8211; usaldusv\u00e4\u00e4rne seemnetootja<\/li>\n<\/ul>\n<p>Sobib ideaalselt terviseteadlikele siseaednikele, kes soovivad kiireid tulemusi ja v\u00f5imsat toitainesisaldust iga suut\u00e4iega.<\/p>\n","protected":false},"excerpt":{"rendered":"<p>Mahedad l\u00e4\u00e4tseseemned idandamiseks. \u00dcks lihtsamaid ja toitainerikkamaid superfoode kodus kasvatamiseks. Vilmorini kvaliteet, sobib idupurkidele.<\/p>\n","protected":false},"featured_media":1018,"comment_status":"closed","ping_status":"closed","template":"","meta":[],"product_brand":[156],"product_cat":[105,93],"product_tag":[],"class_list":{"0":"post-1321","1":"product","2":"type-product","3":"status-publish","4":"has-post-thumbnail","6":"product_brand-vilmorin-et","7":"product_cat-mikrovorsete-seemned","8":"product_cat-seemned","9":"pa_indoor-garden-seeds-laatsed","11":"first","12":"instock","13":"taxable","14":"shipping-taxable","15":"purchasable","16":"product-type-simple"},"jetpack_sharing_enabled":true,"jetpack-related-posts":[{"id":1316,"url":"https:\/\/indoorgarden.ee\/et\/toode\/orgaanilised-redise-idanevad-seemned-vurtsikad-mikrokoogiviljad-salatite-ja-voileibade-jaoks-lihtne-siseruumide-supertoit-20g-vilmorin\/","url_meta":{"origin":1321,"position":0},"title":"Mahedad redise seemned idandamiseks \u2013 terav mikrov\u00f5rse salatitele ja v\u00f5ileibadele","author":"admin","date":"31. juuli 2025","format":false,"excerpt":"Mahedad redise seemned idandamiseks. Maitsev terav mikrov\u00f5rse, mis kasvab kodus lihtsalt. Vilmorini kvaliteet, sobib idupurkidele.","rel":"","context":"Similar post","block_context":{"text":"Similar post","link":""},"img":{"alt_text":"","src":"https:\/\/i0.wp.com\/indoorgarden.ee\/wp-content\/uploads\/2025\/07\/product-153675_0-VC554.jpg?resize=350%2C200&ssl=1","width":350,"height":200,"srcset":"https:\/\/i0.wp.com\/indoorgarden.ee\/wp-content\/uploads\/2025\/07\/product-153675_0-VC554.jpg?resize=350%2C200&ssl=1 1x, https:\/\/i0.wp.com\/indoorgarden.ee\/wp-content\/uploads\/2025\/07\/product-153675_0-VC554.jpg?resize=525%2C300&ssl=1 1.5x, https:\/\/i0.wp.com\/indoorgarden.ee\/wp-content\/uploads\/2025\/07\/product-153675_0-VC554.jpg?resize=700%2C400&ssl=1 2x"},"classes":[]},{"id":2199,"url":"https:\/\/indoorgarden.ee\/et\/toode\/paevalille-vorsete-seemned-100g-kiiresti-kasvav-supertoit-ideaalne-hudropoonikasse-ja-idanemiskaussidesse\/","url_meta":{"origin":1321,"position":1},"title":"Mikrov\u00f5rsete p\u00e4evalille seemned 100 g \u2013 kiirelt kasvav superfood h\u00fcdropoonikasse ja idupurkidesse","author":"admin","date":"16. nov. 2025","format":false,"excerpt":"Mikrov\u00f5rsete p\u00e4evalille seemned 100 g. Maitsev kr\u00f5mpsuv mikrov\u00f5rse, sobib salatitele, v\u00f5ileibadele ja kaunistuseks. Idud valmis 7\u201310 p\u00e4evaga.","rel":"","context":"Similar post","block_context":{"text":"Similar post","link":""},"img":{"alt_text":"","src":"https:\/\/i0.wp.com\/indoorgarden.ee\/wp-content\/uploads\/2025\/11\/4770168921146.jpg?resize=350%2C200&ssl=1","width":350,"height":200,"srcset":"https:\/\/i0.wp.com\/indoorgarden.ee\/wp-content\/uploads\/2025\/11\/4770168921146.jpg?resize=350%2C200&ssl=1 1x, https:\/\/i0.wp.com\/indoorgarden.ee\/wp-content\/uploads\/2025\/11\/4770168921146.jpg?resize=525%2C300&ssl=1 1.5x, https:\/\/i0.wp.com\/indoorgarden.ee\/wp-content\/uploads\/2025\/11\/4770168921146.jpg?resize=700%2C400&ssl=1 2x, https:\/\/i0.wp.com\/indoorgarden.ee\/wp-content\/uploads\/2025\/11\/4770168921146.jpg?resize=1050%2C600&ssl=1 3x"},"classes":[]},{"id":1300,"url":"https:\/\/indoorgarden.ee\/et\/toode\/kahara-peterselli-astra-seemned-petroselinum-crispum-vitamiinirikas-poosasort-aeda-rodule-ja-siseruumidesse-1g\/","url_meta":{"origin":1321,"position":2},"title":"K\u00e4hara peterselli \u2018Astra\u2019 seemned (Petroselinum crispum) \u2013 vitamiinirikas tuhmne sort aeda, r\u00f5dule ja potti","author":"admin","date":"31. juuli 2025","format":false,"excerpt":"K\u00e4hara peterselli \u2018Astra\u2019 seemned. Vitamiinirikas tihke sort, mis sobib k\u00f6\u00f6gile, salatile ja kaunistuseks. Kasvab nii peenardel, r\u00f5dul kui ka aknalaual.","rel":"","context":"Similar post","block_context":{"text":"Similar post","link":""},"img":{"alt_text":"","src":"https:\/\/i0.wp.com\/indoorgarden.ee\/wp-content\/uploads\/2025\/07\/product-153239_0-L2804.jpg?resize=350%2C200&ssl=1","width":350,"height":200,"srcset":"https:\/\/i0.wp.com\/indoorgarden.ee\/wp-content\/uploads\/2025\/07\/product-153239_0-L2804.jpg?resize=350%2C200&ssl=1 1x, https:\/\/i0.wp.com\/indoorgarden.ee\/wp-content\/uploads\/2025\/07\/product-153239_0-L2804.jpg?resize=525%2C300&ssl=1 1.5x, https:\/\/i0.wp.com\/indoorgarden.ee\/wp-content\/uploads\/2025\/07\/product-153239_0-L2804.jpg?resize=700%2C400&ssl=1 2x"},"classes":[]},{"id":2186,"url":"https:\/\/indoorgarden.ee\/et\/toode\/redise-vorsete-seemned-100g-kiiresti-kasvav-supertoit-ideaalne-idandamiseks-ja-hudropooniliseks-kasvatamiseks\/","url_meta":{"origin":1321,"position":3},"title":"Mikrov\u00f5rsete redise seemned 100 g \u2013 terav superfood h\u00fcdropoonikasse ja idupurkidesse","author":"admin","date":"16. nov. 2025","format":false,"excerpt":"Mikrov\u00f5rsete redise seemned 100 g. Terava maitsega mikrov\u00f5rse salatitele, v\u00f5ileibadele ja taldriku kaunistamiseks. Kiire kasv, idud valmis n\u00e4dalaga.","rel":"","context":"Similar post","block_context":{"text":"Similar post","link":""},"img":{"alt_text":"","src":"https:\/\/i0.wp.com\/indoorgarden.ee\/wp-content\/uploads\/2025\/11\/4770168921207.jpg?resize=350%2C200&ssl=1","width":350,"height":200,"srcset":"https:\/\/i0.wp.com\/indoorgarden.ee\/wp-content\/uploads\/2025\/11\/4770168921207.jpg?resize=350%2C200&ssl=1 1x, https:\/\/i0.wp.com\/indoorgarden.ee\/wp-content\/uploads\/2025\/11\/4770168921207.jpg?resize=525%2C300&ssl=1 1.5x, https:\/\/i0.wp.com\/indoorgarden.ee\/wp-content\/uploads\/2025\/11\/4770168921207.jpg?resize=700%2C400&ssl=1 2x, https:\/\/i0.wp.com\/indoorgarden.ee\/wp-content\/uploads\/2025\/11\/4770168921207.jpg?resize=1050%2C600&ssl=1 3x"},"classes":[]},{"id":2191,"url":"https:\/\/indoorgarden.ee\/et\/toode\/kahara-lehtkapsa-vorsete-seemned-100g-kiiresti-kasvav-supertoit-ideaalne-hudropoonika-ja-idanemiskausside-jaoks\/","url_meta":{"origin":1321,"position":4},"title":"Mikrov\u00f5rsete k\u00e4hara lehtkapsa seemned 100 g \u2013 toitainerikas superfood h\u00fcdropoonikasse ja idupurkidesse","author":"admin","date":"16. nov. 2025","format":false,"excerpt":"Mikrov\u00f5rsete k\u00e4hara lehtkapsa seemned 100 g. Toitainerikas mikrov\u00f5rse smuutidesse, salatitele ja toiduks. Kiire kasv, idud valmis n\u00e4dalaga.","rel":"","context":"Similar post","block_context":{"text":"Similar post","link":""},"img":{"alt_text":"","src":"https:\/\/i0.wp.com\/indoorgarden.ee\/wp-content\/uploads\/2025\/11\/4770168921160.jpg?resize=350%2C200&ssl=1","width":350,"height":200,"srcset":"https:\/\/i0.wp.com\/indoorgarden.ee\/wp-content\/uploads\/2025\/11\/4770168921160.jpg?resize=350%2C200&ssl=1 1x, https:\/\/i0.wp.com\/indoorgarden.ee\/wp-content\/uploads\/2025\/11\/4770168921160.jpg?resize=525%2C300&ssl=1 1.5x, https:\/\/i0.wp.com\/indoorgarden.ee\/wp-content\/uploads\/2025\/11\/4770168921160.jpg?resize=700%2C400&ssl=1 2x, https:\/\/i0.wp.com\/indoorgarden.ee\/wp-content\/uploads\/2025\/11\/4770168921160.jpg?resize=1050%2C600&ssl=1 3x"},"classes":[]},{"id":819,"url":"https:\/\/indoorgarden.ee\/et\/toode\/sidrunibasiiliku-seemned-tsitruselohnaline-maitsetaim-teeks-kalaks-ja-magustoitudeks-sobib-ideaalselt-nutikasse-sise-ja-vesiviljelusse-0-2g\/","url_meta":{"origin":1321,"position":5},"title":"Sidruni-basiiliku seemned \u2013 tsitruseline maitsetaim teedele, kalale ja desserdiks","author":"admin","date":"26. sept. 2025","format":false,"excerpt":"Sidruni-basiiliku seemned. Tsitruselise l\u00f5hnaga sort, mis annab tee, kala ja desserdi maitsele v\u00e4rsket sidrunist n\u00fcanssi. Kasvab h\u00e4sti nutiaias ja aknalaual.","rel":"","context":"Similar post","block_context":{"text":"Similar post","link":""},"img":{"alt_text":"","src":"https:\/\/i0.wp.com\/indoorgarden.ee\/wp-content\/uploads\/2025\/07\/product-153113_0-1401008.jpg?resize=350%2C200&ssl=1","width":350,"height":200,"srcset":"https:\/\/i0.wp.com\/indoorgarden.ee\/wp-content\/uploads\/2025\/07\/product-153113_0-1401008.jpg?resize=350%2C200&ssl=1 1x, https:\/\/i0.wp.com\/indoorgarden.ee\/wp-content\/uploads\/2025\/07\/product-153113_0-1401008.jpg?resize=525%2C300&ssl=1 1.5x, https:\/\/i0.wp.com\/indoorgarden.ee\/wp-content\/uploads\/2025\/07\/product-153113_0-1401008.jpg?resize=700%2C400&ssl=1 2x"},"classes":[]}],"_links":{"self":[{"href":"https:\/\/indoorgarden.ee\/et\/wp-json\/wp\/v2\/product\/1321","targetHints":{"allow":["GET"]}}],"collection":[{"href":"https:\/\/indoorgarden.ee\/et\/wp-json\/wp\/v2\/product"}],"about":[{"href":"https:\/\/indoorgarden.ee\/et\/wp-json\/wp\/v2\/types\/product"}],"replies":[{"embeddable":true,"href":"https:\/\/indoorgarden.ee\/et\/wp-json\/wp\/v2\/comments?post=1321"}],"wp:featuredmedia":[{"embeddable":true,"href":"https:\/\/indoorgarden.ee\/et\/wp-json\/wp\/v2\/media\/1018"}],"wp:attachment":[{"href":"https:\/\/indoorgarden.ee\/et\/wp-json\/wp\/v2\/media?parent=1321"}],"wp:term":[{"taxonomy":"product_brand","embeddable":true,"href":"https:\/\/indoorgarden.ee\/et\/wp-json\/wp\/v2\/product_brand?post=1321"},{"taxonomy":"product_cat","embeddable":true,"href":"https:\/\/indoorgarden.ee\/et\/wp-json\/wp\/v2\/product_cat?post=1321"},{"taxonomy":"product_tag","embeddable":true,"href":"https:\/\/indoorgarden.ee\/et\/wp-json\/wp\/v2\/product_tag?post=1321"}],"curies":[{"name":"wp","href":"https:\/\/api.w.org\/{rel}","templated":true}]}}