{"id":1317,"date":"2025-08-08T12:57:38","date_gmt":"2025-08-08T09:57:38","guid":{"rendered":"https:\/\/indoorgarden.ee\/product\/elho-aqua-care-isekastmissusteem-labipaistev-2-komplekti-tilkkastmissusteem-toataimedele\/"},"modified":"2026-04-26T18:51:29","modified_gmt":"2026-04-26T15:51:29","slug":"elho-aqua-care-isekastmissusteem-labipaistev-2-komplekti-tilkkastmissusteem-toataimedele","status":"publish","type":"product","link":"https:\/\/indoorgarden.ee\/et\/toode\/elho-aqua-care-isekastmissusteem-labipaistev-2-komplekti-tilkkastmissusteem-toataimedele\/","title":{"rendered":"Elho Aqua Care isekastes\u00fcsteem \u2013 l\u00e4bipaistev 2 tk pakk tilkkastmine sisetaimedele"},"content":{"rendered":"<h2>Lihtne isevoolav lahendus tervetele taimedele<\/h2>\n<p>Elho Aqua Care on lihtne ja kasutajas\u00f5bralik kastmiss\u00fcsteem, mis tagab, et teie taimed saavad alati \u00f5ige koguse vett. See s\u00fcsteem on ideaalne h\u00f5ivatud taimes\u00f5pradele, sest hoiab mulla \u00fchtlaselt niiske ilma \u00fcle kastmiseta. <\/p>\n<h2>Peamised omadused<\/h2>\n<ul>\n<li>S\u00e4ilitab taimede optimaalse niiskustaseme<\/li>\n<li>Sobib pottidele l\u00e4bim\u00f5\u00f5duga 14-50 cm.<\/li>\n<li>T\u00f6\u00f6tab tilkkastmismeetodil<\/li>\n<li>Lihtne kasutada &#8211; lihtsalt t\u00e4itke veega ja sisestage mulla sisse nurga all.<\/li>\n<li>Valmistatud 100% ringlussev\u00f5etud ja t\u00e4ielikult ringlussev\u00f5etavast plastikust<\/li>\n<\/ul>\n<p><strong>Br\u00e4ndi:<\/strong> Elho<br \/>\n<strong>V\u00e4rv:<\/strong> L\u00e4bipaistev<br \/>\n<strong>Kogus:<\/strong> 2 tk<br \/>\n<strong>Materjal:<\/strong> materjal: 100% taaskasutatud plastik<\/p>\n","protected":false},"excerpt":{"rendered":"<p>Elho Aqua Care isekastes\u00fcsteem 2 tk pakk. L\u00e4bipaistev tilkkastes\u00fcsteem sisetaimedele \u2013 sobib reisile minejatele v\u00f5i kui sa unustad kasta.<\/p>\n","protected":false},"featured_media":1194,"comment_status":"closed","ping_status":"closed","template":"","meta":[],"product_brand":[152],"product_cat":[85,81],"product_tag":[],"class_list":{"0":"post-1317","1":"product","2":"type-product","3":"status-publish","4":"has-post-thumbnail","6":"product_brand-elho-et","7":"product_cat-isekastvad-lahendused","8":"product_cat-aiatarvikud","10":"first","11":"instock","12":"taxable","13":"shipping-taxable","14":"purchasable","15":"product-type-simple"},"jetpack_sharing_enabled":true,"jetpack-related-posts":[{"id":1305,"url":"https:\/\/indoorgarden.ee\/et\/toode\/elho-green-basic-plant-labels-s-5-pack-korduvkasutatavad-valged-aiamargised-seemikute-ja-maitsetaimede-jaoks-100-taaskasutatavad\/","url_meta":{"origin":1317,"position":0},"title":"Elho Green Basic taimesildid S \u2013 5 tk pakk korduvkasutatavad valged sildid seemikutele ja \u00fcrtidele","author":"admin","date":"31. juuli 2025","format":false,"excerpt":"Elho Green Basic taimesildid 5 tk pakk. Korduvkasutatavad valged sildid seemikutele ja \u00fcrtidele. 100% taaskasutatav materjal.","rel":"","context":"Similar post","block_context":{"text":"Similar post","link":""},"img":{"alt_text":"","src":"https:\/\/i0.wp.com\/indoorgarden.ee\/wp-content\/uploads\/2025\/07\/8711904194574-scaled-1.jpg?resize=350%2C200&ssl=1","width":350,"height":200,"srcset":"https:\/\/i0.wp.com\/indoorgarden.ee\/wp-content\/uploads\/2025\/07\/8711904194574-scaled-1.jpg?resize=350%2C200&ssl=1 1x, https:\/\/i0.wp.com\/indoorgarden.ee\/wp-content\/uploads\/2025\/07\/8711904194574-scaled-1.jpg?resize=525%2C300&ssl=1 1.5x, https:\/\/i0.wp.com\/indoorgarden.ee\/wp-content\/uploads\/2025\/07\/8711904194574-scaled-1.jpg?resize=700%2C400&ssl=1 2x, https:\/\/i0.wp.com\/indoorgarden.ee\/wp-content\/uploads\/2025\/07\/8711904194574-scaled-1.jpg?resize=1050%2C600&ssl=1 3x, https:\/\/i0.wp.com\/indoorgarden.ee\/wp-content\/uploads\/2025\/07\/8711904194574-scaled-1.jpg?resize=1400%2C800&ssl=1 4x"},"classes":[]},{"id":1315,"url":"https:\/\/indoorgarden.ee\/et\/toode\/elho-idanemiskauss-168-cm-roheline-lihtne-idanemiskauss-varskete-mikrokoogiviljade-jaoks-100-taaskasutatud-plastikust\/","url_meta":{"origin":1317,"position":1},"title":"Elho idanduskauss 16,8 cm rohelises \u2013 lihtne idanduskauss v\u00e4rsketele mikrov\u00f5rsetele 100% taaskasutatud plastist","author":"admin","date":"8. aug. 2025","format":false,"excerpt":"Elho idanduskauss 16,8 cm rohelises. Lihtne, kvaliteetne idanduskauss mikrov\u00f5rsete ja itude kasvatamiseks \u2013 100% taaskasutatud plastist.","rel":"","context":"Similar post","block_context":{"text":"Similar post","link":""},"img":{"alt_text":"","src":"https:\/\/i0.wp.com\/indoorgarden.ee\/wp-content\/uploads\/2025\/08\/product-2373179_1-64607017_360-300x300-1.jpg?resize=350%2C200&ssl=1","width":350,"height":200},"classes":[]},{"id":1294,"url":"https:\/\/indoorgarden.ee\/et\/toode\/elho-plunge-kastekann-1-7l-must-kaasaegne-kastekann-siseruumides-100-ringlussevoetud-plastist\/","url_meta":{"origin":1317,"position":2},"title":"Elho Plunge kastekann 1,7 L mustas \u2013 kaasaegne sisekastekann 100% taaskasutatud plastist","author":"admin","date":"8. aug. 2025","format":false,"excerpt":"Elho Plunge kastekann 1,7 L mustas. Kaasaegne disain, mugav k\u00e4es, sobib igap\u00e4evaseks toataimede kastmiseks. 100% taaskasutatud plastist.","rel":"","context":"Similar post","block_context":{"text":"Similar post","link":""},"img":{"alt_text":"","src":"https:\/\/i0.wp.com\/indoorgarden.ee\/wp-content\/uploads\/2025\/08\/product-2301797_0-6421930_433.jpg?resize=350%2C200&ssl=1","width":350,"height":200,"srcset":"https:\/\/i0.wp.com\/indoorgarden.ee\/wp-content\/uploads\/2025\/08\/product-2301797_0-6421930_433.jpg?resize=350%2C200&ssl=1 1x, https:\/\/i0.wp.com\/indoorgarden.ee\/wp-content\/uploads\/2025\/08\/product-2301797_0-6421930_433.jpg?resize=525%2C300&ssl=1 1.5x, https:\/\/i0.wp.com\/indoorgarden.ee\/wp-content\/uploads\/2025\/08\/product-2301797_0-6421930_433.jpg?resize=700%2C400&ssl=1 2x"},"classes":[]},{"id":1313,"url":"https:\/\/indoorgarden.ee\/et\/toode\/urtikapott-elho-bouncy-basilic-16-5cm-roheline\/","url_meta":{"origin":1317,"position":3},"title":"Elho Bouncy Basil \u00fcrdipott 16,5 cm \u2013 roheline","author":"admin","date":"8. aug. 2025","format":false,"excerpt":"Elho Bouncy Basil \u00fcrdipott on spetsiaalselt m\u00f5eldud basiilikule ja teistele maitsetaimedele, et need p\u00fcsiksid v\u00e4rskena pikemalt. Diameeter 16,5 cm, sobib h\u00e4sti k\u00f6\u00f6git\u00f6\u00f6pinnale.","rel":"","context":"Similar post","block_context":{"text":"Similar post","link":""},"img":{"alt_text":"","src":"https:\/\/i0.wp.com\/indoorgarden.ee\/wp-content\/uploads\/2025\/08\/8711904520892.jpg?resize=350%2C200&ssl=1","width":350,"height":200,"srcset":"https:\/\/i0.wp.com\/indoorgarden.ee\/wp-content\/uploads\/2025\/08\/8711904520892.jpg?resize=350%2C200&ssl=1 1x, https:\/\/i0.wp.com\/indoorgarden.ee\/wp-content\/uploads\/2025\/08\/8711904520892.jpg?resize=525%2C300&ssl=1 1.5x, https:\/\/i0.wp.com\/indoorgarden.ee\/wp-content\/uploads\/2025\/08\/8711904520892.jpg?resize=700%2C400&ssl=1 2x"},"classes":[]},{"id":5313,"url":"https:\/\/indoorgarden.ee\/et\/toode\/citysens-3-pakk-seinapotid-hall-vertikaalne-seinapottide-komplekt-sise-ja-valitingimuste-taimedele\/","url_meta":{"origin":1317,"position":4},"title":"CitySens 3-pakk seinapotid \u2013 hall vertikaalne seinapottide komplekt sise- ja v\u00e4litingimuste taimedele","author":"admin","date":"14. veebr. 2026","format":false,"excerpt":"CitySens seinapotid \u2013 3-pakk komplekt seinale paigaldatavaid taimepotte sise- ja v\u00e4litingimustele. Kasuta vertikaalpinda taimedele, s\u00e4\u00e4sta p\u00f5randaruumi. P\u00f5hiomadused 3 potti pakis \u2013 kogu seinakomplekt \u00fches karbis Sobib sise- ja v\u00e4litingimustele \u2013 kasuta k\u00f6\u00f6ki, r\u00f5dule v\u00f5i terrassile Tugev konstruktsioon \u2013 vastupidav UV-kindel materjal Lihtne paigaldada \u2013 komplektis k\u00f5ik vajaminev Kellele sobib Sobib\u2026","rel":"","context":"Similar post","block_context":{"text":"Similar post","link":""},"img":{"alt_text":"","src":"https:\/\/i0.wp.com\/indoorgarden.ee\/wp-content\/uploads\/2026\/02\/WhatsApp-Image-2020-06-05-at-16.41.197.jpeg?resize=350%2C200&ssl=1","width":350,"height":200,"srcset":"https:\/\/i0.wp.com\/indoorgarden.ee\/wp-content\/uploads\/2026\/02\/WhatsApp-Image-2020-06-05-at-16.41.197.jpeg?resize=350%2C200&ssl=1 1x, https:\/\/i0.wp.com\/indoorgarden.ee\/wp-content\/uploads\/2026\/02\/WhatsApp-Image-2020-06-05-at-16.41.197.jpeg?resize=525%2C300&ssl=1 1.5x, https:\/\/i0.wp.com\/indoorgarden.ee\/wp-content\/uploads\/2026\/02\/WhatsApp-Image-2020-06-05-at-16.41.197.jpeg?resize=700%2C400&ssl=1 2x"},"classes":[]},{"id":5315,"url":"https:\/\/indoorgarden.ee\/et\/toode\/citysens-3-pakk-seinapotid-valge-vertikaalne-seinapottide-komplekt-sise-ja-valitingimuste-taimedele\/","url_meta":{"origin":1317,"position":5},"title":"CitySens 3-pakk seinapotid \u2013 valge vertikaalne seinapottide komplekt sise- ja v\u00e4litingimuste taimedele","author":"admin","date":"14. veebr. 2026","format":false,"excerpt":"CitySens seinapotid \u2013 3-pakk komplekt seinale paigaldatavaid taimepotte sise- ja v\u00e4litingimustele. Kasuta vertikaalpinda taimedele, s\u00e4\u00e4sta p\u00f5randaruumi. P\u00f5hiomadused 3 potti pakis \u2013 kogu seinakomplekt \u00fches karbis Sobib sise- ja v\u00e4litingimustele \u2013 kasuta k\u00f6\u00f6ki, r\u00f5dule v\u00f5i terrassile Tugev konstruktsioon \u2013 vastupidav UV-kindel materjal Lihtne paigaldada \u2013 komplektis k\u00f5ik vajaminev Kellele sobib Sobib\u2026","rel":"","context":"Similar post","block_context":{"text":"Similar post","link":""},"img":{"alt_text":"","src":"https:\/\/i0.wp.com\/indoorgarden.ee\/wp-content\/uploads\/2026\/02\/50.jpg?resize=350%2C200&ssl=1","width":350,"height":200,"srcset":"https:\/\/i0.wp.com\/indoorgarden.ee\/wp-content\/uploads\/2026\/02\/50.jpg?resize=350%2C200&ssl=1 1x, https:\/\/i0.wp.com\/indoorgarden.ee\/wp-content\/uploads\/2026\/02\/50.jpg?resize=525%2C300&ssl=1 1.5x, https:\/\/i0.wp.com\/indoorgarden.ee\/wp-content\/uploads\/2026\/02\/50.jpg?resize=700%2C400&ssl=1 2x"},"classes":[]}],"_links":{"self":[{"href":"https:\/\/indoorgarden.ee\/et\/wp-json\/wp\/v2\/product\/1317","targetHints":{"allow":["GET"]}}],"collection":[{"href":"https:\/\/indoorgarden.ee\/et\/wp-json\/wp\/v2\/product"}],"about":[{"href":"https:\/\/indoorgarden.ee\/et\/wp-json\/wp\/v2\/types\/product"}],"replies":[{"embeddable":true,"href":"https:\/\/indoorgarden.ee\/et\/wp-json\/wp\/v2\/comments?post=1317"}],"wp:featuredmedia":[{"embeddable":true,"href":"https:\/\/indoorgarden.ee\/et\/wp-json\/wp\/v2\/media\/1194"}],"wp:attachment":[{"href":"https:\/\/indoorgarden.ee\/et\/wp-json\/wp\/v2\/media?parent=1317"}],"wp:term":[{"taxonomy":"product_brand","embeddable":true,"href":"https:\/\/indoorgarden.ee\/et\/wp-json\/wp\/v2\/product_brand?post=1317"},{"taxonomy":"product_cat","embeddable":true,"href":"https:\/\/indoorgarden.ee\/et\/wp-json\/wp\/v2\/product_cat?post=1317"},{"taxonomy":"product_tag","embeddable":true,"href":"https:\/\/indoorgarden.ee\/et\/wp-json\/wp\/v2\/product_tag?post=1317"}],"curies":[{"name":"wp","href":"https:\/\/api.w.org\/{rel}","templated":true}]}}