{"id":1316,"date":"2025-07-31T15:00:57","date_gmt":"2025-07-31T12:00:57","guid":{"rendered":"https:\/\/indoorgarden.ee\/product\/orgaanilised-redise-idanevad-seemned-vurtsikad-mikrokoogiviljad-salatite-ja-voileibade-jaoks-lihtne-siseruumide-supertoit-20g-vilmorin\/"},"modified":"2026-04-26T18:49:08","modified_gmt":"2026-04-26T15:49:08","slug":"orgaanilised-redise-idanevad-seemned-vurtsikad-mikrokoogiviljad-salatite-ja-voileibade-jaoks-lihtne-siseruumide-supertoit-20g-vilmorin","status":"publish","type":"product","link":"https:\/\/indoorgarden.ee\/et\/toode\/orgaanilised-redise-idanevad-seemned-vurtsikad-mikrokoogiviljad-salatite-ja-voileibade-jaoks-lihtne-siseruumide-supertoit-20g-vilmorin\/","title":{"rendered":"Mahedad redise seemned idandamiseks \u2013 terav mikrov\u00f5rse salatitele ja v\u00f5ileibadele"},"content":{"rendered":"<h2>Idanevate rediseemnete kohta<\/h2>\n<p>Redise idud on maitsekas ja v\u00fcrtsikas toit, mida on lihtne kodus kasvatada. Need Vilmorini kvaliteetsed idanevad seemned pakuvad kiiret ja lihtsat v\u00f5imalust nautida toitaineterikkaid rohelisi k\u00f6\u00f6givilju oma aknalaual aastaringselt &#8211; mulda pole vaja. Idanedes muutuvad seemned t\u00e4is elut\u00e4htsaid toitaineid, pakkudes rohkem kontsentreeritud tervislikku kasu kui k\u00fcps taim.  <\/p>\n<h2>Redise idude tervislikud eelised<\/h2>\n<p>Idandatud redise seemned on v\u00f5imas t\u00e4iendus tervislikule toitumisele. Need sisaldavad rohkesti antioks\u00fcdante, vitamiine ja mineraalaineid, eriti: <\/p>\n<ul>\n<li>C-vitamiin ja B-r\u00fchma vitamiinid<\/li>\n<li>Raud, kaltsium ja kaalium<\/li>\n<\/ul>\n<p>Neil on meeldivalt v\u00fcrtsikas maitse ja nad sobivad kr\u00f5bedaks, pipraseks lisandiks v\u00f5ileibadele, salatitele ja wrappidele.<\/p>\n<h2>Kuidas kasvatada redise seemneid kodus<\/h2>\n<ol>\n<li>Loputage seemned p\u00f5hjalikult.<\/li>\n<li>Aseta idandamisanumasse ja vala juurde 3-4 kordse koguse veega.<\/li>\n<li>Leota 4-12 tundi s\u00f5ltuvalt seemnete suurusest.<\/li>\n<li>N\u00f5ruta ja hoia kaetud, et v\u00e4ltida kuivamist, kuid v\u00f5imalda \u00f5huvoolu liikumis.<\/li>\n<li>Loputa ja n\u00f5ruta 2-3 korda p\u00e4evas.<\/li>\n<li>Idanemise aeg: 2-10 p\u00e4eva s\u00f5ltuvalt sordist ja temperatuurist.<\/li>\n<li>Kui taimed on kasvanud, vii need h\u00e4sti valgustatud kohta, et v\u00f5rsed saaksid rohelisemaks.<\/li>\n<li>Idusid v\u00f5ib s\u00fc\u00fca v\u00e4rskelt v\u00f5i kasvatada edasi<\/li>\n<\/ol>\n<h2>Miks valida need seemned?<\/h2>\n<ul>\n<li>Rohke, piprane maitse, mis sobib ideaalselt soolaste roogade jaoks.<\/li>\n<li>Kiiresti kasvav &#8211; saagikoristus vaid m\u00f5ne p\u00e4evaga<\/li>\n<li>Ei ole vaja kogemusi aiapidamises &#8211; ideaalne algajatele.<\/li>\n<li>Kasvatada aastaringselt siseruumides ilma mulla v\u00f5i p\u00e4ikesevalguseta<\/li>\n<li>20g pakend &#8211; sobib suurep\u00e4raselt koduseks idanemiseks<\/li>\n<li>Vilmorini usaldusv\u00e4\u00e4rne kvaliteet<\/li>\n<\/ul>\n<p>Redise idud on lihtne ja maitsekas viis lisada oma toitudele kr\u00f5bedust, v\u00fcrtsi ja toitaineid &#8211; otse oma k\u00f6\u00f6gipoolelt.<\/p>\n","protected":false},"excerpt":{"rendered":"<p>Mahedad redise seemned idandamiseks. Maitsev terav mikrov\u00f5rse, mis kasvab kodus lihtsalt. Vilmorini kvaliteet, sobib idupurkidele.<\/p>\n","protected":false},"featured_media":1021,"comment_status":"closed","ping_status":"closed","template":"","meta":[],"product_brand":[156],"product_cat":[105,93],"product_tag":[],"class_list":{"0":"post-1316","1":"product","2":"type-product","3":"status-publish","4":"has-post-thumbnail","6":"product_brand-vilmorin-et","7":"product_cat-mikrovorsete-seemned","8":"product_cat-seemned","9":"pa_indoor-garden-seeds-redis","11":"first","12":"instock","13":"taxable","14":"shipping-taxable","15":"purchasable","16":"product-type-simple"},"jetpack_sharing_enabled":true,"jetpack-related-posts":[{"id":2275,"url":"https:\/\/indoorgarden.ee\/et\/toode\/aiakressi-seemned-kiirekasvuline-supertoit-hudropoonika-ja-nutikate-siseaedade-jaoks\/","url_meta":{"origin":1316,"position":0},"title":"Salatkressi seemned \u2013 kiirelt kasvav lehtk\u00f6\u00f6givili h\u00fcdropoonikasse ja idupurkidesse","author":"admin","date":"18. nov. 2025","format":false,"excerpt":"Salatkressi seemned. \u00dcks kiiremaid kultuure \u2013 idud valmis seitsme p\u00e4evaga. Annab v\u00f5ileibadele, salatitele ja k\u00f5rvalroogadele teravat ja v\u00e4rsket maitset.","rel":"","context":"Similar post","block_context":{"text":"Similar post","link":""},"img":{"alt_text":"","src":"https:\/\/i0.wp.com\/indoorgarden.ee\/wp-content\/uploads\/2025\/11\/4770168129085.jpg?resize=350%2C200&ssl=1","width":350,"height":200,"srcset":"https:\/\/i0.wp.com\/indoorgarden.ee\/wp-content\/uploads\/2025\/11\/4770168129085.jpg?resize=350%2C200&ssl=1 1x, https:\/\/i0.wp.com\/indoorgarden.ee\/wp-content\/uploads\/2025\/11\/4770168129085.jpg?resize=525%2C300&ssl=1 1.5x, https:\/\/i0.wp.com\/indoorgarden.ee\/wp-content\/uploads\/2025\/11\/4770168129085.jpg?resize=700%2C400&ssl=1 2x"},"classes":[]},{"id":2203,"url":"https:\/\/indoorgarden.ee\/et\/toode\/herne-vorsete-seemned-100-g-kiirekasvuline-supertoit-ideaalne-hudropoonikasse-ja-idandamisnoudesse\/","url_meta":{"origin":1316,"position":1},"title":"Mikrov\u00f5rsete herne seemned 100 g \u2013 kiirelt kasvav superfood h\u00fcdropoonikasse ja idupurkidesse","author":"admin","date":"16. nov. 2025","format":false,"excerpt":"Mikrov\u00f5rsete herne seemned 100 g. Magus, kr\u00f5mpsuv mikrov\u00f5rse, sobib salatitele, smuutidesse ja taldriku kaunistamiseks. Idud valmis n\u00e4dalaga.","rel":"","context":"Similar post","block_context":{"text":"Similar post","link":""},"img":{"alt_text":"","src":"https:\/\/i0.wp.com\/indoorgarden.ee\/wp-content\/uploads\/2025\/11\/4770168921177.jpg?resize=350%2C200&ssl=1","width":350,"height":200,"srcset":"https:\/\/i0.wp.com\/indoorgarden.ee\/wp-content\/uploads\/2025\/11\/4770168921177.jpg?resize=350%2C200&ssl=1 1x, https:\/\/i0.wp.com\/indoorgarden.ee\/wp-content\/uploads\/2025\/11\/4770168921177.jpg?resize=525%2C300&ssl=1 1.5x, https:\/\/i0.wp.com\/indoorgarden.ee\/wp-content\/uploads\/2025\/11\/4770168921177.jpg?resize=700%2C400&ssl=1 2x, https:\/\/i0.wp.com\/indoorgarden.ee\/wp-content\/uploads\/2025\/11\/4770168921177.jpg?resize=1050%2C600&ssl=1 3x"},"classes":[]},{"id":2199,"url":"https:\/\/indoorgarden.ee\/et\/toode\/paevalille-vorsete-seemned-100g-kiiresti-kasvav-supertoit-ideaalne-hudropoonikasse-ja-idanemiskaussidesse\/","url_meta":{"origin":1316,"position":2},"title":"Mikrov\u00f5rsete p\u00e4evalille seemned 100 g \u2013 kiirelt kasvav superfood h\u00fcdropoonikasse ja idupurkidesse","author":"admin","date":"16. nov. 2025","format":false,"excerpt":"Mikrov\u00f5rsete p\u00e4evalille seemned 100 g. Maitsev kr\u00f5mpsuv mikrov\u00f5rse, sobib salatitele, v\u00f5ileibadele ja kaunistuseks. Idud valmis 7\u201310 p\u00e4evaga.","rel":"","context":"Similar post","block_context":{"text":"Similar post","link":""},"img":{"alt_text":"","src":"https:\/\/i0.wp.com\/indoorgarden.ee\/wp-content\/uploads\/2025\/11\/4770168921146.jpg?resize=350%2C200&ssl=1","width":350,"height":200,"srcset":"https:\/\/i0.wp.com\/indoorgarden.ee\/wp-content\/uploads\/2025\/11\/4770168921146.jpg?resize=350%2C200&ssl=1 1x, https:\/\/i0.wp.com\/indoorgarden.ee\/wp-content\/uploads\/2025\/11\/4770168921146.jpg?resize=525%2C300&ssl=1 1.5x, https:\/\/i0.wp.com\/indoorgarden.ee\/wp-content\/uploads\/2025\/11\/4770168921146.jpg?resize=700%2C400&ssl=1 2x, https:\/\/i0.wp.com\/indoorgarden.ee\/wp-content\/uploads\/2025\/11\/4770168921146.jpg?resize=1050%2C600&ssl=1 3x"},"classes":[]},{"id":2186,"url":"https:\/\/indoorgarden.ee\/et\/toode\/redise-vorsete-seemned-100g-kiiresti-kasvav-supertoit-ideaalne-idandamiseks-ja-hudropooniliseks-kasvatamiseks\/","url_meta":{"origin":1316,"position":3},"title":"Mikrov\u00f5rsete redise seemned 100 g \u2013 terav superfood h\u00fcdropoonikasse ja idupurkidesse","author":"admin","date":"16. nov. 2025","format":false,"excerpt":"Mikrov\u00f5rsete redise seemned 100 g. Terava maitsega mikrov\u00f5rse salatitele, v\u00f5ileibadele ja taldriku kaunistamiseks. Kiire kasv, idud valmis n\u00e4dalaga.","rel":"","context":"Similar post","block_context":{"text":"Similar post","link":""},"img":{"alt_text":"","src":"https:\/\/i0.wp.com\/indoorgarden.ee\/wp-content\/uploads\/2025\/11\/4770168921207.jpg?resize=350%2C200&ssl=1","width":350,"height":200,"srcset":"https:\/\/i0.wp.com\/indoorgarden.ee\/wp-content\/uploads\/2025\/11\/4770168921207.jpg?resize=350%2C200&ssl=1 1x, https:\/\/i0.wp.com\/indoorgarden.ee\/wp-content\/uploads\/2025\/11\/4770168921207.jpg?resize=525%2C300&ssl=1 1.5x, https:\/\/i0.wp.com\/indoorgarden.ee\/wp-content\/uploads\/2025\/11\/4770168921207.jpg?resize=700%2C400&ssl=1 2x, https:\/\/i0.wp.com\/indoorgarden.ee\/wp-content\/uploads\/2025\/11\/4770168921207.jpg?resize=1050%2C600&ssl=1 3x"},"classes":[]},{"id":1321,"url":"https:\/\/indoorgarden.ee\/et\/toode\/orgaanilised-laatsede-idanemistega-seemned-toitaineterikas-supertoit-siseruumides-kasvatamiseks-ja-mikrokultuuride-kasvatamiseks-lihtne-kodus-idanemistega-20g-vilmorin\/","url_meta":{"origin":1316,"position":4},"title":"Mahedad l\u00e4\u00e4tseseemned idandamiseks \u2013 toitainerikas superfood mikrov\u00f5rsetele","author":"admin","date":"31. juuli 2025","format":false,"excerpt":"Mahedad l\u00e4\u00e4tseseemned idandamiseks. \u00dcks lihtsamaid ja toitainerikkamaid superfoode kodus kasvatamiseks. Vilmorini kvaliteet, sobib idupurkidele.","rel":"","context":"Similar post","block_context":{"text":"Similar post","link":""},"img":{"alt_text":"","src":"https:\/\/i0.wp.com\/indoorgarden.ee\/wp-content\/uploads\/2025\/07\/product-154451_0-VC555.jpg?resize=350%2C200&ssl=1","width":350,"height":200,"srcset":"https:\/\/i0.wp.com\/indoorgarden.ee\/wp-content\/uploads\/2025\/07\/product-154451_0-VC555.jpg?resize=350%2C200&ssl=1 1x, https:\/\/i0.wp.com\/indoorgarden.ee\/wp-content\/uploads\/2025\/07\/product-154451_0-VC555.jpg?resize=525%2C300&ssl=1 1.5x, https:\/\/i0.wp.com\/indoorgarden.ee\/wp-content\/uploads\/2025\/07\/product-154451_0-VC555.jpg?resize=700%2C400&ssl=1 2x"},"classes":[]},{"id":2191,"url":"https:\/\/indoorgarden.ee\/et\/toode\/kahara-lehtkapsa-vorsete-seemned-100g-kiiresti-kasvav-supertoit-ideaalne-hudropoonika-ja-idanemiskausside-jaoks\/","url_meta":{"origin":1316,"position":5},"title":"Mikrov\u00f5rsete k\u00e4hara lehtkapsa seemned 100 g \u2013 toitainerikas superfood h\u00fcdropoonikasse ja idupurkidesse","author":"admin","date":"16. nov. 2025","format":false,"excerpt":"Mikrov\u00f5rsete k\u00e4hara lehtkapsa seemned 100 g. Toitainerikas mikrov\u00f5rse smuutidesse, salatitele ja toiduks. Kiire kasv, idud valmis n\u00e4dalaga.","rel":"","context":"Similar post","block_context":{"text":"Similar post","link":""},"img":{"alt_text":"","src":"https:\/\/i0.wp.com\/indoorgarden.ee\/wp-content\/uploads\/2025\/11\/4770168921160.jpg?resize=350%2C200&ssl=1","width":350,"height":200,"srcset":"https:\/\/i0.wp.com\/indoorgarden.ee\/wp-content\/uploads\/2025\/11\/4770168921160.jpg?resize=350%2C200&ssl=1 1x, https:\/\/i0.wp.com\/indoorgarden.ee\/wp-content\/uploads\/2025\/11\/4770168921160.jpg?resize=525%2C300&ssl=1 1.5x, https:\/\/i0.wp.com\/indoorgarden.ee\/wp-content\/uploads\/2025\/11\/4770168921160.jpg?resize=700%2C400&ssl=1 2x, https:\/\/i0.wp.com\/indoorgarden.ee\/wp-content\/uploads\/2025\/11\/4770168921160.jpg?resize=1050%2C600&ssl=1 3x"},"classes":[]}],"_links":{"self":[{"href":"https:\/\/indoorgarden.ee\/et\/wp-json\/wp\/v2\/product\/1316","targetHints":{"allow":["GET"]}}],"collection":[{"href":"https:\/\/indoorgarden.ee\/et\/wp-json\/wp\/v2\/product"}],"about":[{"href":"https:\/\/indoorgarden.ee\/et\/wp-json\/wp\/v2\/types\/product"}],"replies":[{"embeddable":true,"href":"https:\/\/indoorgarden.ee\/et\/wp-json\/wp\/v2\/comments?post=1316"}],"wp:featuredmedia":[{"embeddable":true,"href":"https:\/\/indoorgarden.ee\/et\/wp-json\/wp\/v2\/media\/1021"}],"wp:attachment":[{"href":"https:\/\/indoorgarden.ee\/et\/wp-json\/wp\/v2\/media?parent=1316"}],"wp:term":[{"taxonomy":"product_brand","embeddable":true,"href":"https:\/\/indoorgarden.ee\/et\/wp-json\/wp\/v2\/product_brand?post=1316"},{"taxonomy":"product_cat","embeddable":true,"href":"https:\/\/indoorgarden.ee\/et\/wp-json\/wp\/v2\/product_cat?post=1316"},{"taxonomy":"product_tag","embeddable":true,"href":"https:\/\/indoorgarden.ee\/et\/wp-json\/wp\/v2\/product_tag?post=1316"}],"curies":[{"name":"wp","href":"https:\/\/api.w.org\/{rel}","templated":true}]}}