{"id":1315,"date":"2025-08-08T12:04:31","date_gmt":"2025-08-08T09:04:31","guid":{"rendered":"https:\/\/indoorgarden.ee\/product\/elho-idanemiskauss-168-cm-roheline-lihtne-idanemiskauss-varskete-mikrokoogiviljade-jaoks-100-taaskasutatud-plastikust\/"},"modified":"2026-04-26T18:51:34","modified_gmt":"2026-04-26T15:51:34","slug":"elho-idanemiskauss-168-cm-roheline-lihtne-idanemiskauss-varskete-mikrokoogiviljade-jaoks-100-taaskasutatud-plastikust","status":"publish","type":"product","link":"https:\/\/indoorgarden.ee\/et\/toode\/elho-idanemiskauss-168-cm-roheline-lihtne-idanemiskauss-varskete-mikrokoogiviljade-jaoks-100-taaskasutatud-plastikust\/","title":{"rendered":"Elho idanduskauss 16,8 cm rohelises \u2013 lihtne idanduskauss v\u00e4rsketele mikrov\u00f5rsetele 100% taaskasutatud plastist"},"content":{"rendered":"<h2>Idandage v\u00e4rsked seemned h\u00f5lpsasti kodus<\/h2>\n<p>Elho idanemiskauss teeb v\u00e4rskete idude ja mikrok\u00f6\u00f6giviljade kasvatamise aastaringselt lihtsaks. Lihtsalt laotage seemned \u00fchtlaselt sisemisele s\u00f5elale ja t\u00e4itke v\u00e4limine kauss veega &#8211; teie seemned hakkavad kiiresti ja loomulikult idanema ilma mullata. <\/p>\n<h2>Keskkonnas\u00f5bralik ja vastupidav<\/h2>\n<ul>\n<li>L\u00e4bim\u00f5\u00f5t: 16,8 cm<\/li>\n<li>Valmistatud 100% ringlussev\u00f5etud plastist<\/li>\n<li>Tuulenergia abil toodetud<\/li>\n<li>T\u00e4ielikult ringlussev\u00f5etav oma kasutusaja l\u00f5pus<\/li>\n<li>Spetsiaalsed UV-kindlad pigmendid aitavad s\u00e4ilitada algset v\u00e4rvi kauem<\/li>\n<\/ul>\n<h2>Ideaalne tervislikuks eluviisiks<\/h2>\n<p>Kodused idud sisaldavad rohkelt vitamiine, mineraalaineid ja antioks\u00fcdante. Selle idanemiskaussiga saate iga p\u00e4ev nautida v\u00e4rsket, kemikaalivaba rohelist salatites, v\u00f5ileibades v\u00f5i smuutides. <\/p>\n<p><strong>Br\u00e4ndi:<\/strong> Elho<br \/>\n<strong>V\u00e4rv:<\/strong> roheline<br \/>\n<strong>Materjal:<\/strong> Plastist (100% taaskasutatud)<\/p>\n","protected":false},"excerpt":{"rendered":"<p>Elho idanduskauss 16,8 cm rohelises. Lihtne, kvaliteetne idanduskauss mikrov\u00f5rsete ja itude kasvatamiseks \u2013 100% taaskasutatud plastist.<\/p>\n","protected":false},"featured_media":1161,"comment_status":"closed","ping_status":"closed","template":"","meta":[],"product_brand":[152],"product_cat":[89,139],"product_tag":[],"class_list":{"0":"post-1315","1":"product","2":"type-product","3":"status-publish","4":"has-post-thumbnail","6":"product_brand-elho-et","7":"product_cat-potid-ja-potialustassid","8":"product_cat-idandamisnoud","10":"first","11":"outofstock","12":"taxable","13":"shipping-taxable","14":"purchasable","15":"product-type-simple"},"jetpack_sharing_enabled":true,"jetpack-related-posts":[{"id":1294,"url":"https:\/\/indoorgarden.ee\/et\/toode\/elho-plunge-kastekann-1-7l-must-kaasaegne-kastekann-siseruumides-100-ringlussevoetud-plastist\/","url_meta":{"origin":1315,"position":0},"title":"Elho Plunge kastekann 1,7 L mustas \u2013 kaasaegne sisekastekann 100% taaskasutatud plastist","author":"admin","date":"8. aug. 2025","format":false,"excerpt":"Elho Plunge kastekann 1,7 L mustas. Kaasaegne disain, mugav k\u00e4es, sobib igap\u00e4evaseks toataimede kastmiseks. 100% taaskasutatud plastist.","rel":"","context":"Similar post","block_context":{"text":"Similar post","link":""},"img":{"alt_text":"","src":"https:\/\/i0.wp.com\/indoorgarden.ee\/wp-content\/uploads\/2025\/08\/product-2301797_0-6421930_433.jpg?resize=350%2C200&ssl=1","width":350,"height":200,"srcset":"https:\/\/i0.wp.com\/indoorgarden.ee\/wp-content\/uploads\/2025\/08\/product-2301797_0-6421930_433.jpg?resize=350%2C200&ssl=1 1x, https:\/\/i0.wp.com\/indoorgarden.ee\/wp-content\/uploads\/2025\/08\/product-2301797_0-6421930_433.jpg?resize=525%2C300&ssl=1 1.5x, https:\/\/i0.wp.com\/indoorgarden.ee\/wp-content\/uploads\/2025\/08\/product-2301797_0-6421930_433.jpg?resize=700%2C400&ssl=1 2x"},"classes":[]},{"id":1313,"url":"https:\/\/indoorgarden.ee\/et\/toode\/urtikapott-elho-bouncy-basilic-16-5cm-roheline\/","url_meta":{"origin":1315,"position":1},"title":"Elho Bouncy Basil \u00fcrdipott 16,5 cm \u2013 roheline","author":"admin","date":"8. aug. 2025","format":false,"excerpt":"Elho Bouncy Basil \u00fcrdipott on spetsiaalselt m\u00f5eldud basiilikule ja teistele maitsetaimedele, et need p\u00fcsiksid v\u00e4rskena pikemalt. Diameeter 16,5 cm, sobib h\u00e4sti k\u00f6\u00f6git\u00f6\u00f6pinnale.","rel":"","context":"Similar post","block_context":{"text":"Similar post","link":""},"img":{"alt_text":"","src":"https:\/\/i0.wp.com\/indoorgarden.ee\/wp-content\/uploads\/2025\/08\/8711904520892.jpg?resize=350%2C200&ssl=1","width":350,"height":200,"srcset":"https:\/\/i0.wp.com\/indoorgarden.ee\/wp-content\/uploads\/2025\/08\/8711904520892.jpg?resize=350%2C200&ssl=1 1x, https:\/\/i0.wp.com\/indoorgarden.ee\/wp-content\/uploads\/2025\/08\/8711904520892.jpg?resize=525%2C300&ssl=1 1.5x, https:\/\/i0.wp.com\/indoorgarden.ee\/wp-content\/uploads\/2025\/08\/8711904520892.jpg?resize=700%2C400&ssl=1 2x"},"classes":[]},{"id":2275,"url":"https:\/\/indoorgarden.ee\/et\/toode\/aiakressi-seemned-kiirekasvuline-supertoit-hudropoonika-ja-nutikate-siseaedade-jaoks\/","url_meta":{"origin":1315,"position":2},"title":"Salatkressi seemned \u2013 kiirelt kasvav lehtk\u00f6\u00f6givili h\u00fcdropoonikasse ja idupurkidesse","author":"admin","date":"18. nov. 2025","format":false,"excerpt":"Salatkressi seemned. \u00dcks kiiremaid kultuure \u2013 idud valmis seitsme p\u00e4evaga. Annab v\u00f5ileibadele, salatitele ja k\u00f5rvalroogadele teravat ja v\u00e4rsket maitset.","rel":"","context":"Similar post","block_context":{"text":"Similar post","link":""},"img":{"alt_text":"","src":"https:\/\/i0.wp.com\/indoorgarden.ee\/wp-content\/uploads\/2025\/11\/4770168129085.jpg?resize=350%2C200&ssl=1","width":350,"height":200,"srcset":"https:\/\/i0.wp.com\/indoorgarden.ee\/wp-content\/uploads\/2025\/11\/4770168129085.jpg?resize=350%2C200&ssl=1 1x, https:\/\/i0.wp.com\/indoorgarden.ee\/wp-content\/uploads\/2025\/11\/4770168129085.jpg?resize=525%2C300&ssl=1 1.5x, https:\/\/i0.wp.com\/indoorgarden.ee\/wp-content\/uploads\/2025\/11\/4770168129085.jpg?resize=700%2C400&ssl=1 2x"},"classes":[]},{"id":1305,"url":"https:\/\/indoorgarden.ee\/et\/toode\/elho-green-basic-plant-labels-s-5-pack-korduvkasutatavad-valged-aiamargised-seemikute-ja-maitsetaimede-jaoks-100-taaskasutatavad\/","url_meta":{"origin":1315,"position":3},"title":"Elho Green Basic taimesildid S \u2013 5 tk pakk korduvkasutatavad valged sildid seemikutele ja \u00fcrtidele","author":"admin","date":"31. juuli 2025","format":false,"excerpt":"Elho Green Basic taimesildid 5 tk pakk. Korduvkasutatavad valged sildid seemikutele ja \u00fcrtidele. 100% taaskasutatav materjal.","rel":"","context":"Similar post","block_context":{"text":"Similar post","link":""},"img":{"alt_text":"","src":"https:\/\/i0.wp.com\/indoorgarden.ee\/wp-content\/uploads\/2025\/07\/8711904194574-scaled-1.jpg?resize=350%2C200&ssl=1","width":350,"height":200,"srcset":"https:\/\/i0.wp.com\/indoorgarden.ee\/wp-content\/uploads\/2025\/07\/8711904194574-scaled-1.jpg?resize=350%2C200&ssl=1 1x, https:\/\/i0.wp.com\/indoorgarden.ee\/wp-content\/uploads\/2025\/07\/8711904194574-scaled-1.jpg?resize=525%2C300&ssl=1 1.5x, https:\/\/i0.wp.com\/indoorgarden.ee\/wp-content\/uploads\/2025\/07\/8711904194574-scaled-1.jpg?resize=700%2C400&ssl=1 2x, https:\/\/i0.wp.com\/indoorgarden.ee\/wp-content\/uploads\/2025\/07\/8711904194574-scaled-1.jpg?resize=1050%2C600&ssl=1 3x, https:\/\/i0.wp.com\/indoorgarden.ee\/wp-content\/uploads\/2025\/07\/8711904194574-scaled-1.jpg?resize=1400%2C800&ssl=1 4x"},"classes":[]},{"id":2203,"url":"https:\/\/indoorgarden.ee\/et\/toode\/herne-vorsete-seemned-100-g-kiirekasvuline-supertoit-ideaalne-hudropoonikasse-ja-idandamisnoudesse\/","url_meta":{"origin":1315,"position":4},"title":"Mikrov\u00f5rsete herne seemned 100 g \u2013 kiirelt kasvav superfood h\u00fcdropoonikasse ja idupurkidesse","author":"admin","date":"16. nov. 2025","format":false,"excerpt":"Mikrov\u00f5rsete herne seemned 100 g. Magus, kr\u00f5mpsuv mikrov\u00f5rse, sobib salatitele, smuutidesse ja taldriku kaunistamiseks. Idud valmis n\u00e4dalaga.","rel":"","context":"Similar post","block_context":{"text":"Similar post","link":""},"img":{"alt_text":"","src":"https:\/\/i0.wp.com\/indoorgarden.ee\/wp-content\/uploads\/2025\/11\/4770168921177.jpg?resize=350%2C200&ssl=1","width":350,"height":200,"srcset":"https:\/\/i0.wp.com\/indoorgarden.ee\/wp-content\/uploads\/2025\/11\/4770168921177.jpg?resize=350%2C200&ssl=1 1x, https:\/\/i0.wp.com\/indoorgarden.ee\/wp-content\/uploads\/2025\/11\/4770168921177.jpg?resize=525%2C300&ssl=1 1.5x, https:\/\/i0.wp.com\/indoorgarden.ee\/wp-content\/uploads\/2025\/11\/4770168921177.jpg?resize=700%2C400&ssl=1 2x, https:\/\/i0.wp.com\/indoorgarden.ee\/wp-content\/uploads\/2025\/11\/4770168921177.jpg?resize=1050%2C600&ssl=1 3x"},"classes":[]},{"id":1316,"url":"https:\/\/indoorgarden.ee\/et\/toode\/orgaanilised-redise-idanevad-seemned-vurtsikad-mikrokoogiviljad-salatite-ja-voileibade-jaoks-lihtne-siseruumide-supertoit-20g-vilmorin\/","url_meta":{"origin":1315,"position":5},"title":"Mahedad redise seemned idandamiseks \u2013 terav mikrov\u00f5rse salatitele ja v\u00f5ileibadele","author":"admin","date":"31. juuli 2025","format":false,"excerpt":"Mahedad redise seemned idandamiseks. Maitsev terav mikrov\u00f5rse, mis kasvab kodus lihtsalt. Vilmorini kvaliteet, sobib idupurkidele.","rel":"","context":"Similar post","block_context":{"text":"Similar post","link":""},"img":{"alt_text":"","src":"https:\/\/i0.wp.com\/indoorgarden.ee\/wp-content\/uploads\/2025\/07\/product-153675_0-VC554.jpg?resize=350%2C200&ssl=1","width":350,"height":200,"srcset":"https:\/\/i0.wp.com\/indoorgarden.ee\/wp-content\/uploads\/2025\/07\/product-153675_0-VC554.jpg?resize=350%2C200&ssl=1 1x, https:\/\/i0.wp.com\/indoorgarden.ee\/wp-content\/uploads\/2025\/07\/product-153675_0-VC554.jpg?resize=525%2C300&ssl=1 1.5x, https:\/\/i0.wp.com\/indoorgarden.ee\/wp-content\/uploads\/2025\/07\/product-153675_0-VC554.jpg?resize=700%2C400&ssl=1 2x"},"classes":[]}],"_links":{"self":[{"href":"https:\/\/indoorgarden.ee\/et\/wp-json\/wp\/v2\/product\/1315","targetHints":{"allow":["GET"]}}],"collection":[{"href":"https:\/\/indoorgarden.ee\/et\/wp-json\/wp\/v2\/product"}],"about":[{"href":"https:\/\/indoorgarden.ee\/et\/wp-json\/wp\/v2\/types\/product"}],"replies":[{"embeddable":true,"href":"https:\/\/indoorgarden.ee\/et\/wp-json\/wp\/v2\/comments?post=1315"}],"wp:featuredmedia":[{"embeddable":true,"href":"https:\/\/indoorgarden.ee\/et\/wp-json\/wp\/v2\/media\/1161"}],"wp:attachment":[{"href":"https:\/\/indoorgarden.ee\/et\/wp-json\/wp\/v2\/media?parent=1315"}],"wp:term":[{"taxonomy":"product_brand","embeddable":true,"href":"https:\/\/indoorgarden.ee\/et\/wp-json\/wp\/v2\/product_brand?post=1315"},{"taxonomy":"product_cat","embeddable":true,"href":"https:\/\/indoorgarden.ee\/et\/wp-json\/wp\/v2\/product_cat?post=1315"},{"taxonomy":"product_tag","embeddable":true,"href":"https:\/\/indoorgarden.ee\/et\/wp-json\/wp\/v2\/product_tag?post=1315"}],"curies":[{"name":"wp","href":"https:\/\/api.w.org\/{rel}","templated":true}]}}