{"id":1313,"date":"2025-08-08T13:52:33","date_gmt":"2025-08-08T10:52:33","guid":{"rendered":"https:\/\/indoorgarden.ee\/product\/urtikapott-elho-bouncy-basilic-16-5cm-roheline\/"},"modified":"2026-04-26T15:50:47","modified_gmt":"2026-04-26T12:50:47","slug":"urtikapott-elho-bouncy-basilic-16-5cm-roheline","status":"publish","type":"product","link":"https:\/\/indoorgarden.ee\/et\/toode\/urtikapott-elho-bouncy-basilic-16-5cm-roheline\/","title":{"rendered":"Elho Bouncy Basil \u00fcrdipott 16,5 cm \u2013 roheline"},"content":{"rendered":"<h2>kohta<\/h2>\n<p>Elho Bouncy Basilicumi \u00fcrdipott on spetsiaalselt loodud basiiliku ja teiste maitsetaimede kauem v\u00e4rskena ja tervena hoidmiseks. L\u00e4bim\u00f5\u00f5duga 16,5 cm ja k\u00f5rgusega 21 cm on sellel ainulaadne ujuv sisemine pott, mis muudab kastmise lihtsaks ja t\u00f5husaks. See on valmistatud 100% ringlussev\u00f5etud plastikust ja t\u00e4ielikult taaskasutatav, mist\u00f5ttu on see pott nii praktiline kui ka keskkonnas\u00f5bralik.  <\/p>\n<h2>H\u00fcdropoonika ja siseaedade kasvatamine<\/h2>\n<p>Kuigi tegemist on mullap\u00f5hise ravimtaimede potiga, pakub selle isekastuv konstruktsioon h\u00fcdropoonilise kasvatusega sarnaseid eeliseid, tagades taimede pideva niiskuse varustatuse. See aitab v\u00e4hendada taimede stressi, soodustab tugevamat kasvu ja sobib ideaalselt selleks, et hoida k\u00f6\u00f6gik\u00f6\u00f6gitaimed aastaringselt siseruumides. <\/p>\n<h2>Omadused<\/h2>\n<ul>\n<li>L\u00e4bim\u00f5\u00f5t: 16.5cm, k\u00f5rgus: 21cm<\/li>\n<li>Isevoolav s\u00fcsteem koos ujuva sisemise poti ja n\u00f5elaga<\/li>\n<li>Lihtne veetaseme j\u00e4lgimine &#8211; sisemine pott laskub, kui vett on vaja<\/li>\n<li>Sobib basiiliku, murulaugu, peterselli, koriandri ja muu jaoks.<\/li>\n<li>Valmistatud 100% ringlussev\u00f5etud plastist<\/li>\n<li>Toodetud tuuleenergiat kasutades ja t\u00e4ielikult taaskasutatav.<\/li>\n<li>V\u00e4rv p\u00fcsib t\u00e4nu spetsiaalsetele pigmentidele kauem eluj\u00f5uline<\/li>\n<\/ul>\n<h2>Kasutamine<\/h2>\n<p>Sobib ideaalselt maitsetaimede v\u00e4rskena hoidmiseks k\u00f6\u00f6gis, aknalaual v\u00f5i siseaias. Lihtsalt lisage vajaduse korral vett v\u00e4lisesse potti ja nautige pidevat, tervislikku maitsetaimede kasvu. <\/p>\n","protected":false},"excerpt":{"rendered":"<p>Elho Bouncy Basil \u00fcrdipott on spetsiaalselt m\u00f5eldud basiilikule ja teistele maitsetaimedele, et need p\u00fcsiksid v\u00e4rskena pikemalt. Diameeter 16,5 cm, sobib h\u00e4sti k\u00f6\u00f6git\u00f6\u00f6pinnale.<\/p>\n","protected":false},"featured_media":1209,"comment_status":"closed","ping_status":"closed","template":"","meta":[],"product_brand":[152],"product_cat":[89,144],"product_tag":[],"class_list":{"0":"post-1313","1":"product","2":"type-product","3":"status-publish","4":"has-post-thumbnail","6":"product_brand-elho-et","7":"product_cat-potid-ja-potialustassid","8":"product_cat-isevoolususteemiga-pott","10":"first","11":"instock","12":"taxable","13":"shipping-taxable","14":"purchasable","15":"product-type-simple"},"jetpack_sharing_enabled":true,"jetpack-related-posts":[{"id":5322,"url":"https:\/\/indoorgarden.ee\/et\/toode\/elho-happy-herbs-14-cm-roheline-urdipott-sisseehitatud-veepaagiga\/","url_meta":{"origin":1313,"position":0},"title":"Elho Happy Herbs 14 cm \u2013 roheline \u00fcrdipott sisseehitatud veepaagiga","author":"admin","date":"16. jaan. 2026","format":false,"excerpt":"Elho Happy Herbs 14 cm rohelises. Sisseehitatud veepaagiga \u00fcrdipott, mis hoiab maitsetaimed pikemalt v\u00e4rsked ja v\u00e4hendab kastmise vajadust.","rel":"","context":"Similar post","block_context":{"text":"Similar post","link":""},"img":{"alt_text":"","src":"https:\/\/i0.wp.com\/indoorgarden.ee\/wp-content\/uploads\/2026\/01\/happy_herbs_15cm_leaf_green.thymus.c1.webp?resize=350%2C200&ssl=1","width":350,"height":200,"srcset":"https:\/\/i0.wp.com\/indoorgarden.ee\/wp-content\/uploads\/2026\/01\/happy_herbs_15cm_leaf_green.thymus.c1.webp?resize=350%2C200&ssl=1 1x, https:\/\/i0.wp.com\/indoorgarden.ee\/wp-content\/uploads\/2026\/01\/happy_herbs_15cm_leaf_green.thymus.c1.webp?resize=525%2C300&ssl=1 1.5x, https:\/\/i0.wp.com\/indoorgarden.ee\/wp-content\/uploads\/2026\/01\/happy_herbs_15cm_leaf_green.thymus.c1.webp?resize=700%2C400&ssl=1 2x, https:\/\/i0.wp.com\/indoorgarden.ee\/wp-content\/uploads\/2026\/01\/happy_herbs_15cm_leaf_green.thymus.c1.webp?resize=1050%2C600&ssl=1 3x, https:\/\/i0.wp.com\/indoorgarden.ee\/wp-content\/uploads\/2026\/01\/happy_herbs_15cm_leaf_green.thymus.c1.webp?resize=1400%2C800&ssl=1 4x"},"classes":[]},{"id":1305,"url":"https:\/\/indoorgarden.ee\/et\/toode\/elho-green-basic-plant-labels-s-5-pack-korduvkasutatavad-valged-aiamargised-seemikute-ja-maitsetaimede-jaoks-100-taaskasutatavad\/","url_meta":{"origin":1313,"position":1},"title":"Elho Green Basic taimesildid S \u2013 5 tk pakk korduvkasutatavad valged sildid seemikutele ja \u00fcrtidele","author":"admin","date":"31. juuli 2025","format":false,"excerpt":"Elho Green Basic taimesildid 5 tk pakk. Korduvkasutatavad valged sildid seemikutele ja \u00fcrtidele. 100% taaskasutatav materjal.","rel":"","context":"Similar post","block_context":{"text":"Similar post","link":""},"img":{"alt_text":"","src":"https:\/\/i0.wp.com\/indoorgarden.ee\/wp-content\/uploads\/2025\/07\/8711904194574-scaled-1.jpg?resize=350%2C200&ssl=1","width":350,"height":200,"srcset":"https:\/\/i0.wp.com\/indoorgarden.ee\/wp-content\/uploads\/2025\/07\/8711904194574-scaled-1.jpg?resize=350%2C200&ssl=1 1x, https:\/\/i0.wp.com\/indoorgarden.ee\/wp-content\/uploads\/2025\/07\/8711904194574-scaled-1.jpg?resize=525%2C300&ssl=1 1.5x, https:\/\/i0.wp.com\/indoorgarden.ee\/wp-content\/uploads\/2025\/07\/8711904194574-scaled-1.jpg?resize=700%2C400&ssl=1 2x, https:\/\/i0.wp.com\/indoorgarden.ee\/wp-content\/uploads\/2025\/07\/8711904194574-scaled-1.jpg?resize=1050%2C600&ssl=1 3x, https:\/\/i0.wp.com\/indoorgarden.ee\/wp-content\/uploads\/2025\/07\/8711904194574-scaled-1.jpg?resize=1400%2C800&ssl=1 4x"},"classes":[]},{"id":1317,"url":"https:\/\/indoorgarden.ee\/et\/toode\/elho-aqua-care-isekastmissusteem-labipaistev-2-komplekti-tilkkastmissusteem-toataimedele\/","url_meta":{"origin":1313,"position":2},"title":"Elho Aqua Care isekastes\u00fcsteem \u2013 l\u00e4bipaistev 2 tk pakk tilkkastmine sisetaimedele","author":"admin","date":"8. aug. 2025","format":false,"excerpt":"Elho Aqua Care isekastes\u00fcsteem 2 tk pakk. L\u00e4bipaistev tilkkastes\u00fcsteem sisetaimedele \u2013 sobib reisile minejatele v\u00f5i kui sa unustad kasta.","rel":"","context":"Similar post","block_context":{"text":"Similar post","link":""},"img":{"alt_text":"","src":"https:\/\/i0.wp.com\/indoorgarden.ee\/wp-content\/uploads\/2025\/08\/8711904148973.jpg?resize=350%2C200&ssl=1","width":350,"height":200,"srcset":"https:\/\/i0.wp.com\/indoorgarden.ee\/wp-content\/uploads\/2025\/08\/8711904148973.jpg?resize=350%2C200&ssl=1 1x, https:\/\/i0.wp.com\/indoorgarden.ee\/wp-content\/uploads\/2025\/08\/8711904148973.jpg?resize=525%2C300&ssl=1 1.5x, https:\/\/i0.wp.com\/indoorgarden.ee\/wp-content\/uploads\/2025\/08\/8711904148973.jpg?resize=700%2C400&ssl=1 2x, https:\/\/i0.wp.com\/indoorgarden.ee\/wp-content\/uploads\/2025\/08\/8711904148973.jpg?resize=1050%2C600&ssl=1 3x"},"classes":[]},{"id":1294,"url":"https:\/\/indoorgarden.ee\/et\/toode\/elho-plunge-kastekann-1-7l-must-kaasaegne-kastekann-siseruumides-100-ringlussevoetud-plastist\/","url_meta":{"origin":1313,"position":3},"title":"Elho Plunge kastekann 1,7 L mustas \u2013 kaasaegne sisekastekann 100% taaskasutatud plastist","author":"admin","date":"8. aug. 2025","format":false,"excerpt":"Elho Plunge kastekann 1,7 L mustas. Kaasaegne disain, mugav k\u00e4es, sobib igap\u00e4evaseks toataimede kastmiseks. 100% taaskasutatud plastist.","rel":"","context":"Similar post","block_context":{"text":"Similar post","link":""},"img":{"alt_text":"","src":"https:\/\/i0.wp.com\/indoorgarden.ee\/wp-content\/uploads\/2025\/08\/product-2301797_0-6421930_433.jpg?resize=350%2C200&ssl=1","width":350,"height":200,"srcset":"https:\/\/i0.wp.com\/indoorgarden.ee\/wp-content\/uploads\/2025\/08\/product-2301797_0-6421930_433.jpg?resize=350%2C200&ssl=1 1x, https:\/\/i0.wp.com\/indoorgarden.ee\/wp-content\/uploads\/2025\/08\/product-2301797_0-6421930_433.jpg?resize=525%2C300&ssl=1 1.5x, https:\/\/i0.wp.com\/indoorgarden.ee\/wp-content\/uploads\/2025\/08\/product-2301797_0-6421930_433.jpg?resize=700%2C400&ssl=1 2x"},"classes":[]},{"id":2748,"url":"https:\/\/indoorgarden.ee\/toode\/elho-happy-herbs-14-cm-leaf-green-indoor-herb-planter-with-water-reservoir\/","url_meta":{"origin":1313,"position":4},"title":"Elho Happy Herbs 14 cm \u2013 roheline \u00fcrdipott sisseehitatud veepaagiga","author":"admin","date":"16. jaan. 2026","format":false,"excerpt":"Elho Happy Herbs 14 cm rohelises. Sisseehitatud veepaagiga \u00fcrdipott, mis hoiab maitsetaimed pikemalt v\u00e4rsked ja v\u00e4hendab kastmise vajadust.","rel":"","context":"Similar post","block_context":{"text":"Similar post","link":""},"img":{"alt_text":"","src":"https:\/\/i0.wp.com\/indoorgarden.ee\/wp-content\/uploads\/2026\/01\/happy_herbs_15cm_leaf_green.thymus.c1.webp?resize=350%2C200&ssl=1","width":350,"height":200,"srcset":"https:\/\/i0.wp.com\/indoorgarden.ee\/wp-content\/uploads\/2026\/01\/happy_herbs_15cm_leaf_green.thymus.c1.webp?resize=350%2C200&ssl=1 1x, https:\/\/i0.wp.com\/indoorgarden.ee\/wp-content\/uploads\/2026\/01\/happy_herbs_15cm_leaf_green.thymus.c1.webp?resize=525%2C300&ssl=1 1.5x, https:\/\/i0.wp.com\/indoorgarden.ee\/wp-content\/uploads\/2026\/01\/happy_herbs_15cm_leaf_green.thymus.c1.webp?resize=700%2C400&ssl=1 2x, https:\/\/i0.wp.com\/indoorgarden.ee\/wp-content\/uploads\/2026\/01\/happy_herbs_15cm_leaf_green.thymus.c1.webp?resize=1050%2C600&ssl=1 3x, https:\/\/i0.wp.com\/indoorgarden.ee\/wp-content\/uploads\/2026\/01\/happy_herbs_15cm_leaf_green.thymus.c1.webp?resize=1400%2C800&ssl=1 4x"},"classes":[]},{"id":1315,"url":"https:\/\/indoorgarden.ee\/et\/toode\/elho-idanemiskauss-168-cm-roheline-lihtne-idanemiskauss-varskete-mikrokoogiviljade-jaoks-100-taaskasutatud-plastikust\/","url_meta":{"origin":1313,"position":5},"title":"Elho idanduskauss 16,8 cm rohelises \u2013 lihtne idanduskauss v\u00e4rsketele mikrov\u00f5rsetele 100% taaskasutatud plastist","author":"admin","date":"8. aug. 2025","format":false,"excerpt":"Elho idanduskauss 16,8 cm rohelises. Lihtne, kvaliteetne idanduskauss mikrov\u00f5rsete ja itude kasvatamiseks \u2013 100% taaskasutatud plastist.","rel":"","context":"Similar post","block_context":{"text":"Similar post","link":""},"img":{"alt_text":"","src":"https:\/\/i0.wp.com\/indoorgarden.ee\/wp-content\/uploads\/2025\/08\/product-2373179_1-64607017_360-300x300-1.jpg?resize=350%2C200&ssl=1","width":350,"height":200},"classes":[]}],"_links":{"self":[{"href":"https:\/\/indoorgarden.ee\/et\/wp-json\/wp\/v2\/product\/1313","targetHints":{"allow":["GET"]}}],"collection":[{"href":"https:\/\/indoorgarden.ee\/et\/wp-json\/wp\/v2\/product"}],"about":[{"href":"https:\/\/indoorgarden.ee\/et\/wp-json\/wp\/v2\/types\/product"}],"replies":[{"embeddable":true,"href":"https:\/\/indoorgarden.ee\/et\/wp-json\/wp\/v2\/comments?post=1313"}],"wp:featuredmedia":[{"embeddable":true,"href":"https:\/\/indoorgarden.ee\/et\/wp-json\/wp\/v2\/media\/1209"}],"wp:attachment":[{"href":"https:\/\/indoorgarden.ee\/et\/wp-json\/wp\/v2\/media?parent=1313"}],"wp:term":[{"taxonomy":"product_brand","embeddable":true,"href":"https:\/\/indoorgarden.ee\/et\/wp-json\/wp\/v2\/product_brand?post=1313"},{"taxonomy":"product_cat","embeddable":true,"href":"https:\/\/indoorgarden.ee\/et\/wp-json\/wp\/v2\/product_cat?post=1313"},{"taxonomy":"product_tag","embeddable":true,"href":"https:\/\/indoorgarden.ee\/et\/wp-json\/wp\/v2\/product_tag?post=1313"}],"curies":[{"name":"wp","href":"https:\/\/api.w.org\/{rel}","templated":true}]}}