{"id":1311,"date":"2025-07-31T16:14:33","date_gmt":"2025-07-31T13:14:33","guid":{"rendered":"https:\/\/indoorgarden.ee\/product\/buzzy-orgaaniline-klaasist-idanemiskauss-rukola-seemnetega-lihtne-mikrokoogiviljade-komplekt-siseruumides-bpa-vaba-14cm\/"},"modified":"2026-04-26T18:46:58","modified_gmt":"2026-04-26T15:46:58","slug":"buzzy-orgaaniline-klaasist-idanemiskauss-rukola-seemnetega-lihtne-mikrokoogiviljade-komplekt-siseruumides-bpa-vaba-14cm","status":"publish","type":"product","link":"https:\/\/indoorgarden.ee\/et\/toode\/buzzy-orgaaniline-klaasist-idanemiskauss-rukola-seemnetega-lihtne-mikrokoogiviljade-komplekt-siseruumides-bpa-vaba-14cm\/","title":{"rendered":"Buzzy mahe klaasidanduskauss rukola seemnetega \u2013 mikrov\u00f5rsete komplekt 14 cm BPA-vaba"},"content":{"rendered":"<h2>Kasvatage v\u00e4rskeid rukola idusid kodus<\/h2>\n<p>Buzzy\u00ae Organic Sprouting Bowl on kaunilt disainitud klaasist kauss, mis muudab oma toitaineterikka rukola mikrorukola kasvatamise lihtsaks ja nauditavaks. See lihtne s\u00fcsteem sobib ideaalselt algajatele ja v\u00f5imaldab teil kasvatada v\u00e4rsket rohelist otse oma k\u00f6\u00f6gilauas &#8211; mulda v\u00f5i spetsiaalset valgust ei ole vaja. <\/p>\n<h2>Mida sisaldab<\/h2>\n<ul>\n<li>1 klaasist idanemiskauss (k\u00f5rgus: 6 cm, l\u00e4bim\u00f5\u00f5t: 14 cm)<\/li>\n<li>1 peenv\u00f5rguga seemneplaat lihtsaks loputamiseks ja kuivendamiseks<\/li>\n<li>1 pakend sertifitseeritud mahep\u00f5llumajandusliku rukola seemneid (rukola), mis idanevad<\/li>\n<\/ul>\n<h2>Kuidas kasutada<\/h2>\n<ol>\n<li>Piserdage \u00f5huke kiht seemneid v\u00f5rgukastile.<\/li>\n<li>Loputage \u00f5rnalt jooksva vee all.<\/li>\n<li>Asetage kandik tagasi kaussi ja hoidke seda soojas kohas.<\/li>\n<li>Loputage kaks korda p\u00e4evas, et seemned oleksid niisked ja puhtad.<\/li>\n<li>Korjake v\u00e4rskeid idusid juba m\u00f5ne p\u00e4eva p\u00e4rast.<\/li>\n<\/ol>\n<h2>Miks see idandamise komplekt on suurep\u00e4rane<\/h2>\n<ul>\n<li>Sobib suurep\u00e4raselt aastaringseks kasutamiseks siseruumides<\/li>\n<li>Puhas ja korduvkasutatav klaasist kauss &#8211; ei mingit plasti, ei mingit kemikaali<\/li>\n<li>Ideaalne suurus v\u00e4ikestesse k\u00f6\u00f6kidesse v\u00f5i aknalaudadele<\/li>\n<li>Sisaldab k\u00f5ike, mida vajate, et alustada idanemist kohe<\/li>\n<li>Buzzy\u00ae Organic sertifitseeritud orgaanilised seemned<\/li>\n<\/ul>\n<p>See kompaktne idanemiskauss v\u00f5imaldab teil kodus h\u00f5lpsasti kasvatada v\u00e4rsket rohelist rohelist, olenemata sellest, kas te alles alustate siseruumides aiapidamist v\u00f5i otsite j\u00e4tkusuutlikku viisi oma tervise edendamiseks.<\/p>\n","protected":false},"excerpt":{"rendered":"<p>Buzzy mahe klaasidanduskauss koos rukola seemnetega. Lihtne mikrov\u00f5rsete kasvatuseks, BPA-vaba klaas, 14 cm \u2013 idud valmis \u00fche n\u00e4dalaga.<\/p>\n","protected":false},"featured_media":1027,"comment_status":"closed","ping_status":"closed","template":"","meta":[],"product_brand":[157],"product_cat":[139,89],"product_tag":[],"class_list":{"0":"post-1311","1":"product","2":"type-product","3":"status-publish","4":"has-post-thumbnail","6":"product_brand-buzzy-organic-et","7":"product_cat-idandamisnoud","8":"product_cat-potid-ja-potialustassid","10":"first","11":"instock","12":"taxable","13":"shipping-taxable","14":"purchasable","15":"product-type-simple"},"jetpack_sharing_enabled":true,"jetpack-related-posts":[{"id":2195,"url":"https:\/\/indoorgarden.ee\/et\/toode\/rukola-vorsete-seemned-100-g-kiirekasvuline-supertoit-ideaalne-hudropoonikasse-ja-idandamisnoudesse\/","url_meta":{"origin":1311,"position":0},"title":"Mikrov\u00f5rsete rukola seemned 100 g \u2013 kiirelt kasvav superfood h\u00fcdropoonikale ja idupurkidesse","author":"admin","date":"16. nov. 2025","format":false,"excerpt":"Mikrov\u00f5rsete rukola seemned 100 g. Kiire kasv, intensiivne p\u00e4hklise-pipraga maitse \u2013 sobib salatitele, v\u00f5ileibadele ja taldriku kaunistamiseks.","rel":"","context":"Similar post","block_context":{"text":"Similar post","link":""},"img":{"alt_text":"","src":"https:\/\/i0.wp.com\/indoorgarden.ee\/wp-content\/uploads\/2025\/11\/4770168921184.jpg?resize=350%2C200&ssl=1","width":350,"height":200,"srcset":"https:\/\/i0.wp.com\/indoorgarden.ee\/wp-content\/uploads\/2025\/11\/4770168921184.jpg?resize=350%2C200&ssl=1 1x, https:\/\/i0.wp.com\/indoorgarden.ee\/wp-content\/uploads\/2025\/11\/4770168921184.jpg?resize=525%2C300&ssl=1 1.5x, https:\/\/i0.wp.com\/indoorgarden.ee\/wp-content\/uploads\/2025\/11\/4770168921184.jpg?resize=700%2C400&ssl=1 2x, https:\/\/i0.wp.com\/indoorgarden.ee\/wp-content\/uploads\/2025\/11\/4770168921184.jpg?resize=1050%2C600&ssl=1 3x"},"classes":[]},{"id":2223,"url":"https:\/\/indoorgarden.ee\/et\/toode\/rukola-seemned-kiirekasvuline-maitsetaim-hudropoonika-ja-nutiaedade-jaoks\/","url_meta":{"origin":1311,"position":1},"title":"Mahe rukola seemned \u2013 kiirelt kasvav \u00fcrt h\u00fcdropoonikasse ja nutiaeda","author":"admin","date":"18. nov. 2025","format":false,"excerpt":"Mahe rukola seemned. Kiirelt kasvav, pisut p\u00e4hklise-pipraga maitsega salat \u2013 sobib salatitele, v\u00f5ileibadele ja pizzale lisana.","rel":"","context":"Similar post","block_context":{"text":"Similar post","link":""},"img":{"alt_text":"","src":"https:\/\/i0.wp.com\/indoorgarden.ee\/wp-content\/uploads\/2025\/11\/4770168151444.jpg?resize=350%2C200&ssl=1","width":350,"height":200},"classes":[]},{"id":2141,"url":"https:\/\/indoorgarden.ee\/et\/toode\/botanium-orgaanilised-rukolaseemned-kiirekasvuline-ruca-siseruumide-hudropoonikasse\/","url_meta":{"origin":1311,"position":2},"title":"Botanium mahedad rukola \u2018Ruca\u2019 seemned \u2013 kiirelt kasvav sort sisetingimuste h\u00fcdropoonikale","author":"admin","date":"2. sept. 2025","format":false,"excerpt":"Botanium mahedad rukola \u2018Ruca\u2019 seemned. Kiire kasv, pisut teravam maitse kui tavarukolal \u2013 sobib salatisse ja v\u00f5ileivale.","rel":"","context":"Similar post","block_context":{"text":"Similar post","link":""},"img":{"alt_text":"","src":"https:\/\/i0.wp.com\/indoorgarden.ee\/wp-content\/uploads\/2025\/09\/ruca_1800x1800.webp?resize=350%2C200&ssl=1","width":350,"height":200,"srcset":"https:\/\/i0.wp.com\/indoorgarden.ee\/wp-content\/uploads\/2025\/09\/ruca_1800x1800.webp?resize=350%2C200&ssl=1 1x, https:\/\/i0.wp.com\/indoorgarden.ee\/wp-content\/uploads\/2025\/09\/ruca_1800x1800.webp?resize=525%2C300&ssl=1 1.5x, https:\/\/i0.wp.com\/indoorgarden.ee\/wp-content\/uploads\/2025\/09\/ruca_1800x1800.webp?resize=700%2C400&ssl=1 2x"},"classes":[]},{"id":842,"url":"https:\/\/indoorgarden.ee\/et\/toode\/letpot-mini-5-pod-siseruumide-hudropooniline-aed\/","url_meta":{"origin":1311,"position":3},"title":"LetPot Mini 5-pesaline nutiaed \u2013 kasvata \u00fcrte, salatit ja k\u00f6\u00f6givilja aastaringselt","author":"admin","date":"20. juuli 2025","format":false,"excerpt":"Kompaktne 5-pesaline h\u00fcdropooniline nutiaed sisseehitatud LED-kasvulambi ja automaatse kastmisega \u2013 kasvata v\u00e4rskeid \u00fcrte, salatit ja k\u00f6\u00f6givilju kodus aastaringselt. Sobib ideaalselt k\u00f6\u00f6git\u00f6\u00f6pinnale, v\u00e4ikesesse korterisse ja algajatele.","rel":"","context":"With 1 comment","block_context":{"text":"With 1 comment","link":"https:\/\/indoorgarden.ee\/et\/toode\/letpot-mini-5-pod-siseruumide-hudropooniline-aed\/#comments"},"img":{"alt_text":"","src":"https:\/\/i0.wp.com\/indoorgarden.ee\/wp-content\/uploads\/2025\/07\/971c38cdcc0396aa1801a32536b62f5.webp?resize=350%2C200&ssl=1","width":350,"height":200,"srcset":"https:\/\/i0.wp.com\/indoorgarden.ee\/wp-content\/uploads\/2025\/07\/971c38cdcc0396aa1801a32536b62f5.webp?resize=350%2C200&ssl=1 1x, https:\/\/i0.wp.com\/indoorgarden.ee\/wp-content\/uploads\/2025\/07\/971c38cdcc0396aa1801a32536b62f5.webp?resize=525%2C300&ssl=1 1.5x, https:\/\/i0.wp.com\/indoorgarden.ee\/wp-content\/uploads\/2025\/07\/971c38cdcc0396aa1801a32536b62f5.webp?resize=700%2C400&ssl=1 2x, https:\/\/i0.wp.com\/indoorgarden.ee\/wp-content\/uploads\/2025\/07\/971c38cdcc0396aa1801a32536b62f5.webp?resize=1050%2C600&ssl=1 3x, https:\/\/i0.wp.com\/indoorgarden.ee\/wp-content\/uploads\/2025\/07\/971c38cdcc0396aa1801a32536b62f5.webp?resize=1400%2C800&ssl=1 4x"},"classes":[]},{"id":1316,"url":"https:\/\/indoorgarden.ee\/et\/toode\/orgaanilised-redise-idanevad-seemned-vurtsikad-mikrokoogiviljad-salatite-ja-voileibade-jaoks-lihtne-siseruumide-supertoit-20g-vilmorin\/","url_meta":{"origin":1311,"position":4},"title":"Mahedad redise seemned idandamiseks \u2013 terav mikrov\u00f5rse salatitele ja v\u00f5ileibadele","author":"admin","date":"31. juuli 2025","format":false,"excerpt":"Mahedad redise seemned idandamiseks. Maitsev terav mikrov\u00f5rse, mis kasvab kodus lihtsalt. Vilmorini kvaliteet, sobib idupurkidele.","rel":"","context":"Similar post","block_context":{"text":"Similar post","link":""},"img":{"alt_text":"","src":"https:\/\/i0.wp.com\/indoorgarden.ee\/wp-content\/uploads\/2025\/07\/product-153675_0-VC554.jpg?resize=350%2C200&ssl=1","width":350,"height":200,"srcset":"https:\/\/i0.wp.com\/indoorgarden.ee\/wp-content\/uploads\/2025\/07\/product-153675_0-VC554.jpg?resize=350%2C200&ssl=1 1x, https:\/\/i0.wp.com\/indoorgarden.ee\/wp-content\/uploads\/2025\/07\/product-153675_0-VC554.jpg?resize=525%2C300&ssl=1 1.5x, https:\/\/i0.wp.com\/indoorgarden.ee\/wp-content\/uploads\/2025\/07\/product-153675_0-VC554.jpg?resize=700%2C400&ssl=1 2x"},"classes":[]},{"id":804,"url":"https:\/\/indoorgarden.ee\/et\/toode\/letpot-air-10-pods-hudropooniline-aiandussusteem\/","url_meta":{"origin":1311,"position":5},"title":"LetPot Air 10-pesaline nutiaed \u2013 rohkem \u00fcrte, salatit ja k\u00f6\u00f6givilja korraga","author":"admin","date":"23. juuli 2025","format":false,"excerpt":"10-pesaline h\u00fcdropooniline nutiaed automaatse kastmise ja LED-kasvulambiga. Sobib peredele, kes tahavad rohkem v\u00e4rsket korraga, aga ei taha k\u00f6\u00f6gipinda kogu s\u00fcsteemile loovutada. Wi-Fi \u00e4piga juhitav.","rel":"","context":"With 1 comment","block_context":{"text":"With 1 comment","link":"https:\/\/indoorgarden.ee\/et\/toode\/letpot-air-10-pods-hudropooniline-aiandussusteem\/#comments"},"img":{"alt_text":"","src":"https:\/\/i0.wp.com\/indoorgarden.ee\/wp-content\/uploads\/2025\/07\/20250310134248.jpg?resize=350%2C200&ssl=1","width":350,"height":200,"srcset":"https:\/\/i0.wp.com\/indoorgarden.ee\/wp-content\/uploads\/2025\/07\/20250310134248.jpg?resize=350%2C200&ssl=1 1x, https:\/\/i0.wp.com\/indoorgarden.ee\/wp-content\/uploads\/2025\/07\/20250310134248.jpg?resize=525%2C300&ssl=1 1.5x, https:\/\/i0.wp.com\/indoorgarden.ee\/wp-content\/uploads\/2025\/07\/20250310134248.jpg?resize=700%2C400&ssl=1 2x, https:\/\/i0.wp.com\/indoorgarden.ee\/wp-content\/uploads\/2025\/07\/20250310134248.jpg?resize=1050%2C600&ssl=1 3x, https:\/\/i0.wp.com\/indoorgarden.ee\/wp-content\/uploads\/2025\/07\/20250310134248.jpg?resize=1400%2C800&ssl=1 4x"},"classes":[]}],"_links":{"self":[{"href":"https:\/\/indoorgarden.ee\/et\/wp-json\/wp\/v2\/product\/1311","targetHints":{"allow":["GET"]}}],"collection":[{"href":"https:\/\/indoorgarden.ee\/et\/wp-json\/wp\/v2\/product"}],"about":[{"href":"https:\/\/indoorgarden.ee\/et\/wp-json\/wp\/v2\/types\/product"}],"replies":[{"embeddable":true,"href":"https:\/\/indoorgarden.ee\/et\/wp-json\/wp\/v2\/comments?post=1311"}],"wp:featuredmedia":[{"embeddable":true,"href":"https:\/\/indoorgarden.ee\/et\/wp-json\/wp\/v2\/media\/1027"}],"wp:attachment":[{"href":"https:\/\/indoorgarden.ee\/et\/wp-json\/wp\/v2\/media?parent=1311"}],"wp:term":[{"taxonomy":"product_brand","embeddable":true,"href":"https:\/\/indoorgarden.ee\/et\/wp-json\/wp\/v2\/product_brand?post=1311"},{"taxonomy":"product_cat","embeddable":true,"href":"https:\/\/indoorgarden.ee\/et\/wp-json\/wp\/v2\/product_cat?post=1311"},{"taxonomy":"product_tag","embeddable":true,"href":"https:\/\/indoorgarden.ee\/et\/wp-json\/wp\/v2\/product_tag?post=1311"}],"curies":[{"name":"wp","href":"https:\/\/api.w.org\/{rel}","templated":true}]}}