{"id":1309,"date":"2025-09-26T14:56:25","date_gmt":"2025-09-26T11:56:25","guid":{"rendered":"https:\/\/indoorgarden.ee\/product\/tilli-mammouth-seemned-anethum-graveolens-kompaktne-aromaatne-sort-sise-rodu-ja-valitingimustes-kasvatamiseks-hiline-oitsemine-20cm-1g\/"},"modified":"2026-05-10T12:49:25","modified_gmt":"2026-05-10T09:49:25","slug":"tilli-mammouth-seemned-anethum-graveolens-kompaktne-aromaatne-sort-sise-rodu-ja-valitingimustes-kasvatamiseks-hiline-oitsemine-20cm-1g","status":"publish","type":"product","link":"https:\/\/indoorgarden.ee\/et\/toode\/tilli-mammouth-seemned-anethum-graveolens-kompaktne-aromaatne-sort-sise-rodu-ja-valitingimustes-kasvatamiseks-hiline-oitsemine-20cm-1g\/","title":{"rendered":"Aedtilli \u2018Mammoth\u2019 seemned (Anethum graveolens) \u2013 kompaktne aromaatne sort sise- ja v\u00e4litingimustele"},"content":{"rendered":"<h2>Tilli &#8216;Mammouth&#8217; (Anethum graveolens) kohta<\/h2>\n<p>&#8216;Mammouth&#8217; on kompaktne, keskmise varasusega tillisort, mis on tuntud oma tootlikkuse ja tugeva aroomi poolest. Taimed kasvavad umbes 20 cm k\u00f5rgeks ja annavad tihedaid, tumerohelisi lehti, mis sobivad suurep\u00e4raselt maitsestamiseks, garneerimiseks v\u00f5i s\u00e4ilitamiseks. Erinevalt paljudest teistest sortidest moodustuvad selle \u00f5isikud hiljem, mis pikendab lehtede koristusaega.  <\/p>\n<p>See sort on algaja-s\u00f5bralik ja v\u00e4hese hooldusega &#8211; ideaalne aedadesse, r\u00f5dukonteineritesse v\u00f5i siseruumides nutiaedadedesse k\u00fclvamiseks. See kasvab h\u00e4sti ka teiste k\u00f6\u00f6giviljade, nagu porgand, salat ja redis, vahel, isegi osalises varjus. <\/p>\n<h2>Sobib suurep\u00e4raselt siseruumides ja h\u00fcdropooniliseks (nutiaias) kasvatamiseks.<\/h2>\n<p>Till &#8216;Mammouth&#8217; sobib h\u00e4sti aastaringseks kasvatamiseks nutiaedades ja h\u00fcdropoonilistes seadeldistes. Nendes kontrollitud keskkondades v\u00f5ib till kasvada kuni 3 korda kiiremini kui traditsioonilises mullas, eriti kui talle pakutakse pidevat valgust ja toitaineid. <\/p>\n<p>K\u00fclvikalender on m\u00f5eldud tavap\u00e4raseks v\u00e4litingimustes kasvatamiseks, nutiaia kasutajad v\u00f5ivad aga alustada igal ajal &#8211; lihtsalt hoidke oma kasvutuled 12-16 tundi p\u00e4evas sisse l\u00fclitatud ja koristage saaki vastavalt vajadusele.<\/p>\n<h2>Peamised omadused<\/h2>\n<ul>\n<li>Kompaktne tillisort &#8211; kasvab 20 cm k\u00f5rgeks.<\/li>\n<li>Tumerohelised, aromaatsed lehed<\/li>\n<li>Hiline \u00f5itsemine &#8211; pikem koristusperiood enne \u00f5itsemist.<\/li>\n<li>Sobib suurep\u00e4raselt maitsestamiseks, v\u00e4rskelt kasutamiseks v\u00f5i kuivatamiseks.<\/li>\n<li>Lihtne kasvatada t\u00e4isp\u00e4ikeses v\u00f5i osalises varjus.<\/li>\n<li>Toimib h\u00e4sti pottides, k\u00f6\u00f6giviljapeenardes v\u00f5i h\u00fcdropoonilistes s\u00fcsteemides.<\/li>\n<li>Taimede vahekaugus: 3-5 cm taimede vahel, 15-20 cm ridade vahel.<\/li>\n<li>K\u00fclvuss\u00fcgavus: 2-3 cm<\/li>\n<li>K\u00fclviaeg: veebruar-juuni, august-september (avamaal).<\/li>\n<li>Saagikoristuse aeg: <\/li>\n<li>Br\u00e4ndi: Seklos Brand Line<\/li>\n<\/ul>\n<h2>Kasvatamise n\u00f5uanded<\/h2>\n<p>K\u00fclvake otse kasvukohta ja hoidke muld pidevalt niiske. Pideva saagi saamiseks k\u00fclvake iga 10-14 p\u00e4eva tagant. Kasvab h\u00e4sti koos teiste kultuuridega ja on suurep\u00e4rane kaaslane nii traditsioonilises kui ka h\u00fcdropoonilises kasvatuses.  <\/p>\n","protected":false},"excerpt":{"rendered":"<p>Aedtilli \u2018Mammoth\u2019 seemned. Kompaktne, hilise \u00f5itsemisega sort, mis sobib nii sees nutiaias kui r\u00f5dul ja \u00f5uepeenardes \u2013 aromaatne lisand kalale ja salatile.<\/p>\n","protected":false},"featured_media":1015,"comment_status":"closed","ping_status":"closed","template":"","meta":[],"product_brand":[155],"product_cat":[103,93],"product_tag":[],"class_list":{"0":"post-1309","1":"product","2":"type-product","3":"status-publish","4":"has-post-thumbnail","6":"product_brand-seklos-et","7":"product_cat-urdi-seemned","8":"product_cat-seemned","9":"pa_indoor-garden-seeds-till","11":"first","12":"instock","13":"taxable","14":"shipping-taxable","15":"purchasable","16":"product-type-simple"},"jetpack_sharing_enabled":true,"jetpack-related-posts":[{"id":2032,"url":"https:\/\/indoorgarden.ee\/et\/toode\/tilli-seemned-3g-anethum-graveolens-toiduvalmistamiseks-marineerimiseks-sobib-ka-toas-kasvatamiseks\/","url_meta":{"origin":1309,"position":0},"title":"Aedtilli seemned 3 g \u2013 Anethum graveolens k\u00f6\u00f6gile, marineerimisele ja h\u00fcdropoonikale","author":"admin","date":"29. sept. 2025","format":false,"excerpt":"Aedtilli seemned 3 g. Klassikaline k\u00f6\u00f6gitill kasvab kiiresti h\u00fcdropoonikas ja nutiaias \u2013 sobib supile, kalale, kartulitele ja marineerimiseks.","rel":"","context":"Similar post","block_context":{"text":"Similar post","link":""},"img":{"alt_text":"","src":"https:\/\/i0.wp.com\/indoorgarden.ee\/wp-content\/uploads\/2025\/09\/product-153036_0-1401055.jpg?resize=350%2C200&ssl=1","width":350,"height":200,"srcset":"https:\/\/i0.wp.com\/indoorgarden.ee\/wp-content\/uploads\/2025\/09\/product-153036_0-1401055.jpg?resize=350%2C200&ssl=1 1x, https:\/\/i0.wp.com\/indoorgarden.ee\/wp-content\/uploads\/2025\/09\/product-153036_0-1401055.jpg?resize=525%2C300&ssl=1 1.5x, https:\/\/i0.wp.com\/indoorgarden.ee\/wp-content\/uploads\/2025\/09\/product-153036_0-1401055.jpg?resize=700%2C400&ssl=1 2x"},"classes":[]},{"id":1319,"url":"https:\/\/indoorgarden.ee\/et\/toode\/tilli-szmaragd-seemned-anethum-graveolens-aromaatne-aiasort-lehtede-varte-ja-oisikute-jaoks-sobib-nii-sise-kui-ka-valitingimustes-kasvatamiseks-1g\/","url_meta":{"origin":1309,"position":1},"title":"Aedtilli \u2018Szmaragd\u2019 seemned (Anethum graveolens) \u2013 aromaatne sort lehtedele, vartele ja \u00f5isikutele","author":"admin","date":"31. juuli 2025","format":false,"excerpt":"Aedtilli \u2018Szmaragd\u2019 seemned. Aromaatne sort, mille lehed, varred ja \u00f5isikud k\u00f5ik leiavad k\u00f6\u00f6gis kasutust. Sobib nii sees kui \u00f5ues kasvatamiseks.","rel":"","context":"Similar post","block_context":{"text":"Similar post","link":""},"img":{"alt_text":"","src":"https:\/\/i0.wp.com\/indoorgarden.ee\/wp-content\/uploads\/2025\/07\/product-153235_0-L1919.jpg?resize=350%2C200&ssl=1","width":350,"height":200,"srcset":"https:\/\/i0.wp.com\/indoorgarden.ee\/wp-content\/uploads\/2025\/07\/product-153235_0-L1919.jpg?resize=350%2C200&ssl=1 1x, https:\/\/i0.wp.com\/indoorgarden.ee\/wp-content\/uploads\/2025\/07\/product-153235_0-L1919.jpg?resize=525%2C300&ssl=1 1.5x, https:\/\/i0.wp.com\/indoorgarden.ee\/wp-content\/uploads\/2025\/07\/product-153235_0-L1919.jpg?resize=700%2C400&ssl=1 2x"},"classes":[]},{"id":1302,"url":"https:\/\/indoorgarden.ee\/et\/toode\/kaabustomat-venus-seemned-solanum-lycopersicum-kompaktne-tootlik-sort-oranzide-30g-viljadega-ideaalne-kasvatamiseks-siseruumides-ja-konteinerites-0-2g\/","url_meta":{"origin":1309,"position":2},"title":"K\u00e4\u00e4bustomati \u2018Venus\u2019 seemned (Solanum lycopersicum) \u2013 kompaktne sort oran\u017eide viljadega","author":"admin","date":"31. juuli 2025","format":false,"excerpt":"K\u00e4\u00e4bustomati \u2018Venus\u2019 seemned. Kompaktne, viljakas sort oran\u017eide kirsstomatitega \u2013 sobib ideaalselt r\u00f5dule, aknalauale ja konteineris kasvatamiseks.","rel":"","context":"Similar post","block_context":{"text":"Similar post","link":""},"img":{"alt_text":"","src":"https:\/\/i0.wp.com\/indoorgarden.ee\/wp-content\/uploads\/2025\/07\/product-153225_0-L3052.jpg?resize=350%2C200&ssl=1","width":350,"height":200,"srcset":"https:\/\/i0.wp.com\/indoorgarden.ee\/wp-content\/uploads\/2025\/07\/product-153225_0-L3052.jpg?resize=350%2C200&ssl=1 1x, https:\/\/i0.wp.com\/indoorgarden.ee\/wp-content\/uploads\/2025\/07\/product-153225_0-L3052.jpg?resize=525%2C300&ssl=1 1.5x, https:\/\/i0.wp.com\/indoorgarden.ee\/wp-content\/uploads\/2025\/07\/product-153225_0-L3052.jpg?resize=700%2C400&ssl=1 2x"},"classes":[]},{"id":1324,"url":"https:\/\/indoorgarden.ee\/et\/toode\/kaabustomat-vilma-seemned-solanum-lycopersicum-rodu-ja-sisetomatisort-kompaktne-30-40cm-taim-30g-viljad-0-2g\/","url_meta":{"origin":1309,"position":3},"title":"K\u00e4\u00e4bustomati \u2018Vilma\u2019 seemned (Solanum lycopersicum) \u2013 kompaktne kirsstomati sort r\u00f5dule ja sisetingimustele","author":"admin","date":"31. juuli 2025","format":false,"excerpt":"K\u00e4\u00e4bustomati \u2018Vilma\u2019 seemned. Kompaktne 30\u201340 cm k\u00f5rgune sort, kannab punaseid kirsstomateid \u2013 sobib r\u00f5dule, aknalauale ja nutiaeda.","rel":"","context":"Similar post","block_context":{"text":"Similar post","link":""},"img":{"alt_text":"","src":"https:\/\/i0.wp.com\/indoorgarden.ee\/wp-content\/uploads\/2025\/07\/product-153226_0-L3062.jpg?resize=350%2C200&ssl=1","width":350,"height":200,"srcset":"https:\/\/i0.wp.com\/indoorgarden.ee\/wp-content\/uploads\/2025\/07\/product-153226_0-L3062.jpg?resize=350%2C200&ssl=1 1x, https:\/\/i0.wp.com\/indoorgarden.ee\/wp-content\/uploads\/2025\/07\/product-153226_0-L3062.jpg?resize=525%2C300&ssl=1 1.5x, https:\/\/i0.wp.com\/indoorgarden.ee\/wp-content\/uploads\/2025\/07\/product-153226_0-L3062.jpg?resize=700%2C400&ssl=1 2x"},"classes":[]},{"id":2257,"url":"https:\/\/indoorgarden.ee\/et\/toode\/aedtilli-seemned-aromaantne-maitsetaim-hudropoonikas-nutiaedades-ja-valitingimustes-kasvatamiseks\/","url_meta":{"origin":1309,"position":4},"title":"Mahe aedtilli seemned (Anethum graveolens) \u2013 aromaatne maitsetaim h\u00fcdropoonikasse ja nutiaeda","author":"admin","date":"18. nov. 2025","format":false,"excerpt":"Mahe aedtilli seemned \u2013 aromaatne maitsetaim, mis kasvab h\u00e4sti nii h\u00fcdropoonikas kui mullas. Sobib supile, salatile, marineerimisele ja kohe k\u00f6\u00f6gist v\u00e4rskelt korjatuks.","rel":"","context":"Similar post","block_context":{"text":"Similar post","link":""},"img":{"alt_text":"","src":"https:\/\/i0.wp.com\/indoorgarden.ee\/wp-content\/uploads\/2025\/11\/4770168151130.png?resize=350%2C200&ssl=1","width":350,"height":200,"srcset":"https:\/\/i0.wp.com\/indoorgarden.ee\/wp-content\/uploads\/2025\/11\/4770168151130.png?resize=350%2C200&ssl=1 1x, https:\/\/i0.wp.com\/indoorgarden.ee\/wp-content\/uploads\/2025\/11\/4770168151130.png?resize=525%2C300&ssl=1 1.5x, https:\/\/i0.wp.com\/indoorgarden.ee\/wp-content\/uploads\/2025\/11\/4770168151130.png?resize=700%2C400&ssl=1 2x"},"classes":[]},{"id":2142,"url":"https:\/\/indoorgarden.ee\/et\/toode\/botanium-orgaanilised-kirsstomati-seemned-kompaktne-kaabustomati-sort-sise-ja-nutiaedades-kasvatamiseks\/","url_meta":{"origin":1309,"position":5},"title":"Botanium mahedad kirsstomati seemned \u2013 kompaktne k\u00e4\u00e4bussort sisetingimuste h\u00fcdropoonikale","author":"admin","date":"2. sept. 2025","format":false,"excerpt":"Botanium mahedad kirsstomati seemned. Kompaktne k\u00e4\u00e4bussort, sobib eriti h\u00e4sti Botanium nutipotile ja teistele h\u00fcdropoonika s\u00fcsteemidele.","rel":"","context":"Similar post","block_context":{"text":"Similar post","link":""},"img":{"alt_text":"","src":"https:\/\/i0.wp.com\/indoorgarden.ee\/wp-content\/uploads\/2025\/09\/tomato_1800x1800.webp?resize=350%2C200&ssl=1","width":350,"height":200,"srcset":"https:\/\/i0.wp.com\/indoorgarden.ee\/wp-content\/uploads\/2025\/09\/tomato_1800x1800.webp?resize=350%2C200&ssl=1 1x, https:\/\/i0.wp.com\/indoorgarden.ee\/wp-content\/uploads\/2025\/09\/tomato_1800x1800.webp?resize=525%2C300&ssl=1 1.5x, https:\/\/i0.wp.com\/indoorgarden.ee\/wp-content\/uploads\/2025\/09\/tomato_1800x1800.webp?resize=700%2C400&ssl=1 2x"},"classes":[]}],"_links":{"self":[{"href":"https:\/\/indoorgarden.ee\/et\/wp-json\/wp\/v2\/product\/1309","targetHints":{"allow":["GET"]}}],"collection":[{"href":"https:\/\/indoorgarden.ee\/et\/wp-json\/wp\/v2\/product"}],"about":[{"href":"https:\/\/indoorgarden.ee\/et\/wp-json\/wp\/v2\/types\/product"}],"replies":[{"embeddable":true,"href":"https:\/\/indoorgarden.ee\/et\/wp-json\/wp\/v2\/comments?post=1309"}],"wp:featuredmedia":[{"embeddable":true,"href":"https:\/\/indoorgarden.ee\/et\/wp-json\/wp\/v2\/media\/1015"}],"wp:attachment":[{"href":"https:\/\/indoorgarden.ee\/et\/wp-json\/wp\/v2\/media?parent=1309"}],"wp:term":[{"taxonomy":"product_brand","embeddable":true,"href":"https:\/\/indoorgarden.ee\/et\/wp-json\/wp\/v2\/product_brand?post=1309"},{"taxonomy":"product_cat","embeddable":true,"href":"https:\/\/indoorgarden.ee\/et\/wp-json\/wp\/v2\/product_cat?post=1309"},{"taxonomy":"product_tag","embeddable":true,"href":"https:\/\/indoorgarden.ee\/et\/wp-json\/wp\/v2\/product_tag?post=1309"}],"curies":[{"name":"wp","href":"https:\/\/api.w.org\/{rel}","templated":true}]}}