{"id":1307,"date":"2025-08-08T15:28:29","date_gmt":"2025-08-08T12:28:29","guid":{"rendered":"https:\/\/indoorgarden.ee\/product\/compo-bio-vedelvaetis-istutusgraanulid-granuplant-500ml-taimede-kasvatamiseks\/"},"modified":"2026-04-26T18:53:46","modified_gmt":"2026-04-26T15:53:46","slug":"compo-bio-vedelvaetis-istutusgraanulid-granuplant-500ml-taimede-kasvatamiseks","status":"publish","type":"product","link":"https:\/\/indoorgarden.ee\/et\/toode\/compo-bio-vedelvaetis-istutusgraanulid-granuplant-500ml-taimede-kasvatamiseks\/","title":{"rendered":"COMPO BIO vedelv\u00e4etis Granuplant graanulites kasvavatele taimedele 500 ml"},"content":{"rendered":"<h2>kohta<\/h2>\n<p>COMPO BIO Granuplant\u00ae vedelv\u00e4etis on spetsiaalne orgaaniline v\u00e4etislahus k\u00f5ikidele dekoratiiv- ja toidutaimedele, mida kasvatatakse istutusgraanulites, nagu COMPO BIO GRANUPLANT. Selle taimep\u00f5hine koostis on m\u00f5eldud tugeva ja tervisliku kasvu ning eluj\u00f5uliste \u00f5ite arengu toetamiseks, ilma et see muudaks istutussubstraadi v\u00e4limust. <\/p>\n<h2>H\u00fcdropoonika ja siseaedade kasvatamine<\/h2>\n<p>Kuigi see v\u00e4etis on v\u00e4lja t\u00f6\u00f6tatud taimede jaoks dekoratiivsete istutusgraanulite kujul, v\u00f5ib seda v\u00e4etist kasutada ka arukates siseaedades ja h\u00fcdropoonilistes s\u00fcsteemides, kui j\u00e4rgida asjakohaseid lahjendusjuhiseid. H\u00fcdropoonikas viiakse toitained otse juurteni, aidates taimedel kasvada kuni 3x kiiremini kui mullas. See teeb sellest mugava toitmislahenduse \u00fcrtide, k\u00f6\u00f6giviljade ja ilutaimede aastaringseks kasvatamiseks siseruumides.  <\/p>\n<h2>Omadused<\/h2>\n<ul>\n<li>Maht: 500ml &#8211; vedel orgaaniline v\u00e4etis<\/li>\n<li>100% taimseid koostisosi<\/li>\n<li>L\u00f5hnatu koostis meeldivaks kasutamiseks siseruumides<\/li>\n<li>Toetab tervislikku kasvu ja \u00f5itsemist<\/li>\n<li>Spetsiaalselt taimedele m\u00f5eldud dekoratiivsed istutusgraanulid<\/li>\n<li>Sobib dekoratiivsete taimede ja maitsetaimede jaoks.<\/li>\n<\/ul>\n<h2>Kasutamine ja koristamine<\/h2>\n<p>Regulaarseks kasutamiseks lahjendage vastavalt etiketi juhistele ja toita taimi nende aktiivses kasvu- ja \u00f5itsemisfaasis. Nutiaedades v\u00f5i h\u00fcdropoonilistes s\u00fcsteemides j\u00e4rgige oma seadme soovitusi. Siseruumides kasvatamise korral saate nautida v\u00e4rskeid maitsetaimi ja kauneid lilli aastaringselt.  <\/p>\n","protected":false},"excerpt":{"rendered":"<p>COMPO BIO vedelv\u00e4etis Granuplant graanulites kasvavatele taimedele. Sobib h\u00fcdrograanulites v\u00f5i sarnastes substraadip\u00f5histes s\u00fcsteemides.<\/p>\n","protected":false},"featured_media":1460,"comment_status":"closed","ping_status":"closed","template":"","meta":[],"product_brand":[151],"product_cat":[110,81],"product_tag":[],"class_list":{"0":"post-1307","1":"product","2":"type-product","3":"status-publish","4":"has-post-thumbnail","6":"product_brand-compo-et","7":"product_cat-vaetised-toataimedele","8":"product_cat-aiatarvikud","9":"pa_fertilizer-use-maitsetaimede-vaetis","11":"first","12":"instock","13":"taxable","14":"shipping-taxable","15":"purchasable","16":"product-type-simple"},"jetpack_sharing_enabled":true,"jetpack-related-posts":[{"id":1320,"url":"https:\/\/indoorgarden.ee\/et\/toode\/compo-bio-vedel-vaetis-maitsetaimedele-500ml\/","url_meta":{"origin":1307,"position":0},"title":"Compo BIO vedelv\u00e4etis maitsetaimedele 500 ml","author":"admin","date":"8. aug. 2025","format":false,"excerpt":"Compo BIO vedelv\u00e4etis maitsetaimedele. Spetsiaalselt m\u00f5eldud kulinaarsetele \u00fcrtidele nagu basiilik, petersell, m\u00fcnt, t\u00fc\u00fcmian ja rosmariin \u2013 looduslikud toitained tugevaks kasvuks.","rel":"","context":"Similar post","block_context":{"text":"Similar post","link":""},"img":{"alt_text":"","src":"https:\/\/i0.wp.com\/indoorgarden.ee\/wp-content\/uploads\/2025\/08\/product-152818_0-670136.jpg?resize=350%2C200&ssl=1","width":350,"height":200,"srcset":"https:\/\/i0.wp.com\/indoorgarden.ee\/wp-content\/uploads\/2025\/08\/product-152818_0-670136.jpg?resize=350%2C200&ssl=1 1x, https:\/\/i0.wp.com\/indoorgarden.ee\/wp-content\/uploads\/2025\/08\/product-152818_0-670136.jpg?resize=525%2C300&ssl=1 1.5x, https:\/\/i0.wp.com\/indoorgarden.ee\/wp-content\/uploads\/2025\/08\/product-152818_0-670136.jpg?resize=700%2C400&ssl=1 2x"},"classes":[]},{"id":1285,"url":"https:\/\/indoorgarden.ee\/et\/toode\/compo-bio-vedel-vaetis-tomatitele-1l\/","url_meta":{"origin":1307,"position":1},"title":"Compo BIO vedelv\u00e4etis tomatitele 1 L","author":"admin","date":"8. aug. 2025","format":false,"excerpt":"Compo BIO vedelv\u00e4etis tomatitele. Mahedast toorainest, sobib kasvuts\u00fckli k\u00f5ikidesse faasidesse \u2013 tugev kasv, palju vilja. 1 L pakk on suure aia v\u00f5i r\u00f5du jaoks.","rel":"","context":"Similar post","block_context":{"text":"Similar post","link":""},"img":{"alt_text":"","src":"https:\/\/i0.wp.com\/indoorgarden.ee\/wp-content\/uploads\/2025\/08\/product-155283_0-670137.jpg?resize=350%2C200&ssl=1","width":350,"height":200,"srcset":"https:\/\/i0.wp.com\/indoorgarden.ee\/wp-content\/uploads\/2025\/08\/product-155283_0-670137.jpg?resize=350%2C200&ssl=1 1x, https:\/\/i0.wp.com\/indoorgarden.ee\/wp-content\/uploads\/2025\/08\/product-155283_0-670137.jpg?resize=525%2C300&ssl=1 1.5x, https:\/\/i0.wp.com\/indoorgarden.ee\/wp-content\/uploads\/2025\/08\/product-155283_0-670137.jpg?resize=700%2C400&ssl=1 2x"},"classes":[]},{"id":1245,"url":"https:\/\/indoorgarden.ee\/toode\/compo-bio-liquid-fertiliser-for-plants-grown-in-planting-granules-granuplant-500ml\/","url_meta":{"origin":1307,"position":2},"title":"COMPO BIO Liquid Fertiliser for Plants Grown in Planting Granules Granuplant\u00ae 500ml","author":"admin","date":"8. aug. 2025","format":false,"excerpt":"About COMPO BIO Granuplant\u00ae Liquid Fertiliser is a specialised organic nutrient solution for all ornamental and culinary plants grown in planting granules, such as COMPO BIO GRANUPLANT. Its plant-based formula is designed to support strong, healthy growth and the development of vibrant flowers without altering the appearance of the planting\u2026","rel":"","context":"Similar post","block_context":{"text":"Similar post","link":""},"img":{"alt_text":"COMPO BIO Liquid Fertiliser for Plants Grown in Planting Granules Granuplant\u00ae 500ml","src":"https:\/\/i0.wp.com\/indoorgarden.ee\/wp-content\/uploads\/2025\/08\/COMPO-BIO-Liquid-Fertiliser-for-Plants-Grown-in-Planting-Granules-Granuplant%C2%AE-500ml.jpg?resize=350%2C200&ssl=1","width":350,"height":200,"srcset":"https:\/\/i0.wp.com\/indoorgarden.ee\/wp-content\/uploads\/2025\/08\/COMPO-BIO-Liquid-Fertiliser-for-Plants-Grown-in-Planting-Granules-Granuplant%C2%AE-500ml.jpg?resize=350%2C200&ssl=1 1x, https:\/\/i0.wp.com\/indoorgarden.ee\/wp-content\/uploads\/2025\/08\/COMPO-BIO-Liquid-Fertiliser-for-Plants-Grown-in-Planting-Granules-Granuplant%C2%AE-500ml.jpg?resize=525%2C300&ssl=1 1.5x, https:\/\/i0.wp.com\/indoorgarden.ee\/wp-content\/uploads\/2025\/08\/COMPO-BIO-Liquid-Fertiliser-for-Plants-Grown-in-Planting-Granules-Granuplant%C2%AE-500ml.jpg?resize=700%2C400&ssl=1 2x, https:\/\/i0.wp.com\/indoorgarden.ee\/wp-content\/uploads\/2025\/08\/COMPO-BIO-Liquid-Fertiliser-for-Plants-Grown-in-Planting-Granules-Granuplant%C2%AE-500ml.jpg?resize=1050%2C600&ssl=1 3x"},"classes":[]},{"id":1282,"url":"https:\/\/indoorgarden.ee\/et\/toode\/compo-bio-istikute-ja-maitsetaimede-istutusmuld-5l\/","url_meta":{"origin":1307,"position":3},"title":"Compo BIO seemikute ja maitsetaimede potipinnas 5 L","author":"admin","date":"8. aug. 2025","format":false,"excerpt":"Compo BIO seemikute ja maitsetaimede potipinnas 5 L. Hea \u00e4ravool, sobib idandamiseks ja noorte \u00fcrtide kasvatamiseks. Mahedast toorainest.","rel":"","context":"Similar post","block_context":{"text":"Similar post","link":""},"img":{"alt_text":"","src":"https:\/\/i0.wp.com\/indoorgarden.ee\/wp-content\/uploads\/2025\/08\/product-2023545_0-670250.jpg?resize=350%2C200&ssl=1","width":350,"height":200,"srcset":"https:\/\/i0.wp.com\/indoorgarden.ee\/wp-content\/uploads\/2025\/08\/product-2023545_0-670250.jpg?resize=350%2C200&ssl=1 1x, https:\/\/i0.wp.com\/indoorgarden.ee\/wp-content\/uploads\/2025\/08\/product-2023545_0-670250.jpg?resize=525%2C300&ssl=1 1.5x, https:\/\/i0.wp.com\/indoorgarden.ee\/wp-content\/uploads\/2025\/08\/product-2023545_0-670250.jpg?resize=700%2C400&ssl=1 2x"},"classes":[]},{"id":1283,"url":"https:\/\/indoorgarden.ee\/et\/toode\/compo-tsitrusviljade-istutusmuld-10l\/","url_meta":{"origin":1307,"position":4},"title":"Compo tsitruseliste potipinnas 10 L","author":"admin","date":"8. aug. 2025","format":false,"excerpt":"Compo tsitruseliste potipinnas 10 L. Spetsiaalselt sidruni-, apelsini- ja teiste tsitruseliste taimede vajadustele kohandatud segu.","rel":"","context":"Similar post","block_context":{"text":"Similar post","link":""},"img":{"alt_text":"","src":"https:\/\/i0.wp.com\/indoorgarden.ee\/wp-content\/uploads\/2025\/08\/product-155808_0-670228.jpg?resize=350%2C200&ssl=1","width":350,"height":200,"srcset":"https:\/\/i0.wp.com\/indoorgarden.ee\/wp-content\/uploads\/2025\/08\/product-155808_0-670228.jpg?resize=350%2C200&ssl=1 1x, https:\/\/i0.wp.com\/indoorgarden.ee\/wp-content\/uploads\/2025\/08\/product-155808_0-670228.jpg?resize=525%2C300&ssl=1 1.5x, https:\/\/i0.wp.com\/indoorgarden.ee\/wp-content\/uploads\/2025\/08\/product-155808_0-670228.jpg?resize=700%2C400&ssl=1 2x"},"classes":[]},{"id":1287,"url":"https:\/\/indoorgarden.ee\/et\/toode\/compo-bio-vedel-vaetis-puu-ja-koogiviljadele-1l\/","url_meta":{"origin":1307,"position":5},"title":"Compo BIO vedelv\u00e4etis puuviljadele ja k\u00f6\u00f6giviljadele 1 L","author":"admin","date":"8. aug. 2025","format":false,"excerpt":"About Compo BIO Liquid Fertiliser is a natural plant feed designed to help you grow healthy, flavourful fruits and vegetables. Its balanced nutrient composition supports strong plant development, improves resistance, and enhances the aroma and taste of your harvest. Made from 100% natural ingredients, it is suitable for organic farming\u2026","rel":"","context":"Similar post","block_context":{"text":"Similar post","link":""},"img":{"alt_text":"","src":"https:\/\/i0.wp.com\/indoorgarden.ee\/wp-content\/uploads\/2025\/08\/product-155010_0-67012548.jpg?resize=350%2C200&ssl=1","width":350,"height":200,"srcset":"https:\/\/i0.wp.com\/indoorgarden.ee\/wp-content\/uploads\/2025\/08\/product-155010_0-67012548.jpg?resize=350%2C200&ssl=1 1x, https:\/\/i0.wp.com\/indoorgarden.ee\/wp-content\/uploads\/2025\/08\/product-155010_0-67012548.jpg?resize=525%2C300&ssl=1 1.5x, https:\/\/i0.wp.com\/indoorgarden.ee\/wp-content\/uploads\/2025\/08\/product-155010_0-67012548.jpg?resize=700%2C400&ssl=1 2x"},"classes":[]}],"_links":{"self":[{"href":"https:\/\/indoorgarden.ee\/et\/wp-json\/wp\/v2\/product\/1307","targetHints":{"allow":["GET"]}}],"collection":[{"href":"https:\/\/indoorgarden.ee\/et\/wp-json\/wp\/v2\/product"}],"about":[{"href":"https:\/\/indoorgarden.ee\/et\/wp-json\/wp\/v2\/types\/product"}],"replies":[{"embeddable":true,"href":"https:\/\/indoorgarden.ee\/et\/wp-json\/wp\/v2\/comments?post=1307"}],"wp:featuredmedia":[{"embeddable":true,"href":"https:\/\/indoorgarden.ee\/et\/wp-json\/wp\/v2\/media\/1460"}],"wp:attachment":[{"href":"https:\/\/indoorgarden.ee\/et\/wp-json\/wp\/v2\/media?parent=1307"}],"wp:term":[{"taxonomy":"product_brand","embeddable":true,"href":"https:\/\/indoorgarden.ee\/et\/wp-json\/wp\/v2\/product_brand?post=1307"},{"taxonomy":"product_cat","embeddable":true,"href":"https:\/\/indoorgarden.ee\/et\/wp-json\/wp\/v2\/product_cat?post=1307"},{"taxonomy":"product_tag","embeddable":true,"href":"https:\/\/indoorgarden.ee\/et\/wp-json\/wp\/v2\/product_tag?post=1307"}],"curies":[{"name":"wp","href":"https:\/\/api.w.org\/{rel}","templated":true}]}}