{"id":1305,"date":"2025-07-31T16:19:54","date_gmt":"2025-07-31T13:19:54","guid":{"rendered":"https:\/\/indoorgarden.ee\/product\/elho-green-basic-plant-labels-s-5-pack-korduvkasutatavad-valged-aiamargised-seemikute-ja-maitsetaimede-jaoks-100-taaskasutatavad\/"},"modified":"2026-04-26T18:51:33","modified_gmt":"2026-04-26T15:51:33","slug":"elho-green-basic-plant-labels-s-5-pack-korduvkasutatavad-valged-aiamargised-seemikute-ja-maitsetaimede-jaoks-100-taaskasutatavad","status":"publish","type":"product","link":"https:\/\/indoorgarden.ee\/et\/toode\/elho-green-basic-plant-labels-s-5-pack-korduvkasutatavad-valged-aiamargised-seemikute-ja-maitsetaimede-jaoks-100-taaskasutatavad\/","title":{"rendered":"Elho Green Basic taimesildid S \u2013 5 tk pakk korduvkasutatavad valged sildid seemikutele ja \u00fcrtidele"},"content":{"rendered":"<h2>Taimede korduvkasutatavad sildid sise- ja v\u00e4litingimustes kasutamiseks<\/h2>\n<p>Elho Green Basic S taimede sildid sobivad ideaalselt seemikute, maitsetaimede v\u00f5i potitaimede m\u00e4rgistamiseks k\u00fclvi v\u00f5i \u00fcmberistutamise ajal. Kas kasvatate k\u00f6\u00f6givilju oma nutikas siseaias v\u00f5i m\u00e4rgistate lillepotte r\u00f5dul, need v\u00e4ikesed, kuid vastupidavad m\u00e4rgised aitavad teil p\u00fcsida organiseeritult ja hoida silma peal oma taimedel. <\/p>\n<h2>Keskkonnas\u00f5bralik ja praktiline<\/h2>\n<ul>\n<li>Komplekti kuulub 5 valget sildi (suurus S).<\/li>\n<li>Valmistatud 100% taaskasutatavast plastist<\/li>\n<li>Korduvkasutatav &#8211; lihtsalt puhastada ja uuesti kirjutada<\/li>\n<li>Sobib ideaalselt h\u00fcdropooniliste k\u00e4snade, seemnekaalude, pottide ja istutusanumate m\u00e4rgistamiseks.<\/li>\n<li>Ilmastikukindel &#8211; sobib nii sise- kui ka v\u00e4litingimustes kasutamiseks<\/li>\n<\/ul>\n<h2>Miks kasutada taimede etikette?<\/h2>\n<p>Selge m\u00e4rgistus lihtsustab taimede kasvu j\u00e4lgimist, eriti kui k\u00fclvata mitu sorti v\u00f5i alustada seemneid eri aegadel. Need sildid aitavad teil v\u00e4ltida segadusi ja j\u00e4lgida oma siseaeda kindlalt. <\/p>\n<p><strong>Br\u00e4ndi:<\/strong> Elho<br \/>\n<strong>V\u00e4rv:<\/strong> valge<br \/>\n<strong>Pakendi suurus:<\/strong> 5 etiketti<\/p>\n","protected":false},"excerpt":{"rendered":"<p>Elho Green Basic taimesildid 5 tk pakk. Korduvkasutatavad valged sildid seemikutele ja \u00fcrtidele. 100% taaskasutatav materjal.<\/p>\n","protected":false},"featured_media":1034,"comment_status":"closed","ping_status":"closed","template":"","meta":[],"product_brand":[152],"product_cat":[81,83],"product_tag":[],"class_list":{"0":"post-1305","1":"product","2":"type-product","3":"status-publish","4":"has-post-thumbnail","6":"product_brand-elho-et","7":"product_cat-aiatarvikud","8":"product_cat-taimede-sildid","10":"first","11":"instock","12":"taxable","13":"shipping-taxable","14":"purchasable","15":"product-type-simple"},"jetpack_sharing_enabled":true,"jetpack-related-posts":[{"id":1294,"url":"https:\/\/indoorgarden.ee\/et\/toode\/elho-plunge-kastekann-1-7l-must-kaasaegne-kastekann-siseruumides-100-ringlussevoetud-plastist\/","url_meta":{"origin":1305,"position":0},"title":"Elho Plunge kastekann 1,7 L mustas \u2013 kaasaegne sisekastekann 100% taaskasutatud plastist","author":"admin","date":"8. aug. 2025","format":false,"excerpt":"Elho Plunge kastekann 1,7 L mustas. Kaasaegne disain, mugav k\u00e4es, sobib igap\u00e4evaseks toataimede kastmiseks. 100% taaskasutatud plastist.","rel":"","context":"Similar post","block_context":{"text":"Similar post","link":""},"img":{"alt_text":"","src":"https:\/\/i0.wp.com\/indoorgarden.ee\/wp-content\/uploads\/2025\/08\/product-2301797_0-6421930_433.jpg?resize=350%2C200&ssl=1","width":350,"height":200,"srcset":"https:\/\/i0.wp.com\/indoorgarden.ee\/wp-content\/uploads\/2025\/08\/product-2301797_0-6421930_433.jpg?resize=350%2C200&ssl=1 1x, https:\/\/i0.wp.com\/indoorgarden.ee\/wp-content\/uploads\/2025\/08\/product-2301797_0-6421930_433.jpg?resize=525%2C300&ssl=1 1.5x, https:\/\/i0.wp.com\/indoorgarden.ee\/wp-content\/uploads\/2025\/08\/product-2301797_0-6421930_433.jpg?resize=700%2C400&ssl=1 2x"},"classes":[]},{"id":1309,"url":"https:\/\/indoorgarden.ee\/et\/toode\/tilli-mammouth-seemned-anethum-graveolens-kompaktne-aromaatne-sort-sise-rodu-ja-valitingimustes-kasvatamiseks-hiline-oitsemine-20cm-1g\/","url_meta":{"origin":1305,"position":1},"title":"Aedtilli \u2018Mammoth\u2019 seemned (Anethum graveolens) \u2013 kompaktne aromaatne sort sise- ja v\u00e4litingimustele","author":"admin","date":"26. sept. 2025","format":false,"excerpt":"Aedtilli \u2018Mammoth\u2019 seemned. Kompaktne, hilise \u00f5itsemisega sort, mis sobib nii sees nutiaias kui r\u00f5dul ja \u00f5uepeenardes \u2013 aromaatne lisand kalale ja salatile.","rel":"","context":"Similar post","block_context":{"text":"Similar post","link":""},"img":{"alt_text":"","src":"https:\/\/i0.wp.com\/indoorgarden.ee\/wp-content\/uploads\/2025\/07\/product-153262_0-L1912.jpg?resize=350%2C200&ssl=1","width":350,"height":200,"srcset":"https:\/\/i0.wp.com\/indoorgarden.ee\/wp-content\/uploads\/2025\/07\/product-153262_0-L1912.jpg?resize=350%2C200&ssl=1 1x, https:\/\/i0.wp.com\/indoorgarden.ee\/wp-content\/uploads\/2025\/07\/product-153262_0-L1912.jpg?resize=525%2C300&ssl=1 1.5x, https:\/\/i0.wp.com\/indoorgarden.ee\/wp-content\/uploads\/2025\/07\/product-153262_0-L1912.jpg?resize=700%2C400&ssl=1 2x"},"classes":[]},{"id":819,"url":"https:\/\/indoorgarden.ee\/et\/toode\/sidrunibasiiliku-seemned-tsitruselohnaline-maitsetaim-teeks-kalaks-ja-magustoitudeks-sobib-ideaalselt-nutikasse-sise-ja-vesiviljelusse-0-2g\/","url_meta":{"origin":1305,"position":2},"title":"Sidruni-basiiliku seemned \u2013 tsitruseline maitsetaim teedele, kalale ja desserdiks","author":"admin","date":"26. sept. 2025","format":false,"excerpt":"Sidruni-basiiliku seemned. Tsitruselise l\u00f5hnaga sort, mis annab tee, kala ja desserdi maitsele v\u00e4rsket sidrunist n\u00fcanssi. Kasvab h\u00e4sti nutiaias ja aknalaual.","rel":"","context":"Similar post","block_context":{"text":"Similar post","link":""},"img":{"alt_text":"","src":"https:\/\/i0.wp.com\/indoorgarden.ee\/wp-content\/uploads\/2025\/07\/product-153113_0-1401008.jpg?resize=350%2C200&ssl=1","width":350,"height":200,"srcset":"https:\/\/i0.wp.com\/indoorgarden.ee\/wp-content\/uploads\/2025\/07\/product-153113_0-1401008.jpg?resize=350%2C200&ssl=1 1x, https:\/\/i0.wp.com\/indoorgarden.ee\/wp-content\/uploads\/2025\/07\/product-153113_0-1401008.jpg?resize=525%2C300&ssl=1 1.5x, https:\/\/i0.wp.com\/indoorgarden.ee\/wp-content\/uploads\/2025\/07\/product-153113_0-1401008.jpg?resize=700%2C400&ssl=1 2x"},"classes":[]},{"id":2261,"url":"https:\/\/indoorgarden.ee\/et\/toode\/spinat-gigante-de-invierno-seemned-kiiresti-kasvav-beebilehtspinat-hudropoonikasse-ja-nutiaeda\/","url_meta":{"origin":1305,"position":3},"title":"Mahe spinati \u2018Gigante de Invierno\u2019 seemned \u2013 kiire beebileht h\u00fcdropoonikasse ja nutiaeda","author":"admin","date":"18. nov. 2025","format":false,"excerpt":"Mahe beebilehtspinati seemned, mis kasvavad sees kiiresti ja annavad hellitavalt pehmet lehestikku salatisse, smuutidesse ja k\u00f5rvalroogadesse.","rel":"","context":"Similar post","block_context":{"text":"Similar post","link":""},"img":{"alt_text":"","src":"https:\/\/i0.wp.com\/indoorgarden.ee\/wp-content\/uploads\/2025\/11\/4770168924352.jpg?resize=350%2C200&ssl=1","width":350,"height":200},"classes":[]},{"id":823,"url":"https:\/\/indoorgarden.ee\/et\/toode\/kahara-peterselli-sammalpoimunen-seemned-dekoratiivne-maitsetaim-garneerimiseks-ja-siseruumides-kasutamiseks-1g\/","url_meta":{"origin":1305,"position":4},"title":"K\u00e4hara peterselli \u2018Sammalpoimunen\u2019 seemned \u2013 dekoratiivne maitsetaim h\u00fcdropoonikasse ja nutiaeda","author":"admin","date":"28. sept. 2025","format":false,"excerpt":"K\u00e4hara peterselli \u2018Sammalpoimunen\u2019 seemned. Dekoratiivse v\u00e4ljan\u00e4gemisega maitsetaim, sobib nii kaunistuseks kui ka s\u00f6\u00f6davaks lisaks supile, salatile ja kalale.","rel":"","context":"Similar post","block_context":{"text":"Similar post","link":""},"img":{"alt_text":"","src":"https:\/\/i0.wp.com\/indoorgarden.ee\/wp-content\/uploads\/2025\/07\/product-153042_0-1402465.jpg?resize=350%2C200&ssl=1","width":350,"height":200,"srcset":"https:\/\/i0.wp.com\/indoorgarden.ee\/wp-content\/uploads\/2025\/07\/product-153042_0-1402465.jpg?resize=350%2C200&ssl=1 1x, https:\/\/i0.wp.com\/indoorgarden.ee\/wp-content\/uploads\/2025\/07\/product-153042_0-1402465.jpg?resize=525%2C300&ssl=1 1.5x, https:\/\/i0.wp.com\/indoorgarden.ee\/wp-content\/uploads\/2025\/07\/product-153042_0-1402465.jpg?resize=700%2C400&ssl=1 2x"},"classes":[]},{"id":1334,"url":"https:\/\/indoorgarden.ee\/et\/toode\/tsillipipra-kilian-seemned-keskmise-suurusega-capsicum-annuum-potti-kasvuhoonesse-ja-valitingimustes-kasvatamiseks-8-cm-oranzid-viljad-1g\/","url_meta":{"origin":1305,"position":5},"title":"T\u0161illipipra \u2018Kilian\u2019 seemned \u2013 keskvalmiv Capsicum annuum potti ja kasvuhoonesse","author":"admin","date":"31. juuli 2025","format":false,"excerpt":"T\u0161illipipra \u2018Kilian\u2019 seemned. Keskvalmiv sort 8 cm pikkuste oran\u017eide viljadega \u2013 sobib potti, kasvuhoonesse ja \u00f5ue kasvatamiseks.","rel":"","context":"Similar post","block_context":{"text":"Similar post","link":""},"img":{"alt_text":"","src":"https:\/\/i0.wp.com\/indoorgarden.ee\/wp-content\/uploads\/2025\/07\/product-153272_0-L2550.jpg?resize=350%2C200&ssl=1","width":350,"height":200,"srcset":"https:\/\/i0.wp.com\/indoorgarden.ee\/wp-content\/uploads\/2025\/07\/product-153272_0-L2550.jpg?resize=350%2C200&ssl=1 1x, https:\/\/i0.wp.com\/indoorgarden.ee\/wp-content\/uploads\/2025\/07\/product-153272_0-L2550.jpg?resize=525%2C300&ssl=1 1.5x, https:\/\/i0.wp.com\/indoorgarden.ee\/wp-content\/uploads\/2025\/07\/product-153272_0-L2550.jpg?resize=700%2C400&ssl=1 2x"},"classes":[]}],"_links":{"self":[{"href":"https:\/\/indoorgarden.ee\/et\/wp-json\/wp\/v2\/product\/1305","targetHints":{"allow":["GET"]}}],"collection":[{"href":"https:\/\/indoorgarden.ee\/et\/wp-json\/wp\/v2\/product"}],"about":[{"href":"https:\/\/indoorgarden.ee\/et\/wp-json\/wp\/v2\/types\/product"}],"replies":[{"embeddable":true,"href":"https:\/\/indoorgarden.ee\/et\/wp-json\/wp\/v2\/comments?post=1305"}],"wp:featuredmedia":[{"embeddable":true,"href":"https:\/\/indoorgarden.ee\/et\/wp-json\/wp\/v2\/media\/1034"}],"wp:attachment":[{"href":"https:\/\/indoorgarden.ee\/et\/wp-json\/wp\/v2\/media?parent=1305"}],"wp:term":[{"taxonomy":"product_brand","embeddable":true,"href":"https:\/\/indoorgarden.ee\/et\/wp-json\/wp\/v2\/product_brand?post=1305"},{"taxonomy":"product_cat","embeddable":true,"href":"https:\/\/indoorgarden.ee\/et\/wp-json\/wp\/v2\/product_cat?post=1305"},{"taxonomy":"product_tag","embeddable":true,"href":"https:\/\/indoorgarden.ee\/et\/wp-json\/wp\/v2\/product_tag?post=1305"}],"curies":[{"name":"wp","href":"https:\/\/api.w.org\/{rel}","templated":true}]}}