{"id":1302,"date":"2025-07-31T14:46:32","date_gmt":"2025-07-31T11:46:32","guid":{"rendered":"https:\/\/indoorgarden.ee\/product\/kaabustomat-venus-seemned-solanum-lycopersicum-kompaktne-tootlik-sort-oranzide-30g-viljadega-ideaalne-kasvatamiseks-siseruumides-ja-konteinerites-0-2g\/"},"modified":"2026-04-26T15:48:06","modified_gmt":"2026-04-26T12:48:06","slug":"kaabustomat-venus-seemned-solanum-lycopersicum-kompaktne-tootlik-sort-oranzide-30g-viljadega-ideaalne-kasvatamiseks-siseruumides-ja-konteinerites-0-2g","status":"publish","type":"product","link":"https:\/\/indoorgarden.ee\/et\/toode\/kaabustomat-venus-seemned-solanum-lycopersicum-kompaktne-tootlik-sort-oranzide-30g-viljadega-ideaalne-kasvatamiseks-siseruumides-ja-konteinerites-0-2g\/","title":{"rendered":"K\u00e4\u00e4bustomati \u2018Venus\u2019 seemned (Solanum lycopersicum) \u2013 kompaktne sort oran\u017eide viljadega"},"content":{"rendered":"<h2>K\u00e4\u00e4bustomat &#8216;Venus&#8217; (Solanum lycopersicum) kohta<\/h2>\n<p>&#8216;Venus&#8217; on suure saagikusega, kompaktne tomatisort, mis sobib ideaalselt konteinerites, r\u00f5dul v\u00f5i siseruumides nt nutiaedades kasvatamiseks. See determinatiivne (p\u00f5\u00f5sat\u00fc\u00fcpi) taim j\u00e4\u00e4b madalaks ja hooldatavaks, tootes samal ajal kobaraid \u00fcmmargusi, eredalt oran\u017eikaid vilju, millest iga\u00fcks kaalub umbes 30 grammi. <\/p>\n<p>Oma magusa maitse ja silmatorkava v\u00e4rvusega tomat &#8220;Venus&#8221; sobib suurep\u00e4raselt v\u00e4rskelt s\u00f6\u00f6miseks v\u00f5i kodus s\u00e4ilitamiseks. T\u00e4nu kompaktsele kujule on ta suurep\u00e4rane valik piiratud ruumiga hobikasvatajatele. <\/p>\n<h2>Miks see sobib ideaalselt siseruumides ja r\u00f5dul kasvatamiseks<\/h2>\n<p>&#8216;Venus&#8217; on aretatud spetsiaalselt v\u00e4ikeste ruumide kasvatamiseks. Ta kasvab h\u00e4sti p\u00e4ikesepaistelistes akendele, r\u00f5dudele v\u00f5i nutiaedades ning ei vaja pookimist ega p\u00fcgamist. Varase k\u00fclvi korral (veebruar-m\u00e4rts) hakkavad viljad valmima juba juunis ja j\u00e4tkuvad kuni augustini.  <\/p>\n<p>Seda sorti on lihtne hooldada, mist\u00f5ttu sobib see ideaalselt algajatele aednikele v\u00f5i k\u00f5igile, kes soovivad kodus v\u00e4rvilisi ja v\u00e4rskeid tomateid kasvatada.<\/p>\n<h2>Peamised omadused<\/h2>\n<ul>\n<li>Kompaktne, determinatiivne p\u00f5\u00f5sasort &#8211; sobib suurep\u00e4raselt potti ja v\u00e4ikestesse ruumidesse.<\/li>\n<li>Annab magusad, oran\u017eid, \u00fcmmargused viljad (~30 g).<\/li>\n<li>Sobib r\u00f5dudele, aknalaudadele ja siseruumides kasutamiseks, nutiaedades kasvatamiseks.<\/li>\n<li>K\u00f5rge tootlikkusega ja v\u00e4hese hooldusega<\/li>\n<li>V\u00e4rsked v\u00f5i s\u00e4ilitamiseks kasutatavad puuviljad<\/li>\n<li>K\u00fclviaeg: veebruar-m\u00e4rts (siseruumides)<\/li>\n<li>Saagikoristusperiood: juuni-august<\/li>\n<li>N\u00f5uab t\u00e4ielikku p\u00e4ikest ja toitaineterikast, h\u00e4sti kuivendatud mulda.<\/li>\n<li>Umbes 200-300 seemet 1g kohta (pakend sisaldab 0,2g). <\/li>\n<li>Br\u00e4ndi: Seklos Brand Line<\/li>\n<\/ul>\n<h2>Kasvatamise n\u00f5uanded<\/h2>\n<p>Alustage seemnete kasvatamist siseruumides varakevadel. Istutage seemikud 2-5-liitristesse potti, kui neil on tekkinud t\u00f5elised lehed. Asetage taimed p\u00e4ikeselisse kohta ja kastke regulaarselt. Parimate tulemuste saavutamiseks v\u00e4etage iga 1-2 n\u00e4dala tagant viljastamise ajal. Puudub vajalik pookimine v\u00f5i p\u00fcgamine.    <\/p>\n","protected":false},"excerpt":{"rendered":"<p>K\u00e4\u00e4bustomati \u2018Venus\u2019 seemned. Kompaktne, viljakas sort oran\u017eide kirsstomatitega \u2013 sobib ideaalselt r\u00f5dule, aknalauale ja konteineris kasvatamiseks.<\/p>\n","protected":false},"featured_media":1003,"comment_status":"closed","ping_status":"closed","template":"","meta":[],"product_brand":[155],"product_cat":[93,107],"product_tag":[],"class_list":{"0":"post-1302","1":"product","2":"type-product","3":"status-publish","4":"has-post-thumbnail","6":"product_brand-seklos-et","7":"product_cat-seemned","8":"product_cat-tomati-seemned","9":"pa_indoor-garden-seeds-kaabus-tomat","11":"first","12":"instock","13":"taxable","14":"shipping-taxable","15":"purchasable","16":"product-type-simple"},"jetpack_sharing_enabled":true,"jetpack-related-posts":[{"id":1324,"url":"https:\/\/indoorgarden.ee\/et\/toode\/kaabustomat-vilma-seemned-solanum-lycopersicum-rodu-ja-sisetomatisort-kompaktne-30-40cm-taim-30g-viljad-0-2g\/","url_meta":{"origin":1302,"position":0},"title":"K\u00e4\u00e4bustomati \u2018Vilma\u2019 seemned (Solanum lycopersicum) \u2013 kompaktne kirsstomati sort r\u00f5dule ja sisetingimustele","author":"admin","date":"31. juuli 2025","format":false,"excerpt":"K\u00e4\u00e4bustomati \u2018Vilma\u2019 seemned. Kompaktne 30\u201340 cm k\u00f5rgune sort, kannab punaseid kirsstomateid \u2013 sobib r\u00f5dule, aknalauale ja nutiaeda.","rel":"","context":"Similar post","block_context":{"text":"Similar post","link":""},"img":{"alt_text":"","src":"https:\/\/i0.wp.com\/indoorgarden.ee\/wp-content\/uploads\/2025\/07\/product-153226_0-L3062.jpg?resize=350%2C200&ssl=1","width":350,"height":200,"srcset":"https:\/\/i0.wp.com\/indoorgarden.ee\/wp-content\/uploads\/2025\/07\/product-153226_0-L3062.jpg?resize=350%2C200&ssl=1 1x, https:\/\/i0.wp.com\/indoorgarden.ee\/wp-content\/uploads\/2025\/07\/product-153226_0-L3062.jpg?resize=525%2C300&ssl=1 1.5x, https:\/\/i0.wp.com\/indoorgarden.ee\/wp-content\/uploads\/2025\/07\/product-153226_0-L3062.jpg?resize=700%2C400&ssl=1 2x"},"classes":[]},{"id":1299,"url":"https:\/\/indoorgarden.ee\/et\/toode\/cherry-tomato-goldkrone-seemned-solanum-lycopersicum-varajane-korge-saagikusega-kollane-sort-kasvuhoones-ja-vabas-ohus-kasvatamiseks-15-20g-viljad-1g\/","url_meta":{"origin":1302,"position":1},"title":"Kirsstomati \u2018Goldkrone\u2019 seemned (Solanum lycopersicum) \u2013 varajane k\u00f5rgesaakaline kollane sort 1 g","author":"admin","date":"31. juuli 2025","format":false,"excerpt":"Kirsstomati \u2018Goldkrone\u2019 seemned. Varajane, k\u00f5rgesaakaline kollane sort 15\u201320 g viljadega \u2013 sobib r\u00f5dule, aknalauale ja \u00f5ue. 1 g pakk.","rel":"","context":"Similar post","block_context":{"text":"Similar post","link":""},"img":{"alt_text":"","src":"https:\/\/i0.wp.com\/indoorgarden.ee\/wp-content\/uploads\/2025\/07\/product-153228_0-L13184.jpg?resize=350%2C200&ssl=1","width":350,"height":200,"srcset":"https:\/\/i0.wp.com\/indoorgarden.ee\/wp-content\/uploads\/2025\/07\/product-153228_0-L13184.jpg?resize=350%2C200&ssl=1 1x, https:\/\/i0.wp.com\/indoorgarden.ee\/wp-content\/uploads\/2025\/07\/product-153228_0-L13184.jpg?resize=525%2C300&ssl=1 1.5x, https:\/\/i0.wp.com\/indoorgarden.ee\/wp-content\/uploads\/2025\/07\/product-153228_0-L13184.jpg?resize=700%2C400&ssl=1 2x"},"classes":[]},{"id":1309,"url":"https:\/\/indoorgarden.ee\/et\/toode\/tilli-mammouth-seemned-anethum-graveolens-kompaktne-aromaatne-sort-sise-rodu-ja-valitingimustes-kasvatamiseks-hiline-oitsemine-20cm-1g\/","url_meta":{"origin":1302,"position":2},"title":"Aedtilli \u2018Mammoth\u2019 seemned (Anethum graveolens) \u2013 kompaktne aromaatne sort sise- ja v\u00e4litingimustele","author":"admin","date":"26. sept. 2025","format":false,"excerpt":"Aedtilli \u2018Mammoth\u2019 seemned. Kompaktne, hilise \u00f5itsemisega sort, mis sobib nii sees nutiaias kui r\u00f5dul ja \u00f5uepeenardes \u2013 aromaatne lisand kalale ja salatile.","rel":"","context":"Similar post","block_context":{"text":"Similar post","link":""},"img":{"alt_text":"","src":"https:\/\/i0.wp.com\/indoorgarden.ee\/wp-content\/uploads\/2025\/07\/product-153262_0-L1912.jpg?resize=350%2C200&ssl=1","width":350,"height":200,"srcset":"https:\/\/i0.wp.com\/indoorgarden.ee\/wp-content\/uploads\/2025\/07\/product-153262_0-L1912.jpg?resize=350%2C200&ssl=1 1x, https:\/\/i0.wp.com\/indoorgarden.ee\/wp-content\/uploads\/2025\/07\/product-153262_0-L1912.jpg?resize=525%2C300&ssl=1 1.5x, https:\/\/i0.wp.com\/indoorgarden.ee\/wp-content\/uploads\/2025\/07\/product-153262_0-L1912.jpg?resize=700%2C400&ssl=1 2x"},"classes":[]},{"id":1327,"url":"https:\/\/indoorgarden.ee\/et\/toode\/salati-frillice-seemned-lactuca-sativa-sugavrohelised-kortsulised-lehed-aeda-rodulehtedeks-ja-arukaks-kasvatamiseks-siseruumides-pikk-saagiperiood-1g\/","url_meta":{"origin":1302,"position":3},"title":"Kr\u00f5mpsuv lehtsalat \u2018Frillice\u2019 seemned (Lactuca sativa) \u2013 s\u00fcgavrohelised kortsulised lehed aeda, r\u00f5dule ja nutiaeda 1 g","author":"admin","date":"31. juuli 2025","format":false,"excerpt":"Lehtsalati \u2018Frillice\u2019 seemned 1 g. S\u00fcgavrohelised kortsulised kr\u00f5mpsuvad lehed \u2013 pikk saagiperiood, sobib aeda, r\u00f5dule ja nutiaeda.","rel":"","context":"Similar post","block_context":{"text":"Similar post","link":""},"img":{"alt_text":"","src":"https:\/\/i0.wp.com\/indoorgarden.ee\/wp-content\/uploads\/2025\/07\/product-153257_0-L14184.jpg?resize=350%2C200&ssl=1","width":350,"height":200,"srcset":"https:\/\/i0.wp.com\/indoorgarden.ee\/wp-content\/uploads\/2025\/07\/product-153257_0-L14184.jpg?resize=350%2C200&ssl=1 1x, https:\/\/i0.wp.com\/indoorgarden.ee\/wp-content\/uploads\/2025\/07\/product-153257_0-L14184.jpg?resize=525%2C300&ssl=1 1.5x, https:\/\/i0.wp.com\/indoorgarden.ee\/wp-content\/uploads\/2025\/07\/product-153257_0-L14184.jpg?resize=700%2C400&ssl=1 2x"},"classes":[]},{"id":2142,"url":"https:\/\/indoorgarden.ee\/et\/toode\/botanium-orgaanilised-kirsstomati-seemned-kompaktne-kaabustomati-sort-sise-ja-nutiaedades-kasvatamiseks\/","url_meta":{"origin":1302,"position":4},"title":"Botanium mahedad kirsstomati seemned \u2013 kompaktne k\u00e4\u00e4bussort sisetingimuste h\u00fcdropoonikale","author":"admin","date":"2. sept. 2025","format":false,"excerpt":"Botanium mahedad kirsstomati seemned. Kompaktne k\u00e4\u00e4bussort, sobib eriti h\u00e4sti Botanium nutipotile ja teistele h\u00fcdropoonika s\u00fcsteemidele.","rel":"","context":"Similar post","block_context":{"text":"Similar post","link":""},"img":{"alt_text":"","src":"https:\/\/i0.wp.com\/indoorgarden.ee\/wp-content\/uploads\/2025\/09\/tomato_1800x1800.webp?resize=350%2C200&ssl=1","width":350,"height":200,"srcset":"https:\/\/i0.wp.com\/indoorgarden.ee\/wp-content\/uploads\/2025\/09\/tomato_1800x1800.webp?resize=350%2C200&ssl=1 1x, https:\/\/i0.wp.com\/indoorgarden.ee\/wp-content\/uploads\/2025\/09\/tomato_1800x1800.webp?resize=525%2C300&ssl=1 1.5x, https:\/\/i0.wp.com\/indoorgarden.ee\/wp-content\/uploads\/2025\/09\/tomato_1800x1800.webp?resize=700%2C400&ssl=1 2x"},"classes":[]},{"id":2241,"url":"https:\/\/indoorgarden.ee\/et\/toode\/salat-bionda-a-foglia-riccia-seemned-kiiresti-kasvav-lehtsalat-hudropooniliseks-ja-nutiaedades-kasvatamiseks\/","url_meta":{"origin":1302,"position":5},"title":"Mahe lehtsalati \u2018Bionda a Foglia Riccia\u2019 seemned \u2013 kiirelt kasvav sort h\u00fcdropoonikasse ja nutiaeda","author":"admin","date":"18. nov. 2025","format":false,"excerpt":"Mahe lehtsalati \u2018Bionda a Foglia Riccia\u2019 seemned. Kiirelt kasvav, kohevate kortsuliste lehtedega sort \u2013 sobib salatisse ja v\u00f5ileivale, kasvab nutiaias ja aknalaual.","rel":"","context":"Similar post","block_context":{"text":"Similar post","link":""},"img":{"alt_text":"","src":"https:\/\/i0.wp.com\/indoorgarden.ee\/wp-content\/uploads\/2025\/11\/4770168151314.png?resize=350%2C200&ssl=1","width":350,"height":200,"srcset":"https:\/\/i0.wp.com\/indoorgarden.ee\/wp-content\/uploads\/2025\/11\/4770168151314.png?resize=350%2C200&ssl=1 1x, https:\/\/i0.wp.com\/indoorgarden.ee\/wp-content\/uploads\/2025\/11\/4770168151314.png?resize=525%2C300&ssl=1 1.5x, https:\/\/i0.wp.com\/indoorgarden.ee\/wp-content\/uploads\/2025\/11\/4770168151314.png?resize=700%2C400&ssl=1 2x"},"classes":[]}],"_links":{"self":[{"href":"https:\/\/indoorgarden.ee\/et\/wp-json\/wp\/v2\/product\/1302","targetHints":{"allow":["GET"]}}],"collection":[{"href":"https:\/\/indoorgarden.ee\/et\/wp-json\/wp\/v2\/product"}],"about":[{"href":"https:\/\/indoorgarden.ee\/et\/wp-json\/wp\/v2\/types\/product"}],"replies":[{"embeddable":true,"href":"https:\/\/indoorgarden.ee\/et\/wp-json\/wp\/v2\/comments?post=1302"}],"wp:featuredmedia":[{"embeddable":true,"href":"https:\/\/indoorgarden.ee\/et\/wp-json\/wp\/v2\/media\/1003"}],"wp:attachment":[{"href":"https:\/\/indoorgarden.ee\/et\/wp-json\/wp\/v2\/media?parent=1302"}],"wp:term":[{"taxonomy":"product_brand","embeddable":true,"href":"https:\/\/indoorgarden.ee\/et\/wp-json\/wp\/v2\/product_brand?post=1302"},{"taxonomy":"product_cat","embeddable":true,"href":"https:\/\/indoorgarden.ee\/et\/wp-json\/wp\/v2\/product_cat?post=1302"},{"taxonomy":"product_tag","embeddable":true,"href":"https:\/\/indoorgarden.ee\/et\/wp-json\/wp\/v2\/product_tag?post=1302"}],"curies":[{"name":"wp","href":"https:\/\/api.w.org\/{rel}","templated":true}]}}