{"id":1300,"date":"2025-07-31T14:51:38","date_gmt":"2025-07-31T11:51:38","guid":{"rendered":"https:\/\/indoorgarden.ee\/product\/kahara-peterselli-astra-seemned-petroselinum-crispum-vitamiinirikas-poosasort-aeda-rodule-ja-siseruumidesse-1g\/"},"modified":"2026-04-26T15:48:06","modified_gmt":"2026-04-26T12:48:06","slug":"kahara-peterselli-astra-seemned-petroselinum-crispum-vitamiinirikas-poosasort-aeda-rodule-ja-siseruumidesse-1g","status":"publish","type":"product","link":"https:\/\/indoorgarden.ee\/et\/toode\/kahara-peterselli-astra-seemned-petroselinum-crispum-vitamiinirikas-poosasort-aeda-rodule-ja-siseruumidesse-1g\/","title":{"rendered":"K\u00e4hara peterselli \u2018Astra\u2019 seemned (Petroselinum crispum) \u2013 vitamiinirikas tuhmne sort aeda, r\u00f5dule ja potti"},"content":{"rendered":"<h2>K\u00e4hara peterselli &#8216;Astra&#8217; (Petroselinum crispum) kohta<\/h2>\n<p>&#8216;Astra&#8217; on rikkalikult roheline, p\u00f5\u00f5sasjas petersellisort, millel on tihedalt k\u00e4herdunud lehed ja suurep\u00e4rane toitev\u00e4\u00e4rtus. T\u00e4nu oma kompaktsele, p\u00fcstisele kasvule sobib ta ideaalselt \u00fcrdiaedadesse, k\u00f5rgendatud vooditele, r\u00f5duplatsidele v\u00f5i siseruumides kasutamiseks. V\u00e4ga aromaatne ja vitamiinirikas, sobib ideaalselt kaunistamiseks, maitsestamiseks v\u00f5i segamiseks rohelistesse kastmetesse ja smuutidesse.  <\/p>\n<h2>Kus see kasvab k\u00f5ige paremini<\/h2>\n<p>See sort areneb p\u00e4ikesepaistelistes kohtades, kus on h\u00e4sti kuivendatud ja viljakas muld. Seda v\u00f5ib kasvatada vabas \u00f5hus varakevadest kuni s\u00fcgiseni v\u00f5i kasvatada siseruumides aastaringselt valgusk\u00fcllasel aknalaual v\u00f5i nutikas aias\u00fcsteemis. Taimed on vastupidavad ja robustsed, andes kogu kasvuperioodi jooksul lopsakat lehestikku.  <\/p>\n<h2>Peamised omadused<\/h2>\n<ul>\n<li>Tumeroheliste, kumerate lehtedega p\u00f5\u00f5saspersiljasort.<\/li>\n<li>K\u00f5rge vitamiinide ja mineraalide sisaldus<\/li>\n<li>Sobib suurep\u00e4raselt v\u00e4rskelt kasutamiseks, kaunistamiseks v\u00f5i k\u00fclmutamiseks.<\/li>\n<li>Sobib v\u00e4lipeenardele, potti v\u00f5i nutiaeda.<\/li>\n<li>Taimede vahekaugus: 20 cm ridade vahel, 5 cm taimede vahel.<\/li>\n<li>K\u00fclvuss\u00fcgavus: 1-2 cm<\/li>\n<li>K\u00fclviaeg: <\/li>\n<li>Saagikoristusperiood: juuni-oktoober<\/li>\n<li>Eelistab t\u00e4ielikku p\u00e4ikest ja p\u00fcsivalt niisket, h\u00e4sti haritud mulda.<\/li>\n<li>Br\u00e4ndi: Seklos Brand Line<\/li>\n<\/ul>\n<h2>Kasvatamise n\u00f5uanded<\/h2>\n<p>K\u00fclvake seemned otse mulda v\u00f5i konteinerisse ja hoidke pinnast idanemise ajal niiskena. Petersell idaneb aeglaselt (v\u00f5ib v\u00f5tta 2-4 n\u00e4dalat), seega olge kannatlik. L\u00f5igake k\u00f5igepealt v\u00e4limised lehed, lastes sisemistel lehtedel edasi kasvada. Regulaarne l\u00f5ikamine soodustab t\u00e4isv\u00e4\u00e4rtuslikumat ja p\u00f5\u00f5sastunud kasvu.   <\/p>\n","protected":false},"excerpt":{"rendered":"<p>K\u00e4hara peterselli \u2018Astra\u2019 seemned. Vitamiinirikas tihke sort, mis sobib k\u00f6\u00f6gile, salatile ja kaunistuseks. Kasvab nii peenardel, r\u00f5dul kui ka aknalaual.<\/p>\n","protected":false},"featured_media":1009,"comment_status":"closed","ping_status":"closed","template":"","meta":[],"product_brand":[155],"product_cat":[103,93],"product_tag":[],"class_list":{"0":"post-1300","1":"product","2":"type-product","3":"status-publish","4":"has-post-thumbnail","6":"product_brand-seklos-et","7":"product_cat-urdi-seemned","8":"product_cat-seemned","9":"pa_indoor-garden-seeds-petersell","11":"first","12":"instock","13":"taxable","14":"shipping-taxable","15":"purchasable","16":"product-type-simple"},"jetpack_sharing_enabled":true,"jetpack-related-posts":[{"id":2020,"url":"https:\/\/indoorgarden.ee\/et\/toode\/kaharpeterselli-seemned-bravour-1g-dekoratiiv-ja-maitsetaim-petroselinum-crispum\/","url_meta":{"origin":1300,"position":0},"title":"K\u00e4hara peterselli \u2018Bravour\u2019 seemned 1 g \u2013 dekoratiivne ja s\u00f6\u00f6dav maitsetaim (Petroselinum crispum)","author":"admin","date":"29. sept. 2025","format":false,"excerpt":"K\u00e4hara peterselli \u2018Bravour\u2019 seemned 1 g. Dekoratiivse v\u00e4ljan\u00e4gemisega s\u00f6\u00f6dav maitsetaim \u2013 sobib salatile, kaunistuseks ja taldrikule serveerimisel.","rel":"","context":"Similar post","block_context":{"text":"Similar post","link":""},"img":{"alt_text":"","src":"https:\/\/i0.wp.com\/indoorgarden.ee\/wp-content\/uploads\/2025\/09\/product-1822652_0-1402472.jpg?resize=350%2C200&ssl=1","width":350,"height":200,"srcset":"https:\/\/i0.wp.com\/indoorgarden.ee\/wp-content\/uploads\/2025\/09\/product-1822652_0-1402472.jpg?resize=350%2C200&ssl=1 1x, https:\/\/i0.wp.com\/indoorgarden.ee\/wp-content\/uploads\/2025\/09\/product-1822652_0-1402472.jpg?resize=525%2C300&ssl=1 1.5x, https:\/\/i0.wp.com\/indoorgarden.ee\/wp-content\/uploads\/2025\/09\/product-1822652_0-1402472.jpg?resize=700%2C400&ssl=1 2x"},"classes":[]},{"id":823,"url":"https:\/\/indoorgarden.ee\/et\/toode\/kahara-peterselli-sammalpoimunen-seemned-dekoratiivne-maitsetaim-garneerimiseks-ja-siseruumides-kasutamiseks-1g\/","url_meta":{"origin":1300,"position":1},"title":"K\u00e4hara peterselli \u2018Sammalpoimunen\u2019 seemned \u2013 dekoratiivne maitsetaim h\u00fcdropoonikasse ja nutiaeda","author":"admin","date":"28. sept. 2025","format":false,"excerpt":"K\u00e4hara peterselli \u2018Sammalpoimunen\u2019 seemned. Dekoratiivse v\u00e4ljan\u00e4gemisega maitsetaim, sobib nii kaunistuseks kui ka s\u00f6\u00f6davaks lisaks supile, salatile ja kalale.","rel":"","context":"Similar post","block_context":{"text":"Similar post","link":""},"img":{"alt_text":"","src":"https:\/\/i0.wp.com\/indoorgarden.ee\/wp-content\/uploads\/2025\/07\/product-153042_0-1402465.jpg?resize=350%2C200&ssl=1","width":350,"height":200,"srcset":"https:\/\/i0.wp.com\/indoorgarden.ee\/wp-content\/uploads\/2025\/07\/product-153042_0-1402465.jpg?resize=350%2C200&ssl=1 1x, https:\/\/i0.wp.com\/indoorgarden.ee\/wp-content\/uploads\/2025\/07\/product-153042_0-1402465.jpg?resize=525%2C300&ssl=1 1.5x, https:\/\/i0.wp.com\/indoorgarden.ee\/wp-content\/uploads\/2025\/07\/product-153042_0-1402465.jpg?resize=700%2C400&ssl=1 2x"},"classes":[]},{"id":2024,"url":"https:\/\/indoorgarden.ee\/et\/toode\/siledalehelise-peterselli-seemned-1g-koogitaim-toiduvalmistamiseks-ja-kaunistamiseks-petroselinum-crispum\/","url_meta":{"origin":1300,"position":2},"title":"Siledalehelise peterselli seemned 1 g \u2013 maitsetaim toiduvalmistamiseks ja kaunistuseks (Petroselinum crispum)","author":"admin","date":"29. sept. 2025","format":false,"excerpt":"Siledalehelise peterselli seemned 1 g. Klassikaline k\u00f6\u00f6gimaitsetaim, sobib supile, kalale, kartulitele ja taldriku kaunistamiseks. Kasvab h\u00e4sti nutiaias.","rel":"","context":"Similar post","block_context":{"text":"Similar post","link":""},"img":{"alt_text":"","src":"https:\/\/i0.wp.com\/indoorgarden.ee\/wp-content\/uploads\/2025\/09\/product-153041_0-1402460.jpg?resize=350%2C200&ssl=1","width":350,"height":200,"srcset":"https:\/\/i0.wp.com\/indoorgarden.ee\/wp-content\/uploads\/2025\/09\/product-153041_0-1402460.jpg?resize=350%2C200&ssl=1 1x, https:\/\/i0.wp.com\/indoorgarden.ee\/wp-content\/uploads\/2025\/09\/product-153041_0-1402460.jpg?resize=525%2C300&ssl=1 1.5x, https:\/\/i0.wp.com\/indoorgarden.ee\/wp-content\/uploads\/2025\/09\/product-153041_0-1402460.jpg?resize=700%2C400&ssl=1 2x"},"classes":[]},{"id":2233,"url":"https:\/\/indoorgarden.ee\/et\/toode\/petersell-moskrul-2-seemned-tumeroheline-maitsetaim-hudropooniliseks-ja-nutiaias-kasvatuseks\/","url_meta":{"origin":1300,"position":3},"title":"Mahe peterselli \u2018Moskrul 2\u2019 seemned \u2013 k\u00e4har tumeroheline \u00fcrt h\u00fcdropoonikasse ja nutiaeda","author":"admin","date":"18. nov. 2025","format":false,"excerpt":"Mahe peterselli \u2018Moskrul 2\u2019 seemned. K\u00e4har tumeroheline sort, sobib salatile, kaunistuseks ja toiduvalmistamiseks. Kasvab kiiresti nutiaias.","rel":"","context":"Similar post","block_context":{"text":"Similar post","link":""},"img":{"alt_text":"","src":"https:\/\/i0.wp.com\/indoorgarden.ee\/wp-content\/uploads\/2025\/11\/4770168151222.png?resize=350%2C200&ssl=1","width":350,"height":200,"srcset":"https:\/\/i0.wp.com\/indoorgarden.ee\/wp-content\/uploads\/2025\/11\/4770168151222.png?resize=350%2C200&ssl=1 1x, https:\/\/i0.wp.com\/indoorgarden.ee\/wp-content\/uploads\/2025\/11\/4770168151222.png?resize=525%2C300&ssl=1 1.5x, https:\/\/i0.wp.com\/indoorgarden.ee\/wp-content\/uploads\/2025\/11\/4770168151222.png?resize=700%2C400&ssl=1 2x"},"classes":[]},{"id":1302,"url":"https:\/\/indoorgarden.ee\/et\/toode\/kaabustomat-venus-seemned-solanum-lycopersicum-kompaktne-tootlik-sort-oranzide-30g-viljadega-ideaalne-kasvatamiseks-siseruumides-ja-konteinerites-0-2g\/","url_meta":{"origin":1300,"position":4},"title":"K\u00e4\u00e4bustomati \u2018Venus\u2019 seemned (Solanum lycopersicum) \u2013 kompaktne sort oran\u017eide viljadega","author":"admin","date":"31. juuli 2025","format":false,"excerpt":"K\u00e4\u00e4bustomati \u2018Venus\u2019 seemned. Kompaktne, viljakas sort oran\u017eide kirsstomatitega \u2013 sobib ideaalselt r\u00f5dule, aknalauale ja konteineris kasvatamiseks.","rel":"","context":"Similar post","block_context":{"text":"Similar post","link":""},"img":{"alt_text":"","src":"https:\/\/i0.wp.com\/indoorgarden.ee\/wp-content\/uploads\/2025\/07\/product-153225_0-L3052.jpg?resize=350%2C200&ssl=1","width":350,"height":200,"srcset":"https:\/\/i0.wp.com\/indoorgarden.ee\/wp-content\/uploads\/2025\/07\/product-153225_0-L3052.jpg?resize=350%2C200&ssl=1 1x, https:\/\/i0.wp.com\/indoorgarden.ee\/wp-content\/uploads\/2025\/07\/product-153225_0-L3052.jpg?resize=525%2C300&ssl=1 1.5x, https:\/\/i0.wp.com\/indoorgarden.ee\/wp-content\/uploads\/2025\/07\/product-153225_0-L3052.jpg?resize=700%2C400&ssl=1 2x"},"classes":[]},{"id":2287,"url":"https:\/\/indoorgarden.ee\/et\/toode\/aedsalat-salad-bowl-seemned-kiiresti-kasvav-lehtsalat-hudropoonikas-ja-nutiaedades-kasvatamiseks\/","url_meta":{"origin":1300,"position":5},"title":"Mahe lehtsalati \u2018Salad Bowl\u2019 seemned \u2013 kiirelt kasvav sort h\u00fcdropoonikasse ja nutiaeda","author":"admin","date":"18. nov. 2025","format":false,"excerpt":"Mahe lehtsalati \u2018Salad Bowl\u2019 seemned. Kiirelt kasvav, korduvalt korjatav sort \u2013 l\u00f5ika lehed ja taim kasvab uuesti tagasi.","rel":"","context":"Similar post","block_context":{"text":"Similar post","link":""},"img":{"alt_text":"","src":"https:\/\/i0.wp.com\/indoorgarden.ee\/wp-content\/uploads\/2025\/11\/4770168151611.png?resize=350%2C200&ssl=1","width":350,"height":200},"classes":[]}],"_links":{"self":[{"href":"https:\/\/indoorgarden.ee\/et\/wp-json\/wp\/v2\/product\/1300","targetHints":{"allow":["GET"]}}],"collection":[{"href":"https:\/\/indoorgarden.ee\/et\/wp-json\/wp\/v2\/product"}],"about":[{"href":"https:\/\/indoorgarden.ee\/et\/wp-json\/wp\/v2\/types\/product"}],"replies":[{"embeddable":true,"href":"https:\/\/indoorgarden.ee\/et\/wp-json\/wp\/v2\/comments?post=1300"}],"wp:featuredmedia":[{"embeddable":true,"href":"https:\/\/indoorgarden.ee\/et\/wp-json\/wp\/v2\/media\/1009"}],"wp:attachment":[{"href":"https:\/\/indoorgarden.ee\/et\/wp-json\/wp\/v2\/media?parent=1300"}],"wp:term":[{"taxonomy":"product_brand","embeddable":true,"href":"https:\/\/indoorgarden.ee\/et\/wp-json\/wp\/v2\/product_brand?post=1300"},{"taxonomy":"product_cat","embeddable":true,"href":"https:\/\/indoorgarden.ee\/et\/wp-json\/wp\/v2\/product_cat?post=1300"},{"taxonomy":"product_tag","embeddable":true,"href":"https:\/\/indoorgarden.ee\/et\/wp-json\/wp\/v2\/product_tag?post=1300"}],"curies":[{"name":"wp","href":"https:\/\/api.w.org\/{rel}","templated":true}]}}