{"id":1299,"date":"2025-07-31T14:41:10","date_gmt":"2025-07-31T11:41:10","guid":{"rendered":"https:\/\/indoorgarden.ee\/product\/cherry-tomato-goldkrone-seemned-solanum-lycopersicum-varajane-korge-saagikusega-kollane-sort-kasvuhoones-ja-vabas-ohus-kasvatamiseks-15-20g-viljad-1g\/"},"modified":"2026-04-26T18:46:56","modified_gmt":"2026-04-26T15:46:56","slug":"cherry-tomato-goldkrone-seemned-solanum-lycopersicum-varajane-korge-saagikusega-kollane-sort-kasvuhoones-ja-vabas-ohus-kasvatamiseks-15-20g-viljad-1g","status":"publish","type":"product","link":"https:\/\/indoorgarden.ee\/et\/toode\/cherry-tomato-goldkrone-seemned-solanum-lycopersicum-varajane-korge-saagikusega-kollane-sort-kasvuhoones-ja-vabas-ohus-kasvatamiseks-15-20g-viljad-1g\/","title":{"rendered":"Kirsstomati \u2018Goldkrone\u2019 seemned (Solanum lycopersicum) \u2013 varajane k\u00f5rgesaakaline kollane sort 1 g"},"content":{"rendered":"<h2>Kirsstomatist &#8216;Goldkrone&#8217; (Solanum lycopersicum)<\/h2>\n<p>&#8216;Goldkrone&#8217; on varajane, k\u00f5rgekasvuline kirsstomatisort, mis toodab rohkesti v\u00e4ikseid, helekollaseid vilju, millest iga\u00fche kaal on 15-20 grammi. Tuntud oma magusa maitse ja visuaalse atraktiivsuse poolest, sobib see ideaalselt v\u00e4rskete suupistete, salatite ja dekoratiivsete taldrikute valmistamiseks. <\/p>\n<p>See k\u00f5rge saagikusega sort sobib ideaalselt koduaednikele, kes otsivad v\u00e4rvi, maitset ja tootlikkust \u00fches taimes.<\/p>\n<h2>Kus see kasvab k\u00f5ige paremini<\/h2>\n<p>Goldkrone&#8217;i v\u00f5ib kasvatada kasvuhoones, avamaal v\u00f5i suurtes konteinerites r\u00f5dul v\u00f5i terrassil. Ta \u00f5itseb t\u00e4isp\u00e4ikese k\u00e4es ja vajab oma k\u00f5rge kasvutava t\u00f5ttu p\u00fcstikut v\u00f5i toestamist. K\u00fclvake seemned siseruumidesse m\u00e4rtsis-aprillis ja istutage \u00fcmber p\u00e4rast k\u00fclmaohu m\u00f6\u00f6dumist.  <\/p>\n<h2>Peamised omadused<\/h2>\n<ul>\n<li>Varase valmimisega kirsstomatite sort<\/li>\n<li>Annab pikad kollaste viljade kobarad (15-20g iga\u00fcks).<\/li>\n<li>Magus ja mahlakas maitse &#8211; sobib ideaalselt salatite ja suupistete valmistamiseks.<\/li>\n<li>K\u00f5rgekasvuline &#8211; vajab toestamist v\u00f5i trellide kinnitamist.<\/li>\n<li>Sobib kasvuhoone- v\u00f5i v\u00e4litingimustes kasvatamiseks<\/li>\n<li>K\u00fclviaeg: (siseruumides)<\/li>\n<li>Saagikoristuse aeg: <\/li>\n<li>Taimede vahekaugus: 90 cm taimede vahel, 40 cm ridade vahel.<\/li>\n<li>Eelistab t\u00e4ielikku p\u00e4ikest ja h\u00e4sti kuivendatud, toitaineterikast mulda.<\/li>\n<li>Br\u00e4ndi: Seklos Brand Line<\/li>\n<\/ul>\n<h2>Kasvatamise n\u00f5uanded<\/h2>\n<p>K\u00fclva seemned siseruumidesse 6-8 n\u00e4dalat enne \u00f5ue istutamist. Hoidke istikuid soojas, p\u00e4ikesepaistelises kohas v\u00f5i kasvutulede all. Istutage \u00fcmber suurtesse pottidesse, kasvukottidesse v\u00f5i n\u00f5uetekohase toega aiapeenardesse. Kastke pidevalt ja toita tomativ\u00e4etistega \u00f5itsemise ja viljakandmise ajal.   <\/p>\n","protected":false},"excerpt":{"rendered":"<p>Kirsstomati \u2018Goldkrone\u2019 seemned. Varajane, k\u00f5rgesaakaline kollane sort 15\u201320 g viljadega \u2013 sobib r\u00f5dule, aknalauale ja \u00f5ue. 1 g pakk.<\/p>\n","protected":false},"featured_media":997,"comment_status":"closed","ping_status":"closed","template":"","meta":[],"product_brand":[155],"product_cat":[93,107],"product_tag":[],"class_list":{"0":"post-1299","1":"product","2":"type-product","3":"status-publish","4":"has-post-thumbnail","6":"product_brand-seklos-et","7":"product_cat-seemned","8":"product_cat-tomati-seemned","9":"pa_indoor-garden-seeds-kirsstomat","11":"first","12":"instock","13":"taxable","14":"shipping-taxable","15":"purchasable","16":"product-type-simple"},"jetpack_sharing_enabled":true,"jetpack-related-posts":[{"id":1302,"url":"https:\/\/indoorgarden.ee\/et\/toode\/kaabustomat-venus-seemned-solanum-lycopersicum-kompaktne-tootlik-sort-oranzide-30g-viljadega-ideaalne-kasvatamiseks-siseruumides-ja-konteinerites-0-2g\/","url_meta":{"origin":1299,"position":0},"title":"K\u00e4\u00e4bustomati \u2018Venus\u2019 seemned (Solanum lycopersicum) \u2013 kompaktne sort oran\u017eide viljadega","author":"admin","date":"31. juuli 2025","format":false,"excerpt":"K\u00e4\u00e4bustomati \u2018Venus\u2019 seemned. Kompaktne, viljakas sort oran\u017eide kirsstomatitega \u2013 sobib ideaalselt r\u00f5dule, aknalauale ja konteineris kasvatamiseks.","rel":"","context":"Similar post","block_context":{"text":"Similar post","link":""},"img":{"alt_text":"","src":"https:\/\/i0.wp.com\/indoorgarden.ee\/wp-content\/uploads\/2025\/07\/product-153225_0-L3052.jpg?resize=350%2C200&ssl=1","width":350,"height":200,"srcset":"https:\/\/i0.wp.com\/indoorgarden.ee\/wp-content\/uploads\/2025\/07\/product-153225_0-L3052.jpg?resize=350%2C200&ssl=1 1x, https:\/\/i0.wp.com\/indoorgarden.ee\/wp-content\/uploads\/2025\/07\/product-153225_0-L3052.jpg?resize=525%2C300&ssl=1 1.5x, https:\/\/i0.wp.com\/indoorgarden.ee\/wp-content\/uploads\/2025\/07\/product-153225_0-L3052.jpg?resize=700%2C400&ssl=1 2x"},"classes":[]},{"id":1324,"url":"https:\/\/indoorgarden.ee\/et\/toode\/kaabustomat-vilma-seemned-solanum-lycopersicum-rodu-ja-sisetomatisort-kompaktne-30-40cm-taim-30g-viljad-0-2g\/","url_meta":{"origin":1299,"position":1},"title":"K\u00e4\u00e4bustomati \u2018Vilma\u2019 seemned (Solanum lycopersicum) \u2013 kompaktne kirsstomati sort r\u00f5dule ja sisetingimustele","author":"admin","date":"31. juuli 2025","format":false,"excerpt":"K\u00e4\u00e4bustomati \u2018Vilma\u2019 seemned. Kompaktne 30\u201340 cm k\u00f5rgune sort, kannab punaseid kirsstomateid \u2013 sobib r\u00f5dule, aknalauale ja nutiaeda.","rel":"","context":"Similar post","block_context":{"text":"Similar post","link":""},"img":{"alt_text":"","src":"https:\/\/i0.wp.com\/indoorgarden.ee\/wp-content\/uploads\/2025\/07\/product-153226_0-L3062.jpg?resize=350%2C200&ssl=1","width":350,"height":200,"srcset":"https:\/\/i0.wp.com\/indoorgarden.ee\/wp-content\/uploads\/2025\/07\/product-153226_0-L3062.jpg?resize=350%2C200&ssl=1 1x, https:\/\/i0.wp.com\/indoorgarden.ee\/wp-content\/uploads\/2025\/07\/product-153226_0-L3062.jpg?resize=525%2C300&ssl=1 1.5x, https:\/\/i0.wp.com\/indoorgarden.ee\/wp-content\/uploads\/2025\/07\/product-153226_0-L3062.jpg?resize=700%2C400&ssl=1 2x"},"classes":[]},{"id":2261,"url":"https:\/\/indoorgarden.ee\/et\/toode\/spinat-gigante-de-invierno-seemned-kiiresti-kasvav-beebilehtspinat-hudropoonikasse-ja-nutiaeda\/","url_meta":{"origin":1299,"position":2},"title":"Mahe spinati \u2018Gigante de Invierno\u2019 seemned \u2013 kiire beebileht h\u00fcdropoonikasse ja nutiaeda","author":"admin","date":"18. nov. 2025","format":false,"excerpt":"Mahe beebilehtspinati seemned, mis kasvavad sees kiiresti ja annavad hellitavalt pehmet lehestikku salatisse, smuutidesse ja k\u00f5rvalroogadesse.","rel":"","context":"Similar post","block_context":{"text":"Similar post","link":""},"img":{"alt_text":"","src":"https:\/\/i0.wp.com\/indoorgarden.ee\/wp-content\/uploads\/2025\/11\/4770168924352.jpg?resize=350%2C200&ssl=1","width":350,"height":200},"classes":[]},{"id":2257,"url":"https:\/\/indoorgarden.ee\/et\/toode\/aedtilli-seemned-aromaantne-maitsetaim-hudropoonikas-nutiaedades-ja-valitingimustes-kasvatamiseks\/","url_meta":{"origin":1299,"position":3},"title":"Mahe aedtilli seemned (Anethum graveolens) \u2013 aromaatne maitsetaim h\u00fcdropoonikasse ja nutiaeda","author":"admin","date":"18. nov. 2025","format":false,"excerpt":"Mahe aedtilli seemned \u2013 aromaatne maitsetaim, mis kasvab h\u00e4sti nii h\u00fcdropoonikas kui mullas. Sobib supile, salatile, marineerimisele ja kohe k\u00f6\u00f6gist v\u00e4rskelt korjatuks.","rel":"","context":"Similar post","block_context":{"text":"Similar post","link":""},"img":{"alt_text":"","src":"https:\/\/i0.wp.com\/indoorgarden.ee\/wp-content\/uploads\/2025\/11\/4770168151130.png?resize=350%2C200&ssl=1","width":350,"height":200,"srcset":"https:\/\/i0.wp.com\/indoorgarden.ee\/wp-content\/uploads\/2025\/11\/4770168151130.png?resize=350%2C200&ssl=1 1x, https:\/\/i0.wp.com\/indoorgarden.ee\/wp-content\/uploads\/2025\/11\/4770168151130.png?resize=525%2C300&ssl=1 1.5x, https:\/\/i0.wp.com\/indoorgarden.ee\/wp-content\/uploads\/2025\/11\/4770168151130.png?resize=700%2C400&ssl=1 2x"},"classes":[]},{"id":1338,"url":"https:\/\/indoorgarden.ee\/et\/toode\/lehtsalat-grand-rapids-pearl-gem-f1-seemned-vaga-varajane-haiguskindel-sort-smart-indoor-hydroponic-gardenile-0-5g\/","url_meta":{"origin":1299,"position":4},"title":"Lehtsalati \u2018Grand Rapids Pearl Gem\u2019 F1 seemned \u2013 v\u00e4ga varajane haiguskindel sort h\u00fcdropoonikale ja nutiaeda \u2013 0,5 g","author":"admin","date":"29. juuli 2025","format":false,"excerpt":"Lehtsalati \u2018Grand Rapids Pearl Gem\u2019 F1 seemned 0,5 g. V\u00e4ga varajane, haiguskindel h\u00fcbriidsort \u2013 sobib h\u00fcdropoonikale, nutiaiale ja aknalauale.","rel":"","context":"Similar post","block_context":{"text":"Similar post","link":""},"img":{"alt_text":"","src":"https:\/\/i0.wp.com\/indoorgarden.ee\/wp-content\/uploads\/2025\/07\/product-42200_0-14058770.jpg?resize=350%2C200&ssl=1","width":350,"height":200,"srcset":"https:\/\/i0.wp.com\/indoorgarden.ee\/wp-content\/uploads\/2025\/07\/product-42200_0-14058770.jpg?resize=350%2C200&ssl=1 1x, https:\/\/i0.wp.com\/indoorgarden.ee\/wp-content\/uploads\/2025\/07\/product-42200_0-14058770.jpg?resize=525%2C300&ssl=1 1.5x, https:\/\/i0.wp.com\/indoorgarden.ee\/wp-content\/uploads\/2025\/07\/product-42200_0-14058770.jpg?resize=700%2C400&ssl=1 2x"},"classes":[]},{"id":2287,"url":"https:\/\/indoorgarden.ee\/et\/toode\/aedsalat-salad-bowl-seemned-kiiresti-kasvav-lehtsalat-hudropoonikas-ja-nutiaedades-kasvatamiseks\/","url_meta":{"origin":1299,"position":5},"title":"Mahe lehtsalati \u2018Salad Bowl\u2019 seemned \u2013 kiirelt kasvav sort h\u00fcdropoonikasse ja nutiaeda","author":"admin","date":"18. nov. 2025","format":false,"excerpt":"Mahe lehtsalati \u2018Salad Bowl\u2019 seemned. Kiirelt kasvav, korduvalt korjatav sort \u2013 l\u00f5ika lehed ja taim kasvab uuesti tagasi.","rel":"","context":"Similar post","block_context":{"text":"Similar post","link":""},"img":{"alt_text":"","src":"https:\/\/i0.wp.com\/indoorgarden.ee\/wp-content\/uploads\/2025\/11\/4770168151611.png?resize=350%2C200&ssl=1","width":350,"height":200},"classes":[]}],"_links":{"self":[{"href":"https:\/\/indoorgarden.ee\/et\/wp-json\/wp\/v2\/product\/1299","targetHints":{"allow":["GET"]}}],"collection":[{"href":"https:\/\/indoorgarden.ee\/et\/wp-json\/wp\/v2\/product"}],"about":[{"href":"https:\/\/indoorgarden.ee\/et\/wp-json\/wp\/v2\/types\/product"}],"replies":[{"embeddable":true,"href":"https:\/\/indoorgarden.ee\/et\/wp-json\/wp\/v2\/comments?post=1299"}],"wp:featuredmedia":[{"embeddable":true,"href":"https:\/\/indoorgarden.ee\/et\/wp-json\/wp\/v2\/media\/997"}],"wp:attachment":[{"href":"https:\/\/indoorgarden.ee\/et\/wp-json\/wp\/v2\/media?parent=1299"}],"wp:term":[{"taxonomy":"product_brand","embeddable":true,"href":"https:\/\/indoorgarden.ee\/et\/wp-json\/wp\/v2\/product_brand?post=1299"},{"taxonomy":"product_cat","embeddable":true,"href":"https:\/\/indoorgarden.ee\/et\/wp-json\/wp\/v2\/product_cat?post=1299"},{"taxonomy":"product_tag","embeddable":true,"href":"https:\/\/indoorgarden.ee\/et\/wp-json\/wp\/v2\/product_tag?post=1299"}],"curies":[{"name":"wp","href":"https:\/\/api.w.org\/{rel}","templated":true}]}}