{"id":1295,"date":"2025-08-08T15:26:32","date_gmt":"2025-08-08T12:26:32","guid":{"rendered":"https:\/\/indoorgarden.ee\/product\/agrecol-biohumus-universaalne-vaetis-koogiviljadele-ja-lilledele-1l\/"},"modified":"2026-04-26T18:53:48","modified_gmt":"2026-04-26T15:53:48","slug":"agrecol-biohumus-universaalne-vaetis-koogiviljadele-ja-lilledele-1l","status":"publish","type":"product","link":"https:\/\/indoorgarden.ee\/et\/toode\/agrecol-biohumus-universaalne-vaetis-koogiviljadele-ja-lilledele-1l\/","title":{"rendered":"Agrecol BIOHUMUS universaalv\u00e4etis k\u00f6\u00f6giviljadele ja lilledele 1 L"},"content":{"rendered":"<h2>kohta<\/h2>\n<p>Agrecol BIOHUMUS on vedel orgaaniline v\u00e4etis, mis on m\u00f5eldud k\u00f5ikidele k\u00f6\u00f6giviljadele, lilledele ja dekoratiivtaimedele, mida kasvatatakse siseruumides, r\u00f5dudel, terrassidel v\u00f5i aias. Rikkalikult looduslikke toitaineid sisaldav toode toetab tervislikku kasvu, eluj\u00f5ulist \u00f5itsemist ja rikkalikku saaki, s\u00e4ilitades samal ajal mulla viljakuse. Sobib kasutamiseks nii s\u00f6\u00f6gi- kui ka ilutaimede puhul, mist\u00f5ttu on see mitmek\u00fclgne valik igale aednikule.  <\/p>\n<h2>H\u00fcdropoonika ja siseaedade kasvatamine<\/h2>\n<p>Kuigi BIOHUMUS on m\u00f5eldud tavaliseks mullakasvatuseks, v\u00f5ib seda sobivalt lahjendatuna kasutada ka arukates siseaedades ja h\u00fcdropoonilistes s\u00fcsteemides. H\u00fcdropoonikas saavad taimed kasu otsesest toitainete imendumisest, kasvades potentsiaalselt kuni 3x kiiremini kui mullas. See muudab selle suurep\u00e4raseks aastaringseks toitmisv\u00f5imaluseks siseruumides kasvatatavate k\u00f6\u00f6giviljade ja dekoratiivsete taimede jaoks.  <\/p>\n<h2>Omadused<\/h2>\n<ul>\n<li>Maht: 1L &#8211; vedel orgaaniline v\u00e4etis<\/li>\n<li>Sobib k\u00f6\u00f6giviljade, lillede ja dekoratiivsete taimede jaoks.<\/li>\n<li>Ideaalne kasutamiseks siseruumides, r\u00f5dul, terrassil ja aias.<\/li>\n<li>100% looduslikud koostisosad taimede tervislikuks arenguks<\/li>\n<li>Ohutu s\u00f6\u00f6davate p\u00f5llukultuuride puhul<\/li>\n<\/ul>\n<h2>Kasutamine ja koristamine<\/h2>\n<p>Tavalise mullaharimise korral lahjendage vastavalt etiketi juhistele ja toita taimi nende aktiivse kasvu ja \u00f5itsemise v\u00f5i viljakandmise ajal. Nutiaedades v\u00f5i h\u00fcdropoonilistes s\u00fcsteemides j\u00e4rgige oma seadme s\u00f6\u00f6tmisjuhiseid. Siseruumides kasvatamise korral saate nautida terveid, \u00f5itsvaid taimi ja v\u00e4rsket saaki aastaringselt.  <\/p>\n","protected":false},"excerpt":{"rendered":"<p>Agrecol BIOHUMUS universaalv\u00e4etis. Sobib k\u00f6\u00f6giviljadele, lilledele ja toataimedele \u2013 looduslik vihmaussihumus, mis parandab mulla struktuuri.<\/p>\n","protected":false},"featured_media":1474,"comment_status":"closed","ping_status":"closed","template":"","meta":[],"product_brand":[150],"product_cat":[110,81],"product_tag":[],"class_list":{"0":"post-1295","1":"product","2":"type-product","3":"status-publish","4":"has-post-thumbnail","6":"product_brand-agrecol-et","7":"product_cat-vaetised-toataimedele","8":"product_cat-aiatarvikud","9":"pa_fertilizer-use-koogiviljade-vaetis","10":"pa_fertilizer-use-maitsetaimede-vaetis","11":"pa_fertilizer-use-puuviljade-vaetis","12":"pa_fertilizer-use-tomatite-vaetis","13":"pa_fertilizer-use-tsitruseliste-vaetis","15":"first","16":"outofstock","17":"taxable","18":"shipping-taxable","19":"purchasable","20":"product-type-simple"},"jetpack_sharing_enabled":true,"jetpack-related-posts":[{"id":1307,"url":"https:\/\/indoorgarden.ee\/et\/toode\/compo-bio-vedelvaetis-istutusgraanulid-granuplant-500ml-taimede-kasvatamiseks\/","url_meta":{"origin":1295,"position":0},"title":"COMPO BIO vedelv\u00e4etis Granuplant graanulites kasvavatele taimedele 500 ml","author":"admin","date":"8. aug. 2025","format":false,"excerpt":"COMPO BIO vedelv\u00e4etis Granuplant graanulites kasvavatele taimedele. Sobib h\u00fcdrograanulites v\u00f5i sarnastes substraadip\u00f5histes s\u00fcsteemides.","rel":"","context":"Similar post","block_context":{"text":"Similar post","link":""},"img":{"alt_text":"COMPO BIO Liquid Fertiliser for Plants Grown in Planting Granules Granuplant\u00ae 500ml","src":"https:\/\/i0.wp.com\/indoorgarden.ee\/wp-content\/uploads\/2025\/08\/COMPO-BIO-Liquid-Fertiliser-for-Plants-Grown-in-Planting-Granules-Granuplant%C2%AE-500ml.jpg?resize=350%2C200&ssl=1","width":350,"height":200,"srcset":"https:\/\/i0.wp.com\/indoorgarden.ee\/wp-content\/uploads\/2025\/08\/COMPO-BIO-Liquid-Fertiliser-for-Plants-Grown-in-Planting-Granules-Granuplant%C2%AE-500ml.jpg?resize=350%2C200&ssl=1 1x, https:\/\/i0.wp.com\/indoorgarden.ee\/wp-content\/uploads\/2025\/08\/COMPO-BIO-Liquid-Fertiliser-for-Plants-Grown-in-Planting-Granules-Granuplant%C2%AE-500ml.jpg?resize=525%2C300&ssl=1 1.5x, https:\/\/i0.wp.com\/indoorgarden.ee\/wp-content\/uploads\/2025\/08\/COMPO-BIO-Liquid-Fertiliser-for-Plants-Grown-in-Planting-Granules-Granuplant%C2%AE-500ml.jpg?resize=700%2C400&ssl=1 2x, https:\/\/i0.wp.com\/indoorgarden.ee\/wp-content\/uploads\/2025\/08\/COMPO-BIO-Liquid-Fertiliser-for-Plants-Grown-in-Planting-Granules-Granuplant%C2%AE-500ml.jpg?resize=1050%2C600&ssl=1 3x"},"classes":[]},{"id":2291,"url":"https:\/\/indoorgarden.ee\/et\/toode\/peterselli-gigante-ditalia-seemned-siledaleheline-petersell-hudropoonika-ja-nutikate-siseaedade-jaoks\/","url_meta":{"origin":1295,"position":1},"title":"Mahe peterselli \u2018Gigante d\u2019Italia\u2019 seemned \u2013 siledaleheline petersell h\u00fcdropoonikasse ja nutiaeda","author":"admin","date":"18. nov. 2025","format":false,"excerpt":"Mahe peterselli \u2018Gigante d\u2019Italia\u2019 seemned. Suuremahuline siledaleheline sort, sobib supile, salatile ja kaunistuseks taldrikule.","rel":"","context":"Similar post","block_context":{"text":"Similar post","link":""},"img":{"alt_text":"","src":"https:\/\/i0.wp.com\/indoorgarden.ee\/wp-content\/uploads\/2025\/11\/4770168151215.png?resize=350%2C200&ssl=1","width":350,"height":200,"srcset":"https:\/\/i0.wp.com\/indoorgarden.ee\/wp-content\/uploads\/2025\/11\/4770168151215.png?resize=350%2C200&ssl=1 1x, https:\/\/i0.wp.com\/indoorgarden.ee\/wp-content\/uploads\/2025\/11\/4770168151215.png?resize=525%2C300&ssl=1 1.5x, https:\/\/i0.wp.com\/indoorgarden.ee\/wp-content\/uploads\/2025\/11\/4770168151215.png?resize=700%2C400&ssl=1 2x"},"classes":[]},{"id":2283,"url":"https:\/\/indoorgarden.ee\/et\/toode\/salat-poldkannaku-lambs-lettuce-corn-salad-trophy-seemned-orna-maitse-ja-pahklise-noodiga-lehtkoogivili-hudropoonika-ja-nutikate-siseaedade-jaoks\/","url_meta":{"origin":1295,"position":2},"title":"Mahe p\u00f5ldsalati \u2018Trophy\u2019 seemned \u2013 pehme p\u00e4hklimaitsega lehtsalat h\u00fcdropoonikasse ja nutiaeda","author":"admin","date":"18. nov. 2025","format":false,"excerpt":"Mahe p\u00f5ldsalati \u2018Trophy\u2019 seemned. Pehme, p\u00e4hklise maitsega lehed sobivad salatisse, v\u00f5ileivale ja k\u00f5rvalrooga.","rel":"","context":"Similar post","block_context":{"text":"Similar post","link":""},"img":{"alt_text":"","src":"https:\/\/i0.wp.com\/indoorgarden.ee\/wp-content\/uploads\/2025\/11\/4770168924376.jpg?resize=350%2C200&ssl=1","width":350,"height":200},"classes":[]},{"id":2219,"url":"https:\/\/indoorgarden.ee\/et\/toode\/tuumiani-seemned-mitmeaastane-maitsetaim-hudropoonika-ja-nutikate-siseaedade-jaoks\/","url_meta":{"origin":1295,"position":3},"title":"Mahe aedt\u00fc\u00fcmiani seemned \u2013 mitmeaastane k\u00f6\u00f6gi\u00fcrt h\u00fcdropoonikasse ja nutiaeda","author":"admin","date":"18. nov. 2025","format":false,"excerpt":"Mahe aedt\u00fc\u00fcmiani seemned. Mitmeaastane vastupidav k\u00f6\u00f6gi\u00fcrt \u2013 aromaatne lisand lihale, kalale, juurviljadele ja salatile.","rel":"","context":"Similar post","block_context":{"text":"Similar post","link":""},"img":{"alt_text":"","src":"https:\/\/i0.wp.com\/indoorgarden.ee\/wp-content\/uploads\/2025\/11\/4770168151437.png?resize=350%2C200&ssl=1","width":350,"height":200,"srcset":"https:\/\/i0.wp.com\/indoorgarden.ee\/wp-content\/uploads\/2025\/11\/4770168151437.png?resize=350%2C200&ssl=1 1x, https:\/\/i0.wp.com\/indoorgarden.ee\/wp-content\/uploads\/2025\/11\/4770168151437.png?resize=525%2C300&ssl=1 1.5x, https:\/\/i0.wp.com\/indoorgarden.ee\/wp-content\/uploads\/2025\/11\/4770168151437.png?resize=700%2C400&ssl=1 2x"},"classes":[]},{"id":1285,"url":"https:\/\/indoorgarden.ee\/et\/toode\/compo-bio-vedel-vaetis-tomatitele-1l\/","url_meta":{"origin":1295,"position":4},"title":"Compo BIO vedelv\u00e4etis tomatitele 1 L","author":"admin","date":"8. aug. 2025","format":false,"excerpt":"Compo BIO vedelv\u00e4etis tomatitele. Mahedast toorainest, sobib kasvuts\u00fckli k\u00f5ikidesse faasidesse \u2013 tugev kasv, palju vilja. 1 L pakk on suure aia v\u00f5i r\u00f5du jaoks.","rel":"","context":"Similar post","block_context":{"text":"Similar post","link":""},"img":{"alt_text":"","src":"https:\/\/i0.wp.com\/indoorgarden.ee\/wp-content\/uploads\/2025\/08\/product-155283_0-670137.jpg?resize=350%2C200&ssl=1","width":350,"height":200,"srcset":"https:\/\/i0.wp.com\/indoorgarden.ee\/wp-content\/uploads\/2025\/08\/product-155283_0-670137.jpg?resize=350%2C200&ssl=1 1x, https:\/\/i0.wp.com\/indoorgarden.ee\/wp-content\/uploads\/2025\/08\/product-155283_0-670137.jpg?resize=525%2C300&ssl=1 1.5x, https:\/\/i0.wp.com\/indoorgarden.ee\/wp-content\/uploads\/2025\/08\/product-155283_0-670137.jpg?resize=700%2C400&ssl=1 2x"},"classes":[]},{"id":802,"url":"https:\/\/indoorgarden.ee\/et\/toode\/kummeli-seemned-0-3g-rahustav-ravimtaim-arukate-siseaedade-ja-vesiviljeluse-kasvatamiseks\/","url_meta":{"origin":1295,"position":5},"title":"Aedkummeli seemned 0,3 g \u2013 rahustav ravimtaim h\u00fcdropoonikasse ja nutiaeda","author":"admin","date":"23. juuli 2025","format":false,"excerpt":"Aedkummeli seemned 0,3 g. Hellikas \u00fcheaastane ravimtaim valgete \u00f5itega \u2013 sobib teedele, naha hooldusele ja loomulikuks rahustiks. Kasvab h\u00e4sti nutiaias ja aknalaual.","rel":"","context":"Similar post","block_context":{"text":"Similar post","link":""},"img":{"alt_text":"","src":"https:\/\/i0.wp.com\/indoorgarden.ee\/wp-content\/uploads\/2025\/07\/product-42139_0-1401100.jpg?resize=350%2C200&ssl=1","width":350,"height":200,"srcset":"https:\/\/i0.wp.com\/indoorgarden.ee\/wp-content\/uploads\/2025\/07\/product-42139_0-1401100.jpg?resize=350%2C200&ssl=1 1x, https:\/\/i0.wp.com\/indoorgarden.ee\/wp-content\/uploads\/2025\/07\/product-42139_0-1401100.jpg?resize=525%2C300&ssl=1 1.5x, https:\/\/i0.wp.com\/indoorgarden.ee\/wp-content\/uploads\/2025\/07\/product-42139_0-1401100.jpg?resize=700%2C400&ssl=1 2x"},"classes":[]}],"_links":{"self":[{"href":"https:\/\/indoorgarden.ee\/et\/wp-json\/wp\/v2\/product\/1295","targetHints":{"allow":["GET"]}}],"collection":[{"href":"https:\/\/indoorgarden.ee\/et\/wp-json\/wp\/v2\/product"}],"about":[{"href":"https:\/\/indoorgarden.ee\/et\/wp-json\/wp\/v2\/types\/product"}],"replies":[{"embeddable":true,"href":"https:\/\/indoorgarden.ee\/et\/wp-json\/wp\/v2\/comments?post=1295"}],"wp:featuredmedia":[{"embeddable":true,"href":"https:\/\/indoorgarden.ee\/et\/wp-json\/wp\/v2\/media\/1474"}],"wp:attachment":[{"href":"https:\/\/indoorgarden.ee\/et\/wp-json\/wp\/v2\/media?parent=1295"}],"wp:term":[{"taxonomy":"product_brand","embeddable":true,"href":"https:\/\/indoorgarden.ee\/et\/wp-json\/wp\/v2\/product_brand?post=1295"},{"taxonomy":"product_cat","embeddable":true,"href":"https:\/\/indoorgarden.ee\/et\/wp-json\/wp\/v2\/product_cat?post=1295"},{"taxonomy":"product_tag","embeddable":true,"href":"https:\/\/indoorgarden.ee\/et\/wp-json\/wp\/v2\/product_tag?post=1295"}],"curies":[{"name":"wp","href":"https:\/\/api.w.org\/{rel}","templated":true}]}}