{"id":1294,"date":"2025-08-08T12:30:36","date_gmt":"2025-08-08T09:30:36","guid":{"rendered":"https:\/\/indoorgarden.ee\/product\/elho-plunge-kastekann-1-7l-must-kaasaegne-kastekann-siseruumides-100-ringlussevoetud-plastist\/"},"modified":"2026-04-26T18:51:34","modified_gmt":"2026-04-26T15:51:34","slug":"elho-plunge-kastekann-1-7l-must-kaasaegne-kastekann-siseruumides-100-ringlussevoetud-plastist","status":"publish","type":"product","link":"https:\/\/indoorgarden.ee\/et\/toode\/elho-plunge-kastekann-1-7l-must-kaasaegne-kastekann-siseruumides-100-ringlussevoetud-plastist\/","title":{"rendered":"Elho Plunge kastekann 1,7 L mustas \u2013 kaasaegne sisekastekann 100% taaskasutatud plastist"},"content":{"rendered":"<h2>Kaasaegne ja praktiline kastekann<\/h2>\n<p>Elho Plunge kastekann \u00fchendab endas ainulaadse moodsa disaini ja igap\u00e4evase praktilisuse. T\u00e4nu oma 1,7 l mahutavusele sobib see ideaalselt toataimede, r\u00f5duaedade ja kasvuhoonetaimede kastmiseks. Elegantne must viimistlus sobib igasse interj\u00f6\u00f6ristiili.  <\/p>\n<h2>Peamised omadused<\/h2>\n<ul>\n<li>1,7 l mahutavus &#8211; ideaalne kasutamiseks siseruumides ja v\u00e4ikestes v\u00e4litingimustes<\/li>\n<li>Suur t\u00e4iteava lihtsaks t\u00e4itmiseks<\/li>\n<li>Kerge ja mugav kanda<\/li>\n<li>Valmistatud kvaliteetsest ringlussev\u00f5etud plastist<\/li>\n<li>Vastupidav ja t\u00e4ielikult taaskasutatav<\/li>\n<\/ul>\n<h2>Keskkonnas\u00f5bralik valik<\/h2>\n<p>See kastekann on valmistatud 100% ringlussev\u00f5etud plastikust ja on t\u00e4ielikult taaskasutatav, aidates teil oma taimede eest hoolitseda ja samal ajal keskkonda kaitsta.<\/p>\n<p><strong>Br\u00e4ndi:<\/strong> Elho<br \/>\n<strong>Materjal:<\/strong> materjal: 100% taaskasutatud plastist<br \/>\n<strong>Maht:<\/strong> 1,7 l<br \/>\n<strong>V\u00e4rv:<\/strong> must<\/p>\n","protected":false},"excerpt":{"rendered":"<p>Elho Plunge kastekann 1,7 L mustas. Kaasaegne disain, mugav k\u00e4es, sobib igap\u00e4evaseks toataimede kastmiseks. 100% taaskasutatud plastist.<\/p>\n","protected":false},"featured_media":1180,"comment_status":"closed","ping_status":"closed","template":"","meta":[],"product_brand":[152],"product_cat":[81,88],"product_tag":[],"class_list":{"0":"post-1294","1":"product","2":"type-product","3":"status-publish","4":"has-post-thumbnail","6":"product_brand-elho-et","7":"product_cat-aiatarvikud","8":"product_cat-kastekannud","10":"first","11":"instock","12":"taxable","13":"shipping-taxable","14":"purchasable","15":"product-type-simple"},"jetpack_sharing_enabled":true,"jetpack-related-posts":[{"id":1315,"url":"https:\/\/indoorgarden.ee\/et\/toode\/elho-idanemiskauss-168-cm-roheline-lihtne-idanemiskauss-varskete-mikrokoogiviljade-jaoks-100-taaskasutatud-plastikust\/","url_meta":{"origin":1294,"position":0},"title":"Elho idanduskauss 16,8 cm rohelises \u2013 lihtne idanduskauss v\u00e4rsketele mikrov\u00f5rsetele 100% taaskasutatud plastist","author":"admin","date":"8. aug. 2025","format":false,"excerpt":"Elho idanduskauss 16,8 cm rohelises. Lihtne, kvaliteetne idanduskauss mikrov\u00f5rsete ja itude kasvatamiseks \u2013 100% taaskasutatud plastist.","rel":"","context":"Similar post","block_context":{"text":"Similar post","link":""},"img":{"alt_text":"","src":"https:\/\/i0.wp.com\/indoorgarden.ee\/wp-content\/uploads\/2025\/08\/product-2373179_1-64607017_360-300x300-1.jpg?resize=350%2C200&ssl=1","width":350,"height":200},"classes":[]},{"id":1313,"url":"https:\/\/indoorgarden.ee\/et\/toode\/urtikapott-elho-bouncy-basilic-16-5cm-roheline\/","url_meta":{"origin":1294,"position":1},"title":"Elho Bouncy Basil \u00fcrdipott 16,5 cm \u2013 roheline","author":"admin","date":"8. aug. 2025","format":false,"excerpt":"Elho Bouncy Basil \u00fcrdipott on spetsiaalselt m\u00f5eldud basiilikule ja teistele maitsetaimedele, et need p\u00fcsiksid v\u00e4rskena pikemalt. Diameeter 16,5 cm, sobib h\u00e4sti k\u00f6\u00f6git\u00f6\u00f6pinnale.","rel":"","context":"Similar post","block_context":{"text":"Similar post","link":""},"img":{"alt_text":"","src":"https:\/\/i0.wp.com\/indoorgarden.ee\/wp-content\/uploads\/2025\/08\/8711904520892.jpg?resize=350%2C200&ssl=1","width":350,"height":200,"srcset":"https:\/\/i0.wp.com\/indoorgarden.ee\/wp-content\/uploads\/2025\/08\/8711904520892.jpg?resize=350%2C200&ssl=1 1x, https:\/\/i0.wp.com\/indoorgarden.ee\/wp-content\/uploads\/2025\/08\/8711904520892.jpg?resize=525%2C300&ssl=1 1.5x, https:\/\/i0.wp.com\/indoorgarden.ee\/wp-content\/uploads\/2025\/08\/8711904520892.jpg?resize=700%2C400&ssl=1 2x"},"classes":[]},{"id":1317,"url":"https:\/\/indoorgarden.ee\/et\/toode\/elho-aqua-care-isekastmissusteem-labipaistev-2-komplekti-tilkkastmissusteem-toataimedele\/","url_meta":{"origin":1294,"position":2},"title":"Elho Aqua Care isekastes\u00fcsteem \u2013 l\u00e4bipaistev 2 tk pakk tilkkastmine sisetaimedele","author":"admin","date":"8. aug. 2025","format":false,"excerpt":"Elho Aqua Care isekastes\u00fcsteem 2 tk pakk. L\u00e4bipaistev tilkkastes\u00fcsteem sisetaimedele \u2013 sobib reisile minejatele v\u00f5i kui sa unustad kasta.","rel":"","context":"Similar post","block_context":{"text":"Similar post","link":""},"img":{"alt_text":"","src":"https:\/\/i0.wp.com\/indoorgarden.ee\/wp-content\/uploads\/2025\/08\/8711904148973.jpg?resize=350%2C200&ssl=1","width":350,"height":200,"srcset":"https:\/\/i0.wp.com\/indoorgarden.ee\/wp-content\/uploads\/2025\/08\/8711904148973.jpg?resize=350%2C200&ssl=1 1x, https:\/\/i0.wp.com\/indoorgarden.ee\/wp-content\/uploads\/2025\/08\/8711904148973.jpg?resize=525%2C300&ssl=1 1.5x, https:\/\/i0.wp.com\/indoorgarden.ee\/wp-content\/uploads\/2025\/08\/8711904148973.jpg?resize=700%2C400&ssl=1 2x, https:\/\/i0.wp.com\/indoorgarden.ee\/wp-content\/uploads\/2025\/08\/8711904148973.jpg?resize=1050%2C600&ssl=1 3x"},"classes":[]},{"id":1305,"url":"https:\/\/indoorgarden.ee\/et\/toode\/elho-green-basic-plant-labels-s-5-pack-korduvkasutatavad-valged-aiamargised-seemikute-ja-maitsetaimede-jaoks-100-taaskasutatavad\/","url_meta":{"origin":1294,"position":3},"title":"Elho Green Basic taimesildid S \u2013 5 tk pakk korduvkasutatavad valged sildid seemikutele ja \u00fcrtidele","author":"admin","date":"31. juuli 2025","format":false,"excerpt":"Elho Green Basic taimesildid 5 tk pakk. Korduvkasutatavad valged sildid seemikutele ja \u00fcrtidele. 100% taaskasutatav materjal.","rel":"","context":"Similar post","block_context":{"text":"Similar post","link":""},"img":{"alt_text":"","src":"https:\/\/i0.wp.com\/indoorgarden.ee\/wp-content\/uploads\/2025\/07\/8711904194574-scaled-1.jpg?resize=350%2C200&ssl=1","width":350,"height":200,"srcset":"https:\/\/i0.wp.com\/indoorgarden.ee\/wp-content\/uploads\/2025\/07\/8711904194574-scaled-1.jpg?resize=350%2C200&ssl=1 1x, https:\/\/i0.wp.com\/indoorgarden.ee\/wp-content\/uploads\/2025\/07\/8711904194574-scaled-1.jpg?resize=525%2C300&ssl=1 1.5x, https:\/\/i0.wp.com\/indoorgarden.ee\/wp-content\/uploads\/2025\/07\/8711904194574-scaled-1.jpg?resize=700%2C400&ssl=1 2x, https:\/\/i0.wp.com\/indoorgarden.ee\/wp-content\/uploads\/2025\/07\/8711904194574-scaled-1.jpg?resize=1050%2C600&ssl=1 3x, https:\/\/i0.wp.com\/indoorgarden.ee\/wp-content\/uploads\/2025\/07\/8711904194574-scaled-1.jpg?resize=1400%2C800&ssl=1 4x"},"classes":[]},{"id":5322,"url":"https:\/\/indoorgarden.ee\/et\/toode\/elho-happy-herbs-14-cm-roheline-urdipott-sisseehitatud-veepaagiga\/","url_meta":{"origin":1294,"position":4},"title":"Elho Happy Herbs 14 cm \u2013 roheline \u00fcrdipott sisseehitatud veepaagiga","author":"admin","date":"16. jaan. 2026","format":false,"excerpt":"Elho Happy Herbs 14 cm rohelises. Sisseehitatud veepaagiga \u00fcrdipott, mis hoiab maitsetaimed pikemalt v\u00e4rsked ja v\u00e4hendab kastmise vajadust.","rel":"","context":"Similar post","block_context":{"text":"Similar post","link":""},"img":{"alt_text":"","src":"https:\/\/i0.wp.com\/indoorgarden.ee\/wp-content\/uploads\/2026\/01\/happy_herbs_15cm_leaf_green.thymus.c1.webp?resize=350%2C200&ssl=1","width":350,"height":200,"srcset":"https:\/\/i0.wp.com\/indoorgarden.ee\/wp-content\/uploads\/2026\/01\/happy_herbs_15cm_leaf_green.thymus.c1.webp?resize=350%2C200&ssl=1 1x, https:\/\/i0.wp.com\/indoorgarden.ee\/wp-content\/uploads\/2026\/01\/happy_herbs_15cm_leaf_green.thymus.c1.webp?resize=525%2C300&ssl=1 1.5x, https:\/\/i0.wp.com\/indoorgarden.ee\/wp-content\/uploads\/2026\/01\/happy_herbs_15cm_leaf_green.thymus.c1.webp?resize=700%2C400&ssl=1 2x, https:\/\/i0.wp.com\/indoorgarden.ee\/wp-content\/uploads\/2026\/01\/happy_herbs_15cm_leaf_green.thymus.c1.webp?resize=1050%2C600&ssl=1 3x, https:\/\/i0.wp.com\/indoorgarden.ee\/wp-content\/uploads\/2026\/01\/happy_herbs_15cm_leaf_green.thymus.c1.webp?resize=1400%2C800&ssl=1 4x"},"classes":[]},{"id":2173,"url":"https:\/\/indoorgarden.ee\/et\/toode\/plastist-taimepotid-11-cm-10-pakk-vastupidavad-kerged-potid-istikute-ja-taimekasvatuse-jaoks-siseruumides\/","url_meta":{"origin":1294,"position":5},"title":"Plastikust taimepotid 11 cm \u2013 10 tk pakk vastupidavad kerged potid seemikutele ja sisekasvatusele","author":"admin","date":"16. nov. 2025","format":false,"excerpt":"Plastikust taimepotid 11 cm 10 tk pakk. Vastupidavad ja kerged potid seemikute kasvatamiseks ja sisekasvatuseks \u2013 sobib enamikku alustesse ja kasvuhoonetesse.","rel":"","context":"Similar post","block_context":{"text":"Similar post","link":""},"img":{"alt_text":"","src":"https:\/\/i0.wp.com\/indoorgarden.ee\/wp-content\/uploads\/2025\/11\/4770168008083.png?resize=350%2C200&ssl=1","width":350,"height":200},"classes":[]}],"_links":{"self":[{"href":"https:\/\/indoorgarden.ee\/et\/wp-json\/wp\/v2\/product\/1294","targetHints":{"allow":["GET"]}}],"collection":[{"href":"https:\/\/indoorgarden.ee\/et\/wp-json\/wp\/v2\/product"}],"about":[{"href":"https:\/\/indoorgarden.ee\/et\/wp-json\/wp\/v2\/types\/product"}],"replies":[{"embeddable":true,"href":"https:\/\/indoorgarden.ee\/et\/wp-json\/wp\/v2\/comments?post=1294"}],"wp:featuredmedia":[{"embeddable":true,"href":"https:\/\/indoorgarden.ee\/et\/wp-json\/wp\/v2\/media\/1180"}],"wp:attachment":[{"href":"https:\/\/indoorgarden.ee\/et\/wp-json\/wp\/v2\/media?parent=1294"}],"wp:term":[{"taxonomy":"product_brand","embeddable":true,"href":"https:\/\/indoorgarden.ee\/et\/wp-json\/wp\/v2\/product_brand?post=1294"},{"taxonomy":"product_cat","embeddable":true,"href":"https:\/\/indoorgarden.ee\/et\/wp-json\/wp\/v2\/product_cat?post=1294"},{"taxonomy":"product_tag","embeddable":true,"href":"https:\/\/indoorgarden.ee\/et\/wp-json\/wp\/v2\/product_tag?post=1294"}],"curies":[{"name":"wp","href":"https:\/\/api.w.org\/{rel}","templated":true}]}}