{"id":1285,"date":"2025-08-08T15:24:36","date_gmt":"2025-08-08T12:24:36","guid":{"rendered":"https:\/\/indoorgarden.ee\/product\/compo-bio-vedel-vaetis-tomatitele-1l\/"},"modified":"2026-04-26T18:53:46","modified_gmt":"2026-04-26T15:53:46","slug":"compo-bio-vedel-vaetis-tomatitele-1l","status":"publish","type":"product","link":"https:\/\/indoorgarden.ee\/et\/toode\/compo-bio-vedel-vaetis-tomatitele-1l\/","title":{"rendered":"Compo BIO vedelv\u00e4etis tomatitele 1 L"},"content":{"rendered":"<h2>kohta<\/h2>\n<p>Compo BIO vedel v\u00e4etis tomatitele on m\u00f5eldud tugevate ja tervete tomatitaimede kasvatamiseks ning maitsvate ja aromaatsete viljade saamiseks. Selle tasakaalustatud toitainete koostis tagab j\u00f5ulise kasvu, kvaliteetse saagikuse ja rikkaliku maitse. See 100% looduslikest koostisosadest valmistatud v\u00e4etis sobib mahep\u00f5llumajandusele ja on ohutu s\u00f6\u00f6davatele kultuuridele. See on orgaanilis-mineraalne NK v\u00e4etis (3+5), mis on rikastatud oluliste mikroelementidega taimede t\u00e4ielikuks toitmiseks.   <\/p>\n<h2>H\u00fcdropoonika ja siseaedade kasvatamine<\/h2>\n<p>H\u00fcdropoonilises s\u00fcsteemis v\u00f5ivad tomatitaimed kasvada kuni 3 korda kiiremini kui mullas t\u00e4nu t\u00f5husale toitainete tarnimisele. See BIO v\u00e4etis t\u00f6\u00f6tab suurep\u00e4raselt nutikates siseaedades ja h\u00fcdropoonilistes seadeldistes, tagades aastaringselt suurep\u00e4rase maitsega tomatite tootmise. Olenemata sellest, kas kasvatate tomatitaimi siseruumides nutikas s\u00fcsteemis v\u00f5i \u00f5ues mullas, teie tomatitaimed arenevad selle toitainelisandiga suurep\u00e4raselt.  <\/p>\n<h2>Omadused<\/h2>\n<ul>\n<li>Maht: 1L &#8211; vedel orgaanilis-mineraalne v\u00e4etis<\/li>\n<li>NK 3+5 valem koos lisatud mikroelementidega<\/li>\n<li>100% looduslikud koostisosad &#8211; sobivad mahep\u00f5llumajandusele<\/li>\n<li>Toetab tervislikku kasvu ja kvaliteetset tomatisaaki<\/li>\n<li>Ohutu s\u00f6\u00f6davate p\u00f5llukultuuride puhul<\/li>\n<\/ul>\n<h2>Kasutamine ja koristamine<\/h2>\n<p>Tavalise mullaharimise korral lahjendage vastavalt etiketil olevatele juhistele ja s\u00f6\u00f6tke kasvu- ja viljakandmise ajal. H\u00fcdropoonilisel v\u00f5i nutiaia kasutamisel j\u00e4rgige oma s\u00fcsteemi soovitatud s\u00f6\u00f6tmisgraafikut. Nutikas siseaias saate kasvatada v\u00e4rskeid, k\u00fcpseid tomateid aastaringselt, nautides kodus kasvatatud toodete t\u00e4ielikku maitset ja aroomi.  <\/p>\n","protected":false},"excerpt":{"rendered":"<p>Compo BIO vedelv\u00e4etis tomatitele. Mahedast toorainest, sobib kasvuts\u00fckli k\u00f5ikidesse faasidesse \u2013 tugev kasv, palju vilja. 1 L pakk on suure aia v\u00f5i r\u00f5du jaoks.<\/p>\n","protected":false},"featured_media":1241,"comment_status":"closed","ping_status":"closed","template":"","meta":[],"product_brand":[151],"product_cat":[110,81],"product_tag":[],"class_list":{"0":"post-1285","1":"product","2":"type-product","3":"status-publish","4":"has-post-thumbnail","6":"product_brand-compo-et","7":"product_cat-vaetised-toataimedele","8":"product_cat-aiatarvikud","9":"pa_fertilizer-use-tomatite-vaetis","11":"first","12":"instock","13":"taxable","14":"shipping-taxable","15":"purchasable","16":"product-type-simple"},"jetpack_sharing_enabled":true,"jetpack-related-posts":[{"id":1320,"url":"https:\/\/indoorgarden.ee\/et\/toode\/compo-bio-vedel-vaetis-maitsetaimedele-500ml\/","url_meta":{"origin":1285,"position":0},"title":"Compo BIO vedelv\u00e4etis maitsetaimedele 500 ml","author":"admin","date":"8. aug. 2025","format":false,"excerpt":"Compo BIO vedelv\u00e4etis maitsetaimedele. Spetsiaalselt m\u00f5eldud kulinaarsetele \u00fcrtidele nagu basiilik, petersell, m\u00fcnt, t\u00fc\u00fcmian ja rosmariin \u2013 looduslikud toitained tugevaks kasvuks.","rel":"","context":"Similar post","block_context":{"text":"Similar post","link":""},"img":{"alt_text":"","src":"https:\/\/i0.wp.com\/indoorgarden.ee\/wp-content\/uploads\/2025\/08\/product-152818_0-670136.jpg?resize=350%2C200&ssl=1","width":350,"height":200,"srcset":"https:\/\/i0.wp.com\/indoorgarden.ee\/wp-content\/uploads\/2025\/08\/product-152818_0-670136.jpg?resize=350%2C200&ssl=1 1x, https:\/\/i0.wp.com\/indoorgarden.ee\/wp-content\/uploads\/2025\/08\/product-152818_0-670136.jpg?resize=525%2C300&ssl=1 1.5x, https:\/\/i0.wp.com\/indoorgarden.ee\/wp-content\/uploads\/2025\/08\/product-152818_0-670136.jpg?resize=700%2C400&ssl=1 2x"},"classes":[]},{"id":1307,"url":"https:\/\/indoorgarden.ee\/et\/toode\/compo-bio-vedelvaetis-istutusgraanulid-granuplant-500ml-taimede-kasvatamiseks\/","url_meta":{"origin":1285,"position":1},"title":"COMPO BIO vedelv\u00e4etis Granuplant graanulites kasvavatele taimedele 500 ml","author":"admin","date":"8. aug. 2025","format":false,"excerpt":"COMPO BIO vedelv\u00e4etis Granuplant graanulites kasvavatele taimedele. Sobib h\u00fcdrograanulites v\u00f5i sarnastes substraadip\u00f5histes s\u00fcsteemides.","rel":"","context":"Similar post","block_context":{"text":"Similar post","link":""},"img":{"alt_text":"COMPO BIO Liquid Fertiliser for Plants Grown in Planting Granules Granuplant\u00ae 500ml","src":"https:\/\/i0.wp.com\/indoorgarden.ee\/wp-content\/uploads\/2025\/08\/COMPO-BIO-Liquid-Fertiliser-for-Plants-Grown-in-Planting-Granules-Granuplant%C2%AE-500ml.jpg?resize=350%2C200&ssl=1","width":350,"height":200,"srcset":"https:\/\/i0.wp.com\/indoorgarden.ee\/wp-content\/uploads\/2025\/08\/COMPO-BIO-Liquid-Fertiliser-for-Plants-Grown-in-Planting-Granules-Granuplant%C2%AE-500ml.jpg?resize=350%2C200&ssl=1 1x, https:\/\/i0.wp.com\/indoorgarden.ee\/wp-content\/uploads\/2025\/08\/COMPO-BIO-Liquid-Fertiliser-for-Plants-Grown-in-Planting-Granules-Granuplant%C2%AE-500ml.jpg?resize=525%2C300&ssl=1 1.5x, https:\/\/i0.wp.com\/indoorgarden.ee\/wp-content\/uploads\/2025\/08\/COMPO-BIO-Liquid-Fertiliser-for-Plants-Grown-in-Planting-Granules-Granuplant%C2%AE-500ml.jpg?resize=700%2C400&ssl=1 2x, https:\/\/i0.wp.com\/indoorgarden.ee\/wp-content\/uploads\/2025\/08\/COMPO-BIO-Liquid-Fertiliser-for-Plants-Grown-in-Planting-Granules-Granuplant%C2%AE-500ml.jpg?resize=1050%2C600&ssl=1 3x"},"classes":[]},{"id":1283,"url":"https:\/\/indoorgarden.ee\/et\/toode\/compo-tsitrusviljade-istutusmuld-10l\/","url_meta":{"origin":1285,"position":2},"title":"Compo tsitruseliste potipinnas 10 L","author":"admin","date":"8. aug. 2025","format":false,"excerpt":"Compo tsitruseliste potipinnas 10 L. Spetsiaalselt sidruni-, apelsini- ja teiste tsitruseliste taimede vajadustele kohandatud segu.","rel":"","context":"Similar post","block_context":{"text":"Similar post","link":""},"img":{"alt_text":"","src":"https:\/\/i0.wp.com\/indoorgarden.ee\/wp-content\/uploads\/2025\/08\/product-155808_0-670228.jpg?resize=350%2C200&ssl=1","width":350,"height":200,"srcset":"https:\/\/i0.wp.com\/indoorgarden.ee\/wp-content\/uploads\/2025\/08\/product-155808_0-670228.jpg?resize=350%2C200&ssl=1 1x, https:\/\/i0.wp.com\/indoorgarden.ee\/wp-content\/uploads\/2025\/08\/product-155808_0-670228.jpg?resize=525%2C300&ssl=1 1.5x, https:\/\/i0.wp.com\/indoorgarden.ee\/wp-content\/uploads\/2025\/08\/product-155808_0-670228.jpg?resize=700%2C400&ssl=1 2x"},"classes":[]},{"id":1295,"url":"https:\/\/indoorgarden.ee\/et\/toode\/agrecol-biohumus-universaalne-vaetis-koogiviljadele-ja-lilledele-1l\/","url_meta":{"origin":1285,"position":3},"title":"Agrecol BIOHUMUS universaalv\u00e4etis k\u00f6\u00f6giviljadele ja lilledele 1 L","author":"admin","date":"8. aug. 2025","format":false,"excerpt":"Agrecol BIOHUMUS universaalv\u00e4etis. Sobib k\u00f6\u00f6giviljadele, lilledele ja toataimedele \u2013 looduslik vihmaussihumus, mis parandab mulla struktuuri.","rel":"","context":"Similar post","block_context":{"text":"Similar post","link":""},"img":{"alt_text":"Agrecol BIOHUMUS Universal Fertiliser for Vegetables and Flowers 1L","src":"https:\/\/i0.wp.com\/indoorgarden.ee\/wp-content\/uploads\/2025\/08\/Agrecol-BIOHUMUS-Universal-Fertiliser-for-Vegetables-and-Flowers-1L.jpg?resize=350%2C200&ssl=1","width":350,"height":200,"srcset":"https:\/\/i0.wp.com\/indoorgarden.ee\/wp-content\/uploads\/2025\/08\/Agrecol-BIOHUMUS-Universal-Fertiliser-for-Vegetables-and-Flowers-1L.jpg?resize=350%2C200&ssl=1 1x, https:\/\/i0.wp.com\/indoorgarden.ee\/wp-content\/uploads\/2025\/08\/Agrecol-BIOHUMUS-Universal-Fertiliser-for-Vegetables-and-Flowers-1L.jpg?resize=525%2C300&ssl=1 1.5x, https:\/\/i0.wp.com\/indoorgarden.ee\/wp-content\/uploads\/2025\/08\/Agrecol-BIOHUMUS-Universal-Fertiliser-for-Vegetables-and-Flowers-1L.jpg?resize=700%2C400&ssl=1 2x, https:\/\/i0.wp.com\/indoorgarden.ee\/wp-content\/uploads\/2025\/08\/Agrecol-BIOHUMUS-Universal-Fertiliser-for-Vegetables-and-Flowers-1L.jpg?resize=1050%2C600&ssl=1 3x"},"classes":[]},{"id":1287,"url":"https:\/\/indoorgarden.ee\/et\/toode\/compo-bio-vedel-vaetis-puu-ja-koogiviljadele-1l\/","url_meta":{"origin":1285,"position":4},"title":"Compo BIO vedelv\u00e4etis puuviljadele ja k\u00f6\u00f6giviljadele 1 L","author":"admin","date":"8. aug. 2025","format":false,"excerpt":"About Compo BIO Liquid Fertiliser is a natural plant feed designed to help you grow healthy, flavourful fruits and vegetables. Its balanced nutrient composition supports strong plant development, improves resistance, and enhances the aroma and taste of your harvest. Made from 100% natural ingredients, it is suitable for organic farming\u2026","rel":"","context":"Similar post","block_context":{"text":"Similar post","link":""},"img":{"alt_text":"","src":"https:\/\/i0.wp.com\/indoorgarden.ee\/wp-content\/uploads\/2025\/08\/product-155010_0-67012548.jpg?resize=350%2C200&ssl=1","width":350,"height":200,"srcset":"https:\/\/i0.wp.com\/indoorgarden.ee\/wp-content\/uploads\/2025\/08\/product-155010_0-67012548.jpg?resize=350%2C200&ssl=1 1x, https:\/\/i0.wp.com\/indoorgarden.ee\/wp-content\/uploads\/2025\/08\/product-155010_0-67012548.jpg?resize=525%2C300&ssl=1 1.5x, https:\/\/i0.wp.com\/indoorgarden.ee\/wp-content\/uploads\/2025\/08\/product-155010_0-67012548.jpg?resize=700%2C400&ssl=1 2x"},"classes":[]},{"id":5225,"url":"https:\/\/indoorgarden.ee\/et\/toode\/vedel-orgaaniline-mineraalne-vaetis-1-l-universaalne-taimetoit\/","url_meta":{"origin":1285,"position":5},"title":"Vedel orgaaniline-mineraalne v\u00e4etis 1 L \u2013 universaalne taimetoit","author":"admin","date":"22. veebr. 2026","format":false,"excerpt":"Vedel orgaaniline-mineraalne v\u00e4etis 1 L \u2013 kvaliteetne taimetoit h\u00fcdropoonikale ja toataimedele. Tagab \u00fchtlase kasvu ja tervete taimede kasvatamise sisetingimustes. Kasutamine Lisa toiteainet veepakki vastavalt pakendile m\u00e4rgitud kogusele. Vahetage toitelahus regulaarselt parima saagikuse tagamiseks. Kellele sobib Sobib h\u00fcdropoonika nutiaedade omanikele ja k\u00f5ikidele, kes kasvatavad taimi sisetingimustes. IndoorGarden-ist leiad kogu vajaliku taimehoolduseks.","rel":"","context":"Similar post","block_context":{"text":"Similar post","link":""},"img":{"alt_text":"","src":"https:\/\/i0.wp.com\/indoorgarden.ee\/wp-content\/uploads\/2026\/02\/liquid-organic-mineral-fertilizer-all-purpose-fertilizer-1-l.png?resize=350%2C200&ssl=1","width":350,"height":200},"classes":[]}],"_links":{"self":[{"href":"https:\/\/indoorgarden.ee\/et\/wp-json\/wp\/v2\/product\/1285","targetHints":{"allow":["GET"]}}],"collection":[{"href":"https:\/\/indoorgarden.ee\/et\/wp-json\/wp\/v2\/product"}],"about":[{"href":"https:\/\/indoorgarden.ee\/et\/wp-json\/wp\/v2\/types\/product"}],"replies":[{"embeddable":true,"href":"https:\/\/indoorgarden.ee\/et\/wp-json\/wp\/v2\/comments?post=1285"}],"wp:featuredmedia":[{"embeddable":true,"href":"https:\/\/indoorgarden.ee\/et\/wp-json\/wp\/v2\/media\/1241"}],"wp:attachment":[{"href":"https:\/\/indoorgarden.ee\/et\/wp-json\/wp\/v2\/media?parent=1285"}],"wp:term":[{"taxonomy":"product_brand","embeddable":true,"href":"https:\/\/indoorgarden.ee\/et\/wp-json\/wp\/v2\/product_brand?post=1285"},{"taxonomy":"product_cat","embeddable":true,"href":"https:\/\/indoorgarden.ee\/et\/wp-json\/wp\/v2\/product_cat?post=1285"},{"taxonomy":"product_tag","embeddable":true,"href":"https:\/\/indoorgarden.ee\/et\/wp-json\/wp\/v2\/product_tag?post=1285"}],"curies":[{"name":"wp","href":"https:\/\/api.w.org\/{rel}","templated":true}]}}