{"id":1283,"date":"2025-08-08T15:39:36","date_gmt":"2025-08-08T12:39:36","guid":{"rendered":"https:\/\/indoorgarden.ee\/product\/compo-tsitrusviljade-istutusmuld-10l\/"},"modified":"2026-04-26T18:53:49","modified_gmt":"2026-04-26T15:53:49","slug":"compo-tsitrusviljade-istutusmuld-10l","status":"publish","type":"product","link":"https:\/\/indoorgarden.ee\/et\/toode\/compo-tsitrusviljade-istutusmuld-10l\/","title":{"rendered":"Compo tsitruseliste potipinnas 10 L"},"content":{"rendered":"<h2>kohta<\/h2>\n<p>Compo Citrus Potting Soil on spetsiaalselt tsitruspuude ja Vahemere piirkonna taimede jaoks loodud k\u00f5rgekvaliteediline segu. Selle koostis sisaldab kvartsliiva, mis tagab optimaalse juurte \u00f5hutamise ja vee tasakaalu, tagades juurte terve arengu ja taimede j\u00f5ulise kasvu. ACTIVE CITRUSi toitainete koostis toetab tugevat \u00f5itsemist, viljade valmimist ja suuremat saagikust.  <\/p>\n<h2>H\u00fcdropoonika ja siseaedade kasvatamine<\/h2>\n<p>See muld on ette n\u00e4htud tsitrusviljade ja Vahemere piirkonna taimede traditsiooniliseks potikultuuriks. Kuigi see ei ole h\u00fcdropooniline keskkond, saab selles mullas kasvatatud istikuid v\u00f5i noori taimi hiljem \u00fcle viia arukatesse siseaedade s\u00fcsteemidesse, et tagada kontrollitud aastaringne kasv ja parandada taimede tervist. H\u00fcdropoonika v\u00f5ib aidata taimedel kasvada kuni kolm korda kiiremini, kuna toitained ja vesi j\u00f5uavad otse juurteni.  <\/p>\n<h2>Omadused<\/h2>\n<ul>\n<li>Maht: 10L<\/li>\n<li>Sisaldab kvartsliiva, mis parandab \u00f5hutamist ja drenaa\u017ei.<\/li>\n<li>Tasakaalustatud ACTIVE CITRUS toitained kuni 8 n\u00e4dalat p\u00e4rast \u00fcmberistutamist.<\/li>\n<li>Rikastatud mineraalidega, et toetada tervislikku kasvu.<\/li>\n<li>Ideaalne tsitruspuude, sidrunitaimede, apelsinitaimede ja Vahemere piirkonna liikide jaoks.<\/li>\n<li>Koostis: 68% k\u00f5rgsoo turvas, taimekompost, liiv, savikrohv, lubi, NPK v\u00e4etis, l\u00e4mmastikv\u00e4etis.<\/li>\n<\/ul>\n<h2>Kasutamine ja koristamine<\/h2>\n<p>Enne kasutamist l\u00f5dvendage mulda, et parandada \u00f5hustust. V\u00f5tke taim potist v\u00e4lja, raputage vana muld maha ja l\u00f5igake \u00e4ra k\u00f5ik kahjustatud v\u00f5i m\u00e4danevad juured. Valige \u00fcmberistutamiseks veidi suurem pott ja v\u00e4ltige juurte kokkusurumist. Parima tulemuse saavutamiseks asetage poti p\u00f5hja enne Compo Citrus Potting Soil&#8217;iga t\u00e4itmist drenaa\u017eikiht (nt savikillustik). Kastke regulaarselt ja alustage v\u00e4etamist uuesti 8 n\u00e4dala p\u00e4rast.    <\/p>\n","protected":false},"excerpt":{"rendered":"<p>Compo tsitruseliste potipinnas 10 L. Spetsiaalselt sidruni-, apelsini- ja teiste tsitruseliste taimede vajadustele kohandatud segu.<\/p>\n","protected":false},"featured_media":1256,"comment_status":"closed","ping_status":"closed","template":"","meta":[],"product_brand":[151],"product_cat":[145],"product_tag":[],"class_list":{"0":"post-1283","1":"product","2":"type-product","3":"status-publish","4":"has-post-thumbnail","6":"product_brand-compo-et","7":"product_cat-muld","9":"first","10":"outofstock","11":"taxable","12":"shipping-taxable","13":"purchasable","14":"product-type-simple"},"jetpack_sharing_enabled":true,"jetpack-related-posts":[{"id":1282,"url":"https:\/\/indoorgarden.ee\/et\/toode\/compo-bio-istikute-ja-maitsetaimede-istutusmuld-5l\/","url_meta":{"origin":1283,"position":0},"title":"Compo BIO seemikute ja maitsetaimede potipinnas 5 L","author":"admin","date":"8. aug. 2025","format":false,"excerpt":"Compo BIO seemikute ja maitsetaimede potipinnas 5 L. Hea \u00e4ravool, sobib idandamiseks ja noorte \u00fcrtide kasvatamiseks. Mahedast toorainest.","rel":"","context":"Similar post","block_context":{"text":"Similar post","link":""},"img":{"alt_text":"","src":"https:\/\/i0.wp.com\/indoorgarden.ee\/wp-content\/uploads\/2025\/08\/product-2023545_0-670250.jpg?resize=350%2C200&ssl=1","width":350,"height":200,"srcset":"https:\/\/i0.wp.com\/indoorgarden.ee\/wp-content\/uploads\/2025\/08\/product-2023545_0-670250.jpg?resize=350%2C200&ssl=1 1x, https:\/\/i0.wp.com\/indoorgarden.ee\/wp-content\/uploads\/2025\/08\/product-2023545_0-670250.jpg?resize=525%2C300&ssl=1 1.5x, https:\/\/i0.wp.com\/indoorgarden.ee\/wp-content\/uploads\/2025\/08\/product-2023545_0-670250.jpg?resize=700%2C400&ssl=1 2x"},"classes":[]},{"id":1307,"url":"https:\/\/indoorgarden.ee\/et\/toode\/compo-bio-vedelvaetis-istutusgraanulid-granuplant-500ml-taimede-kasvatamiseks\/","url_meta":{"origin":1283,"position":1},"title":"COMPO BIO vedelv\u00e4etis Granuplant graanulites kasvavatele taimedele 500 ml","author":"admin","date":"8. aug. 2025","format":false,"excerpt":"COMPO BIO vedelv\u00e4etis Granuplant graanulites kasvavatele taimedele. Sobib h\u00fcdrograanulites v\u00f5i sarnastes substraadip\u00f5histes s\u00fcsteemides.","rel":"","context":"Similar post","block_context":{"text":"Similar post","link":""},"img":{"alt_text":"COMPO BIO Liquid Fertiliser for Plants Grown in Planting Granules Granuplant\u00ae 500ml","src":"https:\/\/i0.wp.com\/indoorgarden.ee\/wp-content\/uploads\/2025\/08\/COMPO-BIO-Liquid-Fertiliser-for-Plants-Grown-in-Planting-Granules-Granuplant%C2%AE-500ml.jpg?resize=350%2C200&ssl=1","width":350,"height":200,"srcset":"https:\/\/i0.wp.com\/indoorgarden.ee\/wp-content\/uploads\/2025\/08\/COMPO-BIO-Liquid-Fertiliser-for-Plants-Grown-in-Planting-Granules-Granuplant%C2%AE-500ml.jpg?resize=350%2C200&ssl=1 1x, https:\/\/i0.wp.com\/indoorgarden.ee\/wp-content\/uploads\/2025\/08\/COMPO-BIO-Liquid-Fertiliser-for-Plants-Grown-in-Planting-Granules-Granuplant%C2%AE-500ml.jpg?resize=525%2C300&ssl=1 1.5x, https:\/\/i0.wp.com\/indoorgarden.ee\/wp-content\/uploads\/2025\/08\/COMPO-BIO-Liquid-Fertiliser-for-Plants-Grown-in-Planting-Granules-Granuplant%C2%AE-500ml.jpg?resize=700%2C400&ssl=1 2x, https:\/\/i0.wp.com\/indoorgarden.ee\/wp-content\/uploads\/2025\/08\/COMPO-BIO-Liquid-Fertiliser-for-Plants-Grown-in-Planting-Granules-Granuplant%C2%AE-500ml.jpg?resize=1050%2C600&ssl=1 3x"},"classes":[]},{"id":1285,"url":"https:\/\/indoorgarden.ee\/et\/toode\/compo-bio-vedel-vaetis-tomatitele-1l\/","url_meta":{"origin":1283,"position":2},"title":"Compo BIO vedelv\u00e4etis tomatitele 1 L","author":"admin","date":"8. aug. 2025","format":false,"excerpt":"Compo BIO vedelv\u00e4etis tomatitele. Mahedast toorainest, sobib kasvuts\u00fckli k\u00f5ikidesse faasidesse \u2013 tugev kasv, palju vilja. 1 L pakk on suure aia v\u00f5i r\u00f5du jaoks.","rel":"","context":"Similar post","block_context":{"text":"Similar post","link":""},"img":{"alt_text":"","src":"https:\/\/i0.wp.com\/indoorgarden.ee\/wp-content\/uploads\/2025\/08\/product-155283_0-670137.jpg?resize=350%2C200&ssl=1","width":350,"height":200,"srcset":"https:\/\/i0.wp.com\/indoorgarden.ee\/wp-content\/uploads\/2025\/08\/product-155283_0-670137.jpg?resize=350%2C200&ssl=1 1x, https:\/\/i0.wp.com\/indoorgarden.ee\/wp-content\/uploads\/2025\/08\/product-155283_0-670137.jpg?resize=525%2C300&ssl=1 1.5x, https:\/\/i0.wp.com\/indoorgarden.ee\/wp-content\/uploads\/2025\/08\/product-155283_0-670137.jpg?resize=700%2C400&ssl=1 2x"},"classes":[]},{"id":1320,"url":"https:\/\/indoorgarden.ee\/et\/toode\/compo-bio-vedel-vaetis-maitsetaimedele-500ml\/","url_meta":{"origin":1283,"position":3},"title":"Compo BIO vedelv\u00e4etis maitsetaimedele 500 ml","author":"admin","date":"8. aug. 2025","format":false,"excerpt":"Compo BIO vedelv\u00e4etis maitsetaimedele. Spetsiaalselt m\u00f5eldud kulinaarsetele \u00fcrtidele nagu basiilik, petersell, m\u00fcnt, t\u00fc\u00fcmian ja rosmariin \u2013 looduslikud toitained tugevaks kasvuks.","rel":"","context":"Similar post","block_context":{"text":"Similar post","link":""},"img":{"alt_text":"","src":"https:\/\/i0.wp.com\/indoorgarden.ee\/wp-content\/uploads\/2025\/08\/product-152818_0-670136.jpg?resize=350%2C200&ssl=1","width":350,"height":200,"srcset":"https:\/\/i0.wp.com\/indoorgarden.ee\/wp-content\/uploads\/2025\/08\/product-152818_0-670136.jpg?resize=350%2C200&ssl=1 1x, https:\/\/i0.wp.com\/indoorgarden.ee\/wp-content\/uploads\/2025\/08\/product-152818_0-670136.jpg?resize=525%2C300&ssl=1 1.5x, https:\/\/i0.wp.com\/indoorgarden.ee\/wp-content\/uploads\/2025\/08\/product-152818_0-670136.jpg?resize=700%2C400&ssl=1 2x"},"classes":[]},{"id":802,"url":"https:\/\/indoorgarden.ee\/et\/toode\/kummeli-seemned-0-3g-rahustav-ravimtaim-arukate-siseaedade-ja-vesiviljeluse-kasvatamiseks\/","url_meta":{"origin":1283,"position":4},"title":"Aedkummeli seemned 0,3 g \u2013 rahustav ravimtaim h\u00fcdropoonikasse ja nutiaeda","author":"admin","date":"23. juuli 2025","format":false,"excerpt":"Aedkummeli seemned 0,3 g. Hellikas \u00fcheaastane ravimtaim valgete \u00f5itega \u2013 sobib teedele, naha hooldusele ja loomulikuks rahustiks. Kasvab h\u00e4sti nutiaias ja aknalaual.","rel":"","context":"Similar post","block_context":{"text":"Similar post","link":""},"img":{"alt_text":"","src":"https:\/\/i0.wp.com\/indoorgarden.ee\/wp-content\/uploads\/2025\/07\/product-42139_0-1401100.jpg?resize=350%2C200&ssl=1","width":350,"height":200,"srcset":"https:\/\/i0.wp.com\/indoorgarden.ee\/wp-content\/uploads\/2025\/07\/product-42139_0-1401100.jpg?resize=350%2C200&ssl=1 1x, https:\/\/i0.wp.com\/indoorgarden.ee\/wp-content\/uploads\/2025\/07\/product-42139_0-1401100.jpg?resize=525%2C300&ssl=1 1.5x, https:\/\/i0.wp.com\/indoorgarden.ee\/wp-content\/uploads\/2025\/07\/product-42139_0-1401100.jpg?resize=700%2C400&ssl=1 2x"},"classes":[]},{"id":1295,"url":"https:\/\/indoorgarden.ee\/et\/toode\/agrecol-biohumus-universaalne-vaetis-koogiviljadele-ja-lilledele-1l\/","url_meta":{"origin":1283,"position":5},"title":"Agrecol BIOHUMUS universaalv\u00e4etis k\u00f6\u00f6giviljadele ja lilledele 1 L","author":"admin","date":"8. aug. 2025","format":false,"excerpt":"Agrecol BIOHUMUS universaalv\u00e4etis. Sobib k\u00f6\u00f6giviljadele, lilledele ja toataimedele \u2013 looduslik vihmaussihumus, mis parandab mulla struktuuri.","rel":"","context":"Similar post","block_context":{"text":"Similar post","link":""},"img":{"alt_text":"Agrecol BIOHUMUS Universal Fertiliser for Vegetables and Flowers 1L","src":"https:\/\/i0.wp.com\/indoorgarden.ee\/wp-content\/uploads\/2025\/08\/Agrecol-BIOHUMUS-Universal-Fertiliser-for-Vegetables-and-Flowers-1L.jpg?resize=350%2C200&ssl=1","width":350,"height":200,"srcset":"https:\/\/i0.wp.com\/indoorgarden.ee\/wp-content\/uploads\/2025\/08\/Agrecol-BIOHUMUS-Universal-Fertiliser-for-Vegetables-and-Flowers-1L.jpg?resize=350%2C200&ssl=1 1x, https:\/\/i0.wp.com\/indoorgarden.ee\/wp-content\/uploads\/2025\/08\/Agrecol-BIOHUMUS-Universal-Fertiliser-for-Vegetables-and-Flowers-1L.jpg?resize=525%2C300&ssl=1 1.5x, https:\/\/i0.wp.com\/indoorgarden.ee\/wp-content\/uploads\/2025\/08\/Agrecol-BIOHUMUS-Universal-Fertiliser-for-Vegetables-and-Flowers-1L.jpg?resize=700%2C400&ssl=1 2x, https:\/\/i0.wp.com\/indoorgarden.ee\/wp-content\/uploads\/2025\/08\/Agrecol-BIOHUMUS-Universal-Fertiliser-for-Vegetables-and-Flowers-1L.jpg?resize=1050%2C600&ssl=1 3x"},"classes":[]}],"_links":{"self":[{"href":"https:\/\/indoorgarden.ee\/et\/wp-json\/wp\/v2\/product\/1283","targetHints":{"allow":["GET"]}}],"collection":[{"href":"https:\/\/indoorgarden.ee\/et\/wp-json\/wp\/v2\/product"}],"about":[{"href":"https:\/\/indoorgarden.ee\/et\/wp-json\/wp\/v2\/types\/product"}],"replies":[{"embeddable":true,"href":"https:\/\/indoorgarden.ee\/et\/wp-json\/wp\/v2\/comments?post=1283"}],"wp:featuredmedia":[{"embeddable":true,"href":"https:\/\/indoorgarden.ee\/et\/wp-json\/wp\/v2\/media\/1256"}],"wp:attachment":[{"href":"https:\/\/indoorgarden.ee\/et\/wp-json\/wp\/v2\/media?parent=1283"}],"wp:term":[{"taxonomy":"product_brand","embeddable":true,"href":"https:\/\/indoorgarden.ee\/et\/wp-json\/wp\/v2\/product_brand?post=1283"},{"taxonomy":"product_cat","embeddable":true,"href":"https:\/\/indoorgarden.ee\/et\/wp-json\/wp\/v2\/product_cat?post=1283"},{"taxonomy":"product_tag","embeddable":true,"href":"https:\/\/indoorgarden.ee\/et\/wp-json\/wp\/v2\/product_tag?post=1283"}],"curies":[{"name":"wp","href":"https:\/\/api.w.org\/{rel}","templated":true}]}}