{"id":1282,"date":"2025-08-08T15:36:53","date_gmt":"2025-08-08T12:36:53","guid":{"rendered":"https:\/\/indoorgarden.ee\/product\/compo-bio-istikute-ja-maitsetaimede-istutusmuld-5l\/"},"modified":"2026-04-26T18:53:49","modified_gmt":"2026-04-26T15:53:49","slug":"compo-bio-istikute-ja-maitsetaimede-istutusmuld-5l","status":"publish","type":"product","link":"https:\/\/indoorgarden.ee\/et\/toode\/compo-bio-istikute-ja-maitsetaimede-istutusmuld-5l\/","title":{"rendered":"Compo BIO seemikute ja maitsetaimede potipinnas 5 L"},"content":{"rendered":"<h2>kohta<\/h2>\n<p>Compo BIO istutusmuld on orgaaniline, turbavaba mullasegu, mis sobib ideaalselt seemnete k\u00fclvamiseks, noorte taimede \u00fcmberistutamiseks ja maitsetaimede kasvatamiseks. Valmistatud 100% looduslikest ja taastuvatest koostisosadest, pakub see ideaalset keskkonda tervislikuks idanemiseks ja tugevaks varaseks kasvuks. <\/p>\n<h2>H\u00fcdropoonika ja siseaedade kasvatamine<\/h2>\n<p>Kuigi see segu on m\u00f5eldud traditsiooniliseks mullaistutuseks, v\u00f5ib see t\u00e4iendada h\u00fcdropoonilisi ja nutikaid aiakomplekte &#8211; n\u00e4iteks istikute alustamisel enne nende \u00fcleviimist h\u00fcdropoonilisse s\u00fcsteemi. Nutikad aiad v\u00f5imaldavad aastaringset kasvatamist ja v\u00f5ivad kiirendada taimede arengut, kuna vesi ja toitained j\u00f5uavad otse juurteni. <\/p>\n<h2>Omadused<\/h2>\n<ul>\n<li>Maht: 5L<\/li>\n<li>Turvastevaba, j\u00e4tkusuutlik koostis<\/li>\n<li>Sisaldab kvaliteetset komposti, puidukiudu, kookoskoori, sarvijahu ja s\u00f5nnikut.<\/li>\n<li>Neutraalne pH ja \u00f5huline struktuur optimaalseks juurte arenguks<\/li>\n<li>Suurep\u00e4rane veemahutavus<\/li>\n<li>Rikastatud tasakaalustatud v\u00e4etiseseguga, mis on kohandatud seemikute ja maitsetaimede jaoks.<\/li>\n<\/ul>\n<h2>Kasutamine ja koristamine<\/h2>\n<p>Kasutage seemnete k\u00fclvamiseks, maitsetaimede \u00fcmberistutamiseks v\u00f5i noorte taimede kasvatamiseks, kuni need on valmis \u00f5ue istutamiseks v\u00f5i \u00fcleviimiseks nutikasse siseaeda. H\u00fcdropoonika puhul alustage selles segus istikuid ja viige need kiirendatud kasvuks oma s\u00fcsteemi. Korjake maitsetaimi regulaarselt, et soodustada uute v\u00e4rskete v\u00f5rsete tekkimist.  <\/p>\n","protected":false},"excerpt":{"rendered":"<p>Compo BIO seemikute ja maitsetaimede potipinnas 5 L. Hea \u00e4ravool, sobib idandamiseks ja noorte \u00fcrtide kasvatamiseks. Mahedast toorainest.<\/p>\n","protected":false},"featured_media":1253,"comment_status":"closed","ping_status":"closed","template":"","meta":[],"product_brand":[151],"product_cat":[145],"product_tag":[],"class_list":{"0":"post-1282","1":"product","2":"type-product","3":"status-publish","4":"has-post-thumbnail","6":"product_brand-compo-et","7":"product_cat-muld","9":"first","10":"outofstock","11":"taxable","12":"shipping-taxable","13":"purchasable","14":"product-type-simple"},"jetpack_sharing_enabled":true,"jetpack-related-posts":[{"id":1320,"url":"https:\/\/indoorgarden.ee\/et\/toode\/compo-bio-vedel-vaetis-maitsetaimedele-500ml\/","url_meta":{"origin":1282,"position":0},"title":"Compo BIO vedelv\u00e4etis maitsetaimedele 500 ml","author":"admin","date":"8. aug. 2025","format":false,"excerpt":"Compo BIO vedelv\u00e4etis maitsetaimedele. Spetsiaalselt m\u00f5eldud kulinaarsetele \u00fcrtidele nagu basiilik, petersell, m\u00fcnt, t\u00fc\u00fcmian ja rosmariin \u2013 looduslikud toitained tugevaks kasvuks.","rel":"","context":"Similar post","block_context":{"text":"Similar post","link":""},"img":{"alt_text":"","src":"https:\/\/i0.wp.com\/indoorgarden.ee\/wp-content\/uploads\/2025\/08\/product-152818_0-670136.jpg?resize=350%2C200&ssl=1","width":350,"height":200,"srcset":"https:\/\/i0.wp.com\/indoorgarden.ee\/wp-content\/uploads\/2025\/08\/product-152818_0-670136.jpg?resize=350%2C200&ssl=1 1x, https:\/\/i0.wp.com\/indoorgarden.ee\/wp-content\/uploads\/2025\/08\/product-152818_0-670136.jpg?resize=525%2C300&ssl=1 1.5x, https:\/\/i0.wp.com\/indoorgarden.ee\/wp-content\/uploads\/2025\/08\/product-152818_0-670136.jpg?resize=700%2C400&ssl=1 2x"},"classes":[]},{"id":1307,"url":"https:\/\/indoorgarden.ee\/et\/toode\/compo-bio-vedelvaetis-istutusgraanulid-granuplant-500ml-taimede-kasvatamiseks\/","url_meta":{"origin":1282,"position":1},"title":"COMPO BIO vedelv\u00e4etis Granuplant graanulites kasvavatele taimedele 500 ml","author":"admin","date":"8. aug. 2025","format":false,"excerpt":"COMPO BIO vedelv\u00e4etis Granuplant graanulites kasvavatele taimedele. Sobib h\u00fcdrograanulites v\u00f5i sarnastes substraadip\u00f5histes s\u00fcsteemides.","rel":"","context":"Similar post","block_context":{"text":"Similar post","link":""},"img":{"alt_text":"COMPO BIO Liquid Fertiliser for Plants Grown in Planting Granules Granuplant\u00ae 500ml","src":"https:\/\/i0.wp.com\/indoorgarden.ee\/wp-content\/uploads\/2025\/08\/COMPO-BIO-Liquid-Fertiliser-for-Plants-Grown-in-Planting-Granules-Granuplant%C2%AE-500ml.jpg?resize=350%2C200&ssl=1","width":350,"height":200,"srcset":"https:\/\/i0.wp.com\/indoorgarden.ee\/wp-content\/uploads\/2025\/08\/COMPO-BIO-Liquid-Fertiliser-for-Plants-Grown-in-Planting-Granules-Granuplant%C2%AE-500ml.jpg?resize=350%2C200&ssl=1 1x, https:\/\/i0.wp.com\/indoorgarden.ee\/wp-content\/uploads\/2025\/08\/COMPO-BIO-Liquid-Fertiliser-for-Plants-Grown-in-Planting-Granules-Granuplant%C2%AE-500ml.jpg?resize=525%2C300&ssl=1 1.5x, https:\/\/i0.wp.com\/indoorgarden.ee\/wp-content\/uploads\/2025\/08\/COMPO-BIO-Liquid-Fertiliser-for-Plants-Grown-in-Planting-Granules-Granuplant%C2%AE-500ml.jpg?resize=700%2C400&ssl=1 2x, https:\/\/i0.wp.com\/indoorgarden.ee\/wp-content\/uploads\/2025\/08\/COMPO-BIO-Liquid-Fertiliser-for-Plants-Grown-in-Planting-Granules-Granuplant%C2%AE-500ml.jpg?resize=1050%2C600&ssl=1 3x"},"classes":[]},{"id":1283,"url":"https:\/\/indoorgarden.ee\/et\/toode\/compo-tsitrusviljade-istutusmuld-10l\/","url_meta":{"origin":1282,"position":2},"title":"Compo tsitruseliste potipinnas 10 L","author":"admin","date":"8. aug. 2025","format":false,"excerpt":"Compo tsitruseliste potipinnas 10 L. Spetsiaalselt sidruni-, apelsini- ja teiste tsitruseliste taimede vajadustele kohandatud segu.","rel":"","context":"Similar post","block_context":{"text":"Similar post","link":""},"img":{"alt_text":"","src":"https:\/\/i0.wp.com\/indoorgarden.ee\/wp-content\/uploads\/2025\/08\/product-155808_0-670228.jpg?resize=350%2C200&ssl=1","width":350,"height":200,"srcset":"https:\/\/i0.wp.com\/indoorgarden.ee\/wp-content\/uploads\/2025\/08\/product-155808_0-670228.jpg?resize=350%2C200&ssl=1 1x, https:\/\/i0.wp.com\/indoorgarden.ee\/wp-content\/uploads\/2025\/08\/product-155808_0-670228.jpg?resize=525%2C300&ssl=1 1.5x, https:\/\/i0.wp.com\/indoorgarden.ee\/wp-content\/uploads\/2025\/08\/product-155808_0-670228.jpg?resize=700%2C400&ssl=1 2x"},"classes":[]},{"id":1285,"url":"https:\/\/indoorgarden.ee\/et\/toode\/compo-bio-vedel-vaetis-tomatitele-1l\/","url_meta":{"origin":1282,"position":3},"title":"Compo BIO vedelv\u00e4etis tomatitele 1 L","author":"admin","date":"8. aug. 2025","format":false,"excerpt":"Compo BIO vedelv\u00e4etis tomatitele. Mahedast toorainest, sobib kasvuts\u00fckli k\u00f5ikidesse faasidesse \u2013 tugev kasv, palju vilja. 1 L pakk on suure aia v\u00f5i r\u00f5du jaoks.","rel":"","context":"Similar post","block_context":{"text":"Similar post","link":""},"img":{"alt_text":"","src":"https:\/\/i0.wp.com\/indoorgarden.ee\/wp-content\/uploads\/2025\/08\/product-155283_0-670137.jpg?resize=350%2C200&ssl=1","width":350,"height":200,"srcset":"https:\/\/i0.wp.com\/indoorgarden.ee\/wp-content\/uploads\/2025\/08\/product-155283_0-670137.jpg?resize=350%2C200&ssl=1 1x, https:\/\/i0.wp.com\/indoorgarden.ee\/wp-content\/uploads\/2025\/08\/product-155283_0-670137.jpg?resize=525%2C300&ssl=1 1.5x, https:\/\/i0.wp.com\/indoorgarden.ee\/wp-content\/uploads\/2025\/08\/product-155283_0-670137.jpg?resize=700%2C400&ssl=1 2x"},"classes":[]},{"id":1305,"url":"https:\/\/indoorgarden.ee\/et\/toode\/elho-green-basic-plant-labels-s-5-pack-korduvkasutatavad-valged-aiamargised-seemikute-ja-maitsetaimede-jaoks-100-taaskasutatavad\/","url_meta":{"origin":1282,"position":4},"title":"Elho Green Basic taimesildid S \u2013 5 tk pakk korduvkasutatavad valged sildid seemikutele ja \u00fcrtidele","author":"admin","date":"31. juuli 2025","format":false,"excerpt":"Elho Green Basic taimesildid 5 tk pakk. Korduvkasutatavad valged sildid seemikutele ja \u00fcrtidele. 100% taaskasutatav materjal.","rel":"","context":"Similar post","block_context":{"text":"Similar post","link":""},"img":{"alt_text":"","src":"https:\/\/i0.wp.com\/indoorgarden.ee\/wp-content\/uploads\/2025\/07\/8711904194574-scaled-1.jpg?resize=350%2C200&ssl=1","width":350,"height":200,"srcset":"https:\/\/i0.wp.com\/indoorgarden.ee\/wp-content\/uploads\/2025\/07\/8711904194574-scaled-1.jpg?resize=350%2C200&ssl=1 1x, https:\/\/i0.wp.com\/indoorgarden.ee\/wp-content\/uploads\/2025\/07\/8711904194574-scaled-1.jpg?resize=525%2C300&ssl=1 1.5x, https:\/\/i0.wp.com\/indoorgarden.ee\/wp-content\/uploads\/2025\/07\/8711904194574-scaled-1.jpg?resize=700%2C400&ssl=1 2x, https:\/\/i0.wp.com\/indoorgarden.ee\/wp-content\/uploads\/2025\/07\/8711904194574-scaled-1.jpg?resize=1050%2C600&ssl=1 3x, https:\/\/i0.wp.com\/indoorgarden.ee\/wp-content\/uploads\/2025\/07\/8711904194574-scaled-1.jpg?resize=1400%2C800&ssl=1 4x"},"classes":[]},{"id":1313,"url":"https:\/\/indoorgarden.ee\/et\/toode\/urtikapott-elho-bouncy-basilic-16-5cm-roheline\/","url_meta":{"origin":1282,"position":5},"title":"Elho Bouncy Basil \u00fcrdipott 16,5 cm \u2013 roheline","author":"admin","date":"8. aug. 2025","format":false,"excerpt":"Elho Bouncy Basil \u00fcrdipott on spetsiaalselt m\u00f5eldud basiilikule ja teistele maitsetaimedele, et need p\u00fcsiksid v\u00e4rskena pikemalt. Diameeter 16,5 cm, sobib h\u00e4sti k\u00f6\u00f6git\u00f6\u00f6pinnale.","rel":"","context":"Similar post","block_context":{"text":"Similar post","link":""},"img":{"alt_text":"","src":"https:\/\/i0.wp.com\/indoorgarden.ee\/wp-content\/uploads\/2025\/08\/8711904520892.jpg?resize=350%2C200&ssl=1","width":350,"height":200,"srcset":"https:\/\/i0.wp.com\/indoorgarden.ee\/wp-content\/uploads\/2025\/08\/8711904520892.jpg?resize=350%2C200&ssl=1 1x, https:\/\/i0.wp.com\/indoorgarden.ee\/wp-content\/uploads\/2025\/08\/8711904520892.jpg?resize=525%2C300&ssl=1 1.5x, https:\/\/i0.wp.com\/indoorgarden.ee\/wp-content\/uploads\/2025\/08\/8711904520892.jpg?resize=700%2C400&ssl=1 2x"},"classes":[]}],"_links":{"self":[{"href":"https:\/\/indoorgarden.ee\/et\/wp-json\/wp\/v2\/product\/1282","targetHints":{"allow":["GET"]}}],"collection":[{"href":"https:\/\/indoorgarden.ee\/et\/wp-json\/wp\/v2\/product"}],"about":[{"href":"https:\/\/indoorgarden.ee\/et\/wp-json\/wp\/v2\/types\/product"}],"replies":[{"embeddable":true,"href":"https:\/\/indoorgarden.ee\/et\/wp-json\/wp\/v2\/comments?post=1282"}],"wp:featuredmedia":[{"embeddable":true,"href":"https:\/\/indoorgarden.ee\/et\/wp-json\/wp\/v2\/media\/1253"}],"wp:attachment":[{"href":"https:\/\/indoorgarden.ee\/et\/wp-json\/wp\/v2\/media?parent=1282"}],"wp:term":[{"taxonomy":"product_brand","embeddable":true,"href":"https:\/\/indoorgarden.ee\/et\/wp-json\/wp\/v2\/product_brand?post=1282"},{"taxonomy":"product_cat","embeddable":true,"href":"https:\/\/indoorgarden.ee\/et\/wp-json\/wp\/v2\/product_cat?post=1282"},{"taxonomy":"product_tag","embeddable":true,"href":"https:\/\/indoorgarden.ee\/et\/wp-json\/wp\/v2\/product_tag?post=1282"}],"curies":[{"name":"wp","href":"https:\/\/api.w.org\/{rel}","templated":true}]}}