{"id":1281,"date":"2025-08-08T16:16:58","date_gmt":"2025-08-08T13:16:58","guid":{"rendered":"https:\/\/indoorgarden.ee\/product\/aiakindad-nerine-suurus-6-kerged-painduvad-lateksiga-kaetud\/"},"modified":"2026-04-26T18:53:49","modified_gmt":"2026-04-26T15:53:49","slug":"aiakindad-nerine-suurus-6-kerged-painduvad-lateksiga-kaetud","status":"publish","type":"product","link":"https:\/\/indoorgarden.ee\/et\/toode\/aiakindad-nerine-suurus-6-kerged-painduvad-lateksiga-kaetud\/","title":{"rendered":"Aiakindad Nerine suurus 6 \u2013 kerged painduvad lateksiga kaetud kindad"},"content":{"rendered":"<h2>kohta<\/h2>\n<p>Nerine Gardeni kindad suuruses 6 on \u00fclikerged ja ideaalselt sobivad, m\u00f5eldud kergeteks aiat\u00f6\u00f6deks, kus osavus ja mugavus on v\u00f5tmet\u00e4htsusega. Hingavast pol\u00fcamiidkangast ja elastse latekskattega valmistatud kindad tagavad suurep\u00e4rase k\u00e4te liikuvuse, kaitstes samal ajal nahka taimede hooldamise ja aiapidamise ajal. <\/p>\n<h2>Omadused<\/h2>\n<ul>\n<li>Suurus: 6<\/li>\n<li>Materjal: Pol\u00fcamiid trikookangas latekskattega<\/li>\n<li>CE-kategooria 1 valguskaitsesertifikaat<\/li>\n<li>\u00dclimalt \u00f5huke ja h\u00e4sti sobiv disain tagab maksimaalse paindlikkuse.<\/li>\n<li>Vett h\u00fclgavad s\u00f5rmeotsad ja peopesad niiske pinnase v\u00f5i taimedega t\u00f6\u00f6tamiseks.<\/li>\n<li>Vastupidav, kuid mugav pikemaajaliseks kasutamiseks<\/li>\n<\/ul>\n<h2>Kasutamine<\/h2>\n<p>Sobib ideaalselt kergete aiat\u00f6\u00f6de tegemiseks, nagu istutamine, p\u00fcgamine, umbrohut\u00f5rje v\u00f5i taimede hooldamine nii v\u00e4liaias kui ka arukates siseruumides. T\u00e4nu suurep\u00e4rasele haardele ja paindlikkusele sobivad need eriti h\u00e4sti \u00f5rnade t\u00f6\u00f6de tegemiseks. <\/p>\n","protected":false},"excerpt":{"rendered":"<p>Aiakindad Nerine suurus 6. Kerged ja painduvad, lateksiga kaetud peopesad \u2013 sobivad nii \u00f5rnale t\u00f6\u00f6le kui ka tugevamale aiat\u00f6\u00f6le.<\/p>\n","protected":false},"featured_media":1268,"comment_status":"closed","ping_status":"closed","template":"","meta":[],"product_brand":[154],"product_cat":[81,82],"product_tag":[],"class_list":{"0":"post-1281","1":"product","2":"type-product","3":"status-publish","4":"has-post-thumbnail","6":"product_brand-rostaing-et","7":"product_cat-aiatarvikud","8":"product_cat-aianduskindad","10":"first","11":"instock","12":"taxable","13":"shipping-taxable","14":"purchasable","15":"product-type-simple"},"jetpack_sharing_enabled":true,"jetpack-related-posts":[{"id":1279,"url":"https:\/\/indoorgarden.ee\/et\/toode\/aiakindad-nerine-suurus-7-kerged-painduvad-lateksiga-kaetud\/","url_meta":{"origin":1281,"position":0},"title":"Aiakindad Nerine suurus 7 \u2013 kerged painduvad lateksiga kaetud kindad","author":"admin","date":"8. aug. 2025","format":false,"excerpt":"Aiakindad Nerine suurus 7. Kerged ja painduvad, lateksiga kaetud peopesad \u2013 sobivad nii \u00f5rnale t\u00f6\u00f6le kui ka tugevamale aiat\u00f6\u00f6le.","rel":"","context":"Similar post","block_context":{"text":"Similar post","link":""},"img":{"alt_text":"","src":"https:\/\/i0.wp.com\/indoorgarden.ee\/wp-content\/uploads\/2025\/08\/product_155636_0_201RNERINE.jpg?resize=350%2C200&ssl=1","width":350,"height":200,"srcset":"https:\/\/i0.wp.com\/indoorgarden.ee\/wp-content\/uploads\/2025\/08\/product_155636_0_201RNERINE.jpg?resize=350%2C200&ssl=1 1x, https:\/\/i0.wp.com\/indoorgarden.ee\/wp-content\/uploads\/2025\/08\/product_155636_0_201RNERINE.jpg?resize=525%2C300&ssl=1 1.5x, https:\/\/i0.wp.com\/indoorgarden.ee\/wp-content\/uploads\/2025\/08\/product_155636_0_201RNERINE.jpg?resize=700%2C400&ssl=1 2x"},"classes":[]},{"id":1340,"url":"https:\/\/indoorgarden.ee\/et\/toode\/aiakindad-rostaing-nerine-suurus-8-kerged-ja-paindlikud\/","url_meta":{"origin":1281,"position":1},"title":"Aiakindad Rostaing Nerine suurus 8 \u2013 kerged ja painduvad","author":"admin","date":"8. aug. 2025","format":false,"excerpt":"Aiakindad Rostaing Nerine suurus 8. Kerged ja painduvad \u2013 sobivad sisetingimuste taimekasvatusele ja \u00f5rnale aiat\u00f6\u00f6le.","rel":"","context":"Similar post","block_context":{"text":"Similar post","link":""},"img":{"alt_text":"","src":"https:\/\/i0.wp.com\/indoorgarden.ee\/wp-content\/uploads\/2025\/08\/product_155636_0_201RNERINE.jpg?resize=350%2C200&ssl=1","width":350,"height":200,"srcset":"https:\/\/i0.wp.com\/indoorgarden.ee\/wp-content\/uploads\/2025\/08\/product_155636_0_201RNERINE.jpg?resize=350%2C200&ssl=1 1x, https:\/\/i0.wp.com\/indoorgarden.ee\/wp-content\/uploads\/2025\/08\/product_155636_0_201RNERINE.jpg?resize=525%2C300&ssl=1 1.5x, https:\/\/i0.wp.com\/indoorgarden.ee\/wp-content\/uploads\/2025\/08\/product_155636_0_201RNERINE.jpg?resize=700%2C400&ssl=1 2x"},"classes":[]},{"id":1305,"url":"https:\/\/indoorgarden.ee\/et\/toode\/elho-green-basic-plant-labels-s-5-pack-korduvkasutatavad-valged-aiamargised-seemikute-ja-maitsetaimede-jaoks-100-taaskasutatavad\/","url_meta":{"origin":1281,"position":2},"title":"Elho Green Basic taimesildid S \u2013 5 tk pakk korduvkasutatavad valged sildid seemikutele ja \u00fcrtidele","author":"admin","date":"31. juuli 2025","format":false,"excerpt":"Elho Green Basic taimesildid 5 tk pakk. Korduvkasutatavad valged sildid seemikutele ja \u00fcrtidele. 100% taaskasutatav materjal.","rel":"","context":"Similar post","block_context":{"text":"Similar post","link":""},"img":{"alt_text":"","src":"https:\/\/i0.wp.com\/indoorgarden.ee\/wp-content\/uploads\/2025\/07\/8711904194574-scaled-1.jpg?resize=350%2C200&ssl=1","width":350,"height":200,"srcset":"https:\/\/i0.wp.com\/indoorgarden.ee\/wp-content\/uploads\/2025\/07\/8711904194574-scaled-1.jpg?resize=350%2C200&ssl=1 1x, https:\/\/i0.wp.com\/indoorgarden.ee\/wp-content\/uploads\/2025\/07\/8711904194574-scaled-1.jpg?resize=525%2C300&ssl=1 1.5x, https:\/\/i0.wp.com\/indoorgarden.ee\/wp-content\/uploads\/2025\/07\/8711904194574-scaled-1.jpg?resize=700%2C400&ssl=1 2x, https:\/\/i0.wp.com\/indoorgarden.ee\/wp-content\/uploads\/2025\/07\/8711904194574-scaled-1.jpg?resize=1050%2C600&ssl=1 3x, https:\/\/i0.wp.com\/indoorgarden.ee\/wp-content\/uploads\/2025\/07\/8711904194574-scaled-1.jpg?resize=1400%2C800&ssl=1 4x"},"classes":[]},{"id":1299,"url":"https:\/\/indoorgarden.ee\/et\/toode\/cherry-tomato-goldkrone-seemned-solanum-lycopersicum-varajane-korge-saagikusega-kollane-sort-kasvuhoones-ja-vabas-ohus-kasvatamiseks-15-20g-viljad-1g\/","url_meta":{"origin":1281,"position":3},"title":"Kirsstomati \u2018Goldkrone\u2019 seemned (Solanum lycopersicum) \u2013 varajane k\u00f5rgesaakaline kollane sort 1 g","author":"admin","date":"31. juuli 2025","format":false,"excerpt":"Kirsstomati \u2018Goldkrone\u2019 seemned. Varajane, k\u00f5rgesaakaline kollane sort 15\u201320 g viljadega \u2013 sobib r\u00f5dule, aknalauale ja \u00f5ue. 1 g pakk.","rel":"","context":"Similar post","block_context":{"text":"Similar post","link":""},"img":{"alt_text":"","src":"https:\/\/i0.wp.com\/indoorgarden.ee\/wp-content\/uploads\/2025\/07\/product-153228_0-L13184.jpg?resize=350%2C200&ssl=1","width":350,"height":200,"srcset":"https:\/\/i0.wp.com\/indoorgarden.ee\/wp-content\/uploads\/2025\/07\/product-153228_0-L13184.jpg?resize=350%2C200&ssl=1 1x, https:\/\/i0.wp.com\/indoorgarden.ee\/wp-content\/uploads\/2025\/07\/product-153228_0-L13184.jpg?resize=525%2C300&ssl=1 1.5x, https:\/\/i0.wp.com\/indoorgarden.ee\/wp-content\/uploads\/2025\/07\/product-153228_0-L13184.jpg?resize=700%2C400&ssl=1 2x"},"classes":[]},{"id":1327,"url":"https:\/\/indoorgarden.ee\/et\/toode\/salati-frillice-seemned-lactuca-sativa-sugavrohelised-kortsulised-lehed-aeda-rodulehtedeks-ja-arukaks-kasvatamiseks-siseruumides-pikk-saagiperiood-1g\/","url_meta":{"origin":1281,"position":4},"title":"Kr\u00f5mpsuv lehtsalat \u2018Frillice\u2019 seemned (Lactuca sativa) \u2013 s\u00fcgavrohelised kortsulised lehed aeda, r\u00f5dule ja nutiaeda 1 g","author":"admin","date":"31. juuli 2025","format":false,"excerpt":"Lehtsalati \u2018Frillice\u2019 seemned 1 g. S\u00fcgavrohelised kortsulised kr\u00f5mpsuvad lehed \u2013 pikk saagiperiood, sobib aeda, r\u00f5dule ja nutiaeda.","rel":"","context":"Similar post","block_context":{"text":"Similar post","link":""},"img":{"alt_text":"","src":"https:\/\/i0.wp.com\/indoorgarden.ee\/wp-content\/uploads\/2025\/07\/product-153257_0-L14184.jpg?resize=350%2C200&ssl=1","width":350,"height":200,"srcset":"https:\/\/i0.wp.com\/indoorgarden.ee\/wp-content\/uploads\/2025\/07\/product-153257_0-L14184.jpg?resize=350%2C200&ssl=1 1x, https:\/\/i0.wp.com\/indoorgarden.ee\/wp-content\/uploads\/2025\/07\/product-153257_0-L14184.jpg?resize=525%2C300&ssl=1 1.5x, https:\/\/i0.wp.com\/indoorgarden.ee\/wp-content\/uploads\/2025\/07\/product-153257_0-L14184.jpg?resize=700%2C400&ssl=1 2x"},"classes":[]},{"id":1300,"url":"https:\/\/indoorgarden.ee\/et\/toode\/kahara-peterselli-astra-seemned-petroselinum-crispum-vitamiinirikas-poosasort-aeda-rodule-ja-siseruumidesse-1g\/","url_meta":{"origin":1281,"position":5},"title":"K\u00e4hara peterselli \u2018Astra\u2019 seemned (Petroselinum crispum) \u2013 vitamiinirikas tuhmne sort aeda, r\u00f5dule ja potti","author":"admin","date":"31. juuli 2025","format":false,"excerpt":"K\u00e4hara peterselli \u2018Astra\u2019 seemned. Vitamiinirikas tihke sort, mis sobib k\u00f6\u00f6gile, salatile ja kaunistuseks. Kasvab nii peenardel, r\u00f5dul kui ka aknalaual.","rel":"","context":"Similar post","block_context":{"text":"Similar post","link":""},"img":{"alt_text":"","src":"https:\/\/i0.wp.com\/indoorgarden.ee\/wp-content\/uploads\/2025\/07\/product-153239_0-L2804.jpg?resize=350%2C200&ssl=1","width":350,"height":200,"srcset":"https:\/\/i0.wp.com\/indoorgarden.ee\/wp-content\/uploads\/2025\/07\/product-153239_0-L2804.jpg?resize=350%2C200&ssl=1 1x, https:\/\/i0.wp.com\/indoorgarden.ee\/wp-content\/uploads\/2025\/07\/product-153239_0-L2804.jpg?resize=525%2C300&ssl=1 1.5x, https:\/\/i0.wp.com\/indoorgarden.ee\/wp-content\/uploads\/2025\/07\/product-153239_0-L2804.jpg?resize=700%2C400&ssl=1 2x"},"classes":[]}],"_links":{"self":[{"href":"https:\/\/indoorgarden.ee\/et\/wp-json\/wp\/v2\/product\/1281","targetHints":{"allow":["GET"]}}],"collection":[{"href":"https:\/\/indoorgarden.ee\/et\/wp-json\/wp\/v2\/product"}],"about":[{"href":"https:\/\/indoorgarden.ee\/et\/wp-json\/wp\/v2\/types\/product"}],"replies":[{"embeddable":true,"href":"https:\/\/indoorgarden.ee\/et\/wp-json\/wp\/v2\/comments?post=1281"}],"wp:featuredmedia":[{"embeddable":true,"href":"https:\/\/indoorgarden.ee\/et\/wp-json\/wp\/v2\/media\/1268"}],"wp:attachment":[{"href":"https:\/\/indoorgarden.ee\/et\/wp-json\/wp\/v2\/media?parent=1281"}],"wp:term":[{"taxonomy":"product_brand","embeddable":true,"href":"https:\/\/indoorgarden.ee\/et\/wp-json\/wp\/v2\/product_brand?post=1281"},{"taxonomy":"product_cat","embeddable":true,"href":"https:\/\/indoorgarden.ee\/et\/wp-json\/wp\/v2\/product_cat?post=1281"},{"taxonomy":"product_tag","embeddable":true,"href":"https:\/\/indoorgarden.ee\/et\/wp-json\/wp\/v2\/product_tag?post=1281"}],"curies":[{"name":"wp","href":"https:\/\/api.w.org\/{rel}","templated":true}]}}