{"id":1279,"date":"2025-08-08T16:18:06","date_gmt":"2025-08-08T13:18:06","guid":{"rendered":"https:\/\/indoorgarden.ee\/product\/aiakindad-nerine-suurus-7-kerged-painduvad-lateksiga-kaetud\/"},"modified":"2026-04-26T18:53:46","modified_gmt":"2026-04-26T15:53:46","slug":"aiakindad-nerine-suurus-7-kerged-painduvad-lateksiga-kaetud","status":"publish","type":"product","link":"https:\/\/indoorgarden.ee\/et\/toode\/aiakindad-nerine-suurus-7-kerged-painduvad-lateksiga-kaetud\/","title":{"rendered":"Aiakindad Nerine suurus 7 \u2013 kerged painduvad lateksiga kaetud kindad"},"content":{"rendered":"<h2>kohta<\/h2>\n<p>Nerine Gardeni kindad suuruses 7 on \u00fclikerged ja ergonoomiliselt sobivad, mist\u00f5ttu sobivad need ideaalselt kergete aiat\u00f6\u00f6de tegemiseks, mis n\u00f5uavad t\u00e4psust ja mugavust. Need on valmistatud hingavast pol\u00fcamiidkangast, millel on elastne latekskate, ning pakuvad suurep\u00e4rast k\u00e4te liikuvust, hoides samal ajal k\u00e4ed mustuse ja niiskuse eest kaitstud. <\/p>\n<h2>Omadused<\/h2>\n<ul>\n<li>Suurus: 7<\/li>\n<li>Materjal: Pol\u00fcamiid trikookangas latekskattega<\/li>\n<li>CE-kategooria 1 valguskaitsesertifikaat<\/li>\n<li>V\u00e4ga \u00f5huke ja h\u00e4sti sobiv disain tagab suurep\u00e4rase k\u00e4ep\u00e4rasuse.<\/li>\n<li>Vett h\u00fclgavad s\u00f5rmeotsad ja peopesad niiske pinnase ja taimede k\u00e4sitsemiseks<\/li>\n<li>Vastupidav, kerge ja mugav pikemaajaliseks kasutamiseks<\/li>\n<\/ul>\n<h2>Kasutamine<\/h2>\n<p>Sobib ideaalselt kergete aiat\u00f6\u00f6de tegemiseks, nagu istutamine, p\u00fcgamine, umbrohut\u00f5rje ja taimede hooldamine nii v\u00e4litingimustes kui ka arukates siseruumides. T\u00e4nu paremale haardele ja paindlikkusele sobivad need eriti h\u00e4sti \u00f5rnade t\u00f6\u00f6de tegemiseks. <\/p>\n","protected":false},"excerpt":{"rendered":"<p>Aiakindad Nerine suurus 7. Kerged ja painduvad, lateksiga kaetud peopesad \u2013 sobivad nii \u00f5rnale t\u00f6\u00f6le kui ka tugevamale aiat\u00f6\u00f6le.<\/p>\n","protected":false},"featured_media":1268,"comment_status":"closed","ping_status":"closed","template":"","meta":[],"product_brand":[154],"product_cat":[81,82],"product_tag":[],"class_list":{"0":"post-1279","1":"product","2":"type-product","3":"status-publish","4":"has-post-thumbnail","6":"product_brand-rostaing-et","7":"product_cat-aiatarvikud","8":"product_cat-aianduskindad","10":"first","11":"instock","12":"taxable","13":"shipping-taxable","14":"purchasable","15":"product-type-simple"},"jetpack_sharing_enabled":true,"jetpack-related-posts":[{"id":1281,"url":"https:\/\/indoorgarden.ee\/et\/toode\/aiakindad-nerine-suurus-6-kerged-painduvad-lateksiga-kaetud\/","url_meta":{"origin":1279,"position":0},"title":"Aiakindad Nerine suurus 6 \u2013 kerged painduvad lateksiga kaetud kindad","author":"admin","date":"8. aug. 2025","format":false,"excerpt":"Aiakindad Nerine suurus 6. Kerged ja painduvad, lateksiga kaetud peopesad \u2013 sobivad nii \u00f5rnale t\u00f6\u00f6le kui ka tugevamale aiat\u00f6\u00f6le.","rel":"","context":"Similar post","block_context":{"text":"Similar post","link":""},"img":{"alt_text":"","src":"https:\/\/i0.wp.com\/indoorgarden.ee\/wp-content\/uploads\/2025\/08\/product_155636_0_201RNERINE.jpg?resize=350%2C200&ssl=1","width":350,"height":200,"srcset":"https:\/\/i0.wp.com\/indoorgarden.ee\/wp-content\/uploads\/2025\/08\/product_155636_0_201RNERINE.jpg?resize=350%2C200&ssl=1 1x, https:\/\/i0.wp.com\/indoorgarden.ee\/wp-content\/uploads\/2025\/08\/product_155636_0_201RNERINE.jpg?resize=525%2C300&ssl=1 1.5x, https:\/\/i0.wp.com\/indoorgarden.ee\/wp-content\/uploads\/2025\/08\/product_155636_0_201RNERINE.jpg?resize=700%2C400&ssl=1 2x"},"classes":[]},{"id":1340,"url":"https:\/\/indoorgarden.ee\/et\/toode\/aiakindad-rostaing-nerine-suurus-8-kerged-ja-paindlikud\/","url_meta":{"origin":1279,"position":1},"title":"Aiakindad Rostaing Nerine suurus 8 \u2013 kerged ja painduvad","author":"admin","date":"8. aug. 2025","format":false,"excerpt":"Aiakindad Rostaing Nerine suurus 8. Kerged ja painduvad \u2013 sobivad sisetingimuste taimekasvatusele ja \u00f5rnale aiat\u00f6\u00f6le.","rel":"","context":"Similar post","block_context":{"text":"Similar post","link":""},"img":{"alt_text":"","src":"https:\/\/i0.wp.com\/indoorgarden.ee\/wp-content\/uploads\/2025\/08\/product_155636_0_201RNERINE.jpg?resize=350%2C200&ssl=1","width":350,"height":200,"srcset":"https:\/\/i0.wp.com\/indoorgarden.ee\/wp-content\/uploads\/2025\/08\/product_155636_0_201RNERINE.jpg?resize=350%2C200&ssl=1 1x, https:\/\/i0.wp.com\/indoorgarden.ee\/wp-content\/uploads\/2025\/08\/product_155636_0_201RNERINE.jpg?resize=525%2C300&ssl=1 1.5x, https:\/\/i0.wp.com\/indoorgarden.ee\/wp-content\/uploads\/2025\/08\/product_155636_0_201RNERINE.jpg?resize=700%2C400&ssl=1 2x"},"classes":[]},{"id":2173,"url":"https:\/\/indoorgarden.ee\/et\/toode\/plastist-taimepotid-11-cm-10-pakk-vastupidavad-kerged-potid-istikute-ja-taimekasvatuse-jaoks-siseruumides\/","url_meta":{"origin":1279,"position":2},"title":"Plastikust taimepotid 11 cm \u2013 10 tk pakk vastupidavad kerged potid seemikutele ja sisekasvatusele","author":"admin","date":"16. nov. 2025","format":false,"excerpt":"Plastikust taimepotid 11 cm 10 tk pakk. Vastupidavad ja kerged potid seemikute kasvatamiseks ja sisekasvatuseks \u2013 sobib enamikku alustesse ja kasvuhoonetesse.","rel":"","context":"Similar post","block_context":{"text":"Similar post","link":""},"img":{"alt_text":"","src":"https:\/\/i0.wp.com\/indoorgarden.ee\/wp-content\/uploads\/2025\/11\/4770168008083.png?resize=350%2C200&ssl=1","width":350,"height":200},"classes":[]},{"id":1305,"url":"https:\/\/indoorgarden.ee\/et\/toode\/elho-green-basic-plant-labels-s-5-pack-korduvkasutatavad-valged-aiamargised-seemikute-ja-maitsetaimede-jaoks-100-taaskasutatavad\/","url_meta":{"origin":1279,"position":3},"title":"Elho Green Basic taimesildid S \u2013 5 tk pakk korduvkasutatavad valged sildid seemikutele ja \u00fcrtidele","author":"admin","date":"31. juuli 2025","format":false,"excerpt":"Elho Green Basic taimesildid 5 tk pakk. Korduvkasutatavad valged sildid seemikutele ja \u00fcrtidele. 100% taaskasutatav materjal.","rel":"","context":"Similar post","block_context":{"text":"Similar post","link":""},"img":{"alt_text":"","src":"https:\/\/i0.wp.com\/indoorgarden.ee\/wp-content\/uploads\/2025\/07\/8711904194574-scaled-1.jpg?resize=350%2C200&ssl=1","width":350,"height":200,"srcset":"https:\/\/i0.wp.com\/indoorgarden.ee\/wp-content\/uploads\/2025\/07\/8711904194574-scaled-1.jpg?resize=350%2C200&ssl=1 1x, https:\/\/i0.wp.com\/indoorgarden.ee\/wp-content\/uploads\/2025\/07\/8711904194574-scaled-1.jpg?resize=525%2C300&ssl=1 1.5x, https:\/\/i0.wp.com\/indoorgarden.ee\/wp-content\/uploads\/2025\/07\/8711904194574-scaled-1.jpg?resize=700%2C400&ssl=1 2x, https:\/\/i0.wp.com\/indoorgarden.ee\/wp-content\/uploads\/2025\/07\/8711904194574-scaled-1.jpg?resize=1050%2C600&ssl=1 3x, https:\/\/i0.wp.com\/indoorgarden.ee\/wp-content\/uploads\/2025\/07\/8711904194574-scaled-1.jpg?resize=1400%2C800&ssl=1 4x"},"classes":[]},{"id":5226,"url":"https:\/\/indoorgarden.ee\/et\/toode\/laste-aiakindad-pvc-tappidega-d3-punased-suurus-3-riputuspaeltega\/","url_meta":{"origin":1279,"position":4},"title":"Laste aiakindad PVC-t\u00e4ppidega D3 punased suurus 3 riputuspaeltega","author":"admin","date":"22. veebr. 2026","format":false,"excerpt":"Laste aiakindad PVC-t\u00e4ppidega D3 punased suurus 3 riputuspaeltega \u2013 kvaliteetsed aiakindad sisetingimuste taimekasvatusele. Hea sobivus, korralik tunnetus, mugavad ka pikemaajaliseks kasutamiseks. Kasutamine Sobivad \u00fcmberistutamiseks, taimede k\u00e4sitsemiseks ja kompostiga t\u00f6\u00f6tamiseks. IndoorGarden-i sortimendis leiad sisekasvatuse jaoks \u00f5igesti m\u00f5\u00f5detud kindaid.","rel":"","context":"Similar post","block_context":{"text":"Similar post","link":""},"img":{"alt_text":"","src":"https:\/\/i0.wp.com\/indoorgarden.ee\/wp-content\/uploads\/2026\/02\/children-s-gloves-with-pvc-dots-d3.jpg?resize=350%2C200&ssl=1","width":350,"height":200},"classes":[]},{"id":5227,"url":"https:\/\/indoorgarden.ee\/et\/toode\/laste-aiakindad-pvc-tappidega-d5-punased-suurus-5-riputuspaeltega\/","url_meta":{"origin":1279,"position":5},"title":"Laste aiakindad PVC-t\u00e4ppidega D5 punased suurus 5 riputuspaeltega","author":"admin","date":"22. veebr. 2026","format":false,"excerpt":"Laste aiakindad PVC-t\u00e4ppidega D5 punased suurus 5 riputuspaeltega \u2013 kvaliteetsed aiakindad sisetingimuste taimekasvatusele. Hea sobivus, korralik tunnetus, mugavad ka pikemaajaliseks kasutamiseks. Kasutamine Sobivad \u00fcmberistutamiseks, taimede k\u00e4sitsemiseks ja kompostiga t\u00f6\u00f6tamiseks. IndoorGarden-i sortimendis leiad sisekasvatuse jaoks \u00f5igesti m\u00f5\u00f5detud kindaid.","rel":"","context":"Similar post","block_context":{"text":"Similar post","link":""},"img":{"alt_text":"","src":"https:\/\/i0.wp.com\/indoorgarden.ee\/wp-content\/uploads\/2026\/02\/children-s-gloves-with-pvc-dots-d5.jpg?resize=350%2C200&ssl=1","width":350,"height":200},"classes":[]}],"_links":{"self":[{"href":"https:\/\/indoorgarden.ee\/et\/wp-json\/wp\/v2\/product\/1279","targetHints":{"allow":["GET"]}}],"collection":[{"href":"https:\/\/indoorgarden.ee\/et\/wp-json\/wp\/v2\/product"}],"about":[{"href":"https:\/\/indoorgarden.ee\/et\/wp-json\/wp\/v2\/types\/product"}],"replies":[{"embeddable":true,"href":"https:\/\/indoorgarden.ee\/et\/wp-json\/wp\/v2\/comments?post=1279"}],"wp:featuredmedia":[{"embeddable":true,"href":"https:\/\/indoorgarden.ee\/et\/wp-json\/wp\/v2\/media\/1268"}],"wp:attachment":[{"href":"https:\/\/indoorgarden.ee\/et\/wp-json\/wp\/v2\/media?parent=1279"}],"wp:term":[{"taxonomy":"product_brand","embeddable":true,"href":"https:\/\/indoorgarden.ee\/et\/wp-json\/wp\/v2\/product_brand?post=1279"},{"taxonomy":"product_cat","embeddable":true,"href":"https:\/\/indoorgarden.ee\/et\/wp-json\/wp\/v2\/product_cat?post=1279"},{"taxonomy":"product_tag","embeddable":true,"href":"https:\/\/indoorgarden.ee\/et\/wp-json\/wp\/v2\/product_tag?post=1279"}],"curies":[{"name":"wp","href":"https:\/\/api.w.org\/{rel}","templated":true}]}}