{"id":885,"date":"2025-07-27T11:51:06","date_gmt":"2025-07-27T08:51:06","guid":{"rendered":"https:\/\/indoorgarden.ee\/koduleht\/"},"modified":"2026-04-26T15:16:21","modified_gmt":"2026-04-26T12:16:21","slug":"koduleht","status":"publish","type":"page","link":"https:\/\/indoorgarden.ee\/et\/","title":{"rendered":"Toas kasvatamine lihtsaks"},"content":{"rendered":"","protected":false},"excerpt":{"rendered":"","protected":false},"author":1,"featured_media":0,"parent":0,"menu_order":0,"comment_status":"closed","ping_status":"closed","template":"","meta":{"footnotes":""},"class_list":["post-885","page","type-page","status-publish","hentry"],"jetpack_sharing_enabled":true,"jetpack-related-posts":[{"id":719,"url":"https:\/\/indoorgarden.ee\/et\/meist\/","url_meta":{"origin":885,"position":0},"title":"Meist","author":"admin","date":"23. juuli 2025","format":false,"excerpt":"Tere tulemast meie e-poodi! Teeme lihtsaks v\u00e4rske rohelise ja maitsetaimede kasvatamise kodus, kogu aasta v\u00e4ltel. Meie v\u00e4\u00e4rtused J\u00e4tkusuutlikkus: S\u00e4\u00e4stke vett ja j\u00e4tke v\u00e4lja kahjulikud kemikaalid. Tervis ja heaolu: Nautige toitaineterikkaid tooteid igal ajal. Innovatsioon: Lihtsate, nutikate aedade valik igale oskuste tasemele. R\u00f5\u00f5m: aiandus toob \u00f5nne ja rahu. Milleks kasvatada toitu\u2026","rel":"","context":"Similar post","block_context":{"text":"Similar post","link":""},"img":{"alt_text":"","src":"","width":0,"height":0},"classes":[]},{"id":5470,"url":"https:\/\/indoorgarden.ee\/et\/free-indoor-gardening-tools-et\/","url_meta":{"origin":885,"position":1},"title":"Tasuta siseaianduse t\u00f6\u00f6riistad","author":"admin","date":"27. apr. 2026","format":false,"excerpt":"Toas taimi kasvatades on palju asju, mida silma j\u00e4rgi raske hinnata \u2014 valgustaset, toitelahuse tugevust, hooaegade muutusi. Need tasuta kalkulaatorid ja kiirtestid on tehtud p\u00e4ris kasvatamise teadusel ja sobivad P\u00f5hja-Euroopa oludesse, et saaksid otsuseid teha andmete p\u00f5hjal. Growing plants indoors means working with variables that are hard to judge by\u2026","rel":"","context":"Similar post","block_context":{"text":"Similar post","link":""},"img":{"alt_text":"","src":"https:\/\/i0.wp.com\/indoorgarden.ee\/wp-content\/uploads\/2026\/03\/pilt-1.png?resize=350%2C200&ssl=1","width":350,"height":200,"srcset":"https:\/\/i0.wp.com\/indoorgarden.ee\/wp-content\/uploads\/2026\/03\/pilt-1.png?resize=350%2C200&ssl=1 1x, https:\/\/i0.wp.com\/indoorgarden.ee\/wp-content\/uploads\/2026\/03\/pilt-1.png?resize=525%2C300&ssl=1 1.5x"},"classes":[]}],"_links":{"self":[{"href":"https:\/\/indoorgarden.ee\/et\/wp-json\/wp\/v2\/pages\/885","targetHints":{"allow":["GET"]}}],"collection":[{"href":"https:\/\/indoorgarden.ee\/et\/wp-json\/wp\/v2\/pages"}],"about":[{"href":"https:\/\/indoorgarden.ee\/et\/wp-json\/wp\/v2\/types\/page"}],"author":[{"embeddable":true,"href":"https:\/\/indoorgarden.ee\/et\/wp-json\/wp\/v2\/users\/1"}],"replies":[{"embeddable":true,"href":"https:\/\/indoorgarden.ee\/et\/wp-json\/wp\/v2\/comments?post=885"}],"version-history":[{"count":1,"href":"https:\/\/indoorgarden.ee\/et\/wp-json\/wp\/v2\/pages\/885\/revisions"}],"predecessor-version":[{"id":1882,"href":"https:\/\/indoorgarden.ee\/et\/wp-json\/wp\/v2\/pages\/885\/revisions\/1882"}],"wp:attachment":[{"href":"https:\/\/indoorgarden.ee\/et\/wp-json\/wp\/v2\/media?parent=885"}],"curies":[{"name":"wp","href":"https:\/\/api.w.org\/{rel}","templated":true}]}}