{"id":723,"date":"2025-07-20T11:27:18","date_gmt":"2025-07-20T08:27:18","guid":{"rendered":"https:\/\/indoorgarden.ee\/privaatsuspoliitika\/"},"modified":"2025-07-26T11:46:12","modified_gmt":"2025-07-26T08:46:12","slug":"privaatsuspoliitika","status":"publish","type":"page","link":"https:\/\/indoorgarden.ee\/et\/privaatsuspoliitika\/","title":{"rendered":"Privaatsuspoliitika"},"content":{"rendered":"\n<h3 class=\"wp-block-heading\">1. \u00dclds\u00e4tted<\/h3>\n\n<p>K\u00e4esolev privaatsuspoliitika reguleerib p\u00f5him\u00f5tteid, mille alusel UX Labor O\u00fc t\u00f6\u00f6tleb ja s\u00e4ilitab isikuandmeid. UX Labor O\u00fc on andmete vastutav t\u00f6\u00f6tleja (&#8220;meie&#8221;, &#8220;meid&#8221;, &#8220;meie&#8221;). <\/p>\n\n<p>Andmesubjekt on iga f\u00fc\u00fcsiline isik, kelle isikuandmeid me kogume ja t\u00f6\u00f6tleme. Klient on iga andmesubjekt, kes ostab kaupu v\u00f5i teenuseid meie veebipoest aadressil indoorgarden.ee. <\/p>\n\n<p>T\u00f6\u00f6tleme isikuandmeid seaduslikult, \u00f5iglaselt ja turvaliselt, koosk\u00f5las m\u00e4\u00e4rusega (EL) 2016\/679 (GDPR) ja kehtivate Eesti andmekaitseseadustega.<\/p>\n\n<h3 class=\"wp-block-heading\">2. Isikuandmete kogumine, t\u00f6\u00f6tlemine ja s\u00e4ilitamine<\/h3>\n\n<ul class=\"wp-block-list\">\n<li>Me kogume isikuandmeid elektrooniliselt meie veebisaidi, e-posti ja makses\u00fcsteemide kaudu. Paberkandjal andmete kogumine ei ole tavap\u00e4rane. <\/li>\n\n\n\n<li>Isikuandmeid esitades annate n\u00f5usoleku nende kogumiseks, korraldamiseks, kasutamiseks ja haldamiseks k\u00e4esolevas eeskirjas kirjeldatud eesm\u00e4rkidel.<\/li>\n\n\n\n<li>Te vastutate selle eest, et teie esitatud andmed oleksid t\u00e4psed, t\u00e4ielikud ja ajakohased. Palun teavitage meid viivitamata k\u00f5igist muudatustest. <\/li>\n\n\n\n<li>Me ei vastuta mis tahes kahju eest, mis tuleneb teie ebat\u00e4psete andmete esitamisest.<\/li>\n<\/ul>\n\n<h3 class=\"wp-block-heading\">3. Kliendi isikuandmete t\u00f6\u00f6tlemine<\/h3>\n\n<h4 class=\"wp-block-heading\">3.1. Andmekategooriad<\/h4>\n\n<ul class=\"wp-block-list\">\n<li>T\u00e4ielik nimi<\/li>\n\n\n\n<li>S\u00fcnniaeg (kui vanuse kontrollimine on n\u00f5utav)<\/li>\n\n\n\n<li>Telefoninumber<\/li>\n\n\n\n<li>E-posti aadress<\/li>\n\n\n\n<li>Arveldus- ja tarneaadress<\/li>\n\n\n\n<li>Pangakonto v\u00f5i maksekaardi andmed<\/li>\n\n\n\n<li>IP-aadress ja seadme identifikaatorid<\/li>\n\n\n\n<li>Ostuajalugu ja eelistused<\/li>\n<\/ul>\n\n<p>Me <strong>ei<\/strong> kogu t\u00e4iendavaid tundlikke isikuandmeid (nt tervis, religioon).<\/p>\n\n<h4 class=\"wp-block-heading\">3.2. Avalikud allikad<\/h4>\n\n<p>Kui see on seadusega lubatud, v\u00f5ime t\u00e4iendada eespool nimetatud andmeid avalikult k\u00e4ttesaadavate registrite andmetega.<\/p>\n\n<h4 class=\"wp-block-heading\">3.3. T\u00f6\u00f6tlemise \u00f5iguslikud alused<\/h4>\n\n<ul class=\"wp-block-list\">\n<li><strong>N\u00f5usolek<\/strong> (GDPR art. 6(1)(a)) &#8211; turunduskommunikatsiooni jaoks.<\/li>\n\n\n\n<li><strong>Lepingu t\u00e4itmine<\/strong> (artikli 6 l\u00f5ike 1 punkt b) &#8211; teie tellimuste t\u00e4itmiseks. <\/li>\n\n\n\n<li><strong>Seaduslik kohustus<\/strong> (artikli 6 l\u00f5ike 1 punkt c) &#8211; raamatupidamis- ja maksuarvestuse pidamine. <\/li>\n\n\n\n<li><strong>\u00d5igustatud huvid<\/strong> (artikli 6 l\u00f5ike 1 punkt f) &#8211; pettuste ennetamine, veebisaidi turvalisus ja klienditugi, mis on tasakaalustatud teie \u00f5igustega. <\/li>\n<\/ul>\n\n<h4 class=\"wp-block-heading\">3.4. Sihtotstarbeline kinnipidamine<\/h4>\n\n<ul class=\"wp-block-list\">\n<li><strong>Turvalisus ja pettuste ennetamine:<\/strong> 1 aasta logisid, seej\u00e4rel kustutatakse automaatselt.<\/li>\n\n\n\n<li><strong>Tellimuse t\u00f6\u00f6tlemine:<\/strong> 7 aastat (Eesti seaduste kohaselt n\u00f5utav raamatupidamine ja maksustamine).<\/li>\n\n\n\n<li><strong>E-poe funktsionaalsus (k\u00fcpsised, anal\u00fc\u00fctika):<\/strong> Kuni 2 aastat v\u00f5i kuni k\u00fcpsiste kustutamiseni.<\/li>\n\n\n\n<li><strong>Klienditugi ja CRM:<\/strong> 3 aastat p\u00e4rast viimast kontakti<\/li>\n\n\n\n<li><strong>Finants- ja raamatupidamisdokumentatsioon:<\/strong> 7 aastat (seadusest tulenev n\u00f5ue)<\/li>\n\n\n\n<li><strong>Turunduskommunikatsioon:<\/strong> Kuni n\u00f5usoleku t\u00fchistamiseni, kuid mitte kauem kui 3 aastat.<\/li>\n<\/ul>\n\n<h4 class=\"wp-block-heading\">3.5. Andmete jagamine<\/h4>\n\n<ul class=\"wp-block-list\">\n<li><strong>Makset\u00f6\u00f6tleja:<\/strong> Maksekeskus AS (makse kinnitamiseks).<\/li>\n\n\n\n<li><strong>Tarnepartnerid:<\/strong> kuller- ja postiteenused tellimuste t\u00e4itmiseks.<\/li>\n\n\n\n<li><strong>Raamatupidajad ja audiitorid<\/strong> kohustusliku aruandluse jaoks.<\/li>\n\n\n\n<li><strong>IT-teenuste pakkujad<\/strong> rangete andmet\u00f6\u00f6tluslepingute alusel.<\/li>\n<\/ul>\n\n<h4 class=\"wp-block-heading\">3.6. Turvameetmed<\/h4>\n\n<p>Me rakendame organisatsioonilisi ja tehnilisi kaitsemeetmeid (kr\u00fcpteerimine, juurdep\u00e4\u00e4sukontroll, korrap\u00e4rased auditid), et kaitsta teie andmeid volitamata juurdep\u00e4\u00e4su, muutmise v\u00f5i h\u00e4vitamise eest.<\/p>\n\n<h4 class=\"wp-block-heading\">3.7. L\u00f5plik kustutamine<\/h4>\n\n<p>Kui seadus ei n\u00f5ua pikemat s\u00e4ilitamist, kustutame v\u00f5i anon\u00fc\u00fcmseks muudame k\u00f5ik isikuandmed hiljemalt 7 aastat p\u00e4rast andmete kogumist.<\/p>\n\n<h3 class=\"wp-block-heading\">4. Andmesubjekti \u00f5igused<\/h3>\n\n<ul class=\"wp-block-list\">\n<li><strong>Juurdep\u00e4\u00e4s:<\/strong> Teil on \u00f5igus taotleda oma isikuandmete koopiat.<\/li>\n\n\n\n<li><strong>Teave:<\/strong> Te v\u00f5ite saada \u00fcksikasjalikku teavet selle kohta, kuidas ja miks me teie andmeid t\u00f6\u00f6tleme.<\/li>\n\n\n\n<li><strong>Korrigeerimine:<\/strong> Te v\u00f5ite paluda meil parandada ebat\u00e4pseid v\u00f5i ebat\u00e4ielikke andmeid.<\/li>\n\n\n\n<li><strong>Kustutamine:<\/strong> Kui t\u00f6\u00f6tlemine p\u00f5hineb n\u00f5usolekul, v\u00f5ite n\u00f5usoleku igal ajal tagasi v\u00f5tta.<\/li>\n\n\n\n<li><strong>Piirang:<\/strong> Te v\u00f5ite teatavatel juhtudel taotleda t\u00f6\u00f6tlemise ajutist peatamist.<\/li>\n\n\n\n<li><strong>Andmete \u00fclekantavus:<\/strong> Te v\u00f5ite taotleda oma andmeid struktureeritud, masinloetavas vormingus.<\/li>\n\n\n\n<li><strong>Vastuv\u00e4ide:<\/strong> Te v\u00f5ite esitada vastuv\u00e4iteid \u00f5igustatud huvidel v\u00f5i otseturundusel p\u00f5hineva t\u00f6\u00f6tlemise vastu.<\/li>\n\n\n\n<li><strong>Kaebus:<\/strong> Teil on \u00f5igus esitada kaebus Eesti Andmekaitse Inspektsioonile.<\/li>\n<\/ul>\n\n<p>Mis tahes \u00f5iguse kasutamiseks v\u00f5tke meiega \u00fchendust aadressil <a href=\"mailto:klienditugi@indoorgarden.ee\">klienditugi@indoorgarden.ee.<\/a><\/p>\n\n<h3 class=\"wp-block-heading\">5. L\u00f5pps\u00e4tted<\/h3>\n\n<ul class=\"wp-block-list\">\n<li>K\u00e4esolev poliitika on koostatud koosk\u00f5las GDPR (EL) 2016\/679, Eesti isikuandmete kaitse seaduse ning sellega seotud ELi ja siseriiklike \u00f5igusaktidega.<\/li>\n\n\n\n<li>Me j\u00e4tame endale \u00f5iguse k\u00e4esolevat poliitikat muuta. K\u00f5ik muudatused avaldatakse aadressil indoorgarden.ee\/privaatsus ja need j\u00f5ustuvad 14 p\u00e4eva p\u00e4rast avaldamist.<\/li>\n<\/ul>\n","protected":false},"excerpt":{"rendered":"<p>1. \u00dclds\u00e4tted K\u00e4esolev privaatsuspoliitika reguleerib p\u00f5him\u00f5tteid, mille alusel UX Labor O\u00fc t\u00f6\u00f6tleb ja s\u00e4ilitab isikuandmeid. UX Labor O\u00fc on andmete vastutav t\u00f6\u00f6tleja (&#8220;meie&#8221;, &#8220;meid&#8221;, &#8220;meie&#8221;). Andmesubjekt on iga f\u00fc\u00fcsiline isik, kelle isikuandmeid me kogume ja t\u00f6\u00f6tleme. Klient on iga andmesubjekt, kes ostab kaupu v\u00f5i teenuseid meie veebipoest aadressil indoorgarden.ee. T\u00f6\u00f6tleme isikuandmeid seaduslikult, \u00f5iglaselt ja turvaliselt, [&hellip;]<\/p>\n","protected":false},"author":1,"featured_media":0,"parent":0,"menu_order":0,"comment_status":"closed","ping_status":"open","template":"","meta":{"footnotes":""},"class_list":["post-723","page","type-page","status-publish","hentry"],"jetpack_sharing_enabled":true,"jetpack-related-posts":[{"id":719,"url":"https:\/\/indoorgarden.ee\/et\/meist\/","url_meta":{"origin":723,"position":0},"title":"Meist","author":"admin","date":"23. juuli 2025","format":false,"excerpt":"Tere tulemast meie e-poodi! Teeme lihtsaks v\u00e4rske rohelise ja maitsetaimede kasvatamise kodus, kogu aasta v\u00e4ltel. Meie v\u00e4\u00e4rtused J\u00e4tkusuutlikkus: S\u00e4\u00e4stke vett ja j\u00e4tke v\u00e4lja kahjulikud kemikaalid. Tervis ja heaolu: Nautige toitaineterikkaid tooteid igal ajal. Innovatsioon: Lihtsate, nutikate aedade valik igale oskuste tasemele. R\u00f5\u00f5m: aiandus toob \u00f5nne ja rahu. Milleks kasvatada toitu\u2026","rel":"","context":"Similar post","block_context":{"text":"Similar post","link":""},"img":{"alt_text":"","src":"","width":0,"height":0},"classes":[]},{"id":721,"url":"https:\/\/indoorgarden.ee\/et\/votke-meiega-uhendust\/","url_meta":{"origin":723,"position":1},"title":"V\u00f5tke meiega \u00fchendust","author":"admin","date":"21. juuli 2025","format":false,"excerpt":"Kas sul on k\u00fcsimus siseaianduse v\u00f5i meie nutikate aiakomplektide kohta? Me oleme siin, et aidata. Kirjuta aadressil klienditugi@indoorgarden.ee ja me v\u00f5tame sinuga kiiresti \u00fchendust. Meie eesm\u00e4rk on vastata igale s\u00f5numile 1 t\u00f6\u00f6p\u00e4eva jooksul. Kas vajate kiiremat vastust? Reaalajas abi saamiseks kasutage lehe alumises paremas nurgas asuvat live-chatti. Meil ei ole\u2026","rel":"","context":"Similar post","block_context":{"text":"Similar post","link":""},"img":{"alt_text":"","src":"","width":0,"height":0},"classes":[]},{"id":726,"url":"https:\/\/indoorgarden.ee\/et\/teenuse-tingimused\/","url_meta":{"origin":723,"position":2},"title":"Teenuse tingimused","author":"admin","date":"21. juuli 2025","format":false,"excerpt":"J\u00f5ustub alates: 06.07.2025 1. Kohaldamisala ja kehtivus K\u00e4esolevad tingimused kehtivad k\u00f5igile UX Labor O\u00dc (edaspidi \"M\u00fc\u00fcja\") poolt hallatava veebipoe www.indoorgarden.ee (edaspidi \"Veebipood\") kasutajatele. Veebipoe kasutamisega ja tellimuse esitamisega kinnitab ostja (edaspidi \"Ostja\"), et on neid tingimusi lugenud, neist aru saanud ja nendega n\u00f5ustunud. 2. Ostud ja tellimused Ostmiseks saadaval olevad\u2026","rel":"","context":"Similar post","block_context":{"text":"Similar post","link":""},"img":{"alt_text":"","src":"","width":0,"height":0},"classes":[]},{"id":106,"url":"https:\/\/indoorgarden.ee\/contact-us\/","url_meta":{"origin":723,"position":3},"title":"Contact IndoorGarden","author":"admin","date":"21. juuli 2025","format":false,"excerpt":"Have a question about indoor gardening, our products, or your order? We\u2019re happy to help and guide you in the right direction. Get in touch Email: klienditugi@indoorgarden.eeWe aim to reply to all messages within 1 business day. Live chat:Need a quicker answer? Use the live chat in the bottom-right corner\u2026","rel":"","context":"Similar post","block_context":{"text":"Similar post","link":""},"img":{"alt_text":"","src":"https:\/\/i0.wp.com\/indoorgarden.ee\/wp-content\/uploads\/2025\/08\/472529795_8886947461353980_7917103784526707520_n.jpg?resize=350%2C200&ssl=1","width":350,"height":200,"srcset":"https:\/\/i0.wp.com\/indoorgarden.ee\/wp-content\/uploads\/2025\/08\/472529795_8886947461353980_7917103784526707520_n.jpg?resize=350%2C200&ssl=1 1x, https:\/\/i0.wp.com\/indoorgarden.ee\/wp-content\/uploads\/2025\/08\/472529795_8886947461353980_7917103784526707520_n.jpg?resize=525%2C300&ssl=1 1.5x, https:\/\/i0.wp.com\/indoorgarden.ee\/wp-content\/uploads\/2025\/08\/472529795_8886947461353980_7917103784526707520_n.jpg?resize=700%2C400&ssl=1 2x, https:\/\/i0.wp.com\/indoorgarden.ee\/wp-content\/uploads\/2025\/08\/472529795_8886947461353980_7917103784526707520_n.jpg?resize=1050%2C600&ssl=1 3x"},"classes":[]},{"id":3,"url":"https:\/\/indoorgarden.ee\/privacy-policy\/","url_meta":{"origin":723,"position":4},"title":"Privacy Policy","author":"admin","date":"20. juuli 2025","format":false,"excerpt":"1. General Provisions This Privacy Policy governs the principles by which UX Labor O\u00fc processes and stores personal data. UX Labor O\u00fc is the data controller (\u201cwe,\u201d \u201cus,\u201d \u201cour\u201d). A \u201cdata subject\u201d is any natural person whose personal data we collect and process. A \u201ccustomer\u201d is any data subject who\u2026","rel":"","context":"Similar post","block_context":{"text":"Similar post","link":""},"img":{"alt_text":"","src":"","width":0,"height":0},"classes":[]},{"id":5468,"url":"https:\/\/indoorgarden.ee\/et\/indoorgarden-brand-guidelines-et\/","url_meta":{"origin":723,"position":5},"title":"IndoorGardeni br\u00e4ndijuhend","author":"admin","date":"27. apr. 2026","format":false,"excerpt":"See leht on kiirviide partneritele, meediale, sisuloojatele ja turuplatsidele, et IndoorGarden-i br\u00e4nd oleks alati \u00f5igesti ja j\u00e4rjekindlalt kasutatud. This page is a quick reference for partners, media, creators, and marketplaces to use the IndoorGarden brand correctly and consistently. Brand name IndoorGarden is our official brand name. Please write it exactly\u2026","rel":"","context":"Similar post","block_context":{"text":"Similar post","link":""},"img":{"alt_text":"","src":"https:\/\/i0.wp.com\/indoorgarden.ee\/wp-content\/uploads\/2026\/01\/IndoorGarden-Logo.png?resize=350%2C200&ssl=1","width":350,"height":200,"srcset":"https:\/\/i0.wp.com\/indoorgarden.ee\/wp-content\/uploads\/2026\/01\/IndoorGarden-Logo.png?resize=350%2C200&ssl=1 1x, https:\/\/i0.wp.com\/indoorgarden.ee\/wp-content\/uploads\/2026\/01\/IndoorGarden-Logo.png?resize=525%2C300&ssl=1 1.5x, https:\/\/i0.wp.com\/indoorgarden.ee\/wp-content\/uploads\/2026\/01\/IndoorGarden-Logo.png?resize=700%2C400&ssl=1 2x, https:\/\/i0.wp.com\/indoorgarden.ee\/wp-content\/uploads\/2026\/01\/IndoorGarden-Logo.png?resize=1050%2C600&ssl=1 3x"},"classes":[]}],"_links":{"self":[{"href":"https:\/\/indoorgarden.ee\/et\/wp-json\/wp\/v2\/pages\/723","targetHints":{"allow":["GET"]}}],"collection":[{"href":"https:\/\/indoorgarden.ee\/et\/wp-json\/wp\/v2\/pages"}],"about":[{"href":"https:\/\/indoorgarden.ee\/et\/wp-json\/wp\/v2\/types\/page"}],"author":[{"embeddable":true,"href":"https:\/\/indoorgarden.ee\/et\/wp-json\/wp\/v2\/users\/1"}],"replies":[{"embeddable":true,"href":"https:\/\/indoorgarden.ee\/et\/wp-json\/wp\/v2\/comments?post=723"}],"version-history":[{"count":0,"href":"https:\/\/indoorgarden.ee\/et\/wp-json\/wp\/v2\/pages\/723\/revisions"}],"wp:attachment":[{"href":"https:\/\/indoorgarden.ee\/et\/wp-json\/wp\/v2\/media?parent=723"}],"curies":[{"name":"wp","href":"https:\/\/api.w.org\/{rel}","templated":true}]}}