{"id":721,"date":"2025-07-21T11:08:38","date_gmt":"2025-07-21T08:08:38","guid":{"rendered":"https:\/\/indoorgarden.ee\/votke-meiega-uhendust\/"},"modified":"2025-08-05T12:46:54","modified_gmt":"2025-08-05T09:46:54","slug":"votke-meiega-uhendust","status":"publish","type":"page","link":"https:\/\/indoorgarden.ee\/et\/votke-meiega-uhendust\/","title":{"rendered":"V\u00f5tke meiega \u00fchendust"},"content":{"rendered":"\n<p>Kas sul on k\u00fcsimus siseaianduse v\u00f5i meie nutikate aiakomplektide kohta? Me oleme siin, et aidata.<\/p>\n\n<ul class=\"wp-block-list\">\n<li><strong>Kirjuta aadressil <a href=\"mailto:%20klienditugi@indoorgarden.ee\">klienditugi@indoorgarden.ee<\/a> ja me v\u00f5tame sinuga kiiresti \u00fchendust.<\/strong> Meie eesm\u00e4rk on vastata igale s\u00f5numile <strong>1 t\u00f6\u00f6p\u00e4eva<\/strong> jooksul.<\/li>\n\n\n\n<li><strong>Kas vajate kiiremat vastust?<\/strong>  Reaalajas abi saamiseks kasutage lehe alumises paremas nurgas asuvat live-chatti.<\/li>\n<\/ul>\n\n<p>Meil ei ole praegu f\u00fc\u00fcsilist kauplust, kuid kui soovid tooteid isiklikult n\u00e4ha, siis k\u00fclastage meid kohalikel laatadel! Kirjuta meile ja me anname sulle infot j\u00e4rgmise laada kohta sinu l\u00e4hedal! <\/p>\n\n<h2 class=\"wp-block-heading\">Kontaktandmed<\/h2>\n\n<p><strong>UX Labor O\u00dc<\/strong><\/p>\n\n<p>Telefon: +3725573011<\/p>\n\n<p>E-post: <a href=\"mailto:info@indoorgarden.ee\">info@indoorgarden.ee<\/a><\/p>\n\n<p>K\u00e4ibemaksu nr: EE101794163<\/p>\n\n<p>Registrikood: 12846972<\/p>\n\n<p><\/p>\n","protected":false},"excerpt":{"rendered":"<p>Kas sul on k\u00fcsimus siseaianduse v\u00f5i meie nutikate aiakomplektide kohta? Me oleme siin, et aidata. Meil ei ole praegu f\u00fc\u00fcsilist kauplust, kuid kui soovid tooteid isiklikult n\u00e4ha, siis k\u00fclastage meid kohalikel laatadel! Kirjuta meile ja me anname sulle infot j\u00e4rgmise laada kohta sinu l\u00e4hedal! Kontaktandmed UX Labor O\u00dc Telefon: +3725573011 E-post: info@indoorgarden.ee K\u00e4ibemaksu nr: EE101794163 [&hellip;]<\/p>\n","protected":false},"author":1,"featured_media":0,"parent":0,"menu_order":0,"comment_status":"closed","ping_status":"closed","template":"","meta":{"footnotes":""},"class_list":["post-721","page","type-page","status-publish","hentry"],"jetpack_sharing_enabled":true,"jetpack-related-posts":[{"id":723,"url":"https:\/\/indoorgarden.ee\/et\/privaatsuspoliitika\/","url_meta":{"origin":721,"position":0},"title":"Privaatsuspoliitika","author":"admin","date":"20. juuli 2025","format":false,"excerpt":"1. \u00dclds\u00e4tted K\u00e4esolev privaatsuspoliitika reguleerib p\u00f5him\u00f5tteid, mille alusel UX Labor O\u00fc t\u00f6\u00f6tleb ja s\u00e4ilitab isikuandmeid. UX Labor O\u00fc on andmete vastutav t\u00f6\u00f6tleja (\"meie\", \"meid\", \"meie\"). Andmesubjekt on iga f\u00fc\u00fcsiline isik, kelle isikuandmeid me kogume ja t\u00f6\u00f6tleme. Klient on iga andmesubjekt, kes ostab kaupu v\u00f5i teenuseid meie veebipoest aadressil indoorgarden.ee. T\u00f6\u00f6tleme\u2026","rel":"","context":"Similar post","block_context":{"text":"Similar post","link":""},"img":{"alt_text":"","src":"","width":0,"height":0},"classes":[]},{"id":726,"url":"https:\/\/indoorgarden.ee\/et\/teenuse-tingimused\/","url_meta":{"origin":721,"position":1},"title":"Teenuse tingimused","author":"admin","date":"21. juuli 2025","format":false,"excerpt":"J\u00f5ustub alates: 06.07.2025 1. Kohaldamisala ja kehtivus K\u00e4esolevad tingimused kehtivad k\u00f5igile UX Labor O\u00dc (edaspidi \"M\u00fc\u00fcja\") poolt hallatava veebipoe www.indoorgarden.ee (edaspidi \"Veebipood\") kasutajatele. Veebipoe kasutamisega ja tellimuse esitamisega kinnitab ostja (edaspidi \"Ostja\"), et on neid tingimusi lugenud, neist aru saanud ja nendega n\u00f5ustunud. 2. Ostud ja tellimused Ostmiseks saadaval olevad\u2026","rel":"","context":"Similar post","block_context":{"text":"Similar post","link":""},"img":{"alt_text":"","src":"","width":0,"height":0},"classes":[]},{"id":719,"url":"https:\/\/indoorgarden.ee\/et\/meist\/","url_meta":{"origin":721,"position":2},"title":"Meist","author":"admin","date":"23. juuli 2025","format":false,"excerpt":"Tere tulemast meie e-poodi! Teeme lihtsaks v\u00e4rske rohelise ja maitsetaimede kasvatamise kodus, kogu aasta v\u00e4ltel. Meie v\u00e4\u00e4rtused J\u00e4tkusuutlikkus: S\u00e4\u00e4stke vett ja j\u00e4tke v\u00e4lja kahjulikud kemikaalid. Tervis ja heaolu: Nautige toitaineterikkaid tooteid igal ajal. Innovatsioon: Lihtsate, nutikate aedade valik igale oskuste tasemele. R\u00f5\u00f5m: aiandus toob \u00f5nne ja rahu. Milleks kasvatada toitu\u2026","rel":"","context":"Similar post","block_context":{"text":"Similar post","link":""},"img":{"alt_text":"","src":"","width":0,"height":0},"classes":[]},{"id":5468,"url":"https:\/\/indoorgarden.ee\/et\/indoorgarden-brand-guidelines-et\/","url_meta":{"origin":721,"position":3},"title":"IndoorGardeni br\u00e4ndijuhend","author":"admin","date":"27. apr. 2026","format":false,"excerpt":"See leht on kiirviide partneritele, meediale, sisuloojatele ja turuplatsidele, et IndoorGarden-i br\u00e4nd oleks alati \u00f5igesti ja j\u00e4rjekindlalt kasutatud. This page is a quick reference for partners, media, creators, and marketplaces to use the IndoorGarden brand correctly and consistently. Brand name IndoorGarden is our official brand name. Please write it exactly\u2026","rel":"","context":"Similar post","block_context":{"text":"Similar post","link":""},"img":{"alt_text":"","src":"https:\/\/i0.wp.com\/indoorgarden.ee\/wp-content\/uploads\/2026\/01\/IndoorGarden-Logo.png?resize=350%2C200&ssl=1","width":350,"height":200,"srcset":"https:\/\/i0.wp.com\/indoorgarden.ee\/wp-content\/uploads\/2026\/01\/IndoorGarden-Logo.png?resize=350%2C200&ssl=1 1x, https:\/\/i0.wp.com\/indoorgarden.ee\/wp-content\/uploads\/2026\/01\/IndoorGarden-Logo.png?resize=525%2C300&ssl=1 1.5x, https:\/\/i0.wp.com\/indoorgarden.ee\/wp-content\/uploads\/2026\/01\/IndoorGarden-Logo.png?resize=700%2C400&ssl=1 2x, https:\/\/i0.wp.com\/indoorgarden.ee\/wp-content\/uploads\/2026\/01\/IndoorGarden-Logo.png?resize=1050%2C600&ssl=1 3x"},"classes":[]},{"id":5470,"url":"https:\/\/indoorgarden.ee\/et\/free-indoor-gardening-tools-et\/","url_meta":{"origin":721,"position":4},"title":"Tasuta siseaianduse t\u00f6\u00f6riistad","author":"admin","date":"27. apr. 2026","format":false,"excerpt":"Toas taimi kasvatades on palju asju, mida silma j\u00e4rgi raske hinnata \u2014 valgustaset, toitelahuse tugevust, hooaegade muutusi. Need tasuta kalkulaatorid ja kiirtestid on tehtud p\u00e4ris kasvatamise teadusel ja sobivad P\u00f5hja-Euroopa oludesse, et saaksid otsuseid teha andmete p\u00f5hjal. Growing plants indoors means working with variables that are hard to judge by\u2026","rel":"","context":"Similar post","block_context":{"text":"Similar post","link":""},"img":{"alt_text":"","src":"https:\/\/i0.wp.com\/indoorgarden.ee\/wp-content\/uploads\/2026\/03\/pilt-1.png?resize=350%2C200&ssl=1","width":350,"height":200,"srcset":"https:\/\/i0.wp.com\/indoorgarden.ee\/wp-content\/uploads\/2026\/03\/pilt-1.png?resize=350%2C200&ssl=1 1x, https:\/\/i0.wp.com\/indoorgarden.ee\/wp-content\/uploads\/2026\/03\/pilt-1.png?resize=525%2C300&ssl=1 1.5x"},"classes":[]},{"id":5469,"url":"https:\/\/indoorgarden.ee\/et\/letpot-smart-garden-comparison-mini-vs-air-vs-lite-vs-senior-vs-max-et\/","url_meta":{"origin":721,"position":5},"title":"LetPot nutiaedade v\u00f5rdlus: Mini vs Air vs Lite vs Senior vs Max","author":"admin","date":"27. apr. 2026","format":false,"excerpt":"Sellel lehel v\u00f5rdleme k\u00f5iki LetPot h\u00fcdropoonilisi nutiaedu, mida IndoorGarden-ist saab. Kasuta seda, et kiirelt valida sobiv s\u00fcsteem oma ruumi, taimevaliku ja automaatika tasemega. This page compares all LetPot hydroponic smart garden models we sell at IndoorGarden. Use it to quickly choose the right system for your space, plant goals, and\u2026","rel":"","context":"Similar post","block_context":{"text":"Similar post","link":""},"img":{"alt_text":"","src":"","width":0,"height":0},"classes":[]}],"_links":{"self":[{"href":"https:\/\/indoorgarden.ee\/et\/wp-json\/wp\/v2\/pages\/721","targetHints":{"allow":["GET"]}}],"collection":[{"href":"https:\/\/indoorgarden.ee\/et\/wp-json\/wp\/v2\/pages"}],"about":[{"href":"https:\/\/indoorgarden.ee\/et\/wp-json\/wp\/v2\/types\/page"}],"author":[{"embeddable":true,"href":"https:\/\/indoorgarden.ee\/et\/wp-json\/wp\/v2\/users\/1"}],"replies":[{"embeddable":true,"href":"https:\/\/indoorgarden.ee\/et\/wp-json\/wp\/v2\/comments?post=721"}],"version-history":[{"count":0,"href":"https:\/\/indoorgarden.ee\/et\/wp-json\/wp\/v2\/pages\/721\/revisions"}],"wp:attachment":[{"href":"https:\/\/indoorgarden.ee\/et\/wp-json\/wp\/v2\/media?parent=721"}],"curies":[{"name":"wp","href":"https:\/\/api.w.org\/{rel}","templated":true}]}}