{"id":131,"date":"2025-07-20T09:15:51","date_gmt":"2025-07-20T06:15:51","guid":{"rendered":"https:\/\/indoorgarden.ee\/ostukorv\/"},"modified":"2025-08-05T12:47:31","modified_gmt":"2025-08-05T09:47:31","slug":"ostukorv","status":"publish","type":"page","link":"https:\/\/indoorgarden.ee\/et\/ostukorv\/","title":{"rendered":"Ostukorv"},"content":{"rendered":"\n<div data-block-name=\"woocommerce\/cart\" class=\"wp-block-woocommerce-cart alignwide is-loading\">\n<div data-block-name=\"woocommerce\/filled-cart-block\" class=\"wp-block-woocommerce-filled-cart-block\">\n<div data-block-name=\"woocommerce\/cart-items-block\" class=\"wp-block-woocommerce-cart-items-block\">\n<div data-block-name=\"woocommerce\/cart-line-items-block\" class=\"wp-block-woocommerce-cart-line-items-block\"><\/div>\n\n\n\n<div data-block-name=\"woocommerce\/cart-cross-sells-block\" class=\"wp-block-woocommerce-cart-cross-sells-block\">\n<h2 class=\"wp-block-heading has-large-font-size\">Sind v\u00f5ib huvitada&#8230;<\/h2>\n\n\n\n<div data-block-name=\"woocommerce\/cart-cross-sells-products-block\" class=\"wp-block-woocommerce-cart-cross-sells-products-block\"><\/div>\n<\/div>\n<\/div>\n\n\n\n<div data-block-name=\"woocommerce\/cart-totals-block\" class=\"wp-block-woocommerce-cart-totals-block\">\n<div data-block-name=\"woocommerce\/cart-order-summary-block\" class=\"wp-block-woocommerce-cart-order-summary-block\">\n<div data-block-name=\"woocommerce\/cart-order-summary-heading-block\" class=\"wp-block-woocommerce-cart-order-summary-heading-block\"><\/div><div data-block-name=\"woocommerce\/cart-order-summary-coupon-form-block\" class=\"wp-block-woocommerce-cart-order-summary-coupon-form-block\"><\/div><div data-block-name=\"woocommerce\/cart-order-summary-totals-block\" class=\"wp-block-woocommerce-cart-order-summary-totals-block\">\n<div data-block-name=\"woocommerce\/cart-order-summary-subtotal-block\" class=\"wp-block-woocommerce-cart-order-summary-subtotal-block\"><\/div>\n<div data-block-name=\"woocommerce\/cart-order-summary-discount-block\" class=\"wp-block-woocommerce-cart-order-summary-discount-block\"><\/div>\n<div data-block-name=\"woocommerce\/cart-order-summary-fee-block\" class=\"wp-block-woocommerce-cart-order-summary-fee-block\"><\/div>\n<div data-block-name=\"woocommerce\/cart-order-summary-shipping-block\" class=\"wp-block-woocommerce-cart-order-summary-shipping-block\"><\/div>\n<div data-block-name=\"woocommerce\/cart-order-summary-taxes-block\" class=\"wp-block-woocommerce-cart-order-summary-taxes-block\"><\/div><\/div>\n<\/div>\n\n\n\n<div data-block-name=\"woocommerce\/cart-express-payment-block\" class=\"wp-block-woocommerce-cart-express-payment-block\"><\/div>\n\n\n\n<div data-block-name=\"woocommerce\/proceed-to-checkout-block\" class=\"wp-block-woocommerce-proceed-to-checkout-block\"><\/div>\n\n\n\n<div data-block-name=\"woocommerce\/cart-accepted-payment-methods-block\" class=\"wp-block-woocommerce-cart-accepted-payment-methods-block\"><\/div>\n<\/div>\n<\/div>\n\n\n\n<div data-block-name=\"woocommerce\/empty-cart-block\" class=\"wp-block-woocommerce-empty-cart-block\">\n<h2 class=\"wp-block-heading has-text-align-center with-empty-cart-icon wc-block-cart__empty-cart__title\">Teie ostukorv on hetkel t\u00fchi!<\/h2>\n\n\n\n<hr class=\"wp-block-separator has-alpha-channel-opacity is-style-dots\"\/>\n\n\n\n<h2 class=\"wp-block-heading has-text-align-center\">Uus<\/h2>\n\n\n<div data-block-name=\"woocommerce\/product-new\" data-columns=\"4\" data-rows=\"1\" class=\"wc-block-grid wp-block-product-new wp-block-woocommerce-product-new wc-block-product-new has-4-columns\"><ul class=\"wc-block-grid__products\"><li class=\"wc-block-grid__product\"><span class=\"gtmkit_product_data\" style=\"display:none; visibility:hidden;\" data-gtmkit_product_id=\"5086\" data-gtmkit_product_data=\"{&quot;id&quot;:&quot;5086&quot;,&quot;item_id&quot;:&quot;5086&quot;,&quot;item_name&quot;:&quot;LetPot EL toiteadapter LetPot Lite nutiaiale&quot;,&quot;currency&quot;:&quot;EUR&quot;,&quot;price&quot;:19.99,&quot;item_brand&quot;:&quot;LetPot&quot;,&quot;google_business_vertical&quot;:&quot;retail&quot;,&quot;item_category&quot;:&quot;Nutiaedade tarvikud&quot;,&quot;item_category2&quot;:&quot;Nutiaia varuosad&quot;,&quot;item_list_name&quot;:&quot;General Product List&quot;,&quot;index&quot;:0}\"><\/span>\n\t\t\t\t<a href=\"https:\/\/indoorgarden.ee\/et\/toode\/letpot-eu-power-adaper-letpot-air-hydroponics-kasvatussusteemile-copy\/\" class=\"wc-block-grid__product-link\">\n\t\t\t\t\t\n\t\t\t\t\t<div class=\"wc-block-grid__product-image\"><img loading=\"lazy\" decoding=\"async\" width=\"450\" height=\"450\" src=\"https:\/\/indoorgarden.ee\/wp-content\/uploads\/2025\/07\/763ac604ca7c9dbbb3a4936a3c7815b-450x450.jpg\" class=\"attachment-woocommerce_thumbnail size-woocommerce_thumbnail\" alt=\"LetPot EL toiteadapter LetPot Lite nutiaiale\" srcset=\"https:\/\/indoorgarden.ee\/wp-content\/uploads\/2025\/07\/763ac604ca7c9dbbb3a4936a3c7815b-450x450.jpg 450w, https:\/\/indoorgarden.ee\/wp-content\/uploads\/2025\/07\/763ac604ca7c9dbbb3a4936a3c7815b-100x100.jpg 100w, https:\/\/indoorgarden.ee\/wp-content\/uploads\/2025\/07\/763ac604ca7c9dbbb3a4936a3c7815b-600x600.jpg 600w, https:\/\/indoorgarden.ee\/wp-content\/uploads\/2025\/07\/763ac604ca7c9dbbb3a4936a3c7815b-300x300.jpg 300w, https:\/\/indoorgarden.ee\/wp-content\/uploads\/2025\/07\/763ac604ca7c9dbbb3a4936a3c7815b-1024x1024.jpg 1024w, https:\/\/indoorgarden.ee\/wp-content\/uploads\/2025\/07\/763ac604ca7c9dbbb3a4936a3c7815b-150x150.jpg 150w, https:\/\/indoorgarden.ee\/wp-content\/uploads\/2025\/07\/763ac604ca7c9dbbb3a4936a3c7815b-768x768.jpg 768w, https:\/\/indoorgarden.ee\/wp-content\/uploads\/2025\/07\/763ac604ca7c9dbbb3a4936a3c7815b.jpg 1400w\" sizes=\"auto, (max-width: 450px) 100vw, 450px\" \/><\/div>\n\t\t\t\t\t<div class=\"wc-block-grid__product-title\">LetPot EL toiteadapter LetPot Lite nutiaiale<\/div>\n\t\t\t\t<\/a>\n\t\t\t\t<div class=\"wc-block-grid__product-price price\"><span class=\"woocommerce-Price-amount amount\">19,99&nbsp;<span class=\"woocommerce-Price-currencySymbol\">&euro;<\/span><\/span><\/div>\n\t\t\t\t\n\t\t\t\t<div class=\"wp-block-button wc-block-grid__product-add-to-cart\"><a href=\"\/et\/wp-json\/wp\/v2\/pages\/131?add-to-cart=5086\" aria-label=\"Add to cart: &ldquo;LetPot EL toiteadapter LetPot Lite nutiaiale&rdquo;\" data-quantity=\"1\" data-product_id=\"5086\" data-product_sku=\"\" data-price=\"19.99\" rel=\"nofollow\" class=\"wp-block-button__link wp-element-button add_to_cart_button ajax_add_to_cart\">Lisa korvi<\/a><\/div>\n\t\t\t<\/li><li class=\"wc-block-grid__product\"><span class=\"gtmkit_product_data\" style=\"display:none; visibility:hidden;\" data-gtmkit_product_id=\"5207\" data-gtmkit_product_data=\"{&quot;id&quot;:&quot;5207&quot;,&quot;item_id&quot;:&quot;5207&quot;,&quot;item_name&quot;:&quot;LetPot Mini \\u00fcrdiaia stardikomplekt \\u2013 t\\u00e4ielik h\\u00fcdropoonikakomplekt mahedate basiiliku, peterselli ja tilliseemnetega&quot;,&quot;currency&quot;:&quot;EUR&quot;,&quot;price&quot;:0,&quot;item_brand&quot;:&quot;&quot;,&quot;google_business_vertical&quot;:&quot;retail&quot;,&quot;item_category&quot;:&quot;Aianduskingitused&quot;,&quot;item_category2&quot;:&quot;Kingitused alla 100 \\u20ac&quot;,&quot;item_list_name&quot;:&quot;General Product List&quot;,&quot;index&quot;:0}\"><\/span>\n\t\t\t\t<a href=\"https:\/\/indoorgarden.ee\/et\/toode\/letpot-mini-urdiaia-stardikomplekt-taielik-hudropoonikakomplekt-mahedate-basiiliku-peterselli-ja-tilliseemnetega\/\" class=\"wc-block-grid__product-link\">\n\t\t\t\t\t\n\t\t\t\t\t<div class=\"wc-block-grid__product-image\"><img loading=\"lazy\" decoding=\"async\" width=\"450\" height=\"450\" src=\"https:\/\/indoorgarden.ee\/wp-content\/uploads\/2026\/03\/LetPot-Mini-Herb-Garden-Starter-Bundle-\u2013-Complete-Hydroponic-Kit-with-Organic-Basil-Parsley-Dill-Seeds-450x450.png\" class=\"attachment-woocommerce_thumbnail size-woocommerce_thumbnail\" alt=\"LetPot Mini \u00fcrdiaia stardikomplekt \u2013 t\u00e4ielik h\u00fcdropoonikakomplekt mahedate basiiliku, peterselli ja tilliseemnetega\" srcset=\"https:\/\/indoorgarden.ee\/wp-content\/uploads\/2026\/03\/LetPot-Mini-Herb-Garden-Starter-Bundle-\u2013-Complete-Hydroponic-Kit-with-Organic-Basil-Parsley-Dill-Seeds-450x450.png 450w, https:\/\/indoorgarden.ee\/wp-content\/uploads\/2026\/03\/LetPot-Mini-Herb-Garden-Starter-Bundle-\u2013-Complete-Hydroponic-Kit-with-Organic-Basil-Parsley-Dill-Seeds-300x300.png 300w, https:\/\/indoorgarden.ee\/wp-content\/uploads\/2026\/03\/LetPot-Mini-Herb-Garden-Starter-Bundle-\u2013-Complete-Hydroponic-Kit-with-Organic-Basil-Parsley-Dill-Seeds-1024x1024.png 1024w, https:\/\/indoorgarden.ee\/wp-content\/uploads\/2026\/03\/LetPot-Mini-Herb-Garden-Starter-Bundle-\u2013-Complete-Hydroponic-Kit-with-Organic-Basil-Parsley-Dill-Seeds-150x150.png 150w, https:\/\/indoorgarden.ee\/wp-content\/uploads\/2026\/03\/LetPot-Mini-Herb-Garden-Starter-Bundle-\u2013-Complete-Hydroponic-Kit-with-Organic-Basil-Parsley-Dill-Seeds-768x768.png 768w, https:\/\/indoorgarden.ee\/wp-content\/uploads\/2026\/03\/LetPot-Mini-Herb-Garden-Starter-Bundle-\u2013-Complete-Hydroponic-Kit-with-Organic-Basil-Parsley-Dill-Seeds-600x600.png 600w, https:\/\/indoorgarden.ee\/wp-content\/uploads\/2026\/03\/LetPot-Mini-Herb-Garden-Starter-Bundle-\u2013-Complete-Hydroponic-Kit-with-Organic-Basil-Parsley-Dill-Seeds-100x100.png 100w, https:\/\/indoorgarden.ee\/wp-content\/uploads\/2026\/03\/LetPot-Mini-Herb-Garden-Starter-Bundle-\u2013-Complete-Hydroponic-Kit-with-Organic-Basil-Parsley-Dill-Seeds.png 1080w\" sizes=\"auto, (max-width: 450px) 100vw, 450px\" \/><\/div>\n\t\t\t\t\t<div class=\"wc-block-grid__product-title\">LetPot Mini \u00fcrdiaia stardikomplekt \u2013 t\u00e4ielik h\u00fcdropoonikakomplekt mahedate basiiliku, peterselli ja tilliseemnetega<\/div>\n\t\t\t\t<\/a>\n\t\t\t\t<div class=\"wc-block-grid__product-price price\"><span class=\"woocommerce-Price-amount amount\">0,00&nbsp;<span class=\"woocommerce-Price-currencySymbol\">&euro;<\/span><\/span><\/div>\n\t\t\t\t\n\t\t\t\t<div class=\"wp-block-button wc-block-grid__product-add-to-cart\"><a href=\"\/et\/wp-json\/wp\/v2\/pages\/131?add-to-cart=5207\" aria-label=\"Loe l\u00e4hemalt &ldquo;LetPot Mini \u00fcrdiaia stardikomplekt \u2013 t\u00e4ielik h\u00fcdropoonikakomplekt mahedate basiiliku, peterselli ja tilliseemnetega&rdquo; kohta\" data-quantity=\"1\" data-product_id=\"5207\" data-product_sku=\"LetPot-Mini-Herb-Garden-Starter-Bundle\" data-price=\"0\" rel=\"nofollow\" class=\"wp-block-button__link wp-element-button add_to_cart_button ajax_add_to_cart\">Add to cart<\/a><\/div>\n\t\t\t<\/li><li class=\"wc-block-grid__product\"><span class=\"gtmkit_product_data\" style=\"display:none; visibility:hidden;\" data-gtmkit_product_id=\"5209\" data-gtmkit_product_data=\"{&quot;id&quot;:&quot;5209&quot;,&quot;item_id&quot;:&quot;5209&quot;,&quot;item_name&quot;:&quot;Botanium taimetoit 300 ml \\u2013 t\\u00e4ielik toitelahus Botanium nutipotile&quot;,&quot;currency&quot;:&quot;EUR&quot;,&quot;price&quot;:15.9,&quot;item_brand&quot;:&quot;Botanium&quot;,&quot;google_business_vertical&quot;:&quot;retail&quot;,&quot;item_category&quot;:&quot;Nutiaedade tarvikud&quot;,&quot;item_category2&quot;:&quot;H\\u00fcdropoonika v\\u00e4etised&quot;,&quot;item_list_name&quot;:&quot;General Product List&quot;,&quot;index&quot;:0}\"><\/span>\n\t\t\t\t<a href=\"https:\/\/indoorgarden.ee\/et\/toode\/botanium-taimetoit-300-ml-taielik-toitelahus-botanium-nutipotile\/\" class=\"wc-block-grid__product-link\">\n\t\t\t\t\t\n\t\t\t\t\t<div class=\"wc-block-grid__product-image\"><img loading=\"lazy\" decoding=\"async\" width=\"450\" height=\"450\" src=\"https:\/\/indoorgarden.ee\/wp-content\/uploads\/2026\/02\/300mlnutrients_1800x1800-450x450.webp\" class=\"attachment-woocommerce_thumbnail size-woocommerce_thumbnail\" alt=\"Botanium taimetoit 300 ml \u2013 t\u00e4ielik toitelahus Botanium nutipotile\" srcset=\"https:\/\/indoorgarden.ee\/wp-content\/uploads\/2026\/02\/300mlnutrients_1800x1800-450x450.webp 450w, https:\/\/indoorgarden.ee\/wp-content\/uploads\/2026\/02\/300mlnutrients_1800x1800-150x150.webp 150w, https:\/\/indoorgarden.ee\/wp-content\/uploads\/2026\/02\/300mlnutrients_1800x1800-100x100.webp 100w\" sizes=\"auto, (max-width: 450px) 100vw, 450px\" \/><\/div>\n\t\t\t\t\t<div class=\"wc-block-grid__product-title\">Botanium taimetoit 300 ml \u2013 t\u00e4ielik toitelahus Botanium nutipotile<\/div>\n\t\t\t\t<\/a>\n\t\t\t\t<div class=\"wc-block-grid__product-price price\"><span class=\"woocommerce-Price-amount amount\">15,90&nbsp;<span class=\"woocommerce-Price-currencySymbol\">&euro;<\/span><\/span><\/div>\n\t\t\t\t\n\t\t\t\t<div class=\"wp-block-button wc-block-grid__product-add-to-cart\"><a href=\"\/et\/wp-json\/wp\/v2\/pages\/131?add-to-cart=5209\" aria-label=\"Add to cart: &ldquo;Botanium taimetoit 300 ml \u2013 t\u00e4ielik toitelahus Botanium nutipotile&rdquo;\" data-quantity=\"1\" data-product_id=\"5209\" data-product_sku=\"7350096730262\" data-price=\"15.9\" rel=\"nofollow\" class=\"wp-block-button__link wp-element-button add_to_cart_button ajax_add_to_cart\">Lisa korvi<\/a><\/div>\n\t\t\t<\/li><li class=\"wc-block-grid__product\"><span class=\"gtmkit_product_data\" style=\"display:none; visibility:hidden;\" data-gtmkit_product_id=\"5210\" data-gtmkit_product_data=\"{&quot;id&quot;:&quot;5210&quot;,&quot;item_id&quot;:&quot;5210&quot;,&quot;item_name&quot;:&quot;ELHO Amazing avokaadopott \\u2013 lehtroheline (1 L) sisetingimuste avokaadopott&quot;,&quot;currency&quot;:&quot;EUR&quot;,&quot;price&quot;:17.99,&quot;item_brand&quot;:&quot;Elho&quot;,&quot;google_business_vertical&quot;:&quot;retail&quot;,&quot;item_category&quot;:&quot;Taimepotid ja kasvus\\u00fcsteemid&quot;,&quot;item_category2&quot;:&quot;Isekastevad taimepotid&quot;,&quot;item_list_name&quot;:&quot;General Product List&quot;,&quot;index&quot;:0}\"><\/span>\n\t\t\t\t<a href=\"https:\/\/indoorgarden.ee\/et\/toode\/elho-amazing-avokaadopott-lehtroheline-1-l-sisetingimuste-avokaadopott\/\" class=\"wc-block-grid__product-link\">\n\t\t\t\t\t\n\t\t\t\t\t<div class=\"wc-block-grid__product-image\"><img loading=\"lazy\" decoding=\"async\" width=\"450\" height=\"450\" src=\"https:\/\/indoorgarden.ee\/wp-content\/uploads\/2026\/02\/amazing_avocado_pot_leaf_green.p1-450x450.webp\" class=\"attachment-woocommerce_thumbnail size-woocommerce_thumbnail\" alt=\"ELHO Amazing avokaadopott \u2013 lehtroheline (1 L) sisetingimuste avokaadopott\" srcset=\"https:\/\/indoorgarden.ee\/wp-content\/uploads\/2026\/02\/amazing_avocado_pot_leaf_green.p1-450x450.webp 450w, https:\/\/indoorgarden.ee\/wp-content\/uploads\/2026\/02\/amazing_avocado_pot_leaf_green.p1-300x300.webp 300w, https:\/\/indoorgarden.ee\/wp-content\/uploads\/2026\/02\/amazing_avocado_pot_leaf_green.p1-1024x1024.webp 1024w, https:\/\/indoorgarden.ee\/wp-content\/uploads\/2026\/02\/amazing_avocado_pot_leaf_green.p1-150x150.webp 150w, https:\/\/indoorgarden.ee\/wp-content\/uploads\/2026\/02\/amazing_avocado_pot_leaf_green.p1-768x768.webp 768w, https:\/\/indoorgarden.ee\/wp-content\/uploads\/2026\/02\/amazing_avocado_pot_leaf_green.p1-1536x1536.webp 1536w, https:\/\/indoorgarden.ee\/wp-content\/uploads\/2026\/02\/amazing_avocado_pot_leaf_green.p1-600x600.webp 600w, https:\/\/indoorgarden.ee\/wp-content\/uploads\/2026\/02\/amazing_avocado_pot_leaf_green.p1-100x100.webp 100w, https:\/\/indoorgarden.ee\/wp-content\/uploads\/2026\/02\/amazing_avocado_pot_leaf_green.p1.webp 2000w\" sizes=\"auto, (max-width: 450px) 100vw, 450px\" \/><\/div>\n\t\t\t\t\t<div class=\"wc-block-grid__product-title\">ELHO Amazing avokaadopott \u2013 lehtroheline (1 L) sisetingimuste avokaadopott<\/div>\n\t\t\t\t<\/a>\n\t\t\t\t<div class=\"wc-block-grid__product-price price\"><span class=\"woocommerce-Price-amount amount\">17,99&nbsp;<span class=\"woocommerce-Price-currencySymbol\">&euro;<\/span><\/span><\/div>\n\t\t\t\t\n\t\t\t\t<div class=\"wp-block-button wc-block-grid__product-add-to-cart\"><a href=\"\/et\/wp-json\/wp\/v2\/pages\/131?add-to-cart=5210\" aria-label=\"Add to cart: &ldquo;ELHO Amazing avokaadopott \u2013 lehtroheline (1 L) sisetingimuste avokaadopott&rdquo;\" data-quantity=\"1\" data-product_id=\"5210\" data-product_sku=\"8711904519520\" data-price=\"17.99\" rel=\"nofollow\" class=\"wp-block-button__link wp-element-button add_to_cart_button ajax_add_to_cart\">Lisa korvi<\/a><\/div>\n\t\t\t<\/li><\/ul><\/div><\/div>\n<\/div>\n","protected":false},"excerpt":{"rendered":"","protected":false},"author":1,"featured_media":0,"parent":0,"menu_order":0,"comment_status":"closed","ping_status":"closed","template":"","meta":{"footnotes":""},"class_list":["post-131","page","type-page","status-publish","hentry"],"jetpack_sharing_enabled":true,"jetpack-related-posts":[{"id":726,"url":"https:\/\/indoorgarden.ee\/et\/teenuse-tingimused\/","url_meta":{"origin":131,"position":0},"title":"Teenuse tingimused","author":"admin","date":"21. juuli 2025","format":false,"excerpt":"J\u00f5ustub alates: 06.07.2025 1. Kohaldamisala ja kehtivus K\u00e4esolevad tingimused kehtivad k\u00f5igile UX Labor O\u00dc (edaspidi \"M\u00fc\u00fcja\") poolt hallatava veebipoe www.indoorgarden.ee (edaspidi \"Veebipood\") kasutajatele. Veebipoe kasutamisega ja tellimuse esitamisega kinnitab ostja (edaspidi \"Ostja\"), et on neid tingimusi lugenud, neist aru saanud ja nendega n\u00f5ustunud. 2. Ostud ja tellimused Ostmiseks saadaval olevad\u2026","rel":"","context":"Similar post","block_context":{"text":"Similar post","link":""},"img":{"alt_text":"","src":"","width":0,"height":0},"classes":[]}],"_links":{"self":[{"href":"https:\/\/indoorgarden.ee\/et\/wp-json\/wp\/v2\/pages\/131","targetHints":{"allow":["GET"]}}],"collection":[{"href":"https:\/\/indoorgarden.ee\/et\/wp-json\/wp\/v2\/pages"}],"about":[{"href":"https:\/\/indoorgarden.ee\/et\/wp-json\/wp\/v2\/types\/page"}],"author":[{"embeddable":true,"href":"https:\/\/indoorgarden.ee\/et\/wp-json\/wp\/v2\/users\/1"}],"replies":[{"embeddable":true,"href":"https:\/\/indoorgarden.ee\/et\/wp-json\/wp\/v2\/comments?post=131"}],"version-history":[{"count":0,"href":"https:\/\/indoorgarden.ee\/et\/wp-json\/wp\/v2\/pages\/131\/revisions"}],"wp:attachment":[{"href":"https:\/\/indoorgarden.ee\/et\/wp-json\/wp\/v2\/media?parent=131"}],"curies":[{"name":"wp","href":"https:\/\/api.w.org\/{rel}","templated":true}]}}